{"id":107,"date":"2022-11-17T06:10:38","date_gmt":"2022-11-17T06:10:38","guid":{"rendered":"https:\/\/aquacord.com.co\/?post_type=product&#038;p=107"},"modified":"2026-01-04T08:47:16","modified_gmt":"2026-01-04T08:47:16","slug":"manguera-limpia-fondo-piscinas-x-15-mt","status":"publish","type":"product","link":"https:\/\/aquacord.com.co\/index.php\/product\/manguera-limpia-fondo-piscinas-x-15-mt\/","title":{"rendered":"MANGUERA PANDA IMPORTADO EXTRUIDA EVA C\/CONEXIONES x 7.5 &#8211; 10.5 &#8211; 12 -15 METROS"},"content":{"rendered":"<p>Dise\u00f1ada para la limpieza de fondos de piscinas por aspiraci\u00f3n. La manguera tiene acoples giratorios en el punto de acoplamiento para evitar entorchamientos. Es resistente al ataque qu\u00edmico del cloro y a la elongaci\u00f3n y tracci\u00f3n. Lista para usar.<\/p>\n","protected":false},"excerpt":{"rendered":"<p>Dise\u00f1ada para la limpieza de fondos de piscinas por aspiraci\u00f3n. La manguera tiene acoples giratorios en el punto de acoplamiento para evitar entorchamientos. Es resistente al ataque qu\u00edmico del cloro y a la elongaci\u00f3n y tracci\u00f3n. Lista para usar.<\/p>\n","protected":false},"featured_media":2279,"comment_status":"open","ping_status":"closed","template":"","meta":{"site-sidebar-layout":"default","site-content-layout":"default","ast-global-header-display":"","ast-main-header-display":"","ast-hfb-above-header-display":"","ast-hfb-below-header-display":"","ast-hfb-mobile-header-display":"","site-post-title":"","ast-breadcrumbs-content":"","ast-featured-img":"","footer-sml-layout":"","theme-transparent-header-meta":"default","adv-header-id-meta":"","stick-header-meta":"","header-above-stick-meta":"","header-main-stick-meta":"","header-below-stick-meta":""},"product_cat":[20,30],"product_tag":[],"yoast_head":"<!-- This site is optimized with the Yoast SEO plugin v20.1 - https:\/\/yoast.com\/wordpress\/plugins\/seo\/ -->\n<title>MANGUERA PANDA IMPORTADO EXTRUIDA EVA C\/CONEXIONES x 7.5 - 10.5 - 12 -15 METROS -<\/title>\n<meta name=\"description\" content=\"MANGUERA PANDA Dise\u00f1ada para la limpieza de fondos de piscinas por aspiraci\u00f3n. La manguera tiene acoples giratorios en el punto de acoplamiento\" \/>\n<meta name=\"robots\" content=\"index, follow, max-snippet:-1, max-image-preview:large, max-video-preview:-1\" \/>\n<link rel=\"canonical\" href=\"https:\/\/aquacord.com.co\/index.php\/product\/manguera-limpia-fondo-piscinas-x-15-mt\/\" \/>\n<meta property=\"og:locale\" content=\"es_ES\" \/>\n<meta property=\"og:type\" content=\"article\" \/>\n<meta property=\"og:title\" content=\"MANGUERA PANDA IMPORTADO EXTRUIDA EVA C\/CONEXIONES x 7.5 - 10.5 - 12 -15 METROS -\" \/>\n<meta property=\"og:description\" content=\"MANGUERA PANDA Dise\u00f1ada para la limpieza de fondos de piscinas por aspiraci\u00f3n. La manguera tiene acoples giratorios en el punto de acoplamiento\" \/>\n<meta property=\"og:url\" content=\"https:\/\/aquacord.com.co\/index.php\/product\/manguera-limpia-fondo-piscinas-x-15-mt\/\" \/>\n<meta property=\"article:modified_time\" content=\"2026-01-04T08:47:16+00:00\" \/>\n<meta property=\"og:image\" content=\"https:\/\/aquacord.com.co\/wp-content\/uploads\/2022\/11\/Captura-de-pantalla-2023-03-22-085711.png\" \/>\n\t<meta property=\"og:image:width\" content=\"474\" \/>\n\t<meta property=\"og:image:height\" content=\"367\" \/>\n\t<meta property=\"og:image:type\" content=\"image\/png\" \/>\n<meta name=\"twitter:card\" content=\"summary_large_image\" \/>\n<meta name=\"twitter:label1\" content=\"Tiempo estimado de lectura\" \/>\n\t<meta name=\"twitter:data1\" content=\"1 minuto\" \/>\n<script type=\"application\/ld+json\" class=\"yoast-schema-graph\">{\"@context\":\"https:\/\/schema.org\",\"@graph\":[{\"@type\":\"WebPage\",\"@id\":\"https:\/\/aquacord.com.co\/index.php\/product\/manguera-limpia-fondo-piscinas-x-15-mt\/\",\"url\":\"https:\/\/aquacord.com.co\/index.php\/product\/manguera-limpia-fondo-piscinas-x-15-mt\/\",\"name\":\"MANGUERA PANDA IMPORTADO EXTRUIDA EVA C\/CONEXIONES x 7.5 - 10.5 - 12 -15 METROS -\",\"isPartOf\":{\"@id\":\"https:\/\/aquacord.com.co\/#website\"},\"datePublished\":\"2022-11-17T06:10:38+00:00\",\"dateModified\":\"2026-01-04T08:47:16+00:00\",\"description\":\"MANGUERA PANDA Dise\u00f1ada para la limpieza de fondos de piscinas por aspiraci\u00f3n. La manguera tiene acoples giratorios en el punto de acoplamiento\",\"breadcrumb\":{\"@id\":\"https:\/\/aquacord.com.co\/index.php\/product\/manguera-limpia-fondo-piscinas-x-15-mt\/#breadcrumb\"},\"inLanguage\":\"es-CO\",\"potentialAction\":[{\"@type\":\"ReadAction\",\"target\":[\"https:\/\/aquacord.com.co\/index.php\/product\/manguera-limpia-fondo-piscinas-x-15-mt\/\"]}]},{\"@type\":\"BreadcrumbList\",\"@id\":\"https:\/\/aquacord.com.co\/index.php\/product\/manguera-limpia-fondo-piscinas-x-15-mt\/#breadcrumb\",\"itemListElement\":[{\"@type\":\"ListItem\",\"position\":1,\"name\":\"Inicio\",\"item\":\"https:\/\/aquacord.com.co\/\"},{\"@type\":\"ListItem\",\"position\":2,\"name\":\"Tienda\",\"item\":\"https:\/\/aquacord.com.co\/index.php\/tienda\/\"},{\"@type\":\"ListItem\",\"position\":3,\"name\":\"MANGUERA PANDA IMPORTADO EXTRUIDA EVA C\/CONEXIONES x 7.5 &#8211; 10.5 &#8211; 12 -15 METROS\"}]},{\"@type\":\"WebSite\",\"@id\":\"https:\/\/aquacord.com.co\/#website\",\"url\":\"https:\/\/aquacord.com.co\/\",\"name\":\"\",\"description\":\"Todo lo relacionado en productos qu\u00edmicos, accesorios, equipos para piscinas y el aseo de tu hogar e empresas\",\"potentialAction\":[{\"@type\":\"SearchAction\",\"target\":{\"@type\":\"EntryPoint\",\"urlTemplate\":\"https:\/\/aquacord.com.co\/?s={search_term_string}\"},\"query-input\":\"required name=search_term_string\"}],\"inLanguage\":\"es-CO\"}]}<\/script>\n<!-- \/ Yoast SEO plugin. -->","yoast_head_json":{"title":"MANGUERA PANDA IMPORTADO EXTRUIDA EVA C\/CONEXIONES x 7.5 - 10.5 - 12 -15 METROS -","description":"MANGUERA PANDA Dise\u00f1ada para la limpieza de fondos de piscinas por aspiraci\u00f3n. La manguera tiene acoples giratorios en el punto de acoplamiento","robots":{"index":"index","follow":"follow","max-snippet":"max-snippet:-1","max-image-preview":"max-image-preview:large","max-video-preview":"max-video-preview:-1"},"canonical":"https:\/\/aquacord.com.co\/index.php\/product\/manguera-limpia-fondo-piscinas-x-15-mt\/","og_locale":"es_ES","og_type":"article","og_title":"MANGUERA PANDA IMPORTADO EXTRUIDA EVA C\/CONEXIONES x 7.5 - 10.5 - 12 -15 METROS -","og_description":"MANGUERA PANDA Dise\u00f1ada para la limpieza de fondos de piscinas por aspiraci\u00f3n. La manguera tiene acoples giratorios en el punto de acoplamiento","og_url":"https:\/\/aquacord.com.co\/index.php\/product\/manguera-limpia-fondo-piscinas-x-15-mt\/","article_modified_time":"2026-01-04T08:47:16+00:00","og_image":[{"width":474,"height":367,"url":"https:\/\/aquacord.com.co\/wp-content\/uploads\/2022\/11\/Captura-de-pantalla-2023-03-22-085711.png","type":"image\/png"}],"twitter_card":"summary_large_image","twitter_misc":{"Tiempo estimado de lectura":"1 minuto"},"schema":{"@context":"https:\/\/schema.org","@graph":[{"@type":"WebPage","@id":"https:\/\/aquacord.com.co\/index.php\/product\/manguera-limpia-fondo-piscinas-x-15-mt\/","url":"https:\/\/aquacord.com.co\/index.php\/product\/manguera-limpia-fondo-piscinas-x-15-mt\/","name":"MANGUERA PANDA IMPORTADO EXTRUIDA EVA C\/CONEXIONES x 7.5 - 10.5 - 12 -15 METROS -","isPartOf":{"@id":"https:\/\/aquacord.com.co\/#website"},"datePublished":"2022-11-17T06:10:38+00:00","dateModified":"2026-01-04T08:47:16+00:00","description":"MANGUERA PANDA Dise\u00f1ada para la limpieza de fondos de piscinas por aspiraci\u00f3n. La manguera tiene acoples giratorios en el punto de acoplamiento","breadcrumb":{"@id":"https:\/\/aquacord.com.co\/index.php\/product\/manguera-limpia-fondo-piscinas-x-15-mt\/#breadcrumb"},"inLanguage":"es-CO","potentialAction":[{"@type":"ReadAction","target":["https:\/\/aquacord.com.co\/index.php\/product\/manguera-limpia-fondo-piscinas-x-15-mt\/"]}]},{"@type":"BreadcrumbList","@id":"https:\/\/aquacord.com.co\/index.php\/product\/manguera-limpia-fondo-piscinas-x-15-mt\/#breadcrumb","itemListElement":[{"@type":"ListItem","position":1,"name":"Inicio","item":"https:\/\/aquacord.com.co\/"},{"@type":"ListItem","position":2,"name":"Tienda","item":"https:\/\/aquacord.com.co\/index.php\/tienda\/"},{"@type":"ListItem","position":3,"name":"MANGUERA PANDA IMPORTADO EXTRUIDA EVA C\/CONEXIONES x 7.5 &#8211; 10.5 &#8211; 12 -15 METROS"}]},{"@type":"WebSite","@id":"https:\/\/aquacord.com.co\/#website","url":"https:\/\/aquacord.com.co\/","name":"","description":"Todo lo relacionado en productos qu\u00edmicos, accesorios, equipos para piscinas y el aseo de tu hogar e empresas","potentialAction":[{"@type":"SearchAction","target":{"@type":"EntryPoint","urlTemplate":"https:\/\/aquacord.com.co\/?s={search_term_string}"},"query-input":"required name=search_term_string"}],"inLanguage":"es-CO"}]}},"_links":{"self":[{"href":"https:\/\/aquacord.com.co\/index.php\/wp-json\/wp\/v2\/product\/107"}],"collection":[{"href":"https:\/\/aquacord.com.co\/index.php\/wp-json\/wp\/v2\/product"}],"about":[{"href":"https:\/\/aquacord.com.co\/index.php\/wp-json\/wp\/v2\/types\/product"}],"replies":[{"embeddable":true,"href":"https:\/\/aquacord.com.co\/index.php\/wp-json\/wp\/v2\/comments?post=107"}],"version-history":[{"count":3,"href":"https:\/\/aquacord.com.co\/index.php\/wp-json\/wp\/v2\/product\/107\/revisions"}],"predecessor-version":[{"id":4458,"href":"https:\/\/aquacord.com.co\/index.php\/wp-json\/wp\/v2\/product\/107\/revisions\/4458"}],"wp:featuredmedia":[{"embeddable":true,"href":"https:\/\/aquacord.com.co\/index.php\/wp-json\/wp\/v2\/media\/2279"}],"wp:attachment":[{"href":"https:\/\/aquacord.com.co\/index.php\/wp-json\/wp\/v2\/media?parent=107"}],"wp:term":[{"taxonomy":"product_cat","embeddable":true,"href":"https:\/\/aquacord.com.co\/index.php\/wp-json\/wp\/v2\/product_cat?post=107"},{"taxonomy":"product_tag","embeddable":true,"href":"https:\/\/aquacord.com.co\/index.php\/wp-json\/wp\/v2\/product_tag?post=107"}],"curies":[{"name":"wp","href":"https:\/\/api.w.org\/{rel}","templated":true}]}}