{"id":2027,"date":"2023-01-23T13:33:04","date_gmt":"2023-01-23T13:33:04","guid":{"rendered":"https:\/\/aquacord.com.co\/?post_type=product&#038;p=2027"},"modified":"2024-05-07T13:51:04","modified_gmt":"2024-05-07T13:51:04","slug":"clarit-plus-x-1-kg","status":"publish","type":"product","link":"https:\/\/aquacord.com.co\/index.php\/product\/clarit-plus-x-1-kg\/","title":{"rendered":"CLARIFICADOR LC-CLARIFICAN-T"},"content":{"rendered":"<p>Es un producto dise\u00f1ado especialmente para aguas recreativas para llevar a cabo procesos de coagulaci\u00f3n-floculaci\u00f3n, donde part\u00edculas microsc\u00f3picas que generen turbidez y consumo de desinfectante se juntan para formar part\u00edculas de mayor tama\u00f1o que se sedimentan en el piso y pueden aspirarse.<\/p>\n<p><strong>Caracter\u00edsticas<\/strong><\/p>\n<ul>\n<li>Reduce el consumo de desinfectante<\/li>\n<li>Alto rendimiento<\/li>\n<li>F\u00e1cil manejo de almacenamiento<\/li>\n<\/ul>\n<div class=\"blocks-preview-title-holder removable-parent order-handle\">\n<h2 id=\"vbid-bffd70b8-2zwknyal\" class=\"preview-element blocks-preview-title magic-circle-holder inner-page text-element quick-text-style-menu allow-mobile-hide\" data-menu-name=\"BLOCKS_PREVIEW_TITLE\" data-orig-font-size=\"30\">Instrucciones de uso y aplicaciones:<\/h2>\n<\/div>\n<p><strong style=\"font-size: 16px\">Nota:<\/strong><span style=\"font-size: 16px\">\u00a0Se recomienda hacer las verificaciones de los par\u00e1metros necesarios (pH, cloro, alcalinidad. Dureza, estabilizante, etc.) con los equipos especializados Dr.Pool.<\/span><\/p>\n<ol>\n<li>Retrolave el filtro de acuerdo con las instrucciones del fabricante, limpie la trampa de cabello y verifique el buen funcionamiento de la aspiradora.<\/li>\n<li>Suba el nivel de agua de la piscina hasta el borde superior.<\/li>\n<li>Realice el proceso de supercloracion con L\u00cdNEA CLORIDEX Aquachlor 70% si el nivel de \u00e1cido cian\u00farico se encuentra alto, o con L\u00cdNEA CLORIDEX Super Choque si la dureza c\u00e1lcica se encuentra alta (seguir instrucciones en etiquetas).<\/li>\n<li>Eleve el pH por encima de 8 usando L\u00cdNEA CLORIDEX Corrector pH 6 o L\u00cdNEA CLORIDEX pH + l\u00edquido de acuerdo con las instrucciones de la etiqueta.<\/li>\n<\/ol>\n","protected":false},"excerpt":{"rendered":"<p>Es un producto dise\u00f1ado especialmente para aguas recreativas para llevar a cabo procesos de coagulaci\u00f3n-floculaci\u00f3n, donde part\u00edculas microsc\u00f3picas que generen turbidez y consumo de desinfectante se juntan para formar part\u00edculas de mayor tama\u00f1o que se sedimentan en el piso y pueden aspirarse. Caracter\u00edsticas Reduce el consumo de desinfectante Alto rendimiento F\u00e1cil manejo de almacenamiento Instrucciones &hellip;<\/p>\n<p class=\"read-more\"> <a class=\"\" href=\"https:\/\/aquacord.com.co\/index.php\/product\/clarit-plus-x-1-kg\/\"> <span class=\"screen-reader-text\">CLARIFICADOR LC-CLARIFICAN-T<\/span> Leer m\u00e1s &raquo;<\/a><\/p>\n","protected":false},"featured_media":4781,"comment_status":"open","ping_status":"closed","template":"","meta":{"site-sidebar-layout":"default","site-content-layout":"default","ast-global-header-display":"","ast-main-header-display":"","ast-hfb-above-header-display":"","ast-hfb-below-header-display":"","ast-hfb-mobile-header-display":"","site-post-title":"","ast-breadcrumbs-content":"","ast-featured-img":"","footer-sml-layout":"","theme-transparent-header-meta":"default","adv-header-id-meta":"","stick-header-meta":"","header-above-stick-meta":"","header-main-stick-meta":"","header-below-stick-meta":""},"product_cat":[20,29],"product_tag":[],"yoast_head":"<!-- This site is optimized with the Yoast SEO plugin v20.1 - https:\/\/yoast.com\/wordpress\/plugins\/seo\/ -->\n<title>CLARIFICADOR LC-CLARIFICAN-T -<\/title>\n<meta name=\"description\" content=\"CLARIFICADOR CLARIT PLUS Es un producto para clarificar el agua de piscinas; dise\u00f1ado para lograr excelentes resultados en tratamientos de floculaci\u00f3n especialmente cuando se presentan turbiedades en el tratamiento de piscinas, fuentes, jacuzzis y dep\u00f3sitos de agua.\" \/>\n<meta name=\"robots\" content=\"index, follow, max-snippet:-1, max-image-preview:large, max-video-preview:-1\" \/>\n<link rel=\"canonical\" href=\"https:\/\/aquacord.com.co\/index.php\/product\/clarit-plus-x-1-kg\/\" \/>\n<meta property=\"og:locale\" content=\"es_ES\" \/>\n<meta property=\"og:type\" content=\"article\" \/>\n<meta property=\"og:title\" content=\"CLARIFICADOR LC-CLARIFICAN-T -\" \/>\n<meta property=\"og:description\" content=\"CLARIFICADOR CLARIT PLUS Es un producto para clarificar el agua de piscinas; dise\u00f1ado para lograr excelentes resultados en tratamientos de floculaci\u00f3n especialmente cuando se presentan turbiedades en el tratamiento de piscinas, fuentes, jacuzzis y dep\u00f3sitos de agua.\" \/>\n<meta property=\"og:url\" content=\"https:\/\/aquacord.com.co\/index.php\/product\/clarit-plus-x-1-kg\/\" \/>\n<meta property=\"article:modified_time\" content=\"2024-05-07T13:51:04+00:00\" \/>\n<meta property=\"og:image\" content=\"https:\/\/aquacord.com.co\/wp-content\/uploads\/2023\/01\/Captura-de-pantalla-2023-12-06-150648.png\" \/>\n\t<meta property=\"og:image:width\" content=\"378\" \/>\n\t<meta property=\"og:image:height\" content=\"491\" \/>\n\t<meta property=\"og:image:type\" content=\"image\/png\" \/>\n<meta name=\"twitter:card\" content=\"summary_large_image\" \/>\n<meta name=\"twitter:label1\" content=\"Tiempo estimado de lectura\" \/>\n\t<meta name=\"twitter:data1\" content=\"1 minuto\" \/>\n<script type=\"application\/ld+json\" class=\"yoast-schema-graph\">{\"@context\":\"https:\/\/schema.org\",\"@graph\":[{\"@type\":\"WebPage\",\"@id\":\"https:\/\/aquacord.com.co\/index.php\/product\/clarit-plus-x-1-kg\/\",\"url\":\"https:\/\/aquacord.com.co\/index.php\/product\/clarit-plus-x-1-kg\/\",\"name\":\"CLARIFICADOR LC-CLARIFICAN-T -\",\"isPartOf\":{\"@id\":\"https:\/\/aquacord.com.co\/#website\"},\"datePublished\":\"2023-01-23T13:33:04+00:00\",\"dateModified\":\"2024-05-07T13:51:04+00:00\",\"description\":\"CLARIFICADOR CLARIT PLUS Es un producto para clarificar el agua de piscinas; dise\u00f1ado para lograr excelentes resultados en tratamientos de floculaci\u00f3n especialmente cuando se presentan turbiedades en el tratamiento de piscinas, fuentes, jacuzzis y dep\u00f3sitos de agua.\",\"breadcrumb\":{\"@id\":\"https:\/\/aquacord.com.co\/index.php\/product\/clarit-plus-x-1-kg\/#breadcrumb\"},\"inLanguage\":\"es-CO\",\"potentialAction\":[{\"@type\":\"ReadAction\",\"target\":[\"https:\/\/aquacord.com.co\/index.php\/product\/clarit-plus-x-1-kg\/\"]}]},{\"@type\":\"BreadcrumbList\",\"@id\":\"https:\/\/aquacord.com.co\/index.php\/product\/clarit-plus-x-1-kg\/#breadcrumb\",\"itemListElement\":[{\"@type\":\"ListItem\",\"position\":1,\"name\":\"Inicio\",\"item\":\"https:\/\/aquacord.com.co\/\"},{\"@type\":\"ListItem\",\"position\":2,\"name\":\"Tienda\",\"item\":\"https:\/\/aquacord.com.co\/index.php\/tienda\/\"},{\"@type\":\"ListItem\",\"position\":3,\"name\":\"CLARIFICADOR LC-CLARIFICAN-T\"}]},{\"@type\":\"WebSite\",\"@id\":\"https:\/\/aquacord.com.co\/#website\",\"url\":\"https:\/\/aquacord.com.co\/\",\"name\":\"\",\"description\":\"Todo lo relacionado en productos qu\u00edmicos, accesorios, equipos para piscinas y el aseo de tu hogar e empresas\",\"potentialAction\":[{\"@type\":\"SearchAction\",\"target\":{\"@type\":\"EntryPoint\",\"urlTemplate\":\"https:\/\/aquacord.com.co\/?s={search_term_string}\"},\"query-input\":\"required name=search_term_string\"}],\"inLanguage\":\"es-CO\"}]}<\/script>\n<!-- \/ Yoast SEO plugin. -->","yoast_head_json":{"title":"CLARIFICADOR LC-CLARIFICAN-T -","description":"CLARIFICADOR CLARIT PLUS Es un producto para clarificar el agua de piscinas; dise\u00f1ado para lograr excelentes resultados en tratamientos de floculaci\u00f3n especialmente cuando se presentan turbiedades en el tratamiento de piscinas, fuentes, jacuzzis y dep\u00f3sitos de agua.","robots":{"index":"index","follow":"follow","max-snippet":"max-snippet:-1","max-image-preview":"max-image-preview:large","max-video-preview":"max-video-preview:-1"},"canonical":"https:\/\/aquacord.com.co\/index.php\/product\/clarit-plus-x-1-kg\/","og_locale":"es_ES","og_type":"article","og_title":"CLARIFICADOR LC-CLARIFICAN-T -","og_description":"CLARIFICADOR CLARIT PLUS Es un producto para clarificar el agua de piscinas; dise\u00f1ado para lograr excelentes resultados en tratamientos de floculaci\u00f3n especialmente cuando se presentan turbiedades en el tratamiento de piscinas, fuentes, jacuzzis y dep\u00f3sitos de agua.","og_url":"https:\/\/aquacord.com.co\/index.php\/product\/clarit-plus-x-1-kg\/","article_modified_time":"2024-05-07T13:51:04+00:00","og_image":[{"width":378,"height":491,"url":"https:\/\/aquacord.com.co\/wp-content\/uploads\/2023\/01\/Captura-de-pantalla-2023-12-06-150648.png","type":"image\/png"}],"twitter_card":"summary_large_image","twitter_misc":{"Tiempo estimado de lectura":"1 minuto"},"schema":{"@context":"https:\/\/schema.org","@graph":[{"@type":"WebPage","@id":"https:\/\/aquacord.com.co\/index.php\/product\/clarit-plus-x-1-kg\/","url":"https:\/\/aquacord.com.co\/index.php\/product\/clarit-plus-x-1-kg\/","name":"CLARIFICADOR LC-CLARIFICAN-T -","isPartOf":{"@id":"https:\/\/aquacord.com.co\/#website"},"datePublished":"2023-01-23T13:33:04+00:00","dateModified":"2024-05-07T13:51:04+00:00","description":"CLARIFICADOR CLARIT PLUS Es un producto para clarificar el agua de piscinas; dise\u00f1ado para lograr excelentes resultados en tratamientos de floculaci\u00f3n especialmente cuando se presentan turbiedades en el tratamiento de piscinas, fuentes, jacuzzis y dep\u00f3sitos de agua.","breadcrumb":{"@id":"https:\/\/aquacord.com.co\/index.php\/product\/clarit-plus-x-1-kg\/#breadcrumb"},"inLanguage":"es-CO","potentialAction":[{"@type":"ReadAction","target":["https:\/\/aquacord.com.co\/index.php\/product\/clarit-plus-x-1-kg\/"]}]},{"@type":"BreadcrumbList","@id":"https:\/\/aquacord.com.co\/index.php\/product\/clarit-plus-x-1-kg\/#breadcrumb","itemListElement":[{"@type":"ListItem","position":1,"name":"Inicio","item":"https:\/\/aquacord.com.co\/"},{"@type":"ListItem","position":2,"name":"Tienda","item":"https:\/\/aquacord.com.co\/index.php\/tienda\/"},{"@type":"ListItem","position":3,"name":"CLARIFICADOR LC-CLARIFICAN-T"}]},{"@type":"WebSite","@id":"https:\/\/aquacord.com.co\/#website","url":"https:\/\/aquacord.com.co\/","name":"","description":"Todo lo relacionado en productos qu\u00edmicos, accesorios, equipos para piscinas y el aseo de tu hogar e empresas","potentialAction":[{"@type":"SearchAction","target":{"@type":"EntryPoint","urlTemplate":"https:\/\/aquacord.com.co\/?s={search_term_string}"},"query-input":"required name=search_term_string"}],"inLanguage":"es-CO"}]}},"_links":{"self":[{"href":"https:\/\/aquacord.com.co\/index.php\/wp-json\/wp\/v2\/product\/2027"}],"collection":[{"href":"https:\/\/aquacord.com.co\/index.php\/wp-json\/wp\/v2\/product"}],"about":[{"href":"https:\/\/aquacord.com.co\/index.php\/wp-json\/wp\/v2\/types\/product"}],"replies":[{"embeddable":true,"href":"https:\/\/aquacord.com.co\/index.php\/wp-json\/wp\/v2\/comments?post=2027"}],"version-history":[{"count":5,"href":"https:\/\/aquacord.com.co\/index.php\/wp-json\/wp\/v2\/product\/2027\/revisions"}],"predecessor-version":[{"id":4948,"href":"https:\/\/aquacord.com.co\/index.php\/wp-json\/wp\/v2\/product\/2027\/revisions\/4948"}],"wp:featuredmedia":[{"embeddable":true,"href":"https:\/\/aquacord.com.co\/index.php\/wp-json\/wp\/v2\/media\/4781"}],"wp:attachment":[{"href":"https:\/\/aquacord.com.co\/index.php\/wp-json\/wp\/v2\/media?parent=2027"}],"wp:term":[{"taxonomy":"product_cat","embeddable":true,"href":"https:\/\/aquacord.com.co\/index.php\/wp-json\/wp\/v2\/product_cat?post=2027"},{"taxonomy":"product_tag","embeddable":true,"href":"https:\/\/aquacord.com.co\/index.php\/wp-json\/wp\/v2\/product_tag?post=2027"}],"curies":[{"name":"wp","href":"https:\/\/api.w.org\/{rel}","templated":true}]}}