{"id":2041,"date":"2023-01-23T14:22:35","date_gmt":"2023-01-23T14:22:35","guid":{"rendered":"https:\/\/aquacord.com.co\/?post_type=product&#038;p=2041"},"modified":"2023-04-20T14:29:13","modified_gmt":"2023-04-20T14:29:13","slug":"cinta-de-peligro","status":"publish","type":"product","link":"https:\/\/aquacord.com.co\/index.php\/product\/cinta-de-peligro\/","title":{"rendered":"CINTA DE PELIGRO 50 m x 75 mm"},"content":{"rendered":"<ul>\n<li>Cinta pl\u00e1stica para demarcaci\u00f3n<\/li>\n<li>Cintas utilizadas para separaci\u00f3n o cerramiento en construcci\u00f3n, carreteras, parqueaderos, obras civiles, etc.<\/li>\n<li>Aislan o separan la zona restringida.<\/li>\n<li>Ancho 7.5 cm.<\/li>\n<li>Longitud 50 &#8211; 100 m.<\/li>\n<li>Material Pl\u00e1stico.<\/li>\n<li>Color Amarillo.<\/li>\n<\/ul>\n","protected":false},"excerpt":{"rendered":"<ul>\n<li>Ancho 7.5 cm.<\/li>\n<li>Longitud 50 &#8211; 100 m.<\/li>\n<\/ul>\n","protected":false},"featured_media":2042,"comment_status":"open","ping_status":"closed","template":"","meta":{"site-sidebar-layout":"default","site-content-layout":"default","ast-global-header-display":"","ast-main-header-display":"","ast-hfb-above-header-display":"","ast-hfb-below-header-display":"","ast-hfb-mobile-header-display":"","site-post-title":"","ast-breadcrumbs-content":"","ast-featured-img":"","footer-sml-layout":"","theme-transparent-header-meta":"default","adv-header-id-meta":"","stick-header-meta":"","header-above-stick-meta":"","header-main-stick-meta":"","header-below-stick-meta":""},"product_cat":[28],"product_tag":[],"yoast_head":"<!-- This site is optimized with the Yoast SEO plugin v20.1 - https:\/\/yoast.com\/wordpress\/plugins\/seo\/ -->\n<title>CINTA DE PELIGRO 50 m x 75 mm -<\/title>\n<meta name=\"description\" content=\"CINTA DE PELIGRO Cinta pl\u00e1stica para demarcaci\u00f3nCintas utilizadas para separaci\u00f3n o cerramiento en construcci\u00f3n, carreteras, parqueaderos, obras civiles, etc.Aislan o separan la zona restringida.Ancho 7.5 cm.Longitud 50 - 100 m.Material Pl\u00e1stico.Color Amarillo.\" \/>\n<meta name=\"robots\" content=\"index, follow, max-snippet:-1, max-image-preview:large, max-video-preview:-1\" \/>\n<link rel=\"canonical\" href=\"https:\/\/aquacord.com.co\/index.php\/product\/cinta-de-peligro\/\" \/>\n<meta property=\"og:locale\" content=\"es_ES\" \/>\n<meta property=\"og:type\" content=\"article\" \/>\n<meta property=\"og:title\" content=\"CINTA DE PELIGRO 50 m x 75 mm -\" \/>\n<meta property=\"og:description\" content=\"CINTA DE PELIGRO Cinta pl\u00e1stica para demarcaci\u00f3nCintas utilizadas para separaci\u00f3n o cerramiento en construcci\u00f3n, carreteras, parqueaderos, obras civiles, etc.Aislan o separan la zona restringida.Ancho 7.5 cm.Longitud 50 - 100 m.Material Pl\u00e1stico.Color Amarillo.\" \/>\n<meta property=\"og:url\" content=\"https:\/\/aquacord.com.co\/index.php\/product\/cinta-de-peligro\/\" \/>\n<meta property=\"article:modified_time\" content=\"2023-04-20T14:29:13+00:00\" \/>\n<meta property=\"og:image\" content=\"https:\/\/aquacord.com.co\/wp-content\/uploads\/2023\/01\/CINTA-1.jpg\" \/>\n\t<meta property=\"og:image:width\" content=\"550\" \/>\n\t<meta property=\"og:image:height\" content=\"367\" \/>\n\t<meta property=\"og:image:type\" content=\"image\/jpeg\" \/>\n<meta name=\"twitter:card\" content=\"summary_large_image\" \/>\n<meta name=\"twitter:label1\" content=\"Tiempo estimado de lectura\" \/>\n\t<meta name=\"twitter:data1\" content=\"1 minuto\" \/>\n<script type=\"application\/ld+json\" class=\"yoast-schema-graph\">{\"@context\":\"https:\/\/schema.org\",\"@graph\":[{\"@type\":\"WebPage\",\"@id\":\"https:\/\/aquacord.com.co\/index.php\/product\/cinta-de-peligro\/\",\"url\":\"https:\/\/aquacord.com.co\/index.php\/product\/cinta-de-peligro\/\",\"name\":\"CINTA DE PELIGRO 50 m x 75 mm -\",\"isPartOf\":{\"@id\":\"https:\/\/aquacord.com.co\/#website\"},\"datePublished\":\"2023-01-23T14:22:35+00:00\",\"dateModified\":\"2023-04-20T14:29:13+00:00\",\"description\":\"CINTA DE PELIGRO Cinta pl\u00e1stica para demarcaci\u00f3nCintas utilizadas para separaci\u00f3n o cerramiento en construcci\u00f3n, carreteras, parqueaderos, obras civiles, etc.Aislan o separan la zona restringida.Ancho 7.5 cm.Longitud 50 - 100 m.Material Pl\u00e1stico.Color Amarillo.\",\"breadcrumb\":{\"@id\":\"https:\/\/aquacord.com.co\/index.php\/product\/cinta-de-peligro\/#breadcrumb\"},\"inLanguage\":\"es-CO\",\"potentialAction\":[{\"@type\":\"ReadAction\",\"target\":[\"https:\/\/aquacord.com.co\/index.php\/product\/cinta-de-peligro\/\"]}]},{\"@type\":\"BreadcrumbList\",\"@id\":\"https:\/\/aquacord.com.co\/index.php\/product\/cinta-de-peligro\/#breadcrumb\",\"itemListElement\":[{\"@type\":\"ListItem\",\"position\":1,\"name\":\"Inicio\",\"item\":\"https:\/\/aquacord.com.co\/\"},{\"@type\":\"ListItem\",\"position\":2,\"name\":\"Tienda\",\"item\":\"https:\/\/aquacord.com.co\/index.php\/tienda\/\"},{\"@type\":\"ListItem\",\"position\":3,\"name\":\"CINTA DE PELIGRO 50 m x 75 mm\"}]},{\"@type\":\"WebSite\",\"@id\":\"https:\/\/aquacord.com.co\/#website\",\"url\":\"https:\/\/aquacord.com.co\/\",\"name\":\"\",\"description\":\"Todo lo relacionado en productos qu\u00edmicos, accesorios, equipos para piscinas y el aseo de tu hogar e empresas\",\"potentialAction\":[{\"@type\":\"SearchAction\",\"target\":{\"@type\":\"EntryPoint\",\"urlTemplate\":\"https:\/\/aquacord.com.co\/?s={search_term_string}\"},\"query-input\":\"required name=search_term_string\"}],\"inLanguage\":\"es-CO\"}]}<\/script>\n<!-- \/ Yoast SEO plugin. -->","yoast_head_json":{"title":"CINTA DE PELIGRO 50 m x 75 mm -","description":"CINTA DE PELIGRO Cinta pl\u00e1stica para demarcaci\u00f3nCintas utilizadas para separaci\u00f3n o cerramiento en construcci\u00f3n, carreteras, parqueaderos, obras civiles, etc.Aislan o separan la zona restringida.Ancho 7.5 cm.Longitud 50 - 100 m.Material Pl\u00e1stico.Color Amarillo.","robots":{"index":"index","follow":"follow","max-snippet":"max-snippet:-1","max-image-preview":"max-image-preview:large","max-video-preview":"max-video-preview:-1"},"canonical":"https:\/\/aquacord.com.co\/index.php\/product\/cinta-de-peligro\/","og_locale":"es_ES","og_type":"article","og_title":"CINTA DE PELIGRO 50 m x 75 mm -","og_description":"CINTA DE PELIGRO Cinta pl\u00e1stica para demarcaci\u00f3nCintas utilizadas para separaci\u00f3n o cerramiento en construcci\u00f3n, carreteras, parqueaderos, obras civiles, etc.Aislan o separan la zona restringida.Ancho 7.5 cm.Longitud 50 - 100 m.Material Pl\u00e1stico.Color Amarillo.","og_url":"https:\/\/aquacord.com.co\/index.php\/product\/cinta-de-peligro\/","article_modified_time":"2023-04-20T14:29:13+00:00","og_image":[{"width":550,"height":367,"url":"https:\/\/aquacord.com.co\/wp-content\/uploads\/2023\/01\/CINTA-1.jpg","type":"image\/jpeg"}],"twitter_card":"summary_large_image","twitter_misc":{"Tiempo estimado de lectura":"1 minuto"},"schema":{"@context":"https:\/\/schema.org","@graph":[{"@type":"WebPage","@id":"https:\/\/aquacord.com.co\/index.php\/product\/cinta-de-peligro\/","url":"https:\/\/aquacord.com.co\/index.php\/product\/cinta-de-peligro\/","name":"CINTA DE PELIGRO 50 m x 75 mm -","isPartOf":{"@id":"https:\/\/aquacord.com.co\/#website"},"datePublished":"2023-01-23T14:22:35+00:00","dateModified":"2023-04-20T14:29:13+00:00","description":"CINTA DE PELIGRO Cinta pl\u00e1stica para demarcaci\u00f3nCintas utilizadas para separaci\u00f3n o cerramiento en construcci\u00f3n, carreteras, parqueaderos, obras civiles, etc.Aislan o separan la zona restringida.Ancho 7.5 cm.Longitud 50 - 100 m.Material Pl\u00e1stico.Color Amarillo.","breadcrumb":{"@id":"https:\/\/aquacord.com.co\/index.php\/product\/cinta-de-peligro\/#breadcrumb"},"inLanguage":"es-CO","potentialAction":[{"@type":"ReadAction","target":["https:\/\/aquacord.com.co\/index.php\/product\/cinta-de-peligro\/"]}]},{"@type":"BreadcrumbList","@id":"https:\/\/aquacord.com.co\/index.php\/product\/cinta-de-peligro\/#breadcrumb","itemListElement":[{"@type":"ListItem","position":1,"name":"Inicio","item":"https:\/\/aquacord.com.co\/"},{"@type":"ListItem","position":2,"name":"Tienda","item":"https:\/\/aquacord.com.co\/index.php\/tienda\/"},{"@type":"ListItem","position":3,"name":"CINTA DE PELIGRO 50 m x 75 mm"}]},{"@type":"WebSite","@id":"https:\/\/aquacord.com.co\/#website","url":"https:\/\/aquacord.com.co\/","name":"","description":"Todo lo relacionado en productos qu\u00edmicos, accesorios, equipos para piscinas y el aseo de tu hogar e empresas","potentialAction":[{"@type":"SearchAction","target":{"@type":"EntryPoint","urlTemplate":"https:\/\/aquacord.com.co\/?s={search_term_string}"},"query-input":"required name=search_term_string"}],"inLanguage":"es-CO"}]}},"_links":{"self":[{"href":"https:\/\/aquacord.com.co\/index.php\/wp-json\/wp\/v2\/product\/2041"}],"collection":[{"href":"https:\/\/aquacord.com.co\/index.php\/wp-json\/wp\/v2\/product"}],"about":[{"href":"https:\/\/aquacord.com.co\/index.php\/wp-json\/wp\/v2\/types\/product"}],"replies":[{"embeddable":true,"href":"https:\/\/aquacord.com.co\/index.php\/wp-json\/wp\/v2\/comments?post=2041"}],"version-history":[{"count":1,"href":"https:\/\/aquacord.com.co\/index.php\/wp-json\/wp\/v2\/product\/2041\/revisions"}],"predecessor-version":[{"id":3694,"href":"https:\/\/aquacord.com.co\/index.php\/wp-json\/wp\/v2\/product\/2041\/revisions\/3694"}],"wp:featuredmedia":[{"embeddable":true,"href":"https:\/\/aquacord.com.co\/index.php\/wp-json\/wp\/v2\/media\/2042"}],"wp:attachment":[{"href":"https:\/\/aquacord.com.co\/index.php\/wp-json\/wp\/v2\/media?parent=2041"}],"wp:term":[{"taxonomy":"product_cat","embeddable":true,"href":"https:\/\/aquacord.com.co\/index.php\/wp-json\/wp\/v2\/product_cat?post=2041"},{"taxonomy":"product_tag","embeddable":true,"href":"https:\/\/aquacord.com.co\/index.php\/wp-json\/wp\/v2\/product_tag?post=2041"}],"curies":[{"name":"wp","href":"https:\/\/api.w.org\/{rel}","templated":true}]}}