{"id":2282,"date":"2023-03-22T14:25:21","date_gmt":"2023-03-22T14:25:21","guid":{"rendered":"https:\/\/aquacord.com.co\/?post_type=product&#038;p=2282"},"modified":"2024-09-17T21:21:08","modified_gmt":"2024-09-17T21:21:08","slug":"mascara-de-buceo-vidrio-templado","status":"publish","type":"product","link":"https:\/\/aquacord.com.co\/index.php\/product\/mascara-de-buceo-vidrio-templado\/","title":{"rendered":"MASCARA DE BUCEO VIDRIO TEMPLADO"},"content":{"rendered":"<p>MASCARA DE BUCEO VIDRIO TEMPLADO,\u00a0 es\u00a0de vidrio templado (como las lunas de los coches) <b>para que soporten las presiones del buceo y, en el caso de sufrir un golpe, el cristal no se rompa en mil pedazos<\/b>. Adem\u00e1s, el vidrio templado es m\u00e1s complicado que se raye y se empa\u00f1a m\u00e1s dif\u00edcilmente.<\/p>\n","protected":false},"excerpt":{"rendered":"<p>MASCARA DE BUCEO VIDRIO TEMPLADO,\u00a0 es\u00a0de vidrio templado (como las lunas de los coches) para que soporten las presiones del buceo y, en el caso de sufrir un golpe, el cristal no se rompa en mil pedazos. Adem\u00e1s, el vidrio templado es m\u00e1s complicado que se raye y se empa\u00f1a m\u00e1s dif\u00edcilmente.<\/p>\n","protected":false},"featured_media":2283,"comment_status":"open","ping_status":"closed","template":"","meta":{"site-sidebar-layout":"default","site-content-layout":"default","ast-global-header-display":"","ast-main-header-display":"","ast-hfb-above-header-display":"","ast-hfb-below-header-display":"","ast-hfb-mobile-header-display":"","site-post-title":"","ast-breadcrumbs-content":"","ast-featured-img":"","footer-sml-layout":"","theme-transparent-header-meta":"default","adv-header-id-meta":"","stick-header-meta":"","header-above-stick-meta":"","header-main-stick-meta":"","header-below-stick-meta":""},"product_cat":[20,30],"product_tag":[],"yoast_head":"<!-- This site is optimized with the Yoast SEO plugin v20.1 - https:\/\/yoast.com\/wordpress\/plugins\/seo\/ -->\n<title>MASCARA DE BUCEO VIDRIO TEMPLADO -<\/title>\n<meta name=\"description\" content=\"MASCARA DE BUCEO VIDRIO TEMPLADO de ser de vidrio templado (como las lunas de los coches) para que soporten las presiones del buceo\" \/>\n<meta name=\"robots\" content=\"index, follow, max-snippet:-1, max-image-preview:large, max-video-preview:-1\" \/>\n<link rel=\"canonical\" href=\"https:\/\/aquacord.com.co\/index.php\/product\/mascara-de-buceo-vidrio-templado\/\" \/>\n<meta property=\"og:locale\" content=\"es_ES\" \/>\n<meta property=\"og:type\" content=\"article\" \/>\n<meta property=\"og:title\" content=\"MASCARA DE BUCEO VIDRIO TEMPLADO -\" \/>\n<meta property=\"og:description\" content=\"MASCARA DE BUCEO VIDRIO TEMPLADO de ser de vidrio templado (como las lunas de los coches) para que soporten las presiones del buceo\" \/>\n<meta property=\"og:url\" content=\"https:\/\/aquacord.com.co\/index.php\/product\/mascara-de-buceo-vidrio-templado\/\" \/>\n<meta property=\"article:modified_time\" content=\"2024-09-17T21:21:08+00:00\" \/>\n<meta property=\"og:image\" content=\"https:\/\/aquacord.com.co\/wp-content\/uploads\/2023\/03\/Captura-de-pantalla-2023-03-22-091931.png\" \/>\n\t<meta property=\"og:image:width\" content=\"489\" \/>\n\t<meta property=\"og:image:height\" content=\"243\" \/>\n\t<meta property=\"og:image:type\" content=\"image\/png\" \/>\n<meta name=\"twitter:card\" content=\"summary_large_image\" \/>\n<meta name=\"twitter:label1\" content=\"Tiempo estimado de lectura\" \/>\n\t<meta name=\"twitter:data1\" content=\"1 minuto\" \/>\n<script type=\"application\/ld+json\" class=\"yoast-schema-graph\">{\"@context\":\"https:\/\/schema.org\",\"@graph\":[{\"@type\":\"WebPage\",\"@id\":\"https:\/\/aquacord.com.co\/index.php\/product\/mascara-de-buceo-vidrio-templado\/\",\"url\":\"https:\/\/aquacord.com.co\/index.php\/product\/mascara-de-buceo-vidrio-templado\/\",\"name\":\"MASCARA DE BUCEO VIDRIO TEMPLADO -\",\"isPartOf\":{\"@id\":\"https:\/\/aquacord.com.co\/#website\"},\"datePublished\":\"2023-03-22T14:25:21+00:00\",\"dateModified\":\"2024-09-17T21:21:08+00:00\",\"description\":\"MASCARA DE BUCEO VIDRIO TEMPLADO de ser de vidrio templado (como las lunas de los coches) para que soporten las presiones del buceo\",\"breadcrumb\":{\"@id\":\"https:\/\/aquacord.com.co\/index.php\/product\/mascara-de-buceo-vidrio-templado\/#breadcrumb\"},\"inLanguage\":\"es-CO\",\"potentialAction\":[{\"@type\":\"ReadAction\",\"target\":[\"https:\/\/aquacord.com.co\/index.php\/product\/mascara-de-buceo-vidrio-templado\/\"]}]},{\"@type\":\"BreadcrumbList\",\"@id\":\"https:\/\/aquacord.com.co\/index.php\/product\/mascara-de-buceo-vidrio-templado\/#breadcrumb\",\"itemListElement\":[{\"@type\":\"ListItem\",\"position\":1,\"name\":\"Inicio\",\"item\":\"https:\/\/aquacord.com.co\/\"},{\"@type\":\"ListItem\",\"position\":2,\"name\":\"Tienda\",\"item\":\"https:\/\/aquacord.com.co\/index.php\/tienda\/\"},{\"@type\":\"ListItem\",\"position\":3,\"name\":\"MASCARA DE BUCEO VIDRIO TEMPLADO\"}]},{\"@type\":\"WebSite\",\"@id\":\"https:\/\/aquacord.com.co\/#website\",\"url\":\"https:\/\/aquacord.com.co\/\",\"name\":\"\",\"description\":\"Todo lo relacionado en productos qu\u00edmicos, accesorios, equipos para piscinas y el aseo de tu hogar e empresas\",\"potentialAction\":[{\"@type\":\"SearchAction\",\"target\":{\"@type\":\"EntryPoint\",\"urlTemplate\":\"https:\/\/aquacord.com.co\/?s={search_term_string}\"},\"query-input\":\"required name=search_term_string\"}],\"inLanguage\":\"es-CO\"}]}<\/script>\n<!-- \/ Yoast SEO plugin. -->","yoast_head_json":{"title":"MASCARA DE BUCEO VIDRIO TEMPLADO -","description":"MASCARA DE BUCEO VIDRIO TEMPLADO de ser de vidrio templado (como las lunas de los coches) para que soporten las presiones del buceo","robots":{"index":"index","follow":"follow","max-snippet":"max-snippet:-1","max-image-preview":"max-image-preview:large","max-video-preview":"max-video-preview:-1"},"canonical":"https:\/\/aquacord.com.co\/index.php\/product\/mascara-de-buceo-vidrio-templado\/","og_locale":"es_ES","og_type":"article","og_title":"MASCARA DE BUCEO VIDRIO TEMPLADO -","og_description":"MASCARA DE BUCEO VIDRIO TEMPLADO de ser de vidrio templado (como las lunas de los coches) para que soporten las presiones del buceo","og_url":"https:\/\/aquacord.com.co\/index.php\/product\/mascara-de-buceo-vidrio-templado\/","article_modified_time":"2024-09-17T21:21:08+00:00","og_image":[{"width":489,"height":243,"url":"https:\/\/aquacord.com.co\/wp-content\/uploads\/2023\/03\/Captura-de-pantalla-2023-03-22-091931.png","type":"image\/png"}],"twitter_card":"summary_large_image","twitter_misc":{"Tiempo estimado de lectura":"1 minuto"},"schema":{"@context":"https:\/\/schema.org","@graph":[{"@type":"WebPage","@id":"https:\/\/aquacord.com.co\/index.php\/product\/mascara-de-buceo-vidrio-templado\/","url":"https:\/\/aquacord.com.co\/index.php\/product\/mascara-de-buceo-vidrio-templado\/","name":"MASCARA DE BUCEO VIDRIO TEMPLADO -","isPartOf":{"@id":"https:\/\/aquacord.com.co\/#website"},"datePublished":"2023-03-22T14:25:21+00:00","dateModified":"2024-09-17T21:21:08+00:00","description":"MASCARA DE BUCEO VIDRIO TEMPLADO de ser de vidrio templado (como las lunas de los coches) para que soporten las presiones del buceo","breadcrumb":{"@id":"https:\/\/aquacord.com.co\/index.php\/product\/mascara-de-buceo-vidrio-templado\/#breadcrumb"},"inLanguage":"es-CO","potentialAction":[{"@type":"ReadAction","target":["https:\/\/aquacord.com.co\/index.php\/product\/mascara-de-buceo-vidrio-templado\/"]}]},{"@type":"BreadcrumbList","@id":"https:\/\/aquacord.com.co\/index.php\/product\/mascara-de-buceo-vidrio-templado\/#breadcrumb","itemListElement":[{"@type":"ListItem","position":1,"name":"Inicio","item":"https:\/\/aquacord.com.co\/"},{"@type":"ListItem","position":2,"name":"Tienda","item":"https:\/\/aquacord.com.co\/index.php\/tienda\/"},{"@type":"ListItem","position":3,"name":"MASCARA DE BUCEO VIDRIO TEMPLADO"}]},{"@type":"WebSite","@id":"https:\/\/aquacord.com.co\/#website","url":"https:\/\/aquacord.com.co\/","name":"","description":"Todo lo relacionado en productos qu\u00edmicos, accesorios, equipos para piscinas y el aseo de tu hogar e empresas","potentialAction":[{"@type":"SearchAction","target":{"@type":"EntryPoint","urlTemplate":"https:\/\/aquacord.com.co\/?s={search_term_string}"},"query-input":"required name=search_term_string"}],"inLanguage":"es-CO"}]}},"_links":{"self":[{"href":"https:\/\/aquacord.com.co\/index.php\/wp-json\/wp\/v2\/product\/2282"}],"collection":[{"href":"https:\/\/aquacord.com.co\/index.php\/wp-json\/wp\/v2\/product"}],"about":[{"href":"https:\/\/aquacord.com.co\/index.php\/wp-json\/wp\/v2\/types\/product"}],"replies":[{"embeddable":true,"href":"https:\/\/aquacord.com.co\/index.php\/wp-json\/wp\/v2\/comments?post=2282"}],"version-history":[{"count":2,"href":"https:\/\/aquacord.com.co\/index.php\/wp-json\/wp\/v2\/product\/2282\/revisions"}],"predecessor-version":[{"id":5561,"href":"https:\/\/aquacord.com.co\/index.php\/wp-json\/wp\/v2\/product\/2282\/revisions\/5561"}],"wp:featuredmedia":[{"embeddable":true,"href":"https:\/\/aquacord.com.co\/index.php\/wp-json\/wp\/v2\/media\/2283"}],"wp:attachment":[{"href":"https:\/\/aquacord.com.co\/index.php\/wp-json\/wp\/v2\/media?parent=2282"}],"wp:term":[{"taxonomy":"product_cat","embeddable":true,"href":"https:\/\/aquacord.com.co\/index.php\/wp-json\/wp\/v2\/product_cat?post=2282"},{"taxonomy":"product_tag","embeddable":true,"href":"https:\/\/aquacord.com.co\/index.php\/wp-json\/wp\/v2\/product_tag?post=2282"}],"curies":[{"name":"wp","href":"https:\/\/api.w.org\/{rel}","templated":true}]}}