{"id":2315,"date":"2023-03-22T16:39:43","date_gmt":"2023-03-22T16:39:43","guid":{"rendered":"https:\/\/aquacord.com.co\/?post_type=product&#038;p=2315"},"modified":"2026-04-28T00:42:56","modified_gmt":"2026-04-28T00:42:56","slug":"haragan-60-cm-melody","status":"publish","type":"product","link":"https:\/\/aquacord.com.co\/index.php\/product\/haragan-60-cm-melody\/","title":{"rendered":"HARAGAN 60 CM MELODY"},"content":{"rendered":"<p>Uso principal:\u00a0<b>Uso Institucional y profesional para mantenimiento general de pisos Secado de superficies<\/b>. Evite el da\u00f1o de la pintura electrost\u00e1tica para evitar la corrosi\u00f3n.<\/p>\n","protected":false},"excerpt":{"rendered":"<p>Uso principal:\u00a0Uso Institucional y profesional para mantenimiento general de pisos Secado de superficies. Evite el da\u00f1o de la pintura electrost\u00e1tica para evitar la corrosi\u00f3n.<\/p>\n","protected":false},"featured_media":2320,"comment_status":"open","ping_status":"closed","template":"","meta":{"site-sidebar-layout":"default","site-content-layout":"default","ast-global-header-display":"","ast-main-header-display":"","ast-hfb-above-header-display":"","ast-hfb-below-header-display":"","ast-hfb-mobile-header-display":"","site-post-title":"","ast-breadcrumbs-content":"","ast-featured-img":"","footer-sml-layout":"","theme-transparent-header-meta":"default","adv-header-id-meta":"","stick-header-meta":"","header-above-stick-meta":"","header-main-stick-meta":"","header-below-stick-meta":""},"product_cat":[18,37],"product_tag":[],"yoast_head":"<!-- This site is optimized with the Yoast SEO plugin v20.1 - https:\/\/yoast.com\/wordpress\/plugins\/seo\/ -->\n<title>HARAGAN 60 CM MELODY -<\/title>\n<meta name=\"description\" content=\"HARAGAN Uso principal: Uso Institucional y profesional para mantenimiento general de pisos Secado de superficies. Evite el da\u00f1o de la pintura electrost\u00e1tica para evitar la corrosi\u00f3n.\" \/>\n<meta name=\"robots\" content=\"index, follow, max-snippet:-1, max-image-preview:large, max-video-preview:-1\" \/>\n<link rel=\"canonical\" href=\"https:\/\/aquacord.com.co\/index.php\/product\/haragan-60-cm-melody\/\" \/>\n<meta property=\"og:locale\" content=\"es_ES\" \/>\n<meta property=\"og:type\" content=\"article\" \/>\n<meta property=\"og:title\" content=\"HARAGAN 60 CM MELODY -\" \/>\n<meta property=\"og:description\" content=\"HARAGAN Uso principal: Uso Institucional y profesional para mantenimiento general de pisos Secado de superficies. Evite el da\u00f1o de la pintura electrost\u00e1tica para evitar la corrosi\u00f3n.\" \/>\n<meta property=\"og:url\" content=\"https:\/\/aquacord.com.co\/index.php\/product\/haragan-60-cm-melody\/\" \/>\n<meta property=\"article:modified_time\" content=\"2026-04-28T00:42:56+00:00\" \/>\n<meta property=\"og:image\" content=\"https:\/\/aquacord.com.co\/wp-content\/uploads\/2023\/03\/Captura-de-pantalla-2023-03-22-141739.png\" \/>\n\t<meta property=\"og:image:width\" content=\"621\" \/>\n\t<meta property=\"og:image:height\" content=\"558\" \/>\n\t<meta property=\"og:image:type\" content=\"image\/png\" \/>\n<meta name=\"twitter:card\" content=\"summary_large_image\" \/>\n<meta name=\"twitter:label1\" content=\"Tiempo estimado de lectura\" \/>\n\t<meta name=\"twitter:data1\" content=\"1 minuto\" \/>\n<script type=\"application\/ld+json\" class=\"yoast-schema-graph\">{\"@context\":\"https:\/\/schema.org\",\"@graph\":[{\"@type\":\"WebPage\",\"@id\":\"https:\/\/aquacord.com.co\/index.php\/product\/haragan-60-cm-melody\/\",\"url\":\"https:\/\/aquacord.com.co\/index.php\/product\/haragan-60-cm-melody\/\",\"name\":\"HARAGAN 60 CM MELODY -\",\"isPartOf\":{\"@id\":\"https:\/\/aquacord.com.co\/#website\"},\"datePublished\":\"2023-03-22T16:39:43+00:00\",\"dateModified\":\"2026-04-28T00:42:56+00:00\",\"description\":\"HARAGAN Uso principal: Uso Institucional y profesional para mantenimiento general de pisos Secado de superficies. Evite el da\u00f1o de la pintura electrost\u00e1tica para evitar la corrosi\u00f3n.\",\"breadcrumb\":{\"@id\":\"https:\/\/aquacord.com.co\/index.php\/product\/haragan-60-cm-melody\/#breadcrumb\"},\"inLanguage\":\"es-CO\",\"potentialAction\":[{\"@type\":\"ReadAction\",\"target\":[\"https:\/\/aquacord.com.co\/index.php\/product\/haragan-60-cm-melody\/\"]}]},{\"@type\":\"BreadcrumbList\",\"@id\":\"https:\/\/aquacord.com.co\/index.php\/product\/haragan-60-cm-melody\/#breadcrumb\",\"itemListElement\":[{\"@type\":\"ListItem\",\"position\":1,\"name\":\"Inicio\",\"item\":\"https:\/\/aquacord.com.co\/\"},{\"@type\":\"ListItem\",\"position\":2,\"name\":\"Tienda\",\"item\":\"https:\/\/aquacord.com.co\/index.php\/tienda\/\"},{\"@type\":\"ListItem\",\"position\":3,\"name\":\"HARAGAN 60 CM MELODY\"}]},{\"@type\":\"WebSite\",\"@id\":\"https:\/\/aquacord.com.co\/#website\",\"url\":\"https:\/\/aquacord.com.co\/\",\"name\":\"\",\"description\":\"Todo lo relacionado en productos qu\u00edmicos, accesorios, equipos para piscinas y el aseo de tu hogar e empresas\",\"potentialAction\":[{\"@type\":\"SearchAction\",\"target\":{\"@type\":\"EntryPoint\",\"urlTemplate\":\"https:\/\/aquacord.com.co\/?s={search_term_string}\"},\"query-input\":\"required name=search_term_string\"}],\"inLanguage\":\"es-CO\"}]}<\/script>\n<!-- \/ Yoast SEO plugin. -->","yoast_head_json":{"title":"HARAGAN 60 CM MELODY -","description":"HARAGAN Uso principal: Uso Institucional y profesional para mantenimiento general de pisos Secado de superficies. Evite el da\u00f1o de la pintura electrost\u00e1tica para evitar la corrosi\u00f3n.","robots":{"index":"index","follow":"follow","max-snippet":"max-snippet:-1","max-image-preview":"max-image-preview:large","max-video-preview":"max-video-preview:-1"},"canonical":"https:\/\/aquacord.com.co\/index.php\/product\/haragan-60-cm-melody\/","og_locale":"es_ES","og_type":"article","og_title":"HARAGAN 60 CM MELODY -","og_description":"HARAGAN Uso principal: Uso Institucional y profesional para mantenimiento general de pisos Secado de superficies. Evite el da\u00f1o de la pintura electrost\u00e1tica para evitar la corrosi\u00f3n.","og_url":"https:\/\/aquacord.com.co\/index.php\/product\/haragan-60-cm-melody\/","article_modified_time":"2026-04-28T00:42:56+00:00","og_image":[{"width":621,"height":558,"url":"https:\/\/aquacord.com.co\/wp-content\/uploads\/2023\/03\/Captura-de-pantalla-2023-03-22-141739.png","type":"image\/png"}],"twitter_card":"summary_large_image","twitter_misc":{"Tiempo estimado de lectura":"1 minuto"},"schema":{"@context":"https:\/\/schema.org","@graph":[{"@type":"WebPage","@id":"https:\/\/aquacord.com.co\/index.php\/product\/haragan-60-cm-melody\/","url":"https:\/\/aquacord.com.co\/index.php\/product\/haragan-60-cm-melody\/","name":"HARAGAN 60 CM MELODY -","isPartOf":{"@id":"https:\/\/aquacord.com.co\/#website"},"datePublished":"2023-03-22T16:39:43+00:00","dateModified":"2026-04-28T00:42:56+00:00","description":"HARAGAN Uso principal: Uso Institucional y profesional para mantenimiento general de pisos Secado de superficies. Evite el da\u00f1o de la pintura electrost\u00e1tica para evitar la corrosi\u00f3n.","breadcrumb":{"@id":"https:\/\/aquacord.com.co\/index.php\/product\/haragan-60-cm-melody\/#breadcrumb"},"inLanguage":"es-CO","potentialAction":[{"@type":"ReadAction","target":["https:\/\/aquacord.com.co\/index.php\/product\/haragan-60-cm-melody\/"]}]},{"@type":"BreadcrumbList","@id":"https:\/\/aquacord.com.co\/index.php\/product\/haragan-60-cm-melody\/#breadcrumb","itemListElement":[{"@type":"ListItem","position":1,"name":"Inicio","item":"https:\/\/aquacord.com.co\/"},{"@type":"ListItem","position":2,"name":"Tienda","item":"https:\/\/aquacord.com.co\/index.php\/tienda\/"},{"@type":"ListItem","position":3,"name":"HARAGAN 60 CM MELODY"}]},{"@type":"WebSite","@id":"https:\/\/aquacord.com.co\/#website","url":"https:\/\/aquacord.com.co\/","name":"","description":"Todo lo relacionado en productos qu\u00edmicos, accesorios, equipos para piscinas y el aseo de tu hogar e empresas","potentialAction":[{"@type":"SearchAction","target":{"@type":"EntryPoint","urlTemplate":"https:\/\/aquacord.com.co\/?s={search_term_string}"},"query-input":"required name=search_term_string"}],"inLanguage":"es-CO"}]}},"_links":{"self":[{"href":"https:\/\/aquacord.com.co\/index.php\/wp-json\/wp\/v2\/product\/2315"}],"collection":[{"href":"https:\/\/aquacord.com.co\/index.php\/wp-json\/wp\/v2\/product"}],"about":[{"href":"https:\/\/aquacord.com.co\/index.php\/wp-json\/wp\/v2\/types\/product"}],"replies":[{"embeddable":true,"href":"https:\/\/aquacord.com.co\/index.php\/wp-json\/wp\/v2\/comments?post=2315"}],"version-history":[{"count":0,"href":"https:\/\/aquacord.com.co\/index.php\/wp-json\/wp\/v2\/product\/2315\/revisions"}],"wp:featuredmedia":[{"embeddable":true,"href":"https:\/\/aquacord.com.co\/index.php\/wp-json\/wp\/v2\/media\/2320"}],"wp:attachment":[{"href":"https:\/\/aquacord.com.co\/index.php\/wp-json\/wp\/v2\/media?parent=2315"}],"wp:term":[{"taxonomy":"product_cat","embeddable":true,"href":"https:\/\/aquacord.com.co\/index.php\/wp-json\/wp\/v2\/product_cat?post=2315"},{"taxonomy":"product_tag","embeddable":true,"href":"https:\/\/aquacord.com.co\/index.php\/wp-json\/wp\/v2\/product_tag?post=2315"}],"curies":[{"name":"wp","href":"https:\/\/api.w.org\/{rel}","templated":true}]}}