{"id":2331,"date":"2023-03-22T20:08:35","date_gmt":"2023-03-22T20:08:35","guid":{"rendered":"https:\/\/aquacord.com.co\/?post_type=product&#038;p=2331"},"modified":"2023-04-20T20:49:37","modified_gmt":"2023-04-20T20:49:37","slug":"cepillo-planchita-ob","status":"publish","type":"product","link":"https:\/\/aquacord.com.co\/index.php\/product\/cepillo-planchita-ob\/","title":{"rendered":"CEPILLO PLANCHITA &#8211;  OB"},"content":{"rendered":"<p>Base: Polietileno<br \/>\nDimensiones: long. 13.5 cm,<br \/>\nancho 4.5 cm, espesor 1.2 cm<br \/>\nFibra: Pet<br \/>\ncalibre 0.40 cent\u00e9simas<br \/>\nColor bra: B\u00e1sicos<br \/>\nInsertado: Alambre galvanizado<br \/>\ncalibre 0.8 d\u00e9cimas<br \/>\nPeso: 110 gramos aprox.<br \/>\nAltura bra: 2.5 cm aprox.<\/p>\n<p>caracteristicas: Estructura anat\u00f3mica para su f\u00e1cil agarre. Fibra r\u00edgida.<br \/>\nEspecial para remover manchas resistentes. Econ\u00f3mico<\/p>\n","protected":false},"excerpt":{"rendered":"<p>Base: Polietileno Dimensiones: long. 13.5 cm, ancho 4.5 cm, espesor 1.2 cm Fibra: Pet calibre 0.40 cent\u00e9simas Color bra: B\u00e1sicos Insertado: Alambre galvanizado calibre 0.8 d\u00e9cimas Peso: 110 gramos aprox. Altura bra: 2.5 cm aprox. caracteristicas: Estructura anat\u00f3mica para su f\u00e1cil agarre. Fibra r\u00edgida. Especial para remover manchas resistentes. Econ\u00f3mico<\/p>\n","protected":false},"featured_media":2332,"comment_status":"open","ping_status":"closed","template":"","meta":{"site-sidebar-layout":"default","site-content-layout":"default","ast-global-header-display":"","ast-main-header-display":"","ast-hfb-above-header-display":"","ast-hfb-below-header-display":"","ast-hfb-mobile-header-display":"","site-post-title":"","ast-breadcrumbs-content":"","ast-featured-img":"","footer-sml-layout":"","theme-transparent-header-meta":"default","adv-header-id-meta":"","stick-header-meta":"","header-above-stick-meta":"","header-main-stick-meta":"","header-below-stick-meta":""},"product_cat":[18,37],"product_tag":[],"yoast_head":"<!-- This site is optimized with the Yoast SEO plugin v20.1 - https:\/\/yoast.com\/wordpress\/plugins\/seo\/ -->\n<title>CEPILLO PLANCHITA - OB -<\/title>\n<meta name=\"description\" content=\"CEPILLO PLANCHITA Base: PolietilenoDimensiones: long. 13.5 cm,ancho 4.5 cm, espesor 1.2 cmFibra: Petcalibre 0.40 cent\u00e9simasColor bra: B\u00e1sicosInsertado...\" \/>\n<meta name=\"robots\" content=\"index, follow, max-snippet:-1, max-image-preview:large, max-video-preview:-1\" \/>\n<link rel=\"canonical\" href=\"https:\/\/aquacord.com.co\/index.php\/product\/cepillo-planchita-ob\/\" \/>\n<meta property=\"og:locale\" content=\"es_ES\" \/>\n<meta property=\"og:type\" content=\"article\" \/>\n<meta property=\"og:title\" content=\"CEPILLO PLANCHITA - OB -\" \/>\n<meta property=\"og:description\" content=\"CEPILLO PLANCHITA Base: PolietilenoDimensiones: long. 13.5 cm,ancho 4.5 cm, espesor 1.2 cmFibra: Petcalibre 0.40 cent\u00e9simasColor bra: B\u00e1sicosInsertado...\" \/>\n<meta property=\"og:url\" content=\"https:\/\/aquacord.com.co\/index.php\/product\/cepillo-planchita-ob\/\" \/>\n<meta property=\"article:modified_time\" content=\"2023-04-20T20:49:37+00:00\" \/>\n<meta property=\"og:image\" content=\"https:\/\/aquacord.com.co\/wp-content\/uploads\/2023\/03\/Captura-de-pantalla-2023-03-22-150520.png\" \/>\n\t<meta property=\"og:image:width\" content=\"317\" \/>\n\t<meta property=\"og:image:height\" content=\"223\" \/>\n\t<meta property=\"og:image:type\" content=\"image\/png\" \/>\n<meta name=\"twitter:card\" content=\"summary_large_image\" \/>\n<meta name=\"twitter:label1\" content=\"Tiempo estimado de lectura\" \/>\n\t<meta name=\"twitter:data1\" content=\"1 minuto\" \/>\n<script type=\"application\/ld+json\" class=\"yoast-schema-graph\">{\"@context\":\"https:\/\/schema.org\",\"@graph\":[{\"@type\":\"WebPage\",\"@id\":\"https:\/\/aquacord.com.co\/index.php\/product\/cepillo-planchita-ob\/\",\"url\":\"https:\/\/aquacord.com.co\/index.php\/product\/cepillo-planchita-ob\/\",\"name\":\"CEPILLO PLANCHITA - OB -\",\"isPartOf\":{\"@id\":\"https:\/\/aquacord.com.co\/#website\"},\"datePublished\":\"2023-03-22T20:08:35+00:00\",\"dateModified\":\"2023-04-20T20:49:37+00:00\",\"description\":\"CEPILLO PLANCHITA Base: PolietilenoDimensiones: long. 13.5 cm,ancho 4.5 cm, espesor 1.2 cmFibra: Petcalibre 0.40 cent\u00e9simasColor bra: B\u00e1sicosInsertado...\",\"breadcrumb\":{\"@id\":\"https:\/\/aquacord.com.co\/index.php\/product\/cepillo-planchita-ob\/#breadcrumb\"},\"inLanguage\":\"es-CO\",\"potentialAction\":[{\"@type\":\"ReadAction\",\"target\":[\"https:\/\/aquacord.com.co\/index.php\/product\/cepillo-planchita-ob\/\"]}]},{\"@type\":\"BreadcrumbList\",\"@id\":\"https:\/\/aquacord.com.co\/index.php\/product\/cepillo-planchita-ob\/#breadcrumb\",\"itemListElement\":[{\"@type\":\"ListItem\",\"position\":1,\"name\":\"Inicio\",\"item\":\"https:\/\/aquacord.com.co\/\"},{\"@type\":\"ListItem\",\"position\":2,\"name\":\"Tienda\",\"item\":\"https:\/\/aquacord.com.co\/index.php\/tienda\/\"},{\"@type\":\"ListItem\",\"position\":3,\"name\":\"CEPILLO PLANCHITA &#8211; OB\"}]},{\"@type\":\"WebSite\",\"@id\":\"https:\/\/aquacord.com.co\/#website\",\"url\":\"https:\/\/aquacord.com.co\/\",\"name\":\"\",\"description\":\"Todo lo relacionado en productos qu\u00edmicos, accesorios, equipos para piscinas y el aseo de tu hogar e empresas\",\"potentialAction\":[{\"@type\":\"SearchAction\",\"target\":{\"@type\":\"EntryPoint\",\"urlTemplate\":\"https:\/\/aquacord.com.co\/?s={search_term_string}\"},\"query-input\":\"required name=search_term_string\"}],\"inLanguage\":\"es-CO\"}]}<\/script>\n<!-- \/ Yoast SEO plugin. -->","yoast_head_json":{"title":"CEPILLO PLANCHITA - OB -","description":"CEPILLO PLANCHITA Base: PolietilenoDimensiones: long. 13.5 cm,ancho 4.5 cm, espesor 1.2 cmFibra: Petcalibre 0.40 cent\u00e9simasColor bra: B\u00e1sicosInsertado...","robots":{"index":"index","follow":"follow","max-snippet":"max-snippet:-1","max-image-preview":"max-image-preview:large","max-video-preview":"max-video-preview:-1"},"canonical":"https:\/\/aquacord.com.co\/index.php\/product\/cepillo-planchita-ob\/","og_locale":"es_ES","og_type":"article","og_title":"CEPILLO PLANCHITA - OB -","og_description":"CEPILLO PLANCHITA Base: PolietilenoDimensiones: long. 13.5 cm,ancho 4.5 cm, espesor 1.2 cmFibra: Petcalibre 0.40 cent\u00e9simasColor bra: B\u00e1sicosInsertado...","og_url":"https:\/\/aquacord.com.co\/index.php\/product\/cepillo-planchita-ob\/","article_modified_time":"2023-04-20T20:49:37+00:00","og_image":[{"width":317,"height":223,"url":"https:\/\/aquacord.com.co\/wp-content\/uploads\/2023\/03\/Captura-de-pantalla-2023-03-22-150520.png","type":"image\/png"}],"twitter_card":"summary_large_image","twitter_misc":{"Tiempo estimado de lectura":"1 minuto"},"schema":{"@context":"https:\/\/schema.org","@graph":[{"@type":"WebPage","@id":"https:\/\/aquacord.com.co\/index.php\/product\/cepillo-planchita-ob\/","url":"https:\/\/aquacord.com.co\/index.php\/product\/cepillo-planchita-ob\/","name":"CEPILLO PLANCHITA - OB -","isPartOf":{"@id":"https:\/\/aquacord.com.co\/#website"},"datePublished":"2023-03-22T20:08:35+00:00","dateModified":"2023-04-20T20:49:37+00:00","description":"CEPILLO PLANCHITA Base: PolietilenoDimensiones: long. 13.5 cm,ancho 4.5 cm, espesor 1.2 cmFibra: Petcalibre 0.40 cent\u00e9simasColor bra: B\u00e1sicosInsertado...","breadcrumb":{"@id":"https:\/\/aquacord.com.co\/index.php\/product\/cepillo-planchita-ob\/#breadcrumb"},"inLanguage":"es-CO","potentialAction":[{"@type":"ReadAction","target":["https:\/\/aquacord.com.co\/index.php\/product\/cepillo-planchita-ob\/"]}]},{"@type":"BreadcrumbList","@id":"https:\/\/aquacord.com.co\/index.php\/product\/cepillo-planchita-ob\/#breadcrumb","itemListElement":[{"@type":"ListItem","position":1,"name":"Inicio","item":"https:\/\/aquacord.com.co\/"},{"@type":"ListItem","position":2,"name":"Tienda","item":"https:\/\/aquacord.com.co\/index.php\/tienda\/"},{"@type":"ListItem","position":3,"name":"CEPILLO PLANCHITA &#8211; OB"}]},{"@type":"WebSite","@id":"https:\/\/aquacord.com.co\/#website","url":"https:\/\/aquacord.com.co\/","name":"","description":"Todo lo relacionado en productos qu\u00edmicos, accesorios, equipos para piscinas y el aseo de tu hogar e empresas","potentialAction":[{"@type":"SearchAction","target":{"@type":"EntryPoint","urlTemplate":"https:\/\/aquacord.com.co\/?s={search_term_string}"},"query-input":"required name=search_term_string"}],"inLanguage":"es-CO"}]}},"_links":{"self":[{"href":"https:\/\/aquacord.com.co\/index.php\/wp-json\/wp\/v2\/product\/2331"}],"collection":[{"href":"https:\/\/aquacord.com.co\/index.php\/wp-json\/wp\/v2\/product"}],"about":[{"href":"https:\/\/aquacord.com.co\/index.php\/wp-json\/wp\/v2\/types\/product"}],"replies":[{"embeddable":true,"href":"https:\/\/aquacord.com.co\/index.php\/wp-json\/wp\/v2\/comments?post=2331"}],"version-history":[{"count":1,"href":"https:\/\/aquacord.com.co\/index.php\/wp-json\/wp\/v2\/product\/2331\/revisions"}],"predecessor-version":[{"id":3720,"href":"https:\/\/aquacord.com.co\/index.php\/wp-json\/wp\/v2\/product\/2331\/revisions\/3720"}],"wp:featuredmedia":[{"embeddable":true,"href":"https:\/\/aquacord.com.co\/index.php\/wp-json\/wp\/v2\/media\/2332"}],"wp:attachment":[{"href":"https:\/\/aquacord.com.co\/index.php\/wp-json\/wp\/v2\/media?parent=2331"}],"wp:term":[{"taxonomy":"product_cat","embeddable":true,"href":"https:\/\/aquacord.com.co\/index.php\/wp-json\/wp\/v2\/product_cat?post=2331"},{"taxonomy":"product_tag","embeddable":true,"href":"https:\/\/aquacord.com.co\/index.php\/wp-json\/wp\/v2\/product_tag?post=2331"}],"curies":[{"name":"wp","href":"https:\/\/api.w.org\/{rel}","templated":true}]}}