{"id":2338,"date":"2023-03-22T20:26:37","date_gmt":"2023-03-22T20:26:37","guid":{"rendered":"https:\/\/aquacord.com.co\/?post_type=product&#038;p=2338"},"modified":"2023-04-20T20:40:20","modified_gmt":"2023-04-20T20:40:20","slug":"planchita-lava-ropa-andecol","status":"publish","type":"product","link":"https:\/\/aquacord.com.co\/index.php\/product\/planchita-lava-ropa-andecol\/","title":{"rendered":"PLANCHITA LAVA ROPA &#8211; ANDECOL"},"content":{"rendered":"<p>El cepillo para lavar la ropa tiene filamentos suaves que protegen las telas delicadas, <b>deja la ropa limpia sin da\u00f1arla<\/b>. Su punta reforzada ayuda a realizar una limpieza m\u00e1s profunda y su mango anat\u00f3mico, tipo plancha, permite un mejor agarre y comodidad.<\/p>\n<p>Base color: blanca<\/p>\n<p>Tipo de cerda: suave<\/p>\n<p>Color cerda: surtidos<\/p>\n<p>Altura de cerda: 2,5 cm<\/p>\n<p>Uso: prendas rusticas<\/p>\n<p>Caja por 10 Docenas<\/p>\n","protected":false},"excerpt":{"rendered":"<p>El cepillo para lavar la ropa tiene filamentos suaves que protegen las telas delicadas, deja la ropa limpia sin da\u00f1arla. Su punta reforzada ayuda a realizar una limpieza m\u00e1s profunda y su mango anat\u00f3mico, tipo plancha, permite un mejor agarre y comodidad. Base color: blanca Tipo de cerda: suave Color cerda: surtidos Altura de cerda: &hellip;<\/p>\n<p class=\"read-more\"> <a class=\"\" href=\"https:\/\/aquacord.com.co\/index.php\/product\/planchita-lava-ropa-andecol\/\"> <span class=\"screen-reader-text\">PLANCHITA LAVA ROPA &#8211; ANDECOL<\/span> Leer m\u00e1s &raquo;<\/a><\/p>\n","protected":false},"featured_media":2340,"comment_status":"open","ping_status":"closed","template":"","meta":{"site-sidebar-layout":"default","site-content-layout":"default","ast-global-header-display":"","ast-main-header-display":"","ast-hfb-above-header-display":"","ast-hfb-below-header-display":"","ast-hfb-mobile-header-display":"","site-post-title":"","ast-breadcrumbs-content":"","ast-featured-img":"","footer-sml-layout":"","theme-transparent-header-meta":"default","adv-header-id-meta":"","stick-header-meta":"","header-above-stick-meta":"","header-main-stick-meta":"","header-below-stick-meta":""},"product_cat":[18,37],"product_tag":[],"yoast_head":"<!-- This site is optimized with the Yoast SEO plugin v20.1 - https:\/\/yoast.com\/wordpress\/plugins\/seo\/ -->\n<title>PLANCHITA LAVA ROPA - ANDECOL -<\/title>\n<meta name=\"description\" content=\"PLANCHITA LAVA ROPA El cepillo para lavar la ropa tiene filamentos suaves que protegen las telas delicadas, deja la ropa limpia sin da\u00f1arla.\" \/>\n<meta name=\"robots\" content=\"index, follow, max-snippet:-1, max-image-preview:large, max-video-preview:-1\" \/>\n<link rel=\"canonical\" href=\"https:\/\/aquacord.com.co\/index.php\/product\/planchita-lava-ropa-andecol\/\" \/>\n<meta property=\"og:locale\" content=\"es_ES\" \/>\n<meta property=\"og:type\" content=\"article\" \/>\n<meta property=\"og:title\" content=\"PLANCHITA LAVA ROPA - ANDECOL -\" \/>\n<meta property=\"og:description\" content=\"PLANCHITA LAVA ROPA El cepillo para lavar la ropa tiene filamentos suaves que protegen las telas delicadas, deja la ropa limpia sin da\u00f1arla.\" \/>\n<meta property=\"og:url\" content=\"https:\/\/aquacord.com.co\/index.php\/product\/planchita-lava-ropa-andecol\/\" \/>\n<meta property=\"article:modified_time\" content=\"2023-04-20T20:40:20+00:00\" \/>\n<meta property=\"og:image\" content=\"https:\/\/aquacord.com.co\/wp-content\/uploads\/2023\/03\/Captura-de-pantalla-2023-03-22-152328.png\" \/>\n\t<meta property=\"og:image:width\" content=\"712\" \/>\n\t<meta property=\"og:image:height\" content=\"407\" \/>\n\t<meta property=\"og:image:type\" content=\"image\/png\" \/>\n<meta name=\"twitter:card\" content=\"summary_large_image\" \/>\n<meta name=\"twitter:label1\" content=\"Tiempo estimado de lectura\" \/>\n\t<meta name=\"twitter:data1\" content=\"1 minuto\" \/>\n<script type=\"application\/ld+json\" class=\"yoast-schema-graph\">{\"@context\":\"https:\/\/schema.org\",\"@graph\":[{\"@type\":\"WebPage\",\"@id\":\"https:\/\/aquacord.com.co\/index.php\/product\/planchita-lava-ropa-andecol\/\",\"url\":\"https:\/\/aquacord.com.co\/index.php\/product\/planchita-lava-ropa-andecol\/\",\"name\":\"PLANCHITA LAVA ROPA - ANDECOL -\",\"isPartOf\":{\"@id\":\"https:\/\/aquacord.com.co\/#website\"},\"datePublished\":\"2023-03-22T20:26:37+00:00\",\"dateModified\":\"2023-04-20T20:40:20+00:00\",\"description\":\"PLANCHITA LAVA ROPA El cepillo para lavar la ropa tiene filamentos suaves que protegen las telas delicadas, deja la ropa limpia sin da\u00f1arla.\",\"breadcrumb\":{\"@id\":\"https:\/\/aquacord.com.co\/index.php\/product\/planchita-lava-ropa-andecol\/#breadcrumb\"},\"inLanguage\":\"es-CO\",\"potentialAction\":[{\"@type\":\"ReadAction\",\"target\":[\"https:\/\/aquacord.com.co\/index.php\/product\/planchita-lava-ropa-andecol\/\"]}]},{\"@type\":\"BreadcrumbList\",\"@id\":\"https:\/\/aquacord.com.co\/index.php\/product\/planchita-lava-ropa-andecol\/#breadcrumb\",\"itemListElement\":[{\"@type\":\"ListItem\",\"position\":1,\"name\":\"Inicio\",\"item\":\"https:\/\/aquacord.com.co\/\"},{\"@type\":\"ListItem\",\"position\":2,\"name\":\"Tienda\",\"item\":\"https:\/\/aquacord.com.co\/index.php\/tienda\/\"},{\"@type\":\"ListItem\",\"position\":3,\"name\":\"PLANCHITA LAVA ROPA &#8211; ANDECOL\"}]},{\"@type\":\"WebSite\",\"@id\":\"https:\/\/aquacord.com.co\/#website\",\"url\":\"https:\/\/aquacord.com.co\/\",\"name\":\"\",\"description\":\"Todo lo relacionado en productos qu\u00edmicos, accesorios, equipos para piscinas y el aseo de tu hogar e empresas\",\"potentialAction\":[{\"@type\":\"SearchAction\",\"target\":{\"@type\":\"EntryPoint\",\"urlTemplate\":\"https:\/\/aquacord.com.co\/?s={search_term_string}\"},\"query-input\":\"required name=search_term_string\"}],\"inLanguage\":\"es-CO\"}]}<\/script>\n<!-- \/ Yoast SEO plugin. -->","yoast_head_json":{"title":"PLANCHITA LAVA ROPA - ANDECOL -","description":"PLANCHITA LAVA ROPA El cepillo para lavar la ropa tiene filamentos suaves que protegen las telas delicadas, deja la ropa limpia sin da\u00f1arla.","robots":{"index":"index","follow":"follow","max-snippet":"max-snippet:-1","max-image-preview":"max-image-preview:large","max-video-preview":"max-video-preview:-1"},"canonical":"https:\/\/aquacord.com.co\/index.php\/product\/planchita-lava-ropa-andecol\/","og_locale":"es_ES","og_type":"article","og_title":"PLANCHITA LAVA ROPA - ANDECOL -","og_description":"PLANCHITA LAVA ROPA El cepillo para lavar la ropa tiene filamentos suaves que protegen las telas delicadas, deja la ropa limpia sin da\u00f1arla.","og_url":"https:\/\/aquacord.com.co\/index.php\/product\/planchita-lava-ropa-andecol\/","article_modified_time":"2023-04-20T20:40:20+00:00","og_image":[{"width":712,"height":407,"url":"https:\/\/aquacord.com.co\/wp-content\/uploads\/2023\/03\/Captura-de-pantalla-2023-03-22-152328.png","type":"image\/png"}],"twitter_card":"summary_large_image","twitter_misc":{"Tiempo estimado de lectura":"1 minuto"},"schema":{"@context":"https:\/\/schema.org","@graph":[{"@type":"WebPage","@id":"https:\/\/aquacord.com.co\/index.php\/product\/planchita-lava-ropa-andecol\/","url":"https:\/\/aquacord.com.co\/index.php\/product\/planchita-lava-ropa-andecol\/","name":"PLANCHITA LAVA ROPA - ANDECOL -","isPartOf":{"@id":"https:\/\/aquacord.com.co\/#website"},"datePublished":"2023-03-22T20:26:37+00:00","dateModified":"2023-04-20T20:40:20+00:00","description":"PLANCHITA LAVA ROPA El cepillo para lavar la ropa tiene filamentos suaves que protegen las telas delicadas, deja la ropa limpia sin da\u00f1arla.","breadcrumb":{"@id":"https:\/\/aquacord.com.co\/index.php\/product\/planchita-lava-ropa-andecol\/#breadcrumb"},"inLanguage":"es-CO","potentialAction":[{"@type":"ReadAction","target":["https:\/\/aquacord.com.co\/index.php\/product\/planchita-lava-ropa-andecol\/"]}]},{"@type":"BreadcrumbList","@id":"https:\/\/aquacord.com.co\/index.php\/product\/planchita-lava-ropa-andecol\/#breadcrumb","itemListElement":[{"@type":"ListItem","position":1,"name":"Inicio","item":"https:\/\/aquacord.com.co\/"},{"@type":"ListItem","position":2,"name":"Tienda","item":"https:\/\/aquacord.com.co\/index.php\/tienda\/"},{"@type":"ListItem","position":3,"name":"PLANCHITA LAVA ROPA &#8211; ANDECOL"}]},{"@type":"WebSite","@id":"https:\/\/aquacord.com.co\/#website","url":"https:\/\/aquacord.com.co\/","name":"","description":"Todo lo relacionado en productos qu\u00edmicos, accesorios, equipos para piscinas y el aseo de tu hogar e empresas","potentialAction":[{"@type":"SearchAction","target":{"@type":"EntryPoint","urlTemplate":"https:\/\/aquacord.com.co\/?s={search_term_string}"},"query-input":"required name=search_term_string"}],"inLanguage":"es-CO"}]}},"_links":{"self":[{"href":"https:\/\/aquacord.com.co\/index.php\/wp-json\/wp\/v2\/product\/2338"}],"collection":[{"href":"https:\/\/aquacord.com.co\/index.php\/wp-json\/wp\/v2\/product"}],"about":[{"href":"https:\/\/aquacord.com.co\/index.php\/wp-json\/wp\/v2\/types\/product"}],"replies":[{"embeddable":true,"href":"https:\/\/aquacord.com.co\/index.php\/wp-json\/wp\/v2\/comments?post=2338"}],"version-history":[{"count":1,"href":"https:\/\/aquacord.com.co\/index.php\/wp-json\/wp\/v2\/product\/2338\/revisions"}],"predecessor-version":[{"id":3719,"href":"https:\/\/aquacord.com.co\/index.php\/wp-json\/wp\/v2\/product\/2338\/revisions\/3719"}],"wp:featuredmedia":[{"embeddable":true,"href":"https:\/\/aquacord.com.co\/index.php\/wp-json\/wp\/v2\/media\/2340"}],"wp:attachment":[{"href":"https:\/\/aquacord.com.co\/index.php\/wp-json\/wp\/v2\/media?parent=2338"}],"wp:term":[{"taxonomy":"product_cat","embeddable":true,"href":"https:\/\/aquacord.com.co\/index.php\/wp-json\/wp\/v2\/product_cat?post=2338"},{"taxonomy":"product_tag","embeddable":true,"href":"https:\/\/aquacord.com.co\/index.php\/wp-json\/wp\/v2\/product_tag?post=2338"}],"curies":[{"name":"wp","href":"https:\/\/api.w.org\/{rel}","templated":true}]}}