{"id":2366,"date":"2023-03-22T21:58:46","date_gmt":"2023-03-22T21:58:46","guid":{"rendered":"https:\/\/aquacord.com.co\/?post_type=product&#038;p=2366"},"modified":"2026-04-15T21:03:05","modified_gmt":"2026-04-15T21:03:05","slug":"alkalos-aumentador-de-ph","status":"publish","type":"product","link":"https:\/\/aquacord.com.co\/index.php\/product\/alkalos-aumentador-de-ph\/","title":{"rendered":"ELEVADOR LC-CORRECTOR PH+ POLVO (ALKALOS)"},"content":{"rendered":"<div id=\"vbid-8a2a4000-casffqmn\" class=\"preview-element preview-body magic-circle-holder text-element quick-text-style-menu allow-mobile-hide\" data-menu-name=\"PREVIEW_BODY\">\n<p>Es un producto en perlas que se utiliza para incrementar el pH cuando se encuentra por debajo del rango ideal (7,2 \u2013 7,6) el ajuste a este rango permite mejorar el desempe\u00f1o del desinfectante, adem\u00e1s de prevenir corrosi\u00f3n en equipos y estructuras. Tambi\u00e9n se usa cuando se requiere llegar a un pH \u00f3ptimo para procesos de clarificaci\u00f3n, con el fin de aumentar su eficiencia.<\/p>\n<p><strong>Caracter\u00edsticas<\/strong><\/p>\n<ul>\n<li>Libre de impurezas<\/li>\n<li>R\u00e1pida disoluci\u00f3n<\/li>\n<li>Corrige aguas corrosivas<\/li>\n<\/ul>\n<\/div>\n<div class=\"blocks-preview-title-holder removable-parent order-handle\">\n<div class=\"stripe-header-wrapper\">\n<div id=\"vbid-8a2a4000-twhfbogg\" class=\"stripe-header sub item-box page-box style-8a2a4000-adrlsat2 \" data-holder-type=\"page\" data-child-type=\"STYLE\" data-styleid=\"style-8a2a4000-adrlsat2\" data-preview-styleid=\"style-8a2a4000-adrlsat2\" data-preset-type-id=\"UNRESOLVED\">\n<div class=\"page-wrapper item-wrapper \">\n<div class=\"item-content leaf blocks_layout page content\" data-self=\"vbid-8a2a4000-twhfbogg\" data-preview-style=\"style-8a2a4000-adrlsat2\" data-style=\"style-f2783-7himpqznhz\" data-orig-thumb-height=\"\" data-orig-thumb-width=\"\" data-vbid=\"vbid-8a2a4000-twhfbogg\" data-bgimg=\"\">\n<div class=\"helper-div middle\">\n<div class=\"text-side \">\n<div class=\"vertical-aligner\">\n<div class=\"item-details blocks-preview-content-wrapper blocks shrinker-parent\">\n<div class=\"blocks-preview-content-holder shrinker-content\">\n<div class=\"blocks-preview-title-holder removable-parent order-handle\">\n<h2 id=\"vbid-8a2a4000-6cbfpqop\" class=\"preview-element blocks-preview-title magic-circle-holder inner-page text-element quick-text-style-menu allow-mobile-hide\" data-menu-name=\"BLOCKS_PREVIEW_TITLE\" data-orig-font-size=\"30\">Instrucciones de uso y aplicaciones:<\/h2>\n<\/div>\n<div class=\"blocks-preview-divider-holder removable-parent order-handle\">\n<div id=\"vbid-8a2a4000-kqb2qag8\" class=\"preview-element blocks-preview-divider magic-circle-holder quick-text-style-menu\" data-menu-name=\"BLOCKS_PREVIEW_DIVIDER\"><strong style=\"font-size: 16px\">Nota:<\/strong><span style=\"font-size: 16px\">\u00a0Se recomienda hacer las verificaciones de los par\u00e1metros necesarios (pH, cloro, alcalinidad. Dureza, estabilizante, etc.) con los equipos especializados Dr.Pool.<\/span><\/div>\n<div data-menu-name=\"BLOCKS_PREVIEW_DIVIDER\"><\/div>\n<\/div>\n<ol>\n<li>Verifique que la alcalinidad se encuentra en el rango adecuado (80 \u2013 120 ppm). Si est\u00e1 por debajo, corrija usando L\u00cdNEA CLORIDEX Alkalino Plus; Si est\u00e1 por encima, corrija usando L\u00cdNEA CLORIDEX Reductor pH \u2013 de acuerdo con las instrucciones de la etiqueta.<\/li>\n<li>Calcule la cantidad de producto que requiere de acuerdo con la siguiente tabla.<\/li>\n<\/ol>\n<p><strong>Nota 1:<\/strong>\u00a0El producto se calienta al contacto con el agua, proceda con precauci\u00f3n y siempre agregue el producto al agua y no al rev\u00e9s. Nota 2: Para procesos de clarificaci\u00f3n el pH se debe ajustar m\u00ednimo a 8.0 Agregue 10 g por m\u00b3 y siga el proceso aqu\u00ed descrito hasta llegar a pH 8.0.<\/p>\n<ol start=\"3\">\n<li>Agregue lentamente la cantidad de L\u00cdNEA CLORIDEX Corrector pH + en un recipiente con agua teniendo en cuenta las recomendaciones de manejo para diluir el producto.<\/li>\n<\/ol>\n<\/div>\n<\/div>\n<\/div>\n<\/div>\n<\/div>\n<\/div>\n<\/div>\n<\/div>\n<\/div>\n<div id=\"items-holder-wrapper\">\n<div id=\"items-holder\">\n<div id=\"vbid-8a2a4000-zhz2hpsm\" class=\"sub item-box page-box style-8a2a4000-adrlsat2 left-side top-side bottom-side\" data-holder-type=\"page\" data-child-type=\"STYLE\" data-styleid=\"style-8a2a4000-adrlsat2\" data-preview-styleid=\"style-8a2a4000-adrlsat2\" data-preset-type-id=\"UNRESOLVED\" data-row=\"1\">\n<div class=\"page-wrapper item-wrapper \">\n<div class=\"item-content leaf multi_layout page content -container\" data-self=\"vbid-8a2a4000-zhz2hpsm\" data-preview-style=\"style-8a2a4000-adrlsat2\" data-style=\"style-f2783-oogpxtqvka\" data-orig-thumb-height=\"\" data-orig-thumb-width=\"\" data-vbid=\"vbid-8a2a4000-zhz2hpsm\" data-bgimg=\"\">\n<div class=\"multi-container preview image-cover\">\n<div class=\"Picture item-preview\"><\/div>\n<\/div>\n<\/div>\n<\/div>\n<\/div>\n<\/div>\n<\/div>\n<\/div>\n","protected":false},"excerpt":{"rendered":"<p>Es un producto en perlas que se utiliza para incrementar el pH cuando se encuentra por debajo del rango ideal (7,2 \u2013 7,6) el ajuste a este rango permite mejorar el desempe\u00f1o del desinfectante, adem\u00e1s de prevenir corrosi\u00f3n en equipos y estructuras. Tambi\u00e9n se usa cuando se requiere llegar a un pH \u00f3ptimo para procesos &hellip;<\/p>\n<p class=\"read-more\"> <a class=\"\" href=\"https:\/\/aquacord.com.co\/index.php\/product\/alkalos-aumentador-de-ph\/\"> <span class=\"screen-reader-text\">ELEVADOR LC-CORRECTOR PH+ POLVO (ALKALOS)<\/span> Leer m\u00e1s &raquo;<\/a><\/p>\n","protected":false},"featured_media":4790,"comment_status":"open","ping_status":"closed","template":"","meta":{"site-sidebar-layout":"default","site-content-layout":"default","ast-global-header-display":"","ast-main-header-display":"","ast-hfb-above-header-display":"","ast-hfb-below-header-display":"","ast-hfb-mobile-header-display":"","site-post-title":"","ast-breadcrumbs-content":"","ast-featured-img":"","footer-sml-layout":"","theme-transparent-header-meta":"default","adv-header-id-meta":"","stick-header-meta":"","header-above-stick-meta":"","header-main-stick-meta":"","header-below-stick-meta":""},"product_cat":[20,29],"product_tag":[],"yoast_head":"<!-- This site is optimized with the Yoast SEO plugin v20.1 - https:\/\/yoast.com\/wordpress\/plugins\/seo\/ -->\n<title>ELEVADOR LC-CORRECTOR PH+ POLVO (ALKALOS) -<\/title>\n<meta name=\"description\" content=\"ALKALOS (AUMENTADOR DE PH) Producto en polvo de la l\u00ednea Cloridex utilizado principalmente para elevar el pH del agua y como ayudante\" \/>\n<meta name=\"robots\" content=\"index, follow, max-snippet:-1, max-image-preview:large, max-video-preview:-1\" \/>\n<link rel=\"canonical\" href=\"https:\/\/aquacord.com.co\/index.php\/product\/alkalos-aumentador-de-ph\/\" \/>\n<meta property=\"og:locale\" content=\"es_ES\" \/>\n<meta property=\"og:type\" content=\"article\" \/>\n<meta property=\"og:title\" content=\"ELEVADOR LC-CORRECTOR PH+ POLVO (ALKALOS) -\" \/>\n<meta property=\"og:description\" content=\"ALKALOS (AUMENTADOR DE PH) Producto en polvo de la l\u00ednea Cloridex utilizado principalmente para elevar el pH del agua y como ayudante\" \/>\n<meta property=\"og:url\" content=\"https:\/\/aquacord.com.co\/index.php\/product\/alkalos-aumentador-de-ph\/\" \/>\n<meta property=\"article:modified_time\" content=\"2026-04-15T21:03:05+00:00\" \/>\n<meta property=\"og:image\" content=\"https:\/\/aquacord.com.co\/wp-content\/uploads\/2023\/03\/Captura-de-pantalla-2023-12-06-152157.png\" \/>\n\t<meta property=\"og:image:width\" content=\"578\" \/>\n\t<meta property=\"og:image:height\" content=\"393\" \/>\n\t<meta property=\"og:image:type\" content=\"image\/png\" \/>\n<meta name=\"twitter:card\" content=\"summary_large_image\" \/>\n<meta name=\"twitter:label1\" content=\"Tiempo estimado de lectura\" \/>\n\t<meta name=\"twitter:data1\" content=\"2 minutos\" \/>\n<script type=\"application\/ld+json\" class=\"yoast-schema-graph\">{\"@context\":\"https:\/\/schema.org\",\"@graph\":[{\"@type\":\"WebPage\",\"@id\":\"https:\/\/aquacord.com.co\/index.php\/product\/alkalos-aumentador-de-ph\/\",\"url\":\"https:\/\/aquacord.com.co\/index.php\/product\/alkalos-aumentador-de-ph\/\",\"name\":\"ELEVADOR LC-CORRECTOR PH+ POLVO (ALKALOS) -\",\"isPartOf\":{\"@id\":\"https:\/\/aquacord.com.co\/#website\"},\"datePublished\":\"2023-03-22T21:58:46+00:00\",\"dateModified\":\"2026-04-15T21:03:05+00:00\",\"description\":\"ALKALOS (AUMENTADOR DE PH) Producto en polvo de la l\u00ednea Cloridex utilizado principalmente para elevar el pH del agua y como ayudante\",\"breadcrumb\":{\"@id\":\"https:\/\/aquacord.com.co\/index.php\/product\/alkalos-aumentador-de-ph\/#breadcrumb\"},\"inLanguage\":\"es-CO\",\"potentialAction\":[{\"@type\":\"ReadAction\",\"target\":[\"https:\/\/aquacord.com.co\/index.php\/product\/alkalos-aumentador-de-ph\/\"]}]},{\"@type\":\"BreadcrumbList\",\"@id\":\"https:\/\/aquacord.com.co\/index.php\/product\/alkalos-aumentador-de-ph\/#breadcrumb\",\"itemListElement\":[{\"@type\":\"ListItem\",\"position\":1,\"name\":\"Inicio\",\"item\":\"https:\/\/aquacord.com.co\/\"},{\"@type\":\"ListItem\",\"position\":2,\"name\":\"Tienda\",\"item\":\"https:\/\/aquacord.com.co\/index.php\/tienda\/\"},{\"@type\":\"ListItem\",\"position\":3,\"name\":\"ELEVADOR LC-CORRECTOR PH+ POLVO (ALKALOS)\"}]},{\"@type\":\"WebSite\",\"@id\":\"https:\/\/aquacord.com.co\/#website\",\"url\":\"https:\/\/aquacord.com.co\/\",\"name\":\"\",\"description\":\"Todo lo relacionado en productos qu\u00edmicos, accesorios, equipos para piscinas y el aseo de tu hogar e empresas\",\"potentialAction\":[{\"@type\":\"SearchAction\",\"target\":{\"@type\":\"EntryPoint\",\"urlTemplate\":\"https:\/\/aquacord.com.co\/?s={search_term_string}\"},\"query-input\":\"required name=search_term_string\"}],\"inLanguage\":\"es-CO\"}]}<\/script>\n<!-- \/ Yoast SEO plugin. -->","yoast_head_json":{"title":"ELEVADOR LC-CORRECTOR PH+ POLVO (ALKALOS) -","description":"ALKALOS (AUMENTADOR DE PH) Producto en polvo de la l\u00ednea Cloridex utilizado principalmente para elevar el pH del agua y como ayudante","robots":{"index":"index","follow":"follow","max-snippet":"max-snippet:-1","max-image-preview":"max-image-preview:large","max-video-preview":"max-video-preview:-1"},"canonical":"https:\/\/aquacord.com.co\/index.php\/product\/alkalos-aumentador-de-ph\/","og_locale":"es_ES","og_type":"article","og_title":"ELEVADOR LC-CORRECTOR PH+ POLVO (ALKALOS) -","og_description":"ALKALOS (AUMENTADOR DE PH) Producto en polvo de la l\u00ednea Cloridex utilizado principalmente para elevar el pH del agua y como ayudante","og_url":"https:\/\/aquacord.com.co\/index.php\/product\/alkalos-aumentador-de-ph\/","article_modified_time":"2026-04-15T21:03:05+00:00","og_image":[{"width":578,"height":393,"url":"https:\/\/aquacord.com.co\/wp-content\/uploads\/2023\/03\/Captura-de-pantalla-2023-12-06-152157.png","type":"image\/png"}],"twitter_card":"summary_large_image","twitter_misc":{"Tiempo estimado de lectura":"2 minutos"},"schema":{"@context":"https:\/\/schema.org","@graph":[{"@type":"WebPage","@id":"https:\/\/aquacord.com.co\/index.php\/product\/alkalos-aumentador-de-ph\/","url":"https:\/\/aquacord.com.co\/index.php\/product\/alkalos-aumentador-de-ph\/","name":"ELEVADOR LC-CORRECTOR PH+ POLVO (ALKALOS) -","isPartOf":{"@id":"https:\/\/aquacord.com.co\/#website"},"datePublished":"2023-03-22T21:58:46+00:00","dateModified":"2026-04-15T21:03:05+00:00","description":"ALKALOS (AUMENTADOR DE PH) Producto en polvo de la l\u00ednea Cloridex utilizado principalmente para elevar el pH del agua y como ayudante","breadcrumb":{"@id":"https:\/\/aquacord.com.co\/index.php\/product\/alkalos-aumentador-de-ph\/#breadcrumb"},"inLanguage":"es-CO","potentialAction":[{"@type":"ReadAction","target":["https:\/\/aquacord.com.co\/index.php\/product\/alkalos-aumentador-de-ph\/"]}]},{"@type":"BreadcrumbList","@id":"https:\/\/aquacord.com.co\/index.php\/product\/alkalos-aumentador-de-ph\/#breadcrumb","itemListElement":[{"@type":"ListItem","position":1,"name":"Inicio","item":"https:\/\/aquacord.com.co\/"},{"@type":"ListItem","position":2,"name":"Tienda","item":"https:\/\/aquacord.com.co\/index.php\/tienda\/"},{"@type":"ListItem","position":3,"name":"ELEVADOR LC-CORRECTOR PH+ POLVO (ALKALOS)"}]},{"@type":"WebSite","@id":"https:\/\/aquacord.com.co\/#website","url":"https:\/\/aquacord.com.co\/","name":"","description":"Todo lo relacionado en productos qu\u00edmicos, accesorios, equipos para piscinas y el aseo de tu hogar e empresas","potentialAction":[{"@type":"SearchAction","target":{"@type":"EntryPoint","urlTemplate":"https:\/\/aquacord.com.co\/?s={search_term_string}"},"query-input":"required name=search_term_string"}],"inLanguage":"es-CO"}]}},"_links":{"self":[{"href":"https:\/\/aquacord.com.co\/index.php\/wp-json\/wp\/v2\/product\/2366"}],"collection":[{"href":"https:\/\/aquacord.com.co\/index.php\/wp-json\/wp\/v2\/product"}],"about":[{"href":"https:\/\/aquacord.com.co\/index.php\/wp-json\/wp\/v2\/types\/product"}],"replies":[{"embeddable":true,"href":"https:\/\/aquacord.com.co\/index.php\/wp-json\/wp\/v2\/comments?post=2366"}],"version-history":[{"count":7,"href":"https:\/\/aquacord.com.co\/index.php\/wp-json\/wp\/v2\/product\/2366\/revisions"}],"predecessor-version":[{"id":4952,"href":"https:\/\/aquacord.com.co\/index.php\/wp-json\/wp\/v2\/product\/2366\/revisions\/4952"}],"wp:featuredmedia":[{"embeddable":true,"href":"https:\/\/aquacord.com.co\/index.php\/wp-json\/wp\/v2\/media\/4790"}],"wp:attachment":[{"href":"https:\/\/aquacord.com.co\/index.php\/wp-json\/wp\/v2\/media?parent=2366"}],"wp:term":[{"taxonomy":"product_cat","embeddable":true,"href":"https:\/\/aquacord.com.co\/index.php\/wp-json\/wp\/v2\/product_cat?post=2366"},{"taxonomy":"product_tag","embeddable":true,"href":"https:\/\/aquacord.com.co\/index.php\/wp-json\/wp\/v2\/product_tag?post=2366"}],"curies":[{"name":"wp","href":"https:\/\/api.w.org\/{rel}","templated":true}]}}