{"id":2374,"date":"2023-03-23T13:42:00","date_gmt":"2023-03-23T13:42:00","guid":{"rendered":"https:\/\/aquacord.com.co\/?post_type=product&#038;p=2374"},"modified":"2024-07-19T19:47:22","modified_gmt":"2024-07-19T19:47:22","slug":"arena-de-silice-saco-x-50kls","status":"publish","type":"product","link":"https:\/\/aquacord.com.co\/index.php\/product\/arena-de-silice-saco-x-50kls\/","title":{"rendered":"ARENA DE SILICE SACO X 25 KG Y 50KG"},"content":{"rendered":"<p>ARENA DE SILICE SACO Com\u00fanmente es utilizada en la\u00a0<b>elaboraci\u00f3n de morteros y adhesivos hechos de cemento u hormig\u00f3n<\/b>. Otro uso muy com\u00fan es el mantenimiento, rehabilitaci\u00f3n, conservaci\u00f3n, demolici\u00f3n y acondicionamiento de m\u00faltiples estructuras.<\/p>\n","protected":false},"excerpt":{"rendered":"<p>ARENA DE SILICE SACO Com\u00fanmente es utilizada en la\u00a0elaboraci\u00f3n de morteros y adhesivos hechos de cemento u hormig\u00f3n. Otro uso muy com\u00fan es el mantenimiento, rehabilitaci\u00f3n, conservaci\u00f3n, demolici\u00f3n y acondicionamiento de m\u00faltiples estructuras.<\/p>\n","protected":false},"featured_media":4718,"comment_status":"open","ping_status":"closed","template":"","meta":{"site-sidebar-layout":"default","site-content-layout":"default","ast-global-header-display":"","ast-main-header-display":"","ast-hfb-above-header-display":"","ast-hfb-below-header-display":"","ast-hfb-mobile-header-display":"","site-post-title":"","ast-breadcrumbs-content":"","ast-featured-img":"","footer-sml-layout":"","theme-transparent-header-meta":"default","adv-header-id-meta":"","stick-header-meta":"","header-above-stick-meta":"","header-main-stick-meta":"","header-below-stick-meta":""},"product_cat":[20,29],"product_tag":[],"yoast_head":"<!-- This site is optimized with the Yoast SEO plugin v20.1 - https:\/\/yoast.com\/wordpress\/plugins\/seo\/ -->\n<title>ARENA DE SILICE SACO X 25 KG Y 50KG -<\/title>\n<meta name=\"description\" content=\"ARENA DE SILICE SACO Com\u00fanmente es utilizada en la elaboraci\u00f3n de morteros y adhesivos hechos de cemento u hormig\u00f3n. Otro uso muy com\u00fan es el mantenimiento\" \/>\n<meta name=\"robots\" content=\"index, follow, max-snippet:-1, max-image-preview:large, max-video-preview:-1\" \/>\n<link rel=\"canonical\" href=\"https:\/\/aquacord.com.co\/index.php\/product\/arena-de-silice-saco-x-50kls\/\" \/>\n<meta property=\"og:locale\" content=\"es_ES\" \/>\n<meta property=\"og:type\" content=\"article\" \/>\n<meta property=\"og:title\" content=\"ARENA DE SILICE SACO X 25 KG Y 50KG -\" \/>\n<meta property=\"og:description\" content=\"ARENA DE SILICE SACO Com\u00fanmente es utilizada en la elaboraci\u00f3n de morteros y adhesivos hechos de cemento u hormig\u00f3n. Otro uso muy com\u00fan es el mantenimiento\" \/>\n<meta property=\"og:url\" content=\"https:\/\/aquacord.com.co\/index.php\/product\/arena-de-silice-saco-x-50kls\/\" \/>\n<meta property=\"article:modified_time\" content=\"2024-07-19T19:47:22+00:00\" \/>\n<meta property=\"og:image\" content=\"https:\/\/aquacord.com.co\/wp-content\/uploads\/2023\/03\/WhatsApp-Image-2023-09-22-at-11.44.27-AM.jpeg\" \/>\n\t<meta property=\"og:image:width\" content=\"900\" \/>\n\t<meta property=\"og:image:height\" content=\"1386\" \/>\n\t<meta property=\"og:image:type\" content=\"image\/jpeg\" \/>\n<meta name=\"twitter:card\" content=\"summary_large_image\" \/>\n<meta name=\"twitter:label1\" content=\"Tiempo estimado de lectura\" \/>\n\t<meta name=\"twitter:data1\" content=\"1 minuto\" \/>\n<script type=\"application\/ld+json\" class=\"yoast-schema-graph\">{\"@context\":\"https:\/\/schema.org\",\"@graph\":[{\"@type\":\"WebPage\",\"@id\":\"https:\/\/aquacord.com.co\/index.php\/product\/arena-de-silice-saco-x-50kls\/\",\"url\":\"https:\/\/aquacord.com.co\/index.php\/product\/arena-de-silice-saco-x-50kls\/\",\"name\":\"ARENA DE SILICE SACO X 25 KG Y 50KG -\",\"isPartOf\":{\"@id\":\"https:\/\/aquacord.com.co\/#website\"},\"datePublished\":\"2023-03-23T13:42:00+00:00\",\"dateModified\":\"2024-07-19T19:47:22+00:00\",\"description\":\"ARENA DE SILICE SACO Com\u00fanmente es utilizada en la elaboraci\u00f3n de morteros y adhesivos hechos de cemento u hormig\u00f3n. Otro uso muy com\u00fan es el mantenimiento\",\"breadcrumb\":{\"@id\":\"https:\/\/aquacord.com.co\/index.php\/product\/arena-de-silice-saco-x-50kls\/#breadcrumb\"},\"inLanguage\":\"es-CO\",\"potentialAction\":[{\"@type\":\"ReadAction\",\"target\":[\"https:\/\/aquacord.com.co\/index.php\/product\/arena-de-silice-saco-x-50kls\/\"]}]},{\"@type\":\"BreadcrumbList\",\"@id\":\"https:\/\/aquacord.com.co\/index.php\/product\/arena-de-silice-saco-x-50kls\/#breadcrumb\",\"itemListElement\":[{\"@type\":\"ListItem\",\"position\":1,\"name\":\"Inicio\",\"item\":\"https:\/\/aquacord.com.co\/\"},{\"@type\":\"ListItem\",\"position\":2,\"name\":\"Tienda\",\"item\":\"https:\/\/aquacord.com.co\/index.php\/tienda\/\"},{\"@type\":\"ListItem\",\"position\":3,\"name\":\"ARENA DE SILICE SACO X 25 KG Y 50KG\"}]},{\"@type\":\"WebSite\",\"@id\":\"https:\/\/aquacord.com.co\/#website\",\"url\":\"https:\/\/aquacord.com.co\/\",\"name\":\"\",\"description\":\"Todo lo relacionado en productos qu\u00edmicos, accesorios, equipos para piscinas y el aseo de tu hogar e empresas\",\"potentialAction\":[{\"@type\":\"SearchAction\",\"target\":{\"@type\":\"EntryPoint\",\"urlTemplate\":\"https:\/\/aquacord.com.co\/?s={search_term_string}\"},\"query-input\":\"required name=search_term_string\"}],\"inLanguage\":\"es-CO\"}]}<\/script>\n<!-- \/ Yoast SEO plugin. -->","yoast_head_json":{"title":"ARENA DE SILICE SACO X 25 KG Y 50KG -","description":"ARENA DE SILICE SACO Com\u00fanmente es utilizada en la elaboraci\u00f3n de morteros y adhesivos hechos de cemento u hormig\u00f3n. Otro uso muy com\u00fan es el mantenimiento","robots":{"index":"index","follow":"follow","max-snippet":"max-snippet:-1","max-image-preview":"max-image-preview:large","max-video-preview":"max-video-preview:-1"},"canonical":"https:\/\/aquacord.com.co\/index.php\/product\/arena-de-silice-saco-x-50kls\/","og_locale":"es_ES","og_type":"article","og_title":"ARENA DE SILICE SACO X 25 KG Y 50KG -","og_description":"ARENA DE SILICE SACO Com\u00fanmente es utilizada en la elaboraci\u00f3n de morteros y adhesivos hechos de cemento u hormig\u00f3n. Otro uso muy com\u00fan es el mantenimiento","og_url":"https:\/\/aquacord.com.co\/index.php\/product\/arena-de-silice-saco-x-50kls\/","article_modified_time":"2024-07-19T19:47:22+00:00","og_image":[{"width":900,"height":1386,"url":"https:\/\/aquacord.com.co\/wp-content\/uploads\/2023\/03\/WhatsApp-Image-2023-09-22-at-11.44.27-AM.jpeg","type":"image\/jpeg"}],"twitter_card":"summary_large_image","twitter_misc":{"Tiempo estimado de lectura":"1 minuto"},"schema":{"@context":"https:\/\/schema.org","@graph":[{"@type":"WebPage","@id":"https:\/\/aquacord.com.co\/index.php\/product\/arena-de-silice-saco-x-50kls\/","url":"https:\/\/aquacord.com.co\/index.php\/product\/arena-de-silice-saco-x-50kls\/","name":"ARENA DE SILICE SACO X 25 KG Y 50KG -","isPartOf":{"@id":"https:\/\/aquacord.com.co\/#website"},"datePublished":"2023-03-23T13:42:00+00:00","dateModified":"2024-07-19T19:47:22+00:00","description":"ARENA DE SILICE SACO Com\u00fanmente es utilizada en la elaboraci\u00f3n de morteros y adhesivos hechos de cemento u hormig\u00f3n. Otro uso muy com\u00fan es el mantenimiento","breadcrumb":{"@id":"https:\/\/aquacord.com.co\/index.php\/product\/arena-de-silice-saco-x-50kls\/#breadcrumb"},"inLanguage":"es-CO","potentialAction":[{"@type":"ReadAction","target":["https:\/\/aquacord.com.co\/index.php\/product\/arena-de-silice-saco-x-50kls\/"]}]},{"@type":"BreadcrumbList","@id":"https:\/\/aquacord.com.co\/index.php\/product\/arena-de-silice-saco-x-50kls\/#breadcrumb","itemListElement":[{"@type":"ListItem","position":1,"name":"Inicio","item":"https:\/\/aquacord.com.co\/"},{"@type":"ListItem","position":2,"name":"Tienda","item":"https:\/\/aquacord.com.co\/index.php\/tienda\/"},{"@type":"ListItem","position":3,"name":"ARENA DE SILICE SACO X 25 KG Y 50KG"}]},{"@type":"WebSite","@id":"https:\/\/aquacord.com.co\/#website","url":"https:\/\/aquacord.com.co\/","name":"","description":"Todo lo relacionado en productos qu\u00edmicos, accesorios, equipos para piscinas y el aseo de tu hogar e empresas","potentialAction":[{"@type":"SearchAction","target":{"@type":"EntryPoint","urlTemplate":"https:\/\/aquacord.com.co\/?s={search_term_string}"},"query-input":"required name=search_term_string"}],"inLanguage":"es-CO"}]}},"_links":{"self":[{"href":"https:\/\/aquacord.com.co\/index.php\/wp-json\/wp\/v2\/product\/2374"}],"collection":[{"href":"https:\/\/aquacord.com.co\/index.php\/wp-json\/wp\/v2\/product"}],"about":[{"href":"https:\/\/aquacord.com.co\/index.php\/wp-json\/wp\/v2\/types\/product"}],"replies":[{"embeddable":true,"href":"https:\/\/aquacord.com.co\/index.php\/wp-json\/wp\/v2\/comments?post=2374"}],"version-history":[{"count":3,"href":"https:\/\/aquacord.com.co\/index.php\/wp-json\/wp\/v2\/product\/2374\/revisions"}],"predecessor-version":[{"id":4717,"href":"https:\/\/aquacord.com.co\/index.php\/wp-json\/wp\/v2\/product\/2374\/revisions\/4717"}],"wp:featuredmedia":[{"embeddable":true,"href":"https:\/\/aquacord.com.co\/index.php\/wp-json\/wp\/v2\/media\/4718"}],"wp:attachment":[{"href":"https:\/\/aquacord.com.co\/index.php\/wp-json\/wp\/v2\/media?parent=2374"}],"wp:term":[{"taxonomy":"product_cat","embeddable":true,"href":"https:\/\/aquacord.com.co\/index.php\/wp-json\/wp\/v2\/product_cat?post=2374"},{"taxonomy":"product_tag","embeddable":true,"href":"https:\/\/aquacord.com.co\/index.php\/wp-json\/wp\/v2\/product_tag?post=2374"}],"curies":[{"name":"wp","href":"https:\/\/api.w.org\/{rel}","templated":true}]}}