{"id":2555,"date":"2023-03-27T19:45:01","date_gmt":"2023-03-27T19:45:01","guid":{"rendered":"https:\/\/aquacord.com.co\/?post_type=product&#038;p=2555"},"modified":"2024-09-10T20:36:34","modified_gmt":"2024-09-10T20:36:34","slug":"limpiavidrios-oba","status":"publish","type":"product","link":"https:\/\/aquacord.com.co\/index.php\/product\/limpiavidrios-oba\/","title":{"rendered":"LIMPIAVIDRIOS OBA"},"content":{"rendered":"<p>Producto especialmente formulado para remover la mugre depositada en la superficie de vidrios, fibra de vidrio, ceramica.<\/p>\n<p>Apariencia: Liquido de apariencia cristalina, olor a alcohol y algo de espuma con diferentes<br \/>\ncolores. Composici\u00f3n: Alcohol, aroma, agua, tensoactivo, amon\u00edaco, glicol \u00e9ter. Usos: Producto<br \/>\nespecialmente formulado para remover la mugre depositada en las superficies de vidrio, fibra de<br \/>\nvidrio, cer\u00e1mica, espejos, f\u00f3rmica, porcelana sanitaria, etc. Modo de uso: Aplique una peque\u00f1a<br \/>\ncantidad de LIMPIA VIDRIOS con un atomizador y deje actuar por unos segundos, pase un pa\u00f1o o<br \/>\nuna toalla de papel hasta lograr el brillo deseado deje secar. Almacenamiento: Lugares ventilados,<br \/>\nfrescos y secos. Lejos de lugares de calor e ignici\u00f3n. Separado de materiales incompatibles.<br \/>\nRotular los recipientes adecuadamente. Depositar en contenedores herm\u00e9ticamente cerrados.<br \/>\nAdvertencia: Inflamable. \u2022 No exponga el envase a los rayos directos del sol. \u2022 No perfore, incinere<br \/>\no almacene. \u2022 Mant\u00e9ngase fuera del alcance de los ni\u00f1os.<\/p>\n","protected":false},"excerpt":{"rendered":"<p>Producto especialmente formulado para remover la mugre depositada en la superficie de vidrios, fibra de vidrio, ceramica. Apariencia: Liquido de apariencia cristalina, olor a alcohol y algo de espuma con diferentes colores. Composici\u00f3n: Alcohol, aroma, agua, tensoactivo, amon\u00edaco, glicol \u00e9ter. Usos: Producto especialmente formulado para remover la mugre depositada en las superficies de vidrio, fibra &hellip;<\/p>\n<p class=\"read-more\"> <a class=\"\" href=\"https:\/\/aquacord.com.co\/index.php\/product\/limpiavidrios-oba\/\"> <span class=\"screen-reader-text\">LIMPIAVIDRIOS OBA<\/span> Leer m\u00e1s &raquo;<\/a><\/p>\n","protected":false},"featured_media":2563,"comment_status":"open","ping_status":"closed","template":"","meta":{"site-sidebar-layout":"default","site-content-layout":"default","ast-global-header-display":"","ast-main-header-display":"","ast-hfb-above-header-display":"","ast-hfb-below-header-display":"","ast-hfb-mobile-header-display":"","site-post-title":"","ast-breadcrumbs-content":"","ast-featured-img":"","footer-sml-layout":"","theme-transparent-header-meta":"default","adv-header-id-meta":"","stick-header-meta":"","header-above-stick-meta":"","header-main-stick-meta":"","header-below-stick-meta":""},"product_cat":[18,44],"product_tag":[],"yoast_head":"<!-- This site is optimized with the Yoast SEO plugin v20.1 - https:\/\/yoast.com\/wordpress\/plugins\/seo\/ -->\n<title>LIMPIAVIDRIOS OBA -<\/title>\n<meta name=\"description\" content=\"LIMPIAVIDRIOS, Un limpiavidrios es un producto creado cuyos ingredientes facilitan la limpieza y mantenimiento de vidrios, cristales y espejos ya que\" \/>\n<meta name=\"robots\" content=\"index, follow, max-snippet:-1, max-image-preview:large, max-video-preview:-1\" \/>\n<link rel=\"canonical\" href=\"https:\/\/aquacord.com.co\/index.php\/product\/limpiavidrios-oba\/\" \/>\n<meta property=\"og:locale\" content=\"es_ES\" \/>\n<meta property=\"og:type\" content=\"article\" \/>\n<meta property=\"og:title\" content=\"LIMPIAVIDRIOS OBA -\" \/>\n<meta property=\"og:description\" content=\"LIMPIAVIDRIOS, Un limpiavidrios es un producto creado cuyos ingredientes facilitan la limpieza y mantenimiento de vidrios, cristales y espejos ya que\" \/>\n<meta property=\"og:url\" content=\"https:\/\/aquacord.com.co\/index.php\/product\/limpiavidrios-oba\/\" \/>\n<meta property=\"article:modified_time\" content=\"2024-09-10T20:36:34+00:00\" \/>\n<meta property=\"og:image\" content=\"https:\/\/aquacord.com.co\/wp-content\/uploads\/2023\/03\/Captura-de-pantalla-2023-03-27-145502.png\" \/>\n\t<meta property=\"og:image:width\" content=\"651\" \/>\n\t<meta property=\"og:image:height\" content=\"518\" \/>\n\t<meta property=\"og:image:type\" content=\"image\/png\" \/>\n<meta name=\"twitter:card\" content=\"summary_large_image\" \/>\n<meta name=\"twitter:label1\" content=\"Tiempo estimado de lectura\" \/>\n\t<meta name=\"twitter:data1\" content=\"1 minuto\" \/>\n<script type=\"application\/ld+json\" class=\"yoast-schema-graph\">{\"@context\":\"https:\/\/schema.org\",\"@graph\":[{\"@type\":\"WebPage\",\"@id\":\"https:\/\/aquacord.com.co\/index.php\/product\/limpiavidrios-oba\/\",\"url\":\"https:\/\/aquacord.com.co\/index.php\/product\/limpiavidrios-oba\/\",\"name\":\"LIMPIAVIDRIOS OBA -\",\"isPartOf\":{\"@id\":\"https:\/\/aquacord.com.co\/#website\"},\"datePublished\":\"2023-03-27T19:45:01+00:00\",\"dateModified\":\"2024-09-10T20:36:34+00:00\",\"description\":\"LIMPIAVIDRIOS, Un limpiavidrios es un producto creado cuyos ingredientes facilitan la limpieza y mantenimiento de vidrios, cristales y espejos ya que\",\"breadcrumb\":{\"@id\":\"https:\/\/aquacord.com.co\/index.php\/product\/limpiavidrios-oba\/#breadcrumb\"},\"inLanguage\":\"es-CO\",\"potentialAction\":[{\"@type\":\"ReadAction\",\"target\":[\"https:\/\/aquacord.com.co\/index.php\/product\/limpiavidrios-oba\/\"]}]},{\"@type\":\"BreadcrumbList\",\"@id\":\"https:\/\/aquacord.com.co\/index.php\/product\/limpiavidrios-oba\/#breadcrumb\",\"itemListElement\":[{\"@type\":\"ListItem\",\"position\":1,\"name\":\"Inicio\",\"item\":\"https:\/\/aquacord.com.co\/\"},{\"@type\":\"ListItem\",\"position\":2,\"name\":\"Tienda\",\"item\":\"https:\/\/aquacord.com.co\/index.php\/tienda\/\"},{\"@type\":\"ListItem\",\"position\":3,\"name\":\"LIMPIAVIDRIOS OBA\"}]},{\"@type\":\"WebSite\",\"@id\":\"https:\/\/aquacord.com.co\/#website\",\"url\":\"https:\/\/aquacord.com.co\/\",\"name\":\"\",\"description\":\"Todo lo relacionado en productos qu\u00edmicos, accesorios, equipos para piscinas y el aseo de tu hogar e empresas\",\"potentialAction\":[{\"@type\":\"SearchAction\",\"target\":{\"@type\":\"EntryPoint\",\"urlTemplate\":\"https:\/\/aquacord.com.co\/?s={search_term_string}\"},\"query-input\":\"required name=search_term_string\"}],\"inLanguage\":\"es-CO\"}]}<\/script>\n<!-- \/ Yoast SEO plugin. -->","yoast_head_json":{"title":"LIMPIAVIDRIOS OBA -","description":"LIMPIAVIDRIOS, Un limpiavidrios es un producto creado cuyos ingredientes facilitan la limpieza y mantenimiento de vidrios, cristales y espejos ya que","robots":{"index":"index","follow":"follow","max-snippet":"max-snippet:-1","max-image-preview":"max-image-preview:large","max-video-preview":"max-video-preview:-1"},"canonical":"https:\/\/aquacord.com.co\/index.php\/product\/limpiavidrios-oba\/","og_locale":"es_ES","og_type":"article","og_title":"LIMPIAVIDRIOS OBA -","og_description":"LIMPIAVIDRIOS, Un limpiavidrios es un producto creado cuyos ingredientes facilitan la limpieza y mantenimiento de vidrios, cristales y espejos ya que","og_url":"https:\/\/aquacord.com.co\/index.php\/product\/limpiavidrios-oba\/","article_modified_time":"2024-09-10T20:36:34+00:00","og_image":[{"width":651,"height":518,"url":"https:\/\/aquacord.com.co\/wp-content\/uploads\/2023\/03\/Captura-de-pantalla-2023-03-27-145502.png","type":"image\/png"}],"twitter_card":"summary_large_image","twitter_misc":{"Tiempo estimado de lectura":"1 minuto"},"schema":{"@context":"https:\/\/schema.org","@graph":[{"@type":"WebPage","@id":"https:\/\/aquacord.com.co\/index.php\/product\/limpiavidrios-oba\/","url":"https:\/\/aquacord.com.co\/index.php\/product\/limpiavidrios-oba\/","name":"LIMPIAVIDRIOS OBA -","isPartOf":{"@id":"https:\/\/aquacord.com.co\/#website"},"datePublished":"2023-03-27T19:45:01+00:00","dateModified":"2024-09-10T20:36:34+00:00","description":"LIMPIAVIDRIOS, Un limpiavidrios es un producto creado cuyos ingredientes facilitan la limpieza y mantenimiento de vidrios, cristales y espejos ya que","breadcrumb":{"@id":"https:\/\/aquacord.com.co\/index.php\/product\/limpiavidrios-oba\/#breadcrumb"},"inLanguage":"es-CO","potentialAction":[{"@type":"ReadAction","target":["https:\/\/aquacord.com.co\/index.php\/product\/limpiavidrios-oba\/"]}]},{"@type":"BreadcrumbList","@id":"https:\/\/aquacord.com.co\/index.php\/product\/limpiavidrios-oba\/#breadcrumb","itemListElement":[{"@type":"ListItem","position":1,"name":"Inicio","item":"https:\/\/aquacord.com.co\/"},{"@type":"ListItem","position":2,"name":"Tienda","item":"https:\/\/aquacord.com.co\/index.php\/tienda\/"},{"@type":"ListItem","position":3,"name":"LIMPIAVIDRIOS OBA"}]},{"@type":"WebSite","@id":"https:\/\/aquacord.com.co\/#website","url":"https:\/\/aquacord.com.co\/","name":"","description":"Todo lo relacionado en productos qu\u00edmicos, accesorios, equipos para piscinas y el aseo de tu hogar e empresas","potentialAction":[{"@type":"SearchAction","target":{"@type":"EntryPoint","urlTemplate":"https:\/\/aquacord.com.co\/?s={search_term_string}"},"query-input":"required name=search_term_string"}],"inLanguage":"es-CO"}]}},"_links":{"self":[{"href":"https:\/\/aquacord.com.co\/index.php\/wp-json\/wp\/v2\/product\/2555"}],"collection":[{"href":"https:\/\/aquacord.com.co\/index.php\/wp-json\/wp\/v2\/product"}],"about":[{"href":"https:\/\/aquacord.com.co\/index.php\/wp-json\/wp\/v2\/types\/product"}],"replies":[{"embeddable":true,"href":"https:\/\/aquacord.com.co\/index.php\/wp-json\/wp\/v2\/comments?post=2555"}],"version-history":[{"count":2,"href":"https:\/\/aquacord.com.co\/index.php\/wp-json\/wp\/v2\/product\/2555\/revisions"}],"predecessor-version":[{"id":5250,"href":"https:\/\/aquacord.com.co\/index.php\/wp-json\/wp\/v2\/product\/2555\/revisions\/5250"}],"wp:featuredmedia":[{"embeddable":true,"href":"https:\/\/aquacord.com.co\/index.php\/wp-json\/wp\/v2\/media\/2563"}],"wp:attachment":[{"href":"https:\/\/aquacord.com.co\/index.php\/wp-json\/wp\/v2\/media?parent=2555"}],"wp:term":[{"taxonomy":"product_cat","embeddable":true,"href":"https:\/\/aquacord.com.co\/index.php\/wp-json\/wp\/v2\/product_cat?post=2555"},{"taxonomy":"product_tag","embeddable":true,"href":"https:\/\/aquacord.com.co\/index.php\/wp-json\/wp\/v2\/product_tag?post=2555"}],"curies":[{"name":"wp","href":"https:\/\/api.w.org\/{rel}","templated":true}]}}