{"id":2645,"date":"2023-03-28T16:06:46","date_gmt":"2023-03-28T16:06:46","guid":{"rendered":"https:\/\/aquacord.com.co\/?post_type=product&#038;p=2645"},"modified":"2023-04-24T16:30:00","modified_gmt":"2023-04-24T16:30:00","slug":"hipoclorito-de-sodio-al-13-oba","status":"publish","type":"product","link":"https:\/\/aquacord.com.co\/index.php\/product\/hipoclorito-de-sodio-al-13-oba\/","title":{"rendered":"HIPOCLORITO DE SODIO AL 13%  OBA"},"content":{"rendered":"<p>Apariencia: Liquido translucido, ligeramente amarillo, con suave olor a cloro, m\u00e1s pesado que el agua e<br \/>\ninestable. Se descompone por acci\u00f3n del calor y la luz. Composici\u00f3n: NaOCL hipoclorito de sodio 13% Usos:<br \/>\n1. Agente de blanqueo en la industria de papel y de textiles. 2. Agente desinfectante en aguas, para: clinicas,<br \/>\nhospitales e industrias de alimentos. 3. Fabricaci\u00f3n de blanqueador para uso dom\u00e9stico. 4. Agente de<br \/>\noxidaci\u00f3n en las industrias quimicas. 5. Para la industria de alimentos utilizar al 1%. Modo de uso: Hipoclorito<br \/>\nde sodio (NaOCI) es un compuesto oxidante de r\u00e1pida acci\u00f3n utilizado a gran escala para la desinfecci\u00f3n de<br \/>\nsuperficies, desinfecci\u00f3n de ropa hospitalaria y desechos, descontaminar salpicaduras de sangre,<br \/>\ndesinfecci\u00f3n de equipos y mesas de trabajo resistentes a la oxidaci\u00f3n, eliminaci\u00f3n de olores y desinfecci\u00f3n<br \/>\ndel agua. Almacenamiento: Este producto debe almacenarse en lugar fresco, en recipiente no met\u00e1lico y<br \/>\nprotegido de la luz. Para su manejo debe usarse elementos de protecci\u00f3n de manos, cara y cuerpo.<br \/>\nAdvertencia: Los vapores del hipoclorito de sodio son irritantes para el sistema respiratorio. 1. En caso<br \/>\naspiraci\u00f3n de sus vapores salir enseguida a espacios aireados 2. En caso de contacto con los ojos o mucosa<br \/>\nlave con abundante agua. 3. En caso de ingesti\u00f3n, beber gran cantidad de agua y consultar inmediatamente<br \/>\nsu m\u00e9dico. 4. En caso de incendio, retirar del sitio pues, por efecto del calor desprende cloro que es un gas<br \/>\ntoxico e irritante y forma mezclas explosivas con algunos productos org\u00e1nicos. El incendio debe ser apagado<br \/>\ncon cal, no con polvos quimicos. Informaci\u00f3n ecol\u00f3gica: El hipoclorito de sodio es toxico para organismos<br \/>\nacu\u00e1ticos y afecta el crecimiento de las plantas.<\/p>\n","protected":false},"excerpt":{"rendered":"<p>Apariencia: Liquido translucido, ligeramente amarillo, con suave olor a cloro, m\u00e1s pesado que el agua e inestable. Se descompone por acci\u00f3n del calor y la luz. Composici\u00f3n: NaOCL hipoclorito de sodio 13% Usos: 1. Agente de blanqueo en la industria de papel y de textiles. 2. Agente desinfectante en aguas, para: clinicas, hospitales e industrias &hellip;<\/p>\n<p class=\"read-more\"> <a class=\"\" href=\"https:\/\/aquacord.com.co\/index.php\/product\/hipoclorito-de-sodio-al-13-oba\/\"> <span class=\"screen-reader-text\">HIPOCLORITO DE SODIO AL 13%  OBA<\/span> Leer m\u00e1s &raquo;<\/a><\/p>\n","protected":false},"featured_media":2652,"comment_status":"open","ping_status":"closed","template":"","meta":{"site-sidebar-layout":"default","site-content-layout":"default","ast-global-header-display":"","ast-main-header-display":"","ast-hfb-above-header-display":"","ast-hfb-below-header-display":"","ast-hfb-mobile-header-display":"","site-post-title":"","ast-breadcrumbs-content":"","ast-featured-img":"","footer-sml-layout":"","theme-transparent-header-meta":"default","adv-header-id-meta":"","stick-header-meta":"","header-above-stick-meta":"","header-main-stick-meta":"","header-below-stick-meta":""},"product_cat":[18,28,45],"product_tag":[],"yoast_head":"<!-- This site is optimized with the Yoast SEO plugin v20.1 - https:\/\/yoast.com\/wordpress\/plugins\/seo\/ -->\n<title>HIPOCLORITO DE SODIO AL 13% OBA -<\/title>\n<meta name=\"description\" content=\"HIPOCLORITO DE SODIO El hipoclorito de sodio se usa principalmente como agentes blanqueadores o desinfectantes. Ambos forman parte de blanquedores comerciales, soluciones para limpiar y desinfectantes para el agua potable y sistemas de purificaci\u00f3n de aguas residuales y piscinas.\" \/>\n<meta name=\"robots\" content=\"index, follow, max-snippet:-1, max-image-preview:large, max-video-preview:-1\" \/>\n<link rel=\"canonical\" href=\"https:\/\/aquacord.com.co\/index.php\/product\/hipoclorito-de-sodio-al-13-oba\/\" \/>\n<meta property=\"og:locale\" content=\"es_ES\" \/>\n<meta property=\"og:type\" content=\"article\" \/>\n<meta property=\"og:title\" content=\"HIPOCLORITO DE SODIO AL 13% OBA -\" \/>\n<meta property=\"og:description\" content=\"HIPOCLORITO DE SODIO El hipoclorito de sodio se usa principalmente como agentes blanqueadores o desinfectantes. Ambos forman parte de blanquedores comerciales, soluciones para limpiar y desinfectantes para el agua potable y sistemas de purificaci\u00f3n de aguas residuales y piscinas.\" \/>\n<meta property=\"og:url\" content=\"https:\/\/aquacord.com.co\/index.php\/product\/hipoclorito-de-sodio-al-13-oba\/\" \/>\n<meta property=\"article:modified_time\" content=\"2023-04-24T16:30:00+00:00\" \/>\n<meta property=\"og:image\" content=\"https:\/\/aquacord.com.co\/wp-content\/uploads\/2023\/03\/Captura-de-pantalla-2023-03-28-110457.png\" \/>\n\t<meta property=\"og:image:width\" content=\"453\" \/>\n\t<meta property=\"og:image:height\" content=\"360\" \/>\n\t<meta property=\"og:image:type\" content=\"image\/png\" \/>\n<meta name=\"twitter:card\" content=\"summary_large_image\" \/>\n<meta name=\"twitter:label1\" content=\"Tiempo estimado de lectura\" \/>\n\t<meta name=\"twitter:data1\" content=\"2 minutos\" \/>\n<script type=\"application\/ld+json\" class=\"yoast-schema-graph\">{\"@context\":\"https:\/\/schema.org\",\"@graph\":[{\"@type\":\"WebPage\",\"@id\":\"https:\/\/aquacord.com.co\/index.php\/product\/hipoclorito-de-sodio-al-13-oba\/\",\"url\":\"https:\/\/aquacord.com.co\/index.php\/product\/hipoclorito-de-sodio-al-13-oba\/\",\"name\":\"HIPOCLORITO DE SODIO AL 13% OBA -\",\"isPartOf\":{\"@id\":\"https:\/\/aquacord.com.co\/#website\"},\"datePublished\":\"2023-03-28T16:06:46+00:00\",\"dateModified\":\"2023-04-24T16:30:00+00:00\",\"description\":\"HIPOCLORITO DE SODIO El hipoclorito de sodio se usa principalmente como agentes blanqueadores o desinfectantes. Ambos forman parte de blanquedores comerciales, soluciones para limpiar y desinfectantes para el agua potable y sistemas de purificaci\u00f3n de aguas residuales y piscinas.\",\"breadcrumb\":{\"@id\":\"https:\/\/aquacord.com.co\/index.php\/product\/hipoclorito-de-sodio-al-13-oba\/#breadcrumb\"},\"inLanguage\":\"es-CO\",\"potentialAction\":[{\"@type\":\"ReadAction\",\"target\":[\"https:\/\/aquacord.com.co\/index.php\/product\/hipoclorito-de-sodio-al-13-oba\/\"]}]},{\"@type\":\"BreadcrumbList\",\"@id\":\"https:\/\/aquacord.com.co\/index.php\/product\/hipoclorito-de-sodio-al-13-oba\/#breadcrumb\",\"itemListElement\":[{\"@type\":\"ListItem\",\"position\":1,\"name\":\"Inicio\",\"item\":\"https:\/\/aquacord.com.co\/\"},{\"@type\":\"ListItem\",\"position\":2,\"name\":\"Tienda\",\"item\":\"https:\/\/aquacord.com.co\/index.php\/tienda\/\"},{\"@type\":\"ListItem\",\"position\":3,\"name\":\"HIPOCLORITO DE SODIO AL 13% OBA\"}]},{\"@type\":\"WebSite\",\"@id\":\"https:\/\/aquacord.com.co\/#website\",\"url\":\"https:\/\/aquacord.com.co\/\",\"name\":\"\",\"description\":\"Todo lo relacionado en productos qu\u00edmicos, accesorios, equipos para piscinas y el aseo de tu hogar e empresas\",\"potentialAction\":[{\"@type\":\"SearchAction\",\"target\":{\"@type\":\"EntryPoint\",\"urlTemplate\":\"https:\/\/aquacord.com.co\/?s={search_term_string}\"},\"query-input\":\"required name=search_term_string\"}],\"inLanguage\":\"es-CO\"}]}<\/script>\n<!-- \/ Yoast SEO plugin. -->","yoast_head_json":{"title":"HIPOCLORITO DE SODIO AL 13% OBA -","description":"HIPOCLORITO DE SODIO El hipoclorito de sodio se usa principalmente como agentes blanqueadores o desinfectantes. Ambos forman parte de blanquedores comerciales, soluciones para limpiar y desinfectantes para el agua potable y sistemas de purificaci\u00f3n de aguas residuales y piscinas.","robots":{"index":"index","follow":"follow","max-snippet":"max-snippet:-1","max-image-preview":"max-image-preview:large","max-video-preview":"max-video-preview:-1"},"canonical":"https:\/\/aquacord.com.co\/index.php\/product\/hipoclorito-de-sodio-al-13-oba\/","og_locale":"es_ES","og_type":"article","og_title":"HIPOCLORITO DE SODIO AL 13% OBA -","og_description":"HIPOCLORITO DE SODIO El hipoclorito de sodio se usa principalmente como agentes blanqueadores o desinfectantes. Ambos forman parte de blanquedores comerciales, soluciones para limpiar y desinfectantes para el agua potable y sistemas de purificaci\u00f3n de aguas residuales y piscinas.","og_url":"https:\/\/aquacord.com.co\/index.php\/product\/hipoclorito-de-sodio-al-13-oba\/","article_modified_time":"2023-04-24T16:30:00+00:00","og_image":[{"width":453,"height":360,"url":"https:\/\/aquacord.com.co\/wp-content\/uploads\/2023\/03\/Captura-de-pantalla-2023-03-28-110457.png","type":"image\/png"}],"twitter_card":"summary_large_image","twitter_misc":{"Tiempo estimado de lectura":"2 minutos"},"schema":{"@context":"https:\/\/schema.org","@graph":[{"@type":"WebPage","@id":"https:\/\/aquacord.com.co\/index.php\/product\/hipoclorito-de-sodio-al-13-oba\/","url":"https:\/\/aquacord.com.co\/index.php\/product\/hipoclorito-de-sodio-al-13-oba\/","name":"HIPOCLORITO DE SODIO AL 13% OBA -","isPartOf":{"@id":"https:\/\/aquacord.com.co\/#website"},"datePublished":"2023-03-28T16:06:46+00:00","dateModified":"2023-04-24T16:30:00+00:00","description":"HIPOCLORITO DE SODIO El hipoclorito de sodio se usa principalmente como agentes blanqueadores o desinfectantes. Ambos forman parte de blanquedores comerciales, soluciones para limpiar y desinfectantes para el agua potable y sistemas de purificaci\u00f3n de aguas residuales y piscinas.","breadcrumb":{"@id":"https:\/\/aquacord.com.co\/index.php\/product\/hipoclorito-de-sodio-al-13-oba\/#breadcrumb"},"inLanguage":"es-CO","potentialAction":[{"@type":"ReadAction","target":["https:\/\/aquacord.com.co\/index.php\/product\/hipoclorito-de-sodio-al-13-oba\/"]}]},{"@type":"BreadcrumbList","@id":"https:\/\/aquacord.com.co\/index.php\/product\/hipoclorito-de-sodio-al-13-oba\/#breadcrumb","itemListElement":[{"@type":"ListItem","position":1,"name":"Inicio","item":"https:\/\/aquacord.com.co\/"},{"@type":"ListItem","position":2,"name":"Tienda","item":"https:\/\/aquacord.com.co\/index.php\/tienda\/"},{"@type":"ListItem","position":3,"name":"HIPOCLORITO DE SODIO AL 13% OBA"}]},{"@type":"WebSite","@id":"https:\/\/aquacord.com.co\/#website","url":"https:\/\/aquacord.com.co\/","name":"","description":"Todo lo relacionado en productos qu\u00edmicos, accesorios, equipos para piscinas y el aseo de tu hogar e empresas","potentialAction":[{"@type":"SearchAction","target":{"@type":"EntryPoint","urlTemplate":"https:\/\/aquacord.com.co\/?s={search_term_string}"},"query-input":"required name=search_term_string"}],"inLanguage":"es-CO"}]}},"_links":{"self":[{"href":"https:\/\/aquacord.com.co\/index.php\/wp-json\/wp\/v2\/product\/2645"}],"collection":[{"href":"https:\/\/aquacord.com.co\/index.php\/wp-json\/wp\/v2\/product"}],"about":[{"href":"https:\/\/aquacord.com.co\/index.php\/wp-json\/wp\/v2\/types\/product"}],"replies":[{"embeddable":true,"href":"https:\/\/aquacord.com.co\/index.php\/wp-json\/wp\/v2\/comments?post=2645"}],"version-history":[{"count":0,"href":"https:\/\/aquacord.com.co\/index.php\/wp-json\/wp\/v2\/product\/2645\/revisions"}],"wp:featuredmedia":[{"embeddable":true,"href":"https:\/\/aquacord.com.co\/index.php\/wp-json\/wp\/v2\/media\/2652"}],"wp:attachment":[{"href":"https:\/\/aquacord.com.co\/index.php\/wp-json\/wp\/v2\/media?parent=2645"}],"wp:term":[{"taxonomy":"product_cat","embeddable":true,"href":"https:\/\/aquacord.com.co\/index.php\/wp-json\/wp\/v2\/product_cat?post=2645"},{"taxonomy":"product_tag","embeddable":true,"href":"https:\/\/aquacord.com.co\/index.php\/wp-json\/wp\/v2\/product_tag?post=2645"}],"curies":[{"name":"wp","href":"https:\/\/api.w.org\/{rel}","templated":true}]}}