{"id":2692,"date":"2023-03-28T20:26:22","date_gmt":"2023-03-28T20:26:22","guid":{"rendered":"https:\/\/aquacord.com.co\/?post_type=product&#038;p=2692"},"modified":"2023-04-27T20:25:09","modified_gmt":"2023-04-27T20:25:09","slug":"guantes-de-carnaza-par","status":"publish","type":"product","link":"https:\/\/aquacord.com.co\/index.php\/product\/guantes-de-carnaza-par\/","title":{"rendered":"GUANTES DE CARNAZA (PAR)"},"content":{"rendered":"<p>Los guantes en carnaza para uso industrial son recomendados para operaciones con factores de riesgo mec\u00e1nicos como abrasi\u00f3n y pinchazo, e ideales para labores como manejo de herramientas, cajas, materiales en almac\u00e9n, y tareas de carga y descarga.<\/p>\n","protected":false},"excerpt":{"rendered":"<p>Los guantes en carnaza para uso industrial son recomendados para operaciones con factores de riesgo mec\u00e1nicos como abrasi\u00f3n y pinchazo, e ideales para labores como manejo de herramientas, cajas, materiales en almac\u00e9n, y tareas de carga y descarga.<\/p>\n","protected":false},"featured_media":2693,"comment_status":"open","ping_status":"closed","template":"","meta":{"site-sidebar-layout":"default","site-content-layout":"default","ast-global-header-display":"","ast-main-header-display":"","ast-hfb-above-header-display":"","ast-hfb-below-header-display":"","ast-hfb-mobile-header-display":"","site-post-title":"","ast-breadcrumbs-content":"","ast-featured-img":"","footer-sml-layout":"","theme-transparent-header-meta":"default","adv-header-id-meta":"","stick-header-meta":"","header-above-stick-meta":"","header-main-stick-meta":"","header-below-stick-meta":""},"product_cat":[18,53],"product_tag":[],"yoast_head":"<!-- This site is optimized with the Yoast SEO plugin v20.1 - https:\/\/yoast.com\/wordpress\/plugins\/seo\/ -->\n<title>GUANTES DE CARNAZA (PAR) -<\/title>\n<meta name=\"description\" content=\"GUANTES DE CARNAZA, Los guantes en carnaza para uso industrial son recomendados para operaciones con factores de riesgo mec\u00e1nicos como abrasi\u00f3n y pinchazo\" \/>\n<meta name=\"robots\" content=\"index, follow, max-snippet:-1, max-image-preview:large, max-video-preview:-1\" \/>\n<link rel=\"canonical\" href=\"https:\/\/aquacord.com.co\/index.php\/product\/guantes-de-carnaza-par\/\" \/>\n<meta property=\"og:locale\" content=\"es_ES\" \/>\n<meta property=\"og:type\" content=\"article\" \/>\n<meta property=\"og:title\" content=\"GUANTES DE CARNAZA (PAR) -\" \/>\n<meta property=\"og:description\" content=\"GUANTES DE CARNAZA, Los guantes en carnaza para uso industrial son recomendados para operaciones con factores de riesgo mec\u00e1nicos como abrasi\u00f3n y pinchazo\" \/>\n<meta property=\"og:url\" content=\"https:\/\/aquacord.com.co\/index.php\/product\/guantes-de-carnaza-par\/\" \/>\n<meta property=\"article:modified_time\" content=\"2023-04-27T20:25:09+00:00\" \/>\n<meta property=\"og:image\" content=\"https:\/\/aquacord.com.co\/wp-content\/uploads\/2023\/03\/guantes-de-carnaza-reforzado.webp\" \/>\n\t<meta property=\"og:image:width\" content=\"728\" \/>\n\t<meta property=\"og:image:height\" content=\"800\" \/>\n\t<meta property=\"og:image:type\" content=\"image\/webp\" \/>\n<meta name=\"twitter:card\" content=\"summary_large_image\" \/>\n<meta name=\"twitter:label1\" content=\"Tiempo estimado de lectura\" \/>\n\t<meta name=\"twitter:data1\" content=\"1 minuto\" \/>\n<script type=\"application\/ld+json\" class=\"yoast-schema-graph\">{\"@context\":\"https:\/\/schema.org\",\"@graph\":[{\"@type\":\"WebPage\",\"@id\":\"https:\/\/aquacord.com.co\/index.php\/product\/guantes-de-carnaza-par\/\",\"url\":\"https:\/\/aquacord.com.co\/index.php\/product\/guantes-de-carnaza-par\/\",\"name\":\"GUANTES DE CARNAZA (PAR) -\",\"isPartOf\":{\"@id\":\"https:\/\/aquacord.com.co\/#website\"},\"datePublished\":\"2023-03-28T20:26:22+00:00\",\"dateModified\":\"2023-04-27T20:25:09+00:00\",\"description\":\"GUANTES DE CARNAZA, Los guantes en carnaza para uso industrial son recomendados para operaciones con factores de riesgo mec\u00e1nicos como abrasi\u00f3n y pinchazo\",\"breadcrumb\":{\"@id\":\"https:\/\/aquacord.com.co\/index.php\/product\/guantes-de-carnaza-par\/#breadcrumb\"},\"inLanguage\":\"es-CO\",\"potentialAction\":[{\"@type\":\"ReadAction\",\"target\":[\"https:\/\/aquacord.com.co\/index.php\/product\/guantes-de-carnaza-par\/\"]}]},{\"@type\":\"BreadcrumbList\",\"@id\":\"https:\/\/aquacord.com.co\/index.php\/product\/guantes-de-carnaza-par\/#breadcrumb\",\"itemListElement\":[{\"@type\":\"ListItem\",\"position\":1,\"name\":\"Inicio\",\"item\":\"https:\/\/aquacord.com.co\/\"},{\"@type\":\"ListItem\",\"position\":2,\"name\":\"Tienda\",\"item\":\"https:\/\/aquacord.com.co\/index.php\/tienda\/\"},{\"@type\":\"ListItem\",\"position\":3,\"name\":\"GUANTES DE CARNAZA (PAR)\"}]},{\"@type\":\"WebSite\",\"@id\":\"https:\/\/aquacord.com.co\/#website\",\"url\":\"https:\/\/aquacord.com.co\/\",\"name\":\"\",\"description\":\"Todo lo relacionado en productos qu\u00edmicos, accesorios, equipos para piscinas y el aseo de tu hogar e empresas\",\"potentialAction\":[{\"@type\":\"SearchAction\",\"target\":{\"@type\":\"EntryPoint\",\"urlTemplate\":\"https:\/\/aquacord.com.co\/?s={search_term_string}\"},\"query-input\":\"required name=search_term_string\"}],\"inLanguage\":\"es-CO\"}]}<\/script>\n<!-- \/ Yoast SEO plugin. -->","yoast_head_json":{"title":"GUANTES DE CARNAZA (PAR) -","description":"GUANTES DE CARNAZA, Los guantes en carnaza para uso industrial son recomendados para operaciones con factores de riesgo mec\u00e1nicos como abrasi\u00f3n y pinchazo","robots":{"index":"index","follow":"follow","max-snippet":"max-snippet:-1","max-image-preview":"max-image-preview:large","max-video-preview":"max-video-preview:-1"},"canonical":"https:\/\/aquacord.com.co\/index.php\/product\/guantes-de-carnaza-par\/","og_locale":"es_ES","og_type":"article","og_title":"GUANTES DE CARNAZA (PAR) -","og_description":"GUANTES DE CARNAZA, Los guantes en carnaza para uso industrial son recomendados para operaciones con factores de riesgo mec\u00e1nicos como abrasi\u00f3n y pinchazo","og_url":"https:\/\/aquacord.com.co\/index.php\/product\/guantes-de-carnaza-par\/","article_modified_time":"2023-04-27T20:25:09+00:00","og_image":[{"width":728,"height":800,"url":"https:\/\/aquacord.com.co\/wp-content\/uploads\/2023\/03\/guantes-de-carnaza-reforzado.webp","type":"image\/webp"}],"twitter_card":"summary_large_image","twitter_misc":{"Tiempo estimado de lectura":"1 minuto"},"schema":{"@context":"https:\/\/schema.org","@graph":[{"@type":"WebPage","@id":"https:\/\/aquacord.com.co\/index.php\/product\/guantes-de-carnaza-par\/","url":"https:\/\/aquacord.com.co\/index.php\/product\/guantes-de-carnaza-par\/","name":"GUANTES DE CARNAZA (PAR) -","isPartOf":{"@id":"https:\/\/aquacord.com.co\/#website"},"datePublished":"2023-03-28T20:26:22+00:00","dateModified":"2023-04-27T20:25:09+00:00","description":"GUANTES DE CARNAZA, Los guantes en carnaza para uso industrial son recomendados para operaciones con factores de riesgo mec\u00e1nicos como abrasi\u00f3n y pinchazo","breadcrumb":{"@id":"https:\/\/aquacord.com.co\/index.php\/product\/guantes-de-carnaza-par\/#breadcrumb"},"inLanguage":"es-CO","potentialAction":[{"@type":"ReadAction","target":["https:\/\/aquacord.com.co\/index.php\/product\/guantes-de-carnaza-par\/"]}]},{"@type":"BreadcrumbList","@id":"https:\/\/aquacord.com.co\/index.php\/product\/guantes-de-carnaza-par\/#breadcrumb","itemListElement":[{"@type":"ListItem","position":1,"name":"Inicio","item":"https:\/\/aquacord.com.co\/"},{"@type":"ListItem","position":2,"name":"Tienda","item":"https:\/\/aquacord.com.co\/index.php\/tienda\/"},{"@type":"ListItem","position":3,"name":"GUANTES DE CARNAZA (PAR)"}]},{"@type":"WebSite","@id":"https:\/\/aquacord.com.co\/#website","url":"https:\/\/aquacord.com.co\/","name":"","description":"Todo lo relacionado en productos qu\u00edmicos, accesorios, equipos para piscinas y el aseo de tu hogar e empresas","potentialAction":[{"@type":"SearchAction","target":{"@type":"EntryPoint","urlTemplate":"https:\/\/aquacord.com.co\/?s={search_term_string}"},"query-input":"required name=search_term_string"}],"inLanguage":"es-CO"}]}},"_links":{"self":[{"href":"https:\/\/aquacord.com.co\/index.php\/wp-json\/wp\/v2\/product\/2692"}],"collection":[{"href":"https:\/\/aquacord.com.co\/index.php\/wp-json\/wp\/v2\/product"}],"about":[{"href":"https:\/\/aquacord.com.co\/index.php\/wp-json\/wp\/v2\/types\/product"}],"replies":[{"embeddable":true,"href":"https:\/\/aquacord.com.co\/index.php\/wp-json\/wp\/v2\/comments?post=2692"}],"version-history":[{"count":0,"href":"https:\/\/aquacord.com.co\/index.php\/wp-json\/wp\/v2\/product\/2692\/revisions"}],"wp:featuredmedia":[{"embeddable":true,"href":"https:\/\/aquacord.com.co\/index.php\/wp-json\/wp\/v2\/media\/2693"}],"wp:attachment":[{"href":"https:\/\/aquacord.com.co\/index.php\/wp-json\/wp\/v2\/media?parent=2692"}],"wp:term":[{"taxonomy":"product_cat","embeddable":true,"href":"https:\/\/aquacord.com.co\/index.php\/wp-json\/wp\/v2\/product_cat?post=2692"},{"taxonomy":"product_tag","embeddable":true,"href":"https:\/\/aquacord.com.co\/index.php\/wp-json\/wp\/v2\/product_tag?post=2692"}],"curies":[{"name":"wp","href":"https:\/\/api.w.org\/{rel}","templated":true}]}}