{"id":2709,"date":"2023-03-29T14:04:35","date_gmt":"2023-03-29T14:04:35","guid":{"rendered":"https:\/\/aquacord.com.co\/?post_type=product&#038;p=2709"},"modified":"2023-04-27T20:07:24","modified_gmt":"2023-04-27T20:07:24","slug":"guantes-tipo-ingeniero-par","status":"publish","type":"product","link":"https:\/\/aquacord.com.co\/index.php\/product\/guantes-tipo-ingeniero-par\/","title":{"rendered":"GUANTES TIPO INGENIERO PAR"},"content":{"rendered":"<p><b>proteger las manos en actividades donde hay exposici\u00f3n a manipulaci\u00f3n de elementos pesados y operaci\u00f3n de herramientas industriales<\/b>.<\/p>\n<p>Utilizado en la industria petrolera, trabajo en obras civiles, el\u00e9ctricas y mec\u00e1nica. Manipulaci\u00f3n y transporte\u00a0<b>de<\/b>\u00a0herramientas o materiales que puedan ocasionar gran fricci\u00f3n o desgaste\u00a0<b>de<\/b>\u00a0la piel. Recomendado\u00a0<b>para<\/b>\u00a0trabajos generales que requieran resistencia mec\u00e1nica.<\/p>\n","protected":false},"excerpt":{"rendered":"<p>proteger las manos en actividades donde hay exposici\u00f3n a manipulaci\u00f3n de elementos pesados y operaci\u00f3n de herramientas industriales. Utilizado en la industria petrolera, trabajo en obras civiles, el\u00e9ctricas y mec\u00e1nica. Manipulaci\u00f3n y transporte\u00a0de\u00a0herramientas o materiales que puedan ocasionar gran fricci\u00f3n o desgaste\u00a0de\u00a0la piel. Recomendado\u00a0para\u00a0trabajos generales que requieran resistencia mec\u00e1nica.<\/p>\n","protected":false},"featured_media":2715,"comment_status":"open","ping_status":"closed","template":"","meta":{"site-sidebar-layout":"default","site-content-layout":"default","ast-global-header-display":"","ast-main-header-display":"","ast-hfb-above-header-display":"","ast-hfb-below-header-display":"","ast-hfb-mobile-header-display":"","site-post-title":"","ast-breadcrumbs-content":"","ast-featured-img":"","footer-sml-layout":"","theme-transparent-header-meta":"default","adv-header-id-meta":"","stick-header-meta":"","header-above-stick-meta":"","header-main-stick-meta":"","header-below-stick-meta":""},"product_cat":[18,53],"product_tag":[],"yoast_head":"<!-- This site is optimized with the Yoast SEO plugin v20.1 - https:\/\/yoast.com\/wordpress\/plugins\/seo\/ -->\n<title>GUANTES TIPO INGENIERO PAR -<\/title>\n<meta name=\"description\" content=\"GUANTES, Utilizado en la industria petrolera, trabajo en obras civiles, el\u00e9ctricas y mec\u00e1nica. Manipulaci\u00f3n y transporte de herramientas o materiales\" \/>\n<meta name=\"robots\" content=\"index, follow, max-snippet:-1, max-image-preview:large, max-video-preview:-1\" \/>\n<link rel=\"canonical\" href=\"https:\/\/aquacord.com.co\/index.php\/product\/guantes-tipo-ingeniero-par\/\" \/>\n<meta property=\"og:locale\" content=\"es_ES\" \/>\n<meta property=\"og:type\" content=\"article\" \/>\n<meta property=\"og:title\" content=\"GUANTES TIPO INGENIERO PAR -\" \/>\n<meta property=\"og:description\" content=\"GUANTES, Utilizado en la industria petrolera, trabajo en obras civiles, el\u00e9ctricas y mec\u00e1nica. Manipulaci\u00f3n y transporte de herramientas o materiales\" \/>\n<meta property=\"og:url\" content=\"https:\/\/aquacord.com.co\/index.php\/product\/guantes-tipo-ingeniero-par\/\" \/>\n<meta property=\"article:modified_time\" content=\"2023-04-27T20:07:24+00:00\" \/>\n<meta property=\"og:image\" content=\"https:\/\/aquacord.com.co\/wp-content\/uploads\/2023\/03\/Mesa-de-trabajo-13-copia-3-600x600-1.jpg\" \/>\n\t<meta property=\"og:image:width\" content=\"600\" \/>\n\t<meta property=\"og:image:height\" content=\"600\" \/>\n\t<meta property=\"og:image:type\" content=\"image\/jpeg\" \/>\n<meta name=\"twitter:card\" content=\"summary_large_image\" \/>\n<meta name=\"twitter:label1\" content=\"Tiempo estimado de lectura\" \/>\n\t<meta name=\"twitter:data1\" content=\"1 minuto\" \/>\n<script type=\"application\/ld+json\" class=\"yoast-schema-graph\">{\"@context\":\"https:\/\/schema.org\",\"@graph\":[{\"@type\":\"WebPage\",\"@id\":\"https:\/\/aquacord.com.co\/index.php\/product\/guantes-tipo-ingeniero-par\/\",\"url\":\"https:\/\/aquacord.com.co\/index.php\/product\/guantes-tipo-ingeniero-par\/\",\"name\":\"GUANTES TIPO INGENIERO PAR -\",\"isPartOf\":{\"@id\":\"https:\/\/aquacord.com.co\/#website\"},\"datePublished\":\"2023-03-29T14:04:35+00:00\",\"dateModified\":\"2023-04-27T20:07:24+00:00\",\"description\":\"GUANTES, Utilizado en la industria petrolera, trabajo en obras civiles, el\u00e9ctricas y mec\u00e1nica. Manipulaci\u00f3n y transporte de herramientas o materiales\",\"breadcrumb\":{\"@id\":\"https:\/\/aquacord.com.co\/index.php\/product\/guantes-tipo-ingeniero-par\/#breadcrumb\"},\"inLanguage\":\"es-CO\",\"potentialAction\":[{\"@type\":\"ReadAction\",\"target\":[\"https:\/\/aquacord.com.co\/index.php\/product\/guantes-tipo-ingeniero-par\/\"]}]},{\"@type\":\"BreadcrumbList\",\"@id\":\"https:\/\/aquacord.com.co\/index.php\/product\/guantes-tipo-ingeniero-par\/#breadcrumb\",\"itemListElement\":[{\"@type\":\"ListItem\",\"position\":1,\"name\":\"Inicio\",\"item\":\"https:\/\/aquacord.com.co\/\"},{\"@type\":\"ListItem\",\"position\":2,\"name\":\"Tienda\",\"item\":\"https:\/\/aquacord.com.co\/index.php\/tienda\/\"},{\"@type\":\"ListItem\",\"position\":3,\"name\":\"GUANTES TIPO INGENIERO PAR\"}]},{\"@type\":\"WebSite\",\"@id\":\"https:\/\/aquacord.com.co\/#website\",\"url\":\"https:\/\/aquacord.com.co\/\",\"name\":\"\",\"description\":\"Todo lo relacionado en productos qu\u00edmicos, accesorios, equipos para piscinas y el aseo de tu hogar e empresas\",\"potentialAction\":[{\"@type\":\"SearchAction\",\"target\":{\"@type\":\"EntryPoint\",\"urlTemplate\":\"https:\/\/aquacord.com.co\/?s={search_term_string}\"},\"query-input\":\"required name=search_term_string\"}],\"inLanguage\":\"es-CO\"}]}<\/script>\n<!-- \/ Yoast SEO plugin. -->","yoast_head_json":{"title":"GUANTES TIPO INGENIERO PAR -","description":"GUANTES, Utilizado en la industria petrolera, trabajo en obras civiles, el\u00e9ctricas y mec\u00e1nica. Manipulaci\u00f3n y transporte de herramientas o materiales","robots":{"index":"index","follow":"follow","max-snippet":"max-snippet:-1","max-image-preview":"max-image-preview:large","max-video-preview":"max-video-preview:-1"},"canonical":"https:\/\/aquacord.com.co\/index.php\/product\/guantes-tipo-ingeniero-par\/","og_locale":"es_ES","og_type":"article","og_title":"GUANTES TIPO INGENIERO PAR -","og_description":"GUANTES, Utilizado en la industria petrolera, trabajo en obras civiles, el\u00e9ctricas y mec\u00e1nica. Manipulaci\u00f3n y transporte de herramientas o materiales","og_url":"https:\/\/aquacord.com.co\/index.php\/product\/guantes-tipo-ingeniero-par\/","article_modified_time":"2023-04-27T20:07:24+00:00","og_image":[{"width":600,"height":600,"url":"https:\/\/aquacord.com.co\/wp-content\/uploads\/2023\/03\/Mesa-de-trabajo-13-copia-3-600x600-1.jpg","type":"image\/jpeg"}],"twitter_card":"summary_large_image","twitter_misc":{"Tiempo estimado de lectura":"1 minuto"},"schema":{"@context":"https:\/\/schema.org","@graph":[{"@type":"WebPage","@id":"https:\/\/aquacord.com.co\/index.php\/product\/guantes-tipo-ingeniero-par\/","url":"https:\/\/aquacord.com.co\/index.php\/product\/guantes-tipo-ingeniero-par\/","name":"GUANTES TIPO INGENIERO PAR -","isPartOf":{"@id":"https:\/\/aquacord.com.co\/#website"},"datePublished":"2023-03-29T14:04:35+00:00","dateModified":"2023-04-27T20:07:24+00:00","description":"GUANTES, Utilizado en la industria petrolera, trabajo en obras civiles, el\u00e9ctricas y mec\u00e1nica. Manipulaci\u00f3n y transporte de herramientas o materiales","breadcrumb":{"@id":"https:\/\/aquacord.com.co\/index.php\/product\/guantes-tipo-ingeniero-par\/#breadcrumb"},"inLanguage":"es-CO","potentialAction":[{"@type":"ReadAction","target":["https:\/\/aquacord.com.co\/index.php\/product\/guantes-tipo-ingeniero-par\/"]}]},{"@type":"BreadcrumbList","@id":"https:\/\/aquacord.com.co\/index.php\/product\/guantes-tipo-ingeniero-par\/#breadcrumb","itemListElement":[{"@type":"ListItem","position":1,"name":"Inicio","item":"https:\/\/aquacord.com.co\/"},{"@type":"ListItem","position":2,"name":"Tienda","item":"https:\/\/aquacord.com.co\/index.php\/tienda\/"},{"@type":"ListItem","position":3,"name":"GUANTES TIPO INGENIERO PAR"}]},{"@type":"WebSite","@id":"https:\/\/aquacord.com.co\/#website","url":"https:\/\/aquacord.com.co\/","name":"","description":"Todo lo relacionado en productos qu\u00edmicos, accesorios, equipos para piscinas y el aseo de tu hogar e empresas","potentialAction":[{"@type":"SearchAction","target":{"@type":"EntryPoint","urlTemplate":"https:\/\/aquacord.com.co\/?s={search_term_string}"},"query-input":"required name=search_term_string"}],"inLanguage":"es-CO"}]}},"_links":{"self":[{"href":"https:\/\/aquacord.com.co\/index.php\/wp-json\/wp\/v2\/product\/2709"}],"collection":[{"href":"https:\/\/aquacord.com.co\/index.php\/wp-json\/wp\/v2\/product"}],"about":[{"href":"https:\/\/aquacord.com.co\/index.php\/wp-json\/wp\/v2\/types\/product"}],"replies":[{"embeddable":true,"href":"https:\/\/aquacord.com.co\/index.php\/wp-json\/wp\/v2\/comments?post=2709"}],"version-history":[{"count":0,"href":"https:\/\/aquacord.com.co\/index.php\/wp-json\/wp\/v2\/product\/2709\/revisions"}],"wp:featuredmedia":[{"embeddable":true,"href":"https:\/\/aquacord.com.co\/index.php\/wp-json\/wp\/v2\/media\/2715"}],"wp:attachment":[{"href":"https:\/\/aquacord.com.co\/index.php\/wp-json\/wp\/v2\/media?parent=2709"}],"wp:term":[{"taxonomy":"product_cat","embeddable":true,"href":"https:\/\/aquacord.com.co\/index.php\/wp-json\/wp\/v2\/product_cat?post=2709"},{"taxonomy":"product_tag","embeddable":true,"href":"https:\/\/aquacord.com.co\/index.php\/wp-json\/wp\/v2\/product_tag?post=2709"}],"curies":[{"name":"wp","href":"https:\/\/api.w.org\/{rel}","templated":true}]}}