{"id":2750,"date":"2023-03-29T19:56:28","date_gmt":"2023-03-29T19:56:28","guid":{"rendered":"https:\/\/aquacord.com.co\/?post_type=product&#038;p=2750"},"modified":"2026-02-02T14:31:29","modified_gmt":"2026-02-02T14:31:29","slug":"lijas-160-und","status":"publish","type":"product","link":"https:\/\/aquacord.com.co\/index.php\/product\/lijas-160-und\/","title":{"rendered":"LIJAS #160 UND"},"content":{"rendered":"<p>lija\u00a0<b>se usa para quitar peque\u00f1os fragmentos de material de las superficies para as\u00ed dejar sus caras lisas<\/b>, como en el detallado de maderas, en preparaci\u00f3n para pintar o barniza<\/p>\n","protected":false},"excerpt":{"rendered":"<p>lija\u00a0se usa para quitar peque\u00f1os fragmentos de material de las superficies para as\u00ed dejar sus caras lisas, como en el detallado de maderas, en preparaci\u00f3n para pintar o barniza<\/p>\n","protected":false},"featured_media":4509,"comment_status":"open","ping_status":"closed","template":"","meta":{"site-sidebar-layout":"default","site-content-layout":"default","ast-global-header-display":"","ast-main-header-display":"","ast-hfb-above-header-display":"","ast-hfb-below-header-display":"","ast-hfb-mobile-header-display":"","site-post-title":"","ast-breadcrumbs-content":"","ast-featured-img":"","footer-sml-layout":"","theme-transparent-header-meta":"default","adv-header-id-meta":"","stick-header-meta":"","header-above-stick-meta":"","header-main-stick-meta":"","header-below-stick-meta":""},"product_cat":[28,54],"product_tag":[],"yoast_head":"<!-- This site is optimized with the Yoast SEO plugin v20.1 - https:\/\/yoast.com\/wordpress\/plugins\/seo\/ -->\n<title>LIJAS #160 UND -<\/title>\n<meta name=\"description\" content=\"LIJAS lija se usa para quitar peque\u00f1os fragmentos de material de las superficies para as\u00ed dejar sus caras lisas, como en el detallado de maderas\" \/>\n<meta name=\"robots\" content=\"index, follow, max-snippet:-1, max-image-preview:large, max-video-preview:-1\" \/>\n<link rel=\"canonical\" href=\"https:\/\/aquacord.com.co\/index.php\/product\/lijas-160-und\/\" \/>\n<meta property=\"og:locale\" content=\"es_ES\" \/>\n<meta property=\"og:type\" content=\"article\" \/>\n<meta property=\"og:title\" content=\"LIJAS #160 UND -\" \/>\n<meta property=\"og:description\" content=\"LIJAS lija se usa para quitar peque\u00f1os fragmentos de material de las superficies para as\u00ed dejar sus caras lisas, como en el detallado de maderas\" \/>\n<meta property=\"og:url\" content=\"https:\/\/aquacord.com.co\/index.php\/product\/lijas-160-und\/\" \/>\n<meta property=\"article:modified_time\" content=\"2026-02-02T14:31:29+00:00\" \/>\n<meta property=\"og:image\" content=\"https:\/\/aquacord.com.co\/wp-content\/uploads\/2023\/03\/LIJA-LISTA.jpg\" \/>\n\t<meta property=\"og:image:width\" content=\"600\" \/>\n\t<meta property=\"og:image:height\" content=\"600\" \/>\n\t<meta property=\"og:image:type\" content=\"image\/jpeg\" \/>\n<meta name=\"twitter:card\" content=\"summary_large_image\" \/>\n<meta name=\"twitter:label1\" content=\"Tiempo estimado de lectura\" \/>\n\t<meta name=\"twitter:data1\" content=\"1 minuto\" \/>\n<script type=\"application\/ld+json\" class=\"yoast-schema-graph\">{\"@context\":\"https:\/\/schema.org\",\"@graph\":[{\"@type\":\"WebPage\",\"@id\":\"https:\/\/aquacord.com.co\/index.php\/product\/lijas-160-und\/\",\"url\":\"https:\/\/aquacord.com.co\/index.php\/product\/lijas-160-und\/\",\"name\":\"LIJAS #160 UND -\",\"isPartOf\":{\"@id\":\"https:\/\/aquacord.com.co\/#website\"},\"datePublished\":\"2023-03-29T19:56:28+00:00\",\"dateModified\":\"2026-02-02T14:31:29+00:00\",\"description\":\"LIJAS lija se usa para quitar peque\u00f1os fragmentos de material de las superficies para as\u00ed dejar sus caras lisas, como en el detallado de maderas\",\"breadcrumb\":{\"@id\":\"https:\/\/aquacord.com.co\/index.php\/product\/lijas-160-und\/#breadcrumb\"},\"inLanguage\":\"es-CO\",\"potentialAction\":[{\"@type\":\"ReadAction\",\"target\":[\"https:\/\/aquacord.com.co\/index.php\/product\/lijas-160-und\/\"]}]},{\"@type\":\"BreadcrumbList\",\"@id\":\"https:\/\/aquacord.com.co\/index.php\/product\/lijas-160-und\/#breadcrumb\",\"itemListElement\":[{\"@type\":\"ListItem\",\"position\":1,\"name\":\"Inicio\",\"item\":\"https:\/\/aquacord.com.co\/\"},{\"@type\":\"ListItem\",\"position\":2,\"name\":\"Tienda\",\"item\":\"https:\/\/aquacord.com.co\/index.php\/tienda\/\"},{\"@type\":\"ListItem\",\"position\":3,\"name\":\"LIJAS #160 UND\"}]},{\"@type\":\"WebSite\",\"@id\":\"https:\/\/aquacord.com.co\/#website\",\"url\":\"https:\/\/aquacord.com.co\/\",\"name\":\"\",\"description\":\"Todo lo relacionado en productos qu\u00edmicos, accesorios, equipos para piscinas y el aseo de tu hogar e empresas\",\"potentialAction\":[{\"@type\":\"SearchAction\",\"target\":{\"@type\":\"EntryPoint\",\"urlTemplate\":\"https:\/\/aquacord.com.co\/?s={search_term_string}\"},\"query-input\":\"required name=search_term_string\"}],\"inLanguage\":\"es-CO\"}]}<\/script>\n<!-- \/ Yoast SEO plugin. -->","yoast_head_json":{"title":"LIJAS #160 UND -","description":"LIJAS lija se usa para quitar peque\u00f1os fragmentos de material de las superficies para as\u00ed dejar sus caras lisas, como en el detallado de maderas","robots":{"index":"index","follow":"follow","max-snippet":"max-snippet:-1","max-image-preview":"max-image-preview:large","max-video-preview":"max-video-preview:-1"},"canonical":"https:\/\/aquacord.com.co\/index.php\/product\/lijas-160-und\/","og_locale":"es_ES","og_type":"article","og_title":"LIJAS #160 UND -","og_description":"LIJAS lija se usa para quitar peque\u00f1os fragmentos de material de las superficies para as\u00ed dejar sus caras lisas, como en el detallado de maderas","og_url":"https:\/\/aquacord.com.co\/index.php\/product\/lijas-160-und\/","article_modified_time":"2026-02-02T14:31:29+00:00","og_image":[{"width":600,"height":600,"url":"https:\/\/aquacord.com.co\/wp-content\/uploads\/2023\/03\/LIJA-LISTA.jpg","type":"image\/jpeg"}],"twitter_card":"summary_large_image","twitter_misc":{"Tiempo estimado de lectura":"1 minuto"},"schema":{"@context":"https:\/\/schema.org","@graph":[{"@type":"WebPage","@id":"https:\/\/aquacord.com.co\/index.php\/product\/lijas-160-und\/","url":"https:\/\/aquacord.com.co\/index.php\/product\/lijas-160-und\/","name":"LIJAS #160 UND -","isPartOf":{"@id":"https:\/\/aquacord.com.co\/#website"},"datePublished":"2023-03-29T19:56:28+00:00","dateModified":"2026-02-02T14:31:29+00:00","description":"LIJAS lija se usa para quitar peque\u00f1os fragmentos de material de las superficies para as\u00ed dejar sus caras lisas, como en el detallado de maderas","breadcrumb":{"@id":"https:\/\/aquacord.com.co\/index.php\/product\/lijas-160-und\/#breadcrumb"},"inLanguage":"es-CO","potentialAction":[{"@type":"ReadAction","target":["https:\/\/aquacord.com.co\/index.php\/product\/lijas-160-und\/"]}]},{"@type":"BreadcrumbList","@id":"https:\/\/aquacord.com.co\/index.php\/product\/lijas-160-und\/#breadcrumb","itemListElement":[{"@type":"ListItem","position":1,"name":"Inicio","item":"https:\/\/aquacord.com.co\/"},{"@type":"ListItem","position":2,"name":"Tienda","item":"https:\/\/aquacord.com.co\/index.php\/tienda\/"},{"@type":"ListItem","position":3,"name":"LIJAS #160 UND"}]},{"@type":"WebSite","@id":"https:\/\/aquacord.com.co\/#website","url":"https:\/\/aquacord.com.co\/","name":"","description":"Todo lo relacionado en productos qu\u00edmicos, accesorios, equipos para piscinas y el aseo de tu hogar e empresas","potentialAction":[{"@type":"SearchAction","target":{"@type":"EntryPoint","urlTemplate":"https:\/\/aquacord.com.co\/?s={search_term_string}"},"query-input":"required name=search_term_string"}],"inLanguage":"es-CO"}]}},"_links":{"self":[{"href":"https:\/\/aquacord.com.co\/index.php\/wp-json\/wp\/v2\/product\/2750"}],"collection":[{"href":"https:\/\/aquacord.com.co\/index.php\/wp-json\/wp\/v2\/product"}],"about":[{"href":"https:\/\/aquacord.com.co\/index.php\/wp-json\/wp\/v2\/types\/product"}],"replies":[{"embeddable":true,"href":"https:\/\/aquacord.com.co\/index.php\/wp-json\/wp\/v2\/comments?post=2750"}],"version-history":[{"count":1,"href":"https:\/\/aquacord.com.co\/index.php\/wp-json\/wp\/v2\/product\/2750\/revisions"}],"predecessor-version":[{"id":4512,"href":"https:\/\/aquacord.com.co\/index.php\/wp-json\/wp\/v2\/product\/2750\/revisions\/4512"}],"wp:featuredmedia":[{"embeddable":true,"href":"https:\/\/aquacord.com.co\/index.php\/wp-json\/wp\/v2\/media\/4509"}],"wp:attachment":[{"href":"https:\/\/aquacord.com.co\/index.php\/wp-json\/wp\/v2\/media?parent=2750"}],"wp:term":[{"taxonomy":"product_cat","embeddable":true,"href":"https:\/\/aquacord.com.co\/index.php\/wp-json\/wp\/v2\/product_cat?post=2750"},{"taxonomy":"product_tag","embeddable":true,"href":"https:\/\/aquacord.com.co\/index.php\/wp-json\/wp\/v2\/product_tag?post=2750"}],"curies":[{"name":"wp","href":"https:\/\/api.w.org\/{rel}","templated":true}]}}