{"id":2881,"date":"2023-03-31T15:24:50","date_gmt":"2023-03-31T15:24:50","guid":{"rendered":"https:\/\/aquacord.com.co\/?post_type=product&#038;p=2881"},"modified":"2024-02-12T14:06:21","modified_gmt":"2024-02-12T14:06:21","slug":"pano-limpion-rollo","status":"publish","type":"product","link":"https:\/\/aquacord.com.co\/index.php\/product\/pano-limpion-rollo\/","title":{"rendered":"PA\u00d1O LIMPION ROLLO"},"content":{"rendered":"<p>pa\u00f1os en rollo con tratamiento antibacterial, s\u00faper resistente y reutilizable; tela con poros que permiten que se seque r\u00e1pidamente, ideal para la limpieza de superficies lisas, retira mejor el polvo sin dejar residuos ni pelusas. \u00daselo seco o h\u00famedo. Dimensiones: 25 x 45 cm aprox.<\/p>\n","protected":false},"excerpt":{"rendered":"<p>pa\u00f1os en rollo con tratamiento antibacterial, s\u00faper resistente y reutilizable; tela con poros que permiten que se seque r\u00e1pidamente, ideal para la limpieza de superficies lisas, retira mejor el polvo sin dejar residuos ni pelusas. \u00daselo seco o h\u00famedo. Dimensiones: 25 x 45 cm aprox.<\/p>\n","protected":false},"featured_media":2882,"comment_status":"open","ping_status":"closed","template":"","meta":{"site-sidebar-layout":"default","site-content-layout":"default","ast-global-header-display":"","ast-main-header-display":"","ast-hfb-above-header-display":"","ast-hfb-below-header-display":"","ast-hfb-mobile-header-display":"","site-post-title":"","ast-breadcrumbs-content":"","ast-featured-img":"","footer-sml-layout":"","theme-transparent-header-meta":"default","adv-header-id-meta":"","stick-header-meta":"","header-above-stick-meta":"","header-main-stick-meta":"","header-below-stick-meta":""},"product_cat":[18,49],"product_tag":[],"yoast_head":"<!-- This site is optimized with the Yoast SEO plugin v20.1 - https:\/\/yoast.com\/wordpress\/plugins\/seo\/ -->\n<title>PA\u00d1O LIMPION ROLLO -<\/title>\n<meta name=\"description\" content=\"pa\u00f1os en rollo con tratamiento antibacterial, s\u00faper resistente y reutilizable; tela con poros que permiten que se seque r\u00e1pidamente, ideal para la limpieza de superficies lisas, retira mejor el polvo sin dejar residuos ni pelusas. \u00daselo seco o h\u00famedo. Dimensiones: 25 x 45 cm aprox.\" \/>\n<meta name=\"robots\" content=\"index, follow, max-snippet:-1, max-image-preview:large, max-video-preview:-1\" \/>\n<link rel=\"canonical\" href=\"https:\/\/aquacord.com.co\/index.php\/product\/pano-limpion-rollo\/\" \/>\n<meta property=\"og:locale\" content=\"es_ES\" \/>\n<meta property=\"og:type\" content=\"article\" \/>\n<meta property=\"og:title\" content=\"PA\u00d1O LIMPION ROLLO -\" \/>\n<meta property=\"og:description\" content=\"pa\u00f1os en rollo con tratamiento antibacterial, s\u00faper resistente y reutilizable; tela con poros que permiten que se seque r\u00e1pidamente, ideal para la limpieza de superficies lisas, retira mejor el polvo sin dejar residuos ni pelusas. \u00daselo seco o h\u00famedo. Dimensiones: 25 x 45 cm aprox.\" \/>\n<meta property=\"og:url\" content=\"https:\/\/aquacord.com.co\/index.php\/product\/pano-limpion-rollo\/\" \/>\n<meta property=\"article:modified_time\" content=\"2024-02-12T14:06:21+00:00\" \/>\n<meta property=\"og:image\" content=\"https:\/\/aquacord.com.co\/wp-content\/uploads\/2023\/03\/188016-800-800.webp\" \/>\n\t<meta property=\"og:image:width\" content=\"800\" \/>\n\t<meta property=\"og:image:height\" content=\"800\" \/>\n\t<meta property=\"og:image:type\" content=\"image\/webp\" \/>\n<meta name=\"twitter:card\" content=\"summary_large_image\" \/>\n<meta name=\"twitter:label1\" content=\"Tiempo estimado de lectura\" \/>\n\t<meta name=\"twitter:data1\" content=\"1 minuto\" \/>\n<script type=\"application\/ld+json\" class=\"yoast-schema-graph\">{\"@context\":\"https:\/\/schema.org\",\"@graph\":[{\"@type\":\"WebPage\",\"@id\":\"https:\/\/aquacord.com.co\/index.php\/product\/pano-limpion-rollo\/\",\"url\":\"https:\/\/aquacord.com.co\/index.php\/product\/pano-limpion-rollo\/\",\"name\":\"PA\u00d1O LIMPION ROLLO -\",\"isPartOf\":{\"@id\":\"https:\/\/aquacord.com.co\/#website\"},\"datePublished\":\"2023-03-31T15:24:50+00:00\",\"dateModified\":\"2024-02-12T14:06:21+00:00\",\"description\":\"pa\u00f1os en rollo con tratamiento antibacterial, s\u00faper resistente y reutilizable; tela con poros que permiten que se seque r\u00e1pidamente, ideal para la limpieza de superficies lisas, retira mejor el polvo sin dejar residuos ni pelusas. \u00daselo seco o h\u00famedo. Dimensiones: 25 x 45 cm aprox.\",\"breadcrumb\":{\"@id\":\"https:\/\/aquacord.com.co\/index.php\/product\/pano-limpion-rollo\/#breadcrumb\"},\"inLanguage\":\"es-CO\",\"potentialAction\":[{\"@type\":\"ReadAction\",\"target\":[\"https:\/\/aquacord.com.co\/index.php\/product\/pano-limpion-rollo\/\"]}]},{\"@type\":\"BreadcrumbList\",\"@id\":\"https:\/\/aquacord.com.co\/index.php\/product\/pano-limpion-rollo\/#breadcrumb\",\"itemListElement\":[{\"@type\":\"ListItem\",\"position\":1,\"name\":\"Inicio\",\"item\":\"https:\/\/aquacord.com.co\/\"},{\"@type\":\"ListItem\",\"position\":2,\"name\":\"Tienda\",\"item\":\"https:\/\/aquacord.com.co\/index.php\/tienda\/\"},{\"@type\":\"ListItem\",\"position\":3,\"name\":\"PA\u00d1O LIMPION ROLLO\"}]},{\"@type\":\"WebSite\",\"@id\":\"https:\/\/aquacord.com.co\/#website\",\"url\":\"https:\/\/aquacord.com.co\/\",\"name\":\"\",\"description\":\"Todo lo relacionado en productos qu\u00edmicos, accesorios, equipos para piscinas y el aseo de tu hogar e empresas\",\"potentialAction\":[{\"@type\":\"SearchAction\",\"target\":{\"@type\":\"EntryPoint\",\"urlTemplate\":\"https:\/\/aquacord.com.co\/?s={search_term_string}\"},\"query-input\":\"required name=search_term_string\"}],\"inLanguage\":\"es-CO\"}]}<\/script>\n<!-- \/ Yoast SEO plugin. -->","yoast_head_json":{"title":"PA\u00d1O LIMPION ROLLO -","description":"pa\u00f1os en rollo con tratamiento antibacterial, s\u00faper resistente y reutilizable; tela con poros que permiten que se seque r\u00e1pidamente, ideal para la limpieza de superficies lisas, retira mejor el polvo sin dejar residuos ni pelusas. \u00daselo seco o h\u00famedo. Dimensiones: 25 x 45 cm aprox.","robots":{"index":"index","follow":"follow","max-snippet":"max-snippet:-1","max-image-preview":"max-image-preview:large","max-video-preview":"max-video-preview:-1"},"canonical":"https:\/\/aquacord.com.co\/index.php\/product\/pano-limpion-rollo\/","og_locale":"es_ES","og_type":"article","og_title":"PA\u00d1O LIMPION ROLLO -","og_description":"pa\u00f1os en rollo con tratamiento antibacterial, s\u00faper resistente y reutilizable; tela con poros que permiten que se seque r\u00e1pidamente, ideal para la limpieza de superficies lisas, retira mejor el polvo sin dejar residuos ni pelusas. \u00daselo seco o h\u00famedo. Dimensiones: 25 x 45 cm aprox.","og_url":"https:\/\/aquacord.com.co\/index.php\/product\/pano-limpion-rollo\/","article_modified_time":"2024-02-12T14:06:21+00:00","og_image":[{"width":800,"height":800,"url":"https:\/\/aquacord.com.co\/wp-content\/uploads\/2023\/03\/188016-800-800.webp","type":"image\/webp"}],"twitter_card":"summary_large_image","twitter_misc":{"Tiempo estimado de lectura":"1 minuto"},"schema":{"@context":"https:\/\/schema.org","@graph":[{"@type":"WebPage","@id":"https:\/\/aquacord.com.co\/index.php\/product\/pano-limpion-rollo\/","url":"https:\/\/aquacord.com.co\/index.php\/product\/pano-limpion-rollo\/","name":"PA\u00d1O LIMPION ROLLO -","isPartOf":{"@id":"https:\/\/aquacord.com.co\/#website"},"datePublished":"2023-03-31T15:24:50+00:00","dateModified":"2024-02-12T14:06:21+00:00","description":"pa\u00f1os en rollo con tratamiento antibacterial, s\u00faper resistente y reutilizable; tela con poros que permiten que se seque r\u00e1pidamente, ideal para la limpieza de superficies lisas, retira mejor el polvo sin dejar residuos ni pelusas. \u00daselo seco o h\u00famedo. Dimensiones: 25 x 45 cm aprox.","breadcrumb":{"@id":"https:\/\/aquacord.com.co\/index.php\/product\/pano-limpion-rollo\/#breadcrumb"},"inLanguage":"es-CO","potentialAction":[{"@type":"ReadAction","target":["https:\/\/aquacord.com.co\/index.php\/product\/pano-limpion-rollo\/"]}]},{"@type":"BreadcrumbList","@id":"https:\/\/aquacord.com.co\/index.php\/product\/pano-limpion-rollo\/#breadcrumb","itemListElement":[{"@type":"ListItem","position":1,"name":"Inicio","item":"https:\/\/aquacord.com.co\/"},{"@type":"ListItem","position":2,"name":"Tienda","item":"https:\/\/aquacord.com.co\/index.php\/tienda\/"},{"@type":"ListItem","position":3,"name":"PA\u00d1O LIMPION ROLLO"}]},{"@type":"WebSite","@id":"https:\/\/aquacord.com.co\/#website","url":"https:\/\/aquacord.com.co\/","name":"","description":"Todo lo relacionado en productos qu\u00edmicos, accesorios, equipos para piscinas y el aseo de tu hogar e empresas","potentialAction":[{"@type":"SearchAction","target":{"@type":"EntryPoint","urlTemplate":"https:\/\/aquacord.com.co\/?s={search_term_string}"},"query-input":"required name=search_term_string"}],"inLanguage":"es-CO"}]}},"_links":{"self":[{"href":"https:\/\/aquacord.com.co\/index.php\/wp-json\/wp\/v2\/product\/2881"}],"collection":[{"href":"https:\/\/aquacord.com.co\/index.php\/wp-json\/wp\/v2\/product"}],"about":[{"href":"https:\/\/aquacord.com.co\/index.php\/wp-json\/wp\/v2\/types\/product"}],"replies":[{"embeddable":true,"href":"https:\/\/aquacord.com.co\/index.php\/wp-json\/wp\/v2\/comments?post=2881"}],"version-history":[{"count":2,"href":"https:\/\/aquacord.com.co\/index.php\/wp-json\/wp\/v2\/product\/2881\/revisions"}],"predecessor-version":[{"id":4855,"href":"https:\/\/aquacord.com.co\/index.php\/wp-json\/wp\/v2\/product\/2881\/revisions\/4855"}],"wp:featuredmedia":[{"embeddable":true,"href":"https:\/\/aquacord.com.co\/index.php\/wp-json\/wp\/v2\/media\/2882"}],"wp:attachment":[{"href":"https:\/\/aquacord.com.co\/index.php\/wp-json\/wp\/v2\/media?parent=2881"}],"wp:term":[{"taxonomy":"product_cat","embeddable":true,"href":"https:\/\/aquacord.com.co\/index.php\/wp-json\/wp\/v2\/product_cat?post=2881"},{"taxonomy":"product_tag","embeddable":true,"href":"https:\/\/aquacord.com.co\/index.php\/wp-json\/wp\/v2\/product_tag?post=2881"}],"curies":[{"name":"wp","href":"https:\/\/api.w.org\/{rel}","templated":true}]}}