{"id":2904,"date":"2023-04-01T14:09:37","date_gmt":"2023-04-01T14:09:37","guid":{"rendered":"https:\/\/aquacord.com.co\/?post_type=product&#038;p=2904"},"modified":"2023-04-27T16:18:48","modified_gmt":"2023-04-27T16:18:48","slug":"nasa-high-performace-azul-kleen-blue-plana","status":"publish","type":"product","link":"https:\/\/aquacord.com.co\/index.php\/product\/nasa-high-performace-azul-kleen-blue-plana\/","title":{"rendered":"NASA HIGH PERFORMACE AZUL KLEEN BLUE PLANA"},"content":{"rendered":"<p>\u2022 Beneficios: Se puede instalar a una p\u00e9rtiga extensible<br \/>\n\u2022 Tipo: Nasas redes para piscinas<br \/>\n\u2022 Medidas: 43 largo cm aproximadamente<br \/>\n\u2022 Caracter\u00edsticas: Herramienta para limpiar el agua de las piscinas.<br \/>\n\u2022 Palabras relacionadas: limpiar piscinas, mantenimiento piscinas<br \/>\n\u2022 Material: Polietileno<br \/>\n\u2022 Uso: Nasas<br \/>\n\u2022 Recomendaciones: Para mantener el agua m\u00e1s limpia es necesario usar barredores y redes para recoger la suciedad que cae al agua. Se recomienda utilizarlos una vez al d\u00eda, antes de hacer funcionar el filtro para que absorba las impurezas. De esta manera el agua se mantendr\u00e1 m\u00e1s tiempo limpia.<\/p>\n","protected":false},"excerpt":{"rendered":"<p>\u2022 Beneficios: Se puede instalar a una p\u00e9rtiga extensible \u2022 Tipo: Nasas redes para piscinas \u2022 Medidas: 43 largo cm aproximadamente \u2022 Caracter\u00edsticas: Herramienta para limpiar el agua de las piscinas. \u2022 Palabras relacionadas: limpiar piscinas, mantenimiento piscinas \u2022 Material: Polietileno \u2022 Uso: Nasas \u2022 Recomendaciones: Para mantener el agua m\u00e1s limpia es necesario usar &hellip;<\/p>\n<p class=\"read-more\"> <a class=\"\" href=\"https:\/\/aquacord.com.co\/index.php\/product\/nasa-high-performace-azul-kleen-blue-plana\/\"> <span class=\"screen-reader-text\">NASA HIGH PERFORMACE AZUL KLEEN BLUE PLANA<\/span> Leer m\u00e1s &raquo;<\/a><\/p>\n","protected":false},"featured_media":2294,"comment_status":"open","ping_status":"closed","template":"","meta":{"site-sidebar-layout":"default","site-content-layout":"default","ast-global-header-display":"","ast-main-header-display":"","ast-hfb-above-header-display":"","ast-hfb-below-header-display":"","ast-hfb-mobile-header-display":"","site-post-title":"","ast-breadcrumbs-content":"","ast-featured-img":"","footer-sml-layout":"","theme-transparent-header-meta":"default","adv-header-id-meta":"","stick-header-meta":"","header-above-stick-meta":"","header-main-stick-meta":"","header-below-stick-meta":""},"product_cat":[20,30],"product_tag":[],"yoast_head":"<!-- This site is optimized with the Yoast SEO plugin v20.1 - https:\/\/yoast.com\/wordpress\/plugins\/seo\/ -->\n<title>NASA HIGH PERFORMACE AZUL KLEEN BLUE PLANA -<\/title>\n<meta name=\"description\" content=\"NASA, Para mantener el agua m\u00e1s limpia es necesario usar barredores y redes para recoger la suciedad que cae al agua. Se recomienda utilizarlos\" \/>\n<meta name=\"robots\" content=\"index, follow, max-snippet:-1, max-image-preview:large, max-video-preview:-1\" \/>\n<link rel=\"canonical\" href=\"https:\/\/aquacord.com.co\/index.php\/product\/nasa-high-performace-azul-kleen-blue-plana\/\" \/>\n<meta property=\"og:locale\" content=\"es_ES\" \/>\n<meta property=\"og:type\" content=\"article\" \/>\n<meta property=\"og:title\" content=\"NASA HIGH PERFORMACE AZUL KLEEN BLUE PLANA -\" \/>\n<meta property=\"og:description\" content=\"NASA, Para mantener el agua m\u00e1s limpia es necesario usar barredores y redes para recoger la suciedad que cae al agua. Se recomienda utilizarlos\" \/>\n<meta property=\"og:url\" content=\"https:\/\/aquacord.com.co\/index.php\/product\/nasa-high-performace-azul-kleen-blue-plana\/\" \/>\n<meta property=\"article:modified_time\" content=\"2023-04-27T16:18:48+00:00\" \/>\n<meta property=\"og:image\" content=\"https:\/\/aquacord.com.co\/wp-content\/uploads\/2023\/03\/Captura-de-pantalla-2023-03-22-100042.png\" \/>\n\t<meta property=\"og:image:width\" content=\"696\" \/>\n\t<meta property=\"og:image:height\" content=\"594\" \/>\n\t<meta property=\"og:image:type\" content=\"image\/png\" \/>\n<meta name=\"twitter:card\" content=\"summary_large_image\" \/>\n<meta name=\"twitter:label1\" content=\"Tiempo estimado de lectura\" \/>\n\t<meta name=\"twitter:data1\" content=\"1 minuto\" \/>\n<script type=\"application\/ld+json\" class=\"yoast-schema-graph\">{\"@context\":\"https:\/\/schema.org\",\"@graph\":[{\"@type\":\"WebPage\",\"@id\":\"https:\/\/aquacord.com.co\/index.php\/product\/nasa-high-performace-azul-kleen-blue-plana\/\",\"url\":\"https:\/\/aquacord.com.co\/index.php\/product\/nasa-high-performace-azul-kleen-blue-plana\/\",\"name\":\"NASA HIGH PERFORMACE AZUL KLEEN BLUE PLANA -\",\"isPartOf\":{\"@id\":\"https:\/\/aquacord.com.co\/#website\"},\"datePublished\":\"2023-04-01T14:09:37+00:00\",\"dateModified\":\"2023-04-27T16:18:48+00:00\",\"description\":\"NASA, Para mantener el agua m\u00e1s limpia es necesario usar barredores y redes para recoger la suciedad que cae al agua. Se recomienda utilizarlos\",\"breadcrumb\":{\"@id\":\"https:\/\/aquacord.com.co\/index.php\/product\/nasa-high-performace-azul-kleen-blue-plana\/#breadcrumb\"},\"inLanguage\":\"es-CO\",\"potentialAction\":[{\"@type\":\"ReadAction\",\"target\":[\"https:\/\/aquacord.com.co\/index.php\/product\/nasa-high-performace-azul-kleen-blue-plana\/\"]}]},{\"@type\":\"BreadcrumbList\",\"@id\":\"https:\/\/aquacord.com.co\/index.php\/product\/nasa-high-performace-azul-kleen-blue-plana\/#breadcrumb\",\"itemListElement\":[{\"@type\":\"ListItem\",\"position\":1,\"name\":\"Inicio\",\"item\":\"https:\/\/aquacord.com.co\/\"},{\"@type\":\"ListItem\",\"position\":2,\"name\":\"Tienda\",\"item\":\"https:\/\/aquacord.com.co\/index.php\/tienda\/\"},{\"@type\":\"ListItem\",\"position\":3,\"name\":\"NASA HIGH PERFORMACE AZUL KLEEN BLUE PLANA\"}]},{\"@type\":\"WebSite\",\"@id\":\"https:\/\/aquacord.com.co\/#website\",\"url\":\"https:\/\/aquacord.com.co\/\",\"name\":\"\",\"description\":\"Todo lo relacionado en productos qu\u00edmicos, accesorios, equipos para piscinas y el aseo de tu hogar e empresas\",\"potentialAction\":[{\"@type\":\"SearchAction\",\"target\":{\"@type\":\"EntryPoint\",\"urlTemplate\":\"https:\/\/aquacord.com.co\/?s={search_term_string}\"},\"query-input\":\"required name=search_term_string\"}],\"inLanguage\":\"es-CO\"}]}<\/script>\n<!-- \/ Yoast SEO plugin. -->","yoast_head_json":{"title":"NASA HIGH PERFORMACE AZUL KLEEN BLUE PLANA -","description":"NASA, Para mantener el agua m\u00e1s limpia es necesario usar barredores y redes para recoger la suciedad que cae al agua. Se recomienda utilizarlos","robots":{"index":"index","follow":"follow","max-snippet":"max-snippet:-1","max-image-preview":"max-image-preview:large","max-video-preview":"max-video-preview:-1"},"canonical":"https:\/\/aquacord.com.co\/index.php\/product\/nasa-high-performace-azul-kleen-blue-plana\/","og_locale":"es_ES","og_type":"article","og_title":"NASA HIGH PERFORMACE AZUL KLEEN BLUE PLANA -","og_description":"NASA, Para mantener el agua m\u00e1s limpia es necesario usar barredores y redes para recoger la suciedad que cae al agua. Se recomienda utilizarlos","og_url":"https:\/\/aquacord.com.co\/index.php\/product\/nasa-high-performace-azul-kleen-blue-plana\/","article_modified_time":"2023-04-27T16:18:48+00:00","og_image":[{"width":696,"height":594,"url":"https:\/\/aquacord.com.co\/wp-content\/uploads\/2023\/03\/Captura-de-pantalla-2023-03-22-100042.png","type":"image\/png"}],"twitter_card":"summary_large_image","twitter_misc":{"Tiempo estimado de lectura":"1 minuto"},"schema":{"@context":"https:\/\/schema.org","@graph":[{"@type":"WebPage","@id":"https:\/\/aquacord.com.co\/index.php\/product\/nasa-high-performace-azul-kleen-blue-plana\/","url":"https:\/\/aquacord.com.co\/index.php\/product\/nasa-high-performace-azul-kleen-blue-plana\/","name":"NASA HIGH PERFORMACE AZUL KLEEN BLUE PLANA -","isPartOf":{"@id":"https:\/\/aquacord.com.co\/#website"},"datePublished":"2023-04-01T14:09:37+00:00","dateModified":"2023-04-27T16:18:48+00:00","description":"NASA, Para mantener el agua m\u00e1s limpia es necesario usar barredores y redes para recoger la suciedad que cae al agua. Se recomienda utilizarlos","breadcrumb":{"@id":"https:\/\/aquacord.com.co\/index.php\/product\/nasa-high-performace-azul-kleen-blue-plana\/#breadcrumb"},"inLanguage":"es-CO","potentialAction":[{"@type":"ReadAction","target":["https:\/\/aquacord.com.co\/index.php\/product\/nasa-high-performace-azul-kleen-blue-plana\/"]}]},{"@type":"BreadcrumbList","@id":"https:\/\/aquacord.com.co\/index.php\/product\/nasa-high-performace-azul-kleen-blue-plana\/#breadcrumb","itemListElement":[{"@type":"ListItem","position":1,"name":"Inicio","item":"https:\/\/aquacord.com.co\/"},{"@type":"ListItem","position":2,"name":"Tienda","item":"https:\/\/aquacord.com.co\/index.php\/tienda\/"},{"@type":"ListItem","position":3,"name":"NASA HIGH PERFORMACE AZUL KLEEN BLUE PLANA"}]},{"@type":"WebSite","@id":"https:\/\/aquacord.com.co\/#website","url":"https:\/\/aquacord.com.co\/","name":"","description":"Todo lo relacionado en productos qu\u00edmicos, accesorios, equipos para piscinas y el aseo de tu hogar e empresas","potentialAction":[{"@type":"SearchAction","target":{"@type":"EntryPoint","urlTemplate":"https:\/\/aquacord.com.co\/?s={search_term_string}"},"query-input":"required name=search_term_string"}],"inLanguage":"es-CO"}]}},"_links":{"self":[{"href":"https:\/\/aquacord.com.co\/index.php\/wp-json\/wp\/v2\/product\/2904"}],"collection":[{"href":"https:\/\/aquacord.com.co\/index.php\/wp-json\/wp\/v2\/product"}],"about":[{"href":"https:\/\/aquacord.com.co\/index.php\/wp-json\/wp\/v2\/types\/product"}],"replies":[{"embeddable":true,"href":"https:\/\/aquacord.com.co\/index.php\/wp-json\/wp\/v2\/comments?post=2904"}],"version-history":[{"count":1,"href":"https:\/\/aquacord.com.co\/index.php\/wp-json\/wp\/v2\/product\/2904\/revisions"}],"predecessor-version":[{"id":3874,"href":"https:\/\/aquacord.com.co\/index.php\/wp-json\/wp\/v2\/product\/2904\/revisions\/3874"}],"wp:featuredmedia":[{"embeddable":true,"href":"https:\/\/aquacord.com.co\/index.php\/wp-json\/wp\/v2\/media\/2294"}],"wp:attachment":[{"href":"https:\/\/aquacord.com.co\/index.php\/wp-json\/wp\/v2\/media?parent=2904"}],"wp:term":[{"taxonomy":"product_cat","embeddable":true,"href":"https:\/\/aquacord.com.co\/index.php\/wp-json\/wp\/v2\/product_cat?post=2904"},{"taxonomy":"product_tag","embeddable":true,"href":"https:\/\/aquacord.com.co\/index.php\/wp-json\/wp\/v2\/product_tag?post=2904"}],"curies":[{"name":"wp","href":"https:\/\/api.w.org\/{rel}","templated":true}]}}