{"id":2906,"date":"2023-04-01T14:20:24","date_gmt":"2023-04-01T14:20:24","guid":{"rendered":"https:\/\/aquacord.com.co\/?post_type=product&#038;p=2906"},"modified":"2026-01-28T13:41:36","modified_gmt":"2026-01-28T13:41:36","slug":"clorador-aut-pastil-en-linea-c-valv-4kg-altam","status":"publish","type":"product","link":"https:\/\/aquacord.com.co\/index.php\/product\/clorador-aut-pastil-en-linea-c-valv-4kg-altam\/","title":{"rendered":"CLORADOR AUTOMATICO PASTILLAS EN LINEA C\/VALV 4KG ALTAM"},"content":{"rendered":"<h5>Clorador autom\u00e1tico de pastillas (en l\u00ednea) con v\u00e1lvula de control de 4Kg.<\/h5>\n<h5>M\u00e1xima presi\u00f3n 50 psi Equipos para la desinfecci\u00f3n de agua por cloraci\u00f3n, en linea de la tuber\u00eda mediante cloro granulado\u00a0 en pastillas de lenta disoluci\u00f3n.<\/h5>\n<p>&nbsp;<\/p>\n","protected":false},"excerpt":{"rendered":"<p>Clorador autom\u00e1tico de pastillas (en l\u00ednea) con v\u00e1lvula de control de 4Kg. M\u00e1xima presi\u00f3n 50 psi Equipos para la desinfecci\u00f3n de agua por cloraci\u00f3n, en linea de la tuber\u00eda mediante cloro granulado\u00a0 en pastillas de lenta disoluci\u00f3n. &nbsp;<\/p>\n","protected":false},"featured_media":2907,"comment_status":"open","ping_status":"closed","template":"","meta":{"site-sidebar-layout":"default","site-content-layout":"default","ast-global-header-display":"","ast-main-header-display":"","ast-hfb-above-header-display":"","ast-hfb-below-header-display":"","ast-hfb-mobile-header-display":"","site-post-title":"","ast-breadcrumbs-content":"","ast-featured-img":"","footer-sml-layout":"","theme-transparent-header-meta":"default","adv-header-id-meta":"","stick-header-meta":"","header-above-stick-meta":"","header-main-stick-meta":"","header-below-stick-meta":""},"product_cat":[20,31],"product_tag":[],"yoast_head":"<!-- This site is optimized with the Yoast SEO plugin v20.1 - https:\/\/yoast.com\/wordpress\/plugins\/seo\/ -->\n<title>CLORADOR AUTOMATICO PASTILLAS EN LINEA C\/VALV 4KG ALTAM -<\/title>\n<meta name=\"description\" content=\"Clorador autom\u00e1tico de pastillas (Clorador autom\u00e1tico de pastillas en l\u00ednea con v\u00e1lvula de control de 4Kg) M\u00e1xima presi\u00f3n 50 psi Equipos para la\" \/>\n<meta name=\"robots\" content=\"index, follow, max-snippet:-1, max-image-preview:large, max-video-preview:-1\" \/>\n<link rel=\"canonical\" href=\"https:\/\/aquacord.com.co\/index.php\/product\/clorador-aut-pastil-en-linea-c-valv-4kg-altam\/\" \/>\n<meta property=\"og:locale\" content=\"es_ES\" \/>\n<meta property=\"og:type\" content=\"article\" \/>\n<meta property=\"og:title\" content=\"CLORADOR AUTOMATICO PASTILLAS EN LINEA C\/VALV 4KG ALTAM -\" \/>\n<meta property=\"og:description\" content=\"Clorador autom\u00e1tico de pastillas (Clorador autom\u00e1tico de pastillas en l\u00ednea con v\u00e1lvula de control de 4Kg) M\u00e1xima presi\u00f3n 50 psi Equipos para la\" \/>\n<meta property=\"og:url\" content=\"https:\/\/aquacord.com.co\/index.php\/product\/clorador-aut-pastil-en-linea-c-valv-4kg-altam\/\" \/>\n<meta property=\"article:modified_time\" content=\"2026-01-28T13:41:36+00:00\" \/>\n<meta property=\"og:image\" content=\"https:\/\/aquacord.com.co\/wp-content\/uploads\/2023\/04\/clorador.jpg\" \/>\n\t<meta property=\"og:image:width\" content=\"283\" \/>\n\t<meta property=\"og:image:height\" content=\"568\" \/>\n\t<meta property=\"og:image:type\" content=\"image\/jpeg\" \/>\n<meta name=\"twitter:card\" content=\"summary_large_image\" \/>\n<meta name=\"twitter:label1\" content=\"Tiempo estimado de lectura\" \/>\n\t<meta name=\"twitter:data1\" content=\"1 minuto\" \/>\n<script type=\"application\/ld+json\" class=\"yoast-schema-graph\">{\"@context\":\"https:\/\/schema.org\",\"@graph\":[{\"@type\":\"WebPage\",\"@id\":\"https:\/\/aquacord.com.co\/index.php\/product\/clorador-aut-pastil-en-linea-c-valv-4kg-altam\/\",\"url\":\"https:\/\/aquacord.com.co\/index.php\/product\/clorador-aut-pastil-en-linea-c-valv-4kg-altam\/\",\"name\":\"CLORADOR AUTOMATICO PASTILLAS EN LINEA C\/VALV 4KG ALTAM -\",\"isPartOf\":{\"@id\":\"https:\/\/aquacord.com.co\/#website\"},\"datePublished\":\"2023-04-01T14:20:24+00:00\",\"dateModified\":\"2026-01-28T13:41:36+00:00\",\"description\":\"Clorador autom\u00e1tico de pastillas (Clorador autom\u00e1tico de pastillas en l\u00ednea con v\u00e1lvula de control de 4Kg) M\u00e1xima presi\u00f3n 50 psi Equipos para la\",\"breadcrumb\":{\"@id\":\"https:\/\/aquacord.com.co\/index.php\/product\/clorador-aut-pastil-en-linea-c-valv-4kg-altam\/#breadcrumb\"},\"inLanguage\":\"es-CO\",\"potentialAction\":[{\"@type\":\"ReadAction\",\"target\":[\"https:\/\/aquacord.com.co\/index.php\/product\/clorador-aut-pastil-en-linea-c-valv-4kg-altam\/\"]}]},{\"@type\":\"BreadcrumbList\",\"@id\":\"https:\/\/aquacord.com.co\/index.php\/product\/clorador-aut-pastil-en-linea-c-valv-4kg-altam\/#breadcrumb\",\"itemListElement\":[{\"@type\":\"ListItem\",\"position\":1,\"name\":\"Inicio\",\"item\":\"https:\/\/aquacord.com.co\/\"},{\"@type\":\"ListItem\",\"position\":2,\"name\":\"Tienda\",\"item\":\"https:\/\/aquacord.com.co\/index.php\/tienda\/\"},{\"@type\":\"ListItem\",\"position\":3,\"name\":\"CLORADOR AUTOMATICO PASTILLAS EN LINEA C\/VALV 4KG ALTAM\"}]},{\"@type\":\"WebSite\",\"@id\":\"https:\/\/aquacord.com.co\/#website\",\"url\":\"https:\/\/aquacord.com.co\/\",\"name\":\"\",\"description\":\"Todo lo relacionado en productos qu\u00edmicos, accesorios, equipos para piscinas y el aseo de tu hogar e empresas\",\"potentialAction\":[{\"@type\":\"SearchAction\",\"target\":{\"@type\":\"EntryPoint\",\"urlTemplate\":\"https:\/\/aquacord.com.co\/?s={search_term_string}\"},\"query-input\":\"required name=search_term_string\"}],\"inLanguage\":\"es-CO\"}]}<\/script>\n<!-- \/ Yoast SEO plugin. -->","yoast_head_json":{"title":"CLORADOR AUTOMATICO PASTILLAS EN LINEA C\/VALV 4KG ALTAM -","description":"Clorador autom\u00e1tico de pastillas (Clorador autom\u00e1tico de pastillas en l\u00ednea con v\u00e1lvula de control de 4Kg) M\u00e1xima presi\u00f3n 50 psi Equipos para la","robots":{"index":"index","follow":"follow","max-snippet":"max-snippet:-1","max-image-preview":"max-image-preview:large","max-video-preview":"max-video-preview:-1"},"canonical":"https:\/\/aquacord.com.co\/index.php\/product\/clorador-aut-pastil-en-linea-c-valv-4kg-altam\/","og_locale":"es_ES","og_type":"article","og_title":"CLORADOR AUTOMATICO PASTILLAS EN LINEA C\/VALV 4KG ALTAM -","og_description":"Clorador autom\u00e1tico de pastillas (Clorador autom\u00e1tico de pastillas en l\u00ednea con v\u00e1lvula de control de 4Kg) M\u00e1xima presi\u00f3n 50 psi Equipos para la","og_url":"https:\/\/aquacord.com.co\/index.php\/product\/clorador-aut-pastil-en-linea-c-valv-4kg-altam\/","article_modified_time":"2026-01-28T13:41:36+00:00","og_image":[{"width":283,"height":568,"url":"https:\/\/aquacord.com.co\/wp-content\/uploads\/2023\/04\/clorador.jpg","type":"image\/jpeg"}],"twitter_card":"summary_large_image","twitter_misc":{"Tiempo estimado de lectura":"1 minuto"},"schema":{"@context":"https:\/\/schema.org","@graph":[{"@type":"WebPage","@id":"https:\/\/aquacord.com.co\/index.php\/product\/clorador-aut-pastil-en-linea-c-valv-4kg-altam\/","url":"https:\/\/aquacord.com.co\/index.php\/product\/clorador-aut-pastil-en-linea-c-valv-4kg-altam\/","name":"CLORADOR AUTOMATICO PASTILLAS EN LINEA C\/VALV 4KG ALTAM -","isPartOf":{"@id":"https:\/\/aquacord.com.co\/#website"},"datePublished":"2023-04-01T14:20:24+00:00","dateModified":"2026-01-28T13:41:36+00:00","description":"Clorador autom\u00e1tico de pastillas (Clorador autom\u00e1tico de pastillas en l\u00ednea con v\u00e1lvula de control de 4Kg) M\u00e1xima presi\u00f3n 50 psi Equipos para la","breadcrumb":{"@id":"https:\/\/aquacord.com.co\/index.php\/product\/clorador-aut-pastil-en-linea-c-valv-4kg-altam\/#breadcrumb"},"inLanguage":"es-CO","potentialAction":[{"@type":"ReadAction","target":["https:\/\/aquacord.com.co\/index.php\/product\/clorador-aut-pastil-en-linea-c-valv-4kg-altam\/"]}]},{"@type":"BreadcrumbList","@id":"https:\/\/aquacord.com.co\/index.php\/product\/clorador-aut-pastil-en-linea-c-valv-4kg-altam\/#breadcrumb","itemListElement":[{"@type":"ListItem","position":1,"name":"Inicio","item":"https:\/\/aquacord.com.co\/"},{"@type":"ListItem","position":2,"name":"Tienda","item":"https:\/\/aquacord.com.co\/index.php\/tienda\/"},{"@type":"ListItem","position":3,"name":"CLORADOR AUTOMATICO PASTILLAS EN LINEA C\/VALV 4KG ALTAM"}]},{"@type":"WebSite","@id":"https:\/\/aquacord.com.co\/#website","url":"https:\/\/aquacord.com.co\/","name":"","description":"Todo lo relacionado en productos qu\u00edmicos, accesorios, equipos para piscinas y el aseo de tu hogar e empresas","potentialAction":[{"@type":"SearchAction","target":{"@type":"EntryPoint","urlTemplate":"https:\/\/aquacord.com.co\/?s={search_term_string}"},"query-input":"required name=search_term_string"}],"inLanguage":"es-CO"}]}},"_links":{"self":[{"href":"https:\/\/aquacord.com.co\/index.php\/wp-json\/wp\/v2\/product\/2906"}],"collection":[{"href":"https:\/\/aquacord.com.co\/index.php\/wp-json\/wp\/v2\/product"}],"about":[{"href":"https:\/\/aquacord.com.co\/index.php\/wp-json\/wp\/v2\/types\/product"}],"replies":[{"embeddable":true,"href":"https:\/\/aquacord.com.co\/index.php\/wp-json\/wp\/v2\/comments?post=2906"}],"version-history":[{"count":1,"href":"https:\/\/aquacord.com.co\/index.php\/wp-json\/wp\/v2\/product\/2906\/revisions"}],"predecessor-version":[{"id":3138,"href":"https:\/\/aquacord.com.co\/index.php\/wp-json\/wp\/v2\/product\/2906\/revisions\/3138"}],"wp:featuredmedia":[{"embeddable":true,"href":"https:\/\/aquacord.com.co\/index.php\/wp-json\/wp\/v2\/media\/2907"}],"wp:attachment":[{"href":"https:\/\/aquacord.com.co\/index.php\/wp-json\/wp\/v2\/media?parent=2906"}],"wp:term":[{"taxonomy":"product_cat","embeddable":true,"href":"https:\/\/aquacord.com.co\/index.php\/wp-json\/wp\/v2\/product_cat?post=2906"},{"taxonomy":"product_tag","embeddable":true,"href":"https:\/\/aquacord.com.co\/index.php\/wp-json\/wp\/v2\/product_tag?post=2906"}],"curies":[{"name":"wp","href":"https:\/\/api.w.org\/{rel}","templated":true}]}}