{"id":2979,"date":"2023-04-03T14:30:32","date_gmt":"2023-04-03T14:30:32","guid":{"rendered":"https:\/\/aquacord.com.co\/?post_type=product&#038;p=2979"},"modified":"2025-02-13T20:07:33","modified_gmt":"2025-02-13T20:07:33","slug":"envase-dispensador-gel-jabon-1000ml-valvula-cremera","status":"publish","type":"product","link":"https:\/\/aquacord.com.co\/index.php\/product\/envase-dispensador-gel-jabon-1000ml-valvula-cremera\/","title":{"rendered":"ENVASE DISPENSADOR GEL\/JABON 1000ML VALVULA CREMERA"},"content":{"rendered":"<p>ENVASE VALVULA CREMERA Un dispensador de cinta adhesiva <b>es una herramienta de embalaje muy sencilla y \u00fatil para ahorrar para cerrar nuestras cajas o productos<\/b>. Ya sea para el cerrado de cajas como protecci\u00f3n de los productos para su env\u00edo, transporte o almacenamiento en un almac\u00e9n.<\/p>\n","protected":false},"excerpt":{"rendered":"<p>ENVASE VALVULA CREMERA Un dispensador de cinta adhesiva es una herramienta de embalaje muy sencilla y \u00fatil para ahorrar para cerrar nuestras cajas o productos. Ya sea para el cerrado de cajas como protecci\u00f3n de los productos para su env\u00edo, transporte o almacenamiento en un almac\u00e9n.<\/p>\n","protected":false},"featured_media":2999,"comment_status":"open","ping_status":"closed","template":"","meta":{"site-sidebar-layout":"default","site-content-layout":"default","ast-global-header-display":"","ast-main-header-display":"","ast-hfb-above-header-display":"","ast-hfb-below-header-display":"","ast-hfb-mobile-header-display":"","site-post-title":"","ast-breadcrumbs-content":"","ast-featured-img":"","footer-sml-layout":"","theme-transparent-header-meta":"default","adv-header-id-meta":"","stick-header-meta":"","header-above-stick-meta":"","header-main-stick-meta":"","header-below-stick-meta":""},"product_cat":[18,42],"product_tag":[],"yoast_head":"<!-- This site is optimized with the Yoast SEO plugin v20.1 - https:\/\/yoast.com\/wordpress\/plugins\/seo\/ -->\n<title>ENVASE DISPENSADOR GEL\/JABON 1000ML VALVULA CREMERA -<\/title>\n<meta name=\"description\" content=\"ENVASE DISPENSADOR, Un dispensador de cinta adhesiva es una herramienta de embalaje muy sencilla y \u00fatil para ahorrar para cerrar nuestras cajas o productos.\" \/>\n<meta name=\"robots\" content=\"index, follow, max-snippet:-1, max-image-preview:large, max-video-preview:-1\" \/>\n<link rel=\"canonical\" href=\"https:\/\/aquacord.com.co\/index.php\/product\/envase-dispensador-gel-jabon-1000ml-valvula-cremera\/\" \/>\n<meta property=\"og:locale\" content=\"es_ES\" \/>\n<meta property=\"og:type\" content=\"article\" \/>\n<meta property=\"og:title\" content=\"ENVASE DISPENSADOR GEL\/JABON 1000ML VALVULA CREMERA -\" \/>\n<meta property=\"og:description\" content=\"ENVASE DISPENSADOR, Un dispensador de cinta adhesiva es una herramienta de embalaje muy sencilla y \u00fatil para ahorrar para cerrar nuestras cajas o productos.\" \/>\n<meta property=\"og:url\" content=\"https:\/\/aquacord.com.co\/index.php\/product\/envase-dispensador-gel-jabon-1000ml-valvula-cremera\/\" \/>\n<meta property=\"article:modified_time\" content=\"2025-02-13T20:07:33+00:00\" \/>\n<meta property=\"og:image\" content=\"https:\/\/aquacord.com.co\/wp-content\/uploads\/2023\/04\/Captura-de-pantalla-2023-04-03-105701.png\" \/>\n\t<meta property=\"og:image:width\" content=\"458\" \/>\n\t<meta property=\"og:image:height\" content=\"518\" \/>\n\t<meta property=\"og:image:type\" content=\"image\/png\" \/>\n<meta name=\"twitter:card\" content=\"summary_large_image\" \/>\n<meta name=\"twitter:label1\" content=\"Tiempo estimado de lectura\" \/>\n\t<meta name=\"twitter:data1\" content=\"1 minuto\" \/>\n<script type=\"application\/ld+json\" class=\"yoast-schema-graph\">{\"@context\":\"https:\/\/schema.org\",\"@graph\":[{\"@type\":\"WebPage\",\"@id\":\"https:\/\/aquacord.com.co\/index.php\/product\/envase-dispensador-gel-jabon-1000ml-valvula-cremera\/\",\"url\":\"https:\/\/aquacord.com.co\/index.php\/product\/envase-dispensador-gel-jabon-1000ml-valvula-cremera\/\",\"name\":\"ENVASE DISPENSADOR GEL\/JABON 1000ML VALVULA CREMERA -\",\"isPartOf\":{\"@id\":\"https:\/\/aquacord.com.co\/#website\"},\"datePublished\":\"2023-04-03T14:30:32+00:00\",\"dateModified\":\"2025-02-13T20:07:33+00:00\",\"description\":\"ENVASE DISPENSADOR, Un dispensador de cinta adhesiva es una herramienta de embalaje muy sencilla y \u00fatil para ahorrar para cerrar nuestras cajas o productos.\",\"breadcrumb\":{\"@id\":\"https:\/\/aquacord.com.co\/index.php\/product\/envase-dispensador-gel-jabon-1000ml-valvula-cremera\/#breadcrumb\"},\"inLanguage\":\"es-CO\",\"potentialAction\":[{\"@type\":\"ReadAction\",\"target\":[\"https:\/\/aquacord.com.co\/index.php\/product\/envase-dispensador-gel-jabon-1000ml-valvula-cremera\/\"]}]},{\"@type\":\"BreadcrumbList\",\"@id\":\"https:\/\/aquacord.com.co\/index.php\/product\/envase-dispensador-gel-jabon-1000ml-valvula-cremera\/#breadcrumb\",\"itemListElement\":[{\"@type\":\"ListItem\",\"position\":1,\"name\":\"Inicio\",\"item\":\"https:\/\/aquacord.com.co\/\"},{\"@type\":\"ListItem\",\"position\":2,\"name\":\"Tienda\",\"item\":\"https:\/\/aquacord.com.co\/index.php\/tienda\/\"},{\"@type\":\"ListItem\",\"position\":3,\"name\":\"ENVASE DISPENSADOR GEL\/JABON 1000ML VALVULA CREMERA\"}]},{\"@type\":\"WebSite\",\"@id\":\"https:\/\/aquacord.com.co\/#website\",\"url\":\"https:\/\/aquacord.com.co\/\",\"name\":\"\",\"description\":\"Todo lo relacionado en productos qu\u00edmicos, accesorios, equipos para piscinas y el aseo de tu hogar e empresas\",\"potentialAction\":[{\"@type\":\"SearchAction\",\"target\":{\"@type\":\"EntryPoint\",\"urlTemplate\":\"https:\/\/aquacord.com.co\/?s={search_term_string}\"},\"query-input\":\"required name=search_term_string\"}],\"inLanguage\":\"es-CO\"}]}<\/script>\n<!-- \/ Yoast SEO plugin. -->","yoast_head_json":{"title":"ENVASE DISPENSADOR GEL\/JABON 1000ML VALVULA CREMERA -","description":"ENVASE DISPENSADOR, Un dispensador de cinta adhesiva es una herramienta de embalaje muy sencilla y \u00fatil para ahorrar para cerrar nuestras cajas o productos.","robots":{"index":"index","follow":"follow","max-snippet":"max-snippet:-1","max-image-preview":"max-image-preview:large","max-video-preview":"max-video-preview:-1"},"canonical":"https:\/\/aquacord.com.co\/index.php\/product\/envase-dispensador-gel-jabon-1000ml-valvula-cremera\/","og_locale":"es_ES","og_type":"article","og_title":"ENVASE DISPENSADOR GEL\/JABON 1000ML VALVULA CREMERA -","og_description":"ENVASE DISPENSADOR, Un dispensador de cinta adhesiva es una herramienta de embalaje muy sencilla y \u00fatil para ahorrar para cerrar nuestras cajas o productos.","og_url":"https:\/\/aquacord.com.co\/index.php\/product\/envase-dispensador-gel-jabon-1000ml-valvula-cremera\/","article_modified_time":"2025-02-13T20:07:33+00:00","og_image":[{"width":458,"height":518,"url":"https:\/\/aquacord.com.co\/wp-content\/uploads\/2023\/04\/Captura-de-pantalla-2023-04-03-105701.png","type":"image\/png"}],"twitter_card":"summary_large_image","twitter_misc":{"Tiempo estimado de lectura":"1 minuto"},"schema":{"@context":"https:\/\/schema.org","@graph":[{"@type":"WebPage","@id":"https:\/\/aquacord.com.co\/index.php\/product\/envase-dispensador-gel-jabon-1000ml-valvula-cremera\/","url":"https:\/\/aquacord.com.co\/index.php\/product\/envase-dispensador-gel-jabon-1000ml-valvula-cremera\/","name":"ENVASE DISPENSADOR GEL\/JABON 1000ML VALVULA CREMERA -","isPartOf":{"@id":"https:\/\/aquacord.com.co\/#website"},"datePublished":"2023-04-03T14:30:32+00:00","dateModified":"2025-02-13T20:07:33+00:00","description":"ENVASE DISPENSADOR, Un dispensador de cinta adhesiva es una herramienta de embalaje muy sencilla y \u00fatil para ahorrar para cerrar nuestras cajas o productos.","breadcrumb":{"@id":"https:\/\/aquacord.com.co\/index.php\/product\/envase-dispensador-gel-jabon-1000ml-valvula-cremera\/#breadcrumb"},"inLanguage":"es-CO","potentialAction":[{"@type":"ReadAction","target":["https:\/\/aquacord.com.co\/index.php\/product\/envase-dispensador-gel-jabon-1000ml-valvula-cremera\/"]}]},{"@type":"BreadcrumbList","@id":"https:\/\/aquacord.com.co\/index.php\/product\/envase-dispensador-gel-jabon-1000ml-valvula-cremera\/#breadcrumb","itemListElement":[{"@type":"ListItem","position":1,"name":"Inicio","item":"https:\/\/aquacord.com.co\/"},{"@type":"ListItem","position":2,"name":"Tienda","item":"https:\/\/aquacord.com.co\/index.php\/tienda\/"},{"@type":"ListItem","position":3,"name":"ENVASE DISPENSADOR GEL\/JABON 1000ML VALVULA CREMERA"}]},{"@type":"WebSite","@id":"https:\/\/aquacord.com.co\/#website","url":"https:\/\/aquacord.com.co\/","name":"","description":"Todo lo relacionado en productos qu\u00edmicos, accesorios, equipos para piscinas y el aseo de tu hogar e empresas","potentialAction":[{"@type":"SearchAction","target":{"@type":"EntryPoint","urlTemplate":"https:\/\/aquacord.com.co\/?s={search_term_string}"},"query-input":"required name=search_term_string"}],"inLanguage":"es-CO"}]}},"_links":{"self":[{"href":"https:\/\/aquacord.com.co\/index.php\/wp-json\/wp\/v2\/product\/2979"}],"collection":[{"href":"https:\/\/aquacord.com.co\/index.php\/wp-json\/wp\/v2\/product"}],"about":[{"href":"https:\/\/aquacord.com.co\/index.php\/wp-json\/wp\/v2\/types\/product"}],"replies":[{"embeddable":true,"href":"https:\/\/aquacord.com.co\/index.php\/wp-json\/wp\/v2\/comments?post=2979"}],"version-history":[{"count":2,"href":"https:\/\/aquacord.com.co\/index.php\/wp-json\/wp\/v2\/product\/2979\/revisions"}],"predecessor-version":[{"id":5665,"href":"https:\/\/aquacord.com.co\/index.php\/wp-json\/wp\/v2\/product\/2979\/revisions\/5665"}],"wp:featuredmedia":[{"embeddable":true,"href":"https:\/\/aquacord.com.co\/index.php\/wp-json\/wp\/v2\/media\/2999"}],"wp:attachment":[{"href":"https:\/\/aquacord.com.co\/index.php\/wp-json\/wp\/v2\/media?parent=2979"}],"wp:term":[{"taxonomy":"product_cat","embeddable":true,"href":"https:\/\/aquacord.com.co\/index.php\/wp-json\/wp\/v2\/product_cat?post=2979"},{"taxonomy":"product_tag","embeddable":true,"href":"https:\/\/aquacord.com.co\/index.php\/wp-json\/wp\/v2\/product_tag?post=2979"}],"curies":[{"name":"wp","href":"https:\/\/api.w.org\/{rel}","templated":true}]}}