{"id":2989,"date":"2023-04-03T15:11:23","date_gmt":"2023-04-03T15:11:23","guid":{"rendered":"https:\/\/aquacord.com.co\/?post_type=product&#038;p=2989"},"modified":"2023-04-24T15:39:50","modified_gmt":"2023-04-24T15:39:50","slug":"env-pet-bala-120cc-bomb-spray","status":"publish","type":"product","link":"https:\/\/aquacord.com.co\/index.php\/product\/env-pet-bala-120cc-bomb-spray\/","title":{"rendered":"ENVASE PET BALA 120CC BOMB SPRAY"},"content":{"rendered":"<p>Se considera envase todo producto fabricado con materiales de cualquier naturaleza y que se utilice para\u00a0<b>contener, proteger, manipular, distribuir y presentar mercanc\u00edas<\/b>, desde materias primas hasta art\u00edculos acabados, en cualquier fase de la cadena de fabricaci\u00f3n, distribuci\u00f3n y consumo.<\/p>\n","protected":false},"excerpt":{"rendered":"<p>Se considera envase todo producto fabricado con materiales de cualquier naturaleza y que se utilice para\u00a0contener, proteger, manipular, distribuir y presentar mercanc\u00edas, desde materias primas hasta art\u00edculos acabados, en cualquier fase de la cadena de fabricaci\u00f3n, distribuci\u00f3n y consumo.<\/p>\n","protected":false},"featured_media":3002,"comment_status":"open","ping_status":"closed","template":"","meta":{"site-sidebar-layout":"default","site-content-layout":"default","ast-global-header-display":"","ast-main-header-display":"","ast-hfb-above-header-display":"","ast-hfb-below-header-display":"","ast-hfb-mobile-header-display":"","site-post-title":"","ast-breadcrumbs-content":"","ast-featured-img":"","footer-sml-layout":"","theme-transparent-header-meta":"default","adv-header-id-meta":"","stick-header-meta":"","header-above-stick-meta":"","header-main-stick-meta":"","header-below-stick-meta":""},"product_cat":[18,42],"product_tag":[],"yoast_head":"<!-- This site is optimized with the Yoast SEO plugin v20.1 - https:\/\/yoast.com\/wordpress\/plugins\/seo\/ -->\n<title>ENVASE PET BALA 120CC BOMB SPRAY -<\/title>\n<meta name=\"description\" content=\"ENVASE, Se considera envase todo producto fabricado con materiales de cualquier naturaleza y que se utilice para\u00a0contener, proteger\" \/>\n<meta name=\"robots\" content=\"index, follow, max-snippet:-1, max-image-preview:large, max-video-preview:-1\" \/>\n<link rel=\"canonical\" href=\"https:\/\/aquacord.com.co\/index.php\/product\/env-pet-bala-120cc-bomb-spray\/\" \/>\n<meta property=\"og:locale\" content=\"es_ES\" \/>\n<meta property=\"og:type\" content=\"article\" \/>\n<meta property=\"og:title\" content=\"ENVASE PET BALA 120CC BOMB SPRAY -\" \/>\n<meta property=\"og:description\" content=\"ENVASE, Se considera envase todo producto fabricado con materiales de cualquier naturaleza y que se utilice para\u00a0contener, proteger\" \/>\n<meta property=\"og:url\" content=\"https:\/\/aquacord.com.co\/index.php\/product\/env-pet-bala-120cc-bomb-spray\/\" \/>\n<meta property=\"article:modified_time\" content=\"2023-04-24T15:39:50+00:00\" \/>\n<meta property=\"og:image\" content=\"https:\/\/aquacord.com.co\/wp-content\/uploads\/2023\/04\/Captura-de-pantalla-2023-04-03-111301.png\" \/>\n\t<meta property=\"og:image:width\" content=\"485\" \/>\n\t<meta property=\"og:image:height\" content=\"508\" \/>\n\t<meta property=\"og:image:type\" content=\"image\/png\" \/>\n<meta name=\"twitter:card\" content=\"summary_large_image\" \/>\n<meta name=\"twitter:label1\" content=\"Tiempo estimado de lectura\" \/>\n\t<meta name=\"twitter:data1\" content=\"1 minuto\" \/>\n<script type=\"application\/ld+json\" class=\"yoast-schema-graph\">{\"@context\":\"https:\/\/schema.org\",\"@graph\":[{\"@type\":\"WebPage\",\"@id\":\"https:\/\/aquacord.com.co\/index.php\/product\/env-pet-bala-120cc-bomb-spray\/\",\"url\":\"https:\/\/aquacord.com.co\/index.php\/product\/env-pet-bala-120cc-bomb-spray\/\",\"name\":\"ENVASE PET BALA 120CC BOMB SPRAY -\",\"isPartOf\":{\"@id\":\"https:\/\/aquacord.com.co\/#website\"},\"datePublished\":\"2023-04-03T15:11:23+00:00\",\"dateModified\":\"2023-04-24T15:39:50+00:00\",\"description\":\"ENVASE, Se considera envase todo producto fabricado con materiales de cualquier naturaleza y que se utilice para\u00a0contener, proteger\",\"breadcrumb\":{\"@id\":\"https:\/\/aquacord.com.co\/index.php\/product\/env-pet-bala-120cc-bomb-spray\/#breadcrumb\"},\"inLanguage\":\"es-CO\",\"potentialAction\":[{\"@type\":\"ReadAction\",\"target\":[\"https:\/\/aquacord.com.co\/index.php\/product\/env-pet-bala-120cc-bomb-spray\/\"]}]},{\"@type\":\"BreadcrumbList\",\"@id\":\"https:\/\/aquacord.com.co\/index.php\/product\/env-pet-bala-120cc-bomb-spray\/#breadcrumb\",\"itemListElement\":[{\"@type\":\"ListItem\",\"position\":1,\"name\":\"Inicio\",\"item\":\"https:\/\/aquacord.com.co\/\"},{\"@type\":\"ListItem\",\"position\":2,\"name\":\"Tienda\",\"item\":\"https:\/\/aquacord.com.co\/index.php\/tienda\/\"},{\"@type\":\"ListItem\",\"position\":3,\"name\":\"ENVASE PET BALA 120CC BOMB SPRAY\"}]},{\"@type\":\"WebSite\",\"@id\":\"https:\/\/aquacord.com.co\/#website\",\"url\":\"https:\/\/aquacord.com.co\/\",\"name\":\"\",\"description\":\"Todo lo relacionado en productos qu\u00edmicos, accesorios, equipos para piscinas y el aseo de tu hogar e empresas\",\"potentialAction\":[{\"@type\":\"SearchAction\",\"target\":{\"@type\":\"EntryPoint\",\"urlTemplate\":\"https:\/\/aquacord.com.co\/?s={search_term_string}\"},\"query-input\":\"required name=search_term_string\"}],\"inLanguage\":\"es-CO\"}]}<\/script>\n<!-- \/ Yoast SEO plugin. -->","yoast_head_json":{"title":"ENVASE PET BALA 120CC BOMB SPRAY -","description":"ENVASE, Se considera envase todo producto fabricado con materiales de cualquier naturaleza y que se utilice para\u00a0contener, proteger","robots":{"index":"index","follow":"follow","max-snippet":"max-snippet:-1","max-image-preview":"max-image-preview:large","max-video-preview":"max-video-preview:-1"},"canonical":"https:\/\/aquacord.com.co\/index.php\/product\/env-pet-bala-120cc-bomb-spray\/","og_locale":"es_ES","og_type":"article","og_title":"ENVASE PET BALA 120CC BOMB SPRAY -","og_description":"ENVASE, Se considera envase todo producto fabricado con materiales de cualquier naturaleza y que se utilice para\u00a0contener, proteger","og_url":"https:\/\/aquacord.com.co\/index.php\/product\/env-pet-bala-120cc-bomb-spray\/","article_modified_time":"2023-04-24T15:39:50+00:00","og_image":[{"width":485,"height":508,"url":"https:\/\/aquacord.com.co\/wp-content\/uploads\/2023\/04\/Captura-de-pantalla-2023-04-03-111301.png","type":"image\/png"}],"twitter_card":"summary_large_image","twitter_misc":{"Tiempo estimado de lectura":"1 minuto"},"schema":{"@context":"https:\/\/schema.org","@graph":[{"@type":"WebPage","@id":"https:\/\/aquacord.com.co\/index.php\/product\/env-pet-bala-120cc-bomb-spray\/","url":"https:\/\/aquacord.com.co\/index.php\/product\/env-pet-bala-120cc-bomb-spray\/","name":"ENVASE PET BALA 120CC BOMB SPRAY -","isPartOf":{"@id":"https:\/\/aquacord.com.co\/#website"},"datePublished":"2023-04-03T15:11:23+00:00","dateModified":"2023-04-24T15:39:50+00:00","description":"ENVASE, Se considera envase todo producto fabricado con materiales de cualquier naturaleza y que se utilice para\u00a0contener, proteger","breadcrumb":{"@id":"https:\/\/aquacord.com.co\/index.php\/product\/env-pet-bala-120cc-bomb-spray\/#breadcrumb"},"inLanguage":"es-CO","potentialAction":[{"@type":"ReadAction","target":["https:\/\/aquacord.com.co\/index.php\/product\/env-pet-bala-120cc-bomb-spray\/"]}]},{"@type":"BreadcrumbList","@id":"https:\/\/aquacord.com.co\/index.php\/product\/env-pet-bala-120cc-bomb-spray\/#breadcrumb","itemListElement":[{"@type":"ListItem","position":1,"name":"Inicio","item":"https:\/\/aquacord.com.co\/"},{"@type":"ListItem","position":2,"name":"Tienda","item":"https:\/\/aquacord.com.co\/index.php\/tienda\/"},{"@type":"ListItem","position":3,"name":"ENVASE PET BALA 120CC BOMB SPRAY"}]},{"@type":"WebSite","@id":"https:\/\/aquacord.com.co\/#website","url":"https:\/\/aquacord.com.co\/","name":"","description":"Todo lo relacionado en productos qu\u00edmicos, accesorios, equipos para piscinas y el aseo de tu hogar e empresas","potentialAction":[{"@type":"SearchAction","target":{"@type":"EntryPoint","urlTemplate":"https:\/\/aquacord.com.co\/?s={search_term_string}"},"query-input":"required name=search_term_string"}],"inLanguage":"es-CO"}]}},"_links":{"self":[{"href":"https:\/\/aquacord.com.co\/index.php\/wp-json\/wp\/v2\/product\/2989"}],"collection":[{"href":"https:\/\/aquacord.com.co\/index.php\/wp-json\/wp\/v2\/product"}],"about":[{"href":"https:\/\/aquacord.com.co\/index.php\/wp-json\/wp\/v2\/types\/product"}],"replies":[{"embeddable":true,"href":"https:\/\/aquacord.com.co\/index.php\/wp-json\/wp\/v2\/comments?post=2989"}],"version-history":[{"count":0,"href":"https:\/\/aquacord.com.co\/index.php\/wp-json\/wp\/v2\/product\/2989\/revisions"}],"wp:featuredmedia":[{"embeddable":true,"href":"https:\/\/aquacord.com.co\/index.php\/wp-json\/wp\/v2\/media\/3002"}],"wp:attachment":[{"href":"https:\/\/aquacord.com.co\/index.php\/wp-json\/wp\/v2\/media?parent=2989"}],"wp:term":[{"taxonomy":"product_cat","embeddable":true,"href":"https:\/\/aquacord.com.co\/index.php\/wp-json\/wp\/v2\/product_cat?post=2989"},{"taxonomy":"product_tag","embeddable":true,"href":"https:\/\/aquacord.com.co\/index.php\/wp-json\/wp\/v2\/product_tag?post=2989"}],"curies":[{"name":"wp","href":"https:\/\/api.w.org\/{rel}","templated":true}]}}