{"id":3041,"date":"2023-04-04T20:21:56","date_gmt":"2023-04-04T20:21:56","guid":{"rendered":"https:\/\/aquacord.com.co\/?post_type=product&#038;p=3041"},"modified":"2024-09-09T13:46:34","modified_gmt":"2024-09-09T13:46:34","slug":"punto-ecologico-55lts-nueva-norma","status":"publish","type":"product","link":"https:\/\/aquacord.com.co\/index.php\/product\/punto-ecologico-55lts-nueva-norma\/","title":{"rendered":"PUNTO ECOLOGICO 55LTS NUEVA NORMA"},"content":{"rendered":"<p>Un &#8220;punto ecol\u00f3gico&#8221; consiste en una zona especial claramente demarcada y se\u00f1alizada, compuesta por 2, 3 o 4 recipientes cuyo tama\u00f1o ser\u00e1n de libre determinaci\u00f3n acorde al tipo de establecimiento comercial, institucional, educativo, cultural, deportivo o recreativo, al n\u00famero de usuarios que los frecuentan, cantidad de visitantes y por supuesto cantidad de residuos s\u00f3lidos generados en su interior, producto de su actividad y raz\u00f3n social.<\/p>\n","protected":false},"excerpt":{"rendered":"<p>Un &#8220;punto ecol\u00f3gico&#8221; consiste en una zona especial claramente demarcada y se\u00f1alizada, compuesta por 2, 3 o 4 recipientes cuyo tama\u00f1o ser\u00e1n de libre determinaci\u00f3n acorde al tipo de establecimiento comercial, institucional, educativo, cultural, deportivo o recreativo, al n\u00famero de usuarios que los frecuentan, cantidad de visitantes y por supuesto cantidad de residuos s\u00f3lidos generados &hellip;<\/p>\n<p class=\"read-more\"> <a class=\"\" href=\"https:\/\/aquacord.com.co\/index.php\/product\/punto-ecologico-55lts-nueva-norma\/\"> <span class=\"screen-reader-text\">PUNTO ECOLOGICO 55LTS NUEVA NORMA<\/span> Leer m\u00e1s &raquo;<\/a><\/p>\n","protected":false},"featured_media":3042,"comment_status":"open","ping_status":"closed","template":"","meta":{"site-sidebar-layout":"default","site-content-layout":"default","ast-global-header-display":"","ast-main-header-display":"","ast-hfb-above-header-display":"","ast-hfb-below-header-display":"","ast-hfb-mobile-header-display":"","site-post-title":"","ast-breadcrumbs-content":"","ast-featured-img":"","footer-sml-layout":"","theme-transparent-header-meta":"default","adv-header-id-meta":"","stick-header-meta":"","header-above-stick-meta":"","header-main-stick-meta":"","header-below-stick-meta":""},"product_cat":[18,35],"product_tag":[],"yoast_head":"<!-- This site is optimized with the Yoast SEO plugin v20.1 - https:\/\/yoast.com\/wordpress\/plugins\/seo\/ -->\n<title>PUNTO ECOLOGICO 55LTS NUEVA NORMA -<\/title>\n<meta name=\"description\" content=\"PUNTO ECOLOGICO consiste en una zona especial claramente demarcada y se\u00f1alizada, compuesta por 2, 3 o 4 recipientes cuyo tama\u00f1o ser\u00e1n de libre determinaci\u00f3n acorde al tipo de establecimiento comercial, institucional, educativo, cultural, deportivo o recreativo, al n\u00famero de usuarios que los frecuentan, cantidad de visitantes y por supuesto cantidad de residuos s\u00f3lidos generados en su interior, producto de su actividad y raz\u00f3n social.\" \/>\n<meta name=\"robots\" content=\"index, follow, max-snippet:-1, max-image-preview:large, max-video-preview:-1\" \/>\n<link rel=\"canonical\" href=\"https:\/\/aquacord.com.co\/index.php\/product\/punto-ecologico-55lts-nueva-norma\/\" \/>\n<meta property=\"og:locale\" content=\"es_ES\" \/>\n<meta property=\"og:type\" content=\"article\" \/>\n<meta property=\"og:title\" content=\"PUNTO ECOLOGICO 55LTS NUEVA NORMA -\" \/>\n<meta property=\"og:description\" content=\"PUNTO ECOLOGICO consiste en una zona especial claramente demarcada y se\u00f1alizada, compuesta por 2, 3 o 4 recipientes cuyo tama\u00f1o ser\u00e1n de libre determinaci\u00f3n acorde al tipo de establecimiento comercial, institucional, educativo, cultural, deportivo o recreativo, al n\u00famero de usuarios que los frecuentan, cantidad de visitantes y por supuesto cantidad de residuos s\u00f3lidos generados en su interior, producto de su actividad y raz\u00f3n social.\" \/>\n<meta property=\"og:url\" content=\"https:\/\/aquacord.com.co\/index.php\/product\/punto-ecologico-55lts-nueva-norma\/\" \/>\n<meta property=\"article:modified_time\" content=\"2024-09-09T13:46:34+00:00\" \/>\n<meta property=\"og:image\" content=\"https:\/\/aquacord.com.co\/wp-content\/uploads\/2023\/04\/D_NQ_NP_959974-MCO45227359222_032021-O.webp\" \/>\n\t<meta property=\"og:image:width\" content=\"474\" \/>\n\t<meta property=\"og:image:height\" content=\"500\" \/>\n\t<meta property=\"og:image:type\" content=\"image\/webp\" \/>\n<meta name=\"twitter:card\" content=\"summary_large_image\" \/>\n<meta name=\"twitter:label1\" content=\"Tiempo estimado de lectura\" \/>\n\t<meta name=\"twitter:data1\" content=\"1 minuto\" \/>\n<script type=\"application\/ld+json\" class=\"yoast-schema-graph\">{\"@context\":\"https:\/\/schema.org\",\"@graph\":[{\"@type\":\"WebPage\",\"@id\":\"https:\/\/aquacord.com.co\/index.php\/product\/punto-ecologico-55lts-nueva-norma\/\",\"url\":\"https:\/\/aquacord.com.co\/index.php\/product\/punto-ecologico-55lts-nueva-norma\/\",\"name\":\"PUNTO ECOLOGICO 55LTS NUEVA NORMA -\",\"isPartOf\":{\"@id\":\"https:\/\/aquacord.com.co\/#website\"},\"datePublished\":\"2023-04-04T20:21:56+00:00\",\"dateModified\":\"2024-09-09T13:46:34+00:00\",\"description\":\"PUNTO ECOLOGICO consiste en una zona especial claramente demarcada y se\u00f1alizada, compuesta por 2, 3 o 4 recipientes cuyo tama\u00f1o ser\u00e1n de libre determinaci\u00f3n acorde al tipo de establecimiento comercial, institucional, educativo, cultural, deportivo o recreativo, al n\u00famero de usuarios que los frecuentan, cantidad de visitantes y por supuesto cantidad de residuos s\u00f3lidos generados en su interior, producto de su actividad y raz\u00f3n social.\",\"breadcrumb\":{\"@id\":\"https:\/\/aquacord.com.co\/index.php\/product\/punto-ecologico-55lts-nueva-norma\/#breadcrumb\"},\"inLanguage\":\"es-CO\",\"potentialAction\":[{\"@type\":\"ReadAction\",\"target\":[\"https:\/\/aquacord.com.co\/index.php\/product\/punto-ecologico-55lts-nueva-norma\/\"]}]},{\"@type\":\"BreadcrumbList\",\"@id\":\"https:\/\/aquacord.com.co\/index.php\/product\/punto-ecologico-55lts-nueva-norma\/#breadcrumb\",\"itemListElement\":[{\"@type\":\"ListItem\",\"position\":1,\"name\":\"Inicio\",\"item\":\"https:\/\/aquacord.com.co\/\"},{\"@type\":\"ListItem\",\"position\":2,\"name\":\"Tienda\",\"item\":\"https:\/\/aquacord.com.co\/index.php\/tienda\/\"},{\"@type\":\"ListItem\",\"position\":3,\"name\":\"PUNTO ECOLOGICO 55LTS NUEVA NORMA\"}]},{\"@type\":\"WebSite\",\"@id\":\"https:\/\/aquacord.com.co\/#website\",\"url\":\"https:\/\/aquacord.com.co\/\",\"name\":\"\",\"description\":\"Todo lo relacionado en productos qu\u00edmicos, accesorios, equipos para piscinas y el aseo de tu hogar e empresas\",\"potentialAction\":[{\"@type\":\"SearchAction\",\"target\":{\"@type\":\"EntryPoint\",\"urlTemplate\":\"https:\/\/aquacord.com.co\/?s={search_term_string}\"},\"query-input\":\"required name=search_term_string\"}],\"inLanguage\":\"es-CO\"}]}<\/script>\n<!-- \/ Yoast SEO plugin. -->","yoast_head_json":{"title":"PUNTO ECOLOGICO 55LTS NUEVA NORMA -","description":"PUNTO ECOLOGICO consiste en una zona especial claramente demarcada y se\u00f1alizada, compuesta por 2, 3 o 4 recipientes cuyo tama\u00f1o ser\u00e1n de libre determinaci\u00f3n acorde al tipo de establecimiento comercial, institucional, educativo, cultural, deportivo o recreativo, al n\u00famero de usuarios que los frecuentan, cantidad de visitantes y por supuesto cantidad de residuos s\u00f3lidos generados en su interior, producto de su actividad y raz\u00f3n social.","robots":{"index":"index","follow":"follow","max-snippet":"max-snippet:-1","max-image-preview":"max-image-preview:large","max-video-preview":"max-video-preview:-1"},"canonical":"https:\/\/aquacord.com.co\/index.php\/product\/punto-ecologico-55lts-nueva-norma\/","og_locale":"es_ES","og_type":"article","og_title":"PUNTO ECOLOGICO 55LTS NUEVA NORMA -","og_description":"PUNTO ECOLOGICO consiste en una zona especial claramente demarcada y se\u00f1alizada, compuesta por 2, 3 o 4 recipientes cuyo tama\u00f1o ser\u00e1n de libre determinaci\u00f3n acorde al tipo de establecimiento comercial, institucional, educativo, cultural, deportivo o recreativo, al n\u00famero de usuarios que los frecuentan, cantidad de visitantes y por supuesto cantidad de residuos s\u00f3lidos generados en su interior, producto de su actividad y raz\u00f3n social.","og_url":"https:\/\/aquacord.com.co\/index.php\/product\/punto-ecologico-55lts-nueva-norma\/","article_modified_time":"2024-09-09T13:46:34+00:00","og_image":[{"width":474,"height":500,"url":"https:\/\/aquacord.com.co\/wp-content\/uploads\/2023\/04\/D_NQ_NP_959974-MCO45227359222_032021-O.webp","type":"image\/webp"}],"twitter_card":"summary_large_image","twitter_misc":{"Tiempo estimado de lectura":"1 minuto"},"schema":{"@context":"https:\/\/schema.org","@graph":[{"@type":"WebPage","@id":"https:\/\/aquacord.com.co\/index.php\/product\/punto-ecologico-55lts-nueva-norma\/","url":"https:\/\/aquacord.com.co\/index.php\/product\/punto-ecologico-55lts-nueva-norma\/","name":"PUNTO ECOLOGICO 55LTS NUEVA NORMA -","isPartOf":{"@id":"https:\/\/aquacord.com.co\/#website"},"datePublished":"2023-04-04T20:21:56+00:00","dateModified":"2024-09-09T13:46:34+00:00","description":"PUNTO ECOLOGICO consiste en una zona especial claramente demarcada y se\u00f1alizada, compuesta por 2, 3 o 4 recipientes cuyo tama\u00f1o ser\u00e1n de libre determinaci\u00f3n acorde al tipo de establecimiento comercial, institucional, educativo, cultural, deportivo o recreativo, al n\u00famero de usuarios que los frecuentan, cantidad de visitantes y por supuesto cantidad de residuos s\u00f3lidos generados en su interior, producto de su actividad y raz\u00f3n social.","breadcrumb":{"@id":"https:\/\/aquacord.com.co\/index.php\/product\/punto-ecologico-55lts-nueva-norma\/#breadcrumb"},"inLanguage":"es-CO","potentialAction":[{"@type":"ReadAction","target":["https:\/\/aquacord.com.co\/index.php\/product\/punto-ecologico-55lts-nueva-norma\/"]}]},{"@type":"BreadcrumbList","@id":"https:\/\/aquacord.com.co\/index.php\/product\/punto-ecologico-55lts-nueva-norma\/#breadcrumb","itemListElement":[{"@type":"ListItem","position":1,"name":"Inicio","item":"https:\/\/aquacord.com.co\/"},{"@type":"ListItem","position":2,"name":"Tienda","item":"https:\/\/aquacord.com.co\/index.php\/tienda\/"},{"@type":"ListItem","position":3,"name":"PUNTO ECOLOGICO 55LTS NUEVA NORMA"}]},{"@type":"WebSite","@id":"https:\/\/aquacord.com.co\/#website","url":"https:\/\/aquacord.com.co\/","name":"","description":"Todo lo relacionado en productos qu\u00edmicos, accesorios, equipos para piscinas y el aseo de tu hogar e empresas","potentialAction":[{"@type":"SearchAction","target":{"@type":"EntryPoint","urlTemplate":"https:\/\/aquacord.com.co\/?s={search_term_string}"},"query-input":"required name=search_term_string"}],"inLanguage":"es-CO"}]}},"_links":{"self":[{"href":"https:\/\/aquacord.com.co\/index.php\/wp-json\/wp\/v2\/product\/3041"}],"collection":[{"href":"https:\/\/aquacord.com.co\/index.php\/wp-json\/wp\/v2\/product"}],"about":[{"href":"https:\/\/aquacord.com.co\/index.php\/wp-json\/wp\/v2\/types\/product"}],"replies":[{"embeddable":true,"href":"https:\/\/aquacord.com.co\/index.php\/wp-json\/wp\/v2\/comments?post=3041"}],"version-history":[{"count":2,"href":"https:\/\/aquacord.com.co\/index.php\/wp-json\/wp\/v2\/product\/3041\/revisions"}],"predecessor-version":[{"id":5072,"href":"https:\/\/aquacord.com.co\/index.php\/wp-json\/wp\/v2\/product\/3041\/revisions\/5072"}],"wp:featuredmedia":[{"embeddable":true,"href":"https:\/\/aquacord.com.co\/index.php\/wp-json\/wp\/v2\/media\/3042"}],"wp:attachment":[{"href":"https:\/\/aquacord.com.co\/index.php\/wp-json\/wp\/v2\/media?parent=3041"}],"wp:term":[{"taxonomy":"product_cat","embeddable":true,"href":"https:\/\/aquacord.com.co\/index.php\/wp-json\/wp\/v2\/product_cat?post=3041"},{"taxonomy":"product_tag","embeddable":true,"href":"https:\/\/aquacord.com.co\/index.php\/wp-json\/wp\/v2\/product_tag?post=3041"}],"curies":[{"name":"wp","href":"https:\/\/api.w.org\/{rel}","templated":true}]}}