{"id":3068,"date":"2023-04-05T20:14:25","date_gmt":"2023-04-05T20:14:25","guid":{"rendered":"https:\/\/aquacord.com.co\/?post_type=product&#038;p=3068"},"modified":"2023-05-15T20:06:07","modified_gmt":"2023-05-15T20:06:07","slug":"asesponja-kit-x-2","status":"publish","type":"product","link":"https:\/\/aquacord.com.co\/index.php\/product\/asesponja-kit-x-2\/","title":{"rendered":"ASESPONJA KIT X 2"},"content":{"rendered":"<p>es una esponja m\u00e1gica abrasiva y completa, de limpieza efectiva que se utiliza para remover manchas y marcas de diversas superficies duras y lavables como paredes, solo utilizando agua.<\/p>\n<p>USO: usar en ba\u00f1os y ba\u00f1eras, microondas, pisos, accesorios met\u00e1licos y mucho mas.<\/p>\n","protected":false},"excerpt":{"rendered":"<p>es una esponja m\u00e1gica abrasiva y completa, de limpieza efectiva que se utiliza para remover manchas y marcas de diversas superficies duras y lavables como paredes, solo utilizando agua. USO: usar en ba\u00f1os y ba\u00f1eras, microondas, pisos, accesorios met\u00e1licos y mucho mas.<\/p>\n","protected":false},"featured_media":3069,"comment_status":"open","ping_status":"closed","template":"","meta":{"site-sidebar-layout":"default","site-content-layout":"default","ast-global-header-display":"","ast-main-header-display":"","ast-hfb-above-header-display":"","ast-hfb-below-header-display":"","ast-hfb-mobile-header-display":"","site-post-title":"","ast-breadcrumbs-content":"","ast-featured-img":"","footer-sml-layout":"","theme-transparent-header-meta":"default","adv-header-id-meta":"","stick-header-meta":"","header-above-stick-meta":"","header-main-stick-meta":"","header-below-stick-meta":""},"product_cat":[20,30],"product_tag":[],"yoast_head":"<!-- This site is optimized with the Yoast SEO plugin v20.1 - https:\/\/yoast.com\/wordpress\/plugins\/seo\/ -->\n<title>ASESPONJA KIT X 2 -<\/title>\n<meta name=\"description\" content=\"ASESPONJA es m\u00e1gica abrasiva y completa, de limpieza efectiva que se utiliza para remover manchas y marcas de diversas superficies duras y lavables\" \/>\n<meta name=\"robots\" content=\"index, follow, max-snippet:-1, max-image-preview:large, max-video-preview:-1\" \/>\n<link rel=\"canonical\" href=\"https:\/\/aquacord.com.co\/index.php\/product\/asesponja-kit-x-2\/\" \/>\n<meta property=\"og:locale\" content=\"es_ES\" \/>\n<meta property=\"og:type\" content=\"article\" \/>\n<meta property=\"og:title\" content=\"ASESPONJA KIT X 2 -\" \/>\n<meta property=\"og:description\" content=\"ASESPONJA es m\u00e1gica abrasiva y completa, de limpieza efectiva que se utiliza para remover manchas y marcas de diversas superficies duras y lavables\" \/>\n<meta property=\"og:url\" content=\"https:\/\/aquacord.com.co\/index.php\/product\/asesponja-kit-x-2\/\" \/>\n<meta property=\"article:modified_time\" content=\"2023-05-15T20:06:07+00:00\" \/>\n<meta property=\"og:image\" content=\"https:\/\/aquacord.com.co\/wp-content\/uploads\/2023\/04\/1_20-1024x683.png\" \/>\n\t<meta property=\"og:image:width\" content=\"1024\" \/>\n\t<meta property=\"og:image:height\" content=\"683\" \/>\n\t<meta property=\"og:image:type\" content=\"image\/png\" \/>\n<meta name=\"twitter:card\" content=\"summary_large_image\" \/>\n<meta name=\"twitter:label1\" content=\"Tiempo estimado de lectura\" \/>\n\t<meta name=\"twitter:data1\" content=\"1 minuto\" \/>\n<script type=\"application\/ld+json\" class=\"yoast-schema-graph\">{\"@context\":\"https:\/\/schema.org\",\"@graph\":[{\"@type\":\"WebPage\",\"@id\":\"https:\/\/aquacord.com.co\/index.php\/product\/asesponja-kit-x-2\/\",\"url\":\"https:\/\/aquacord.com.co\/index.php\/product\/asesponja-kit-x-2\/\",\"name\":\"ASESPONJA KIT X 2 -\",\"isPartOf\":{\"@id\":\"https:\/\/aquacord.com.co\/#website\"},\"datePublished\":\"2023-04-05T20:14:25+00:00\",\"dateModified\":\"2023-05-15T20:06:07+00:00\",\"description\":\"ASESPONJA es m\u00e1gica abrasiva y completa, de limpieza efectiva que se utiliza para remover manchas y marcas de diversas superficies duras y lavables\",\"breadcrumb\":{\"@id\":\"https:\/\/aquacord.com.co\/index.php\/product\/asesponja-kit-x-2\/#breadcrumb\"},\"inLanguage\":\"es-CO\",\"potentialAction\":[{\"@type\":\"ReadAction\",\"target\":[\"https:\/\/aquacord.com.co\/index.php\/product\/asesponja-kit-x-2\/\"]}]},{\"@type\":\"BreadcrumbList\",\"@id\":\"https:\/\/aquacord.com.co\/index.php\/product\/asesponja-kit-x-2\/#breadcrumb\",\"itemListElement\":[{\"@type\":\"ListItem\",\"position\":1,\"name\":\"Inicio\",\"item\":\"https:\/\/aquacord.com.co\/\"},{\"@type\":\"ListItem\",\"position\":2,\"name\":\"Tienda\",\"item\":\"https:\/\/aquacord.com.co\/index.php\/tienda\/\"},{\"@type\":\"ListItem\",\"position\":3,\"name\":\"ASESPONJA KIT X 2\"}]},{\"@type\":\"WebSite\",\"@id\":\"https:\/\/aquacord.com.co\/#website\",\"url\":\"https:\/\/aquacord.com.co\/\",\"name\":\"\",\"description\":\"Todo lo relacionado en productos qu\u00edmicos, accesorios, equipos para piscinas y el aseo de tu hogar e empresas\",\"potentialAction\":[{\"@type\":\"SearchAction\",\"target\":{\"@type\":\"EntryPoint\",\"urlTemplate\":\"https:\/\/aquacord.com.co\/?s={search_term_string}\"},\"query-input\":\"required name=search_term_string\"}],\"inLanguage\":\"es-CO\"}]}<\/script>\n<!-- \/ Yoast SEO plugin. -->","yoast_head_json":{"title":"ASESPONJA KIT X 2 -","description":"ASESPONJA es m\u00e1gica abrasiva y completa, de limpieza efectiva que se utiliza para remover manchas y marcas de diversas superficies duras y lavables","robots":{"index":"index","follow":"follow","max-snippet":"max-snippet:-1","max-image-preview":"max-image-preview:large","max-video-preview":"max-video-preview:-1"},"canonical":"https:\/\/aquacord.com.co\/index.php\/product\/asesponja-kit-x-2\/","og_locale":"es_ES","og_type":"article","og_title":"ASESPONJA KIT X 2 -","og_description":"ASESPONJA es m\u00e1gica abrasiva y completa, de limpieza efectiva que se utiliza para remover manchas y marcas de diversas superficies duras y lavables","og_url":"https:\/\/aquacord.com.co\/index.php\/product\/asesponja-kit-x-2\/","article_modified_time":"2023-05-15T20:06:07+00:00","og_image":[{"width":1024,"height":683,"url":"https:\/\/aquacord.com.co\/wp-content\/uploads\/2023\/04\/1_20-1024x683.png","type":"image\/png"}],"twitter_card":"summary_large_image","twitter_misc":{"Tiempo estimado de lectura":"1 minuto"},"schema":{"@context":"https:\/\/schema.org","@graph":[{"@type":"WebPage","@id":"https:\/\/aquacord.com.co\/index.php\/product\/asesponja-kit-x-2\/","url":"https:\/\/aquacord.com.co\/index.php\/product\/asesponja-kit-x-2\/","name":"ASESPONJA KIT X 2 -","isPartOf":{"@id":"https:\/\/aquacord.com.co\/#website"},"datePublished":"2023-04-05T20:14:25+00:00","dateModified":"2023-05-15T20:06:07+00:00","description":"ASESPONJA es m\u00e1gica abrasiva y completa, de limpieza efectiva que se utiliza para remover manchas y marcas de diversas superficies duras y lavables","breadcrumb":{"@id":"https:\/\/aquacord.com.co\/index.php\/product\/asesponja-kit-x-2\/#breadcrumb"},"inLanguage":"es-CO","potentialAction":[{"@type":"ReadAction","target":["https:\/\/aquacord.com.co\/index.php\/product\/asesponja-kit-x-2\/"]}]},{"@type":"BreadcrumbList","@id":"https:\/\/aquacord.com.co\/index.php\/product\/asesponja-kit-x-2\/#breadcrumb","itemListElement":[{"@type":"ListItem","position":1,"name":"Inicio","item":"https:\/\/aquacord.com.co\/"},{"@type":"ListItem","position":2,"name":"Tienda","item":"https:\/\/aquacord.com.co\/index.php\/tienda\/"},{"@type":"ListItem","position":3,"name":"ASESPONJA KIT X 2"}]},{"@type":"WebSite","@id":"https:\/\/aquacord.com.co\/#website","url":"https:\/\/aquacord.com.co\/","name":"","description":"Todo lo relacionado en productos qu\u00edmicos, accesorios, equipos para piscinas y el aseo de tu hogar e empresas","potentialAction":[{"@type":"SearchAction","target":{"@type":"EntryPoint","urlTemplate":"https:\/\/aquacord.com.co\/?s={search_term_string}"},"query-input":"required name=search_term_string"}],"inLanguage":"es-CO"}]}},"_links":{"self":[{"href":"https:\/\/aquacord.com.co\/index.php\/wp-json\/wp\/v2\/product\/3068"}],"collection":[{"href":"https:\/\/aquacord.com.co\/index.php\/wp-json\/wp\/v2\/product"}],"about":[{"href":"https:\/\/aquacord.com.co\/index.php\/wp-json\/wp\/v2\/types\/product"}],"replies":[{"embeddable":true,"href":"https:\/\/aquacord.com.co\/index.php\/wp-json\/wp\/v2\/comments?post=3068"}],"version-history":[{"count":1,"href":"https:\/\/aquacord.com.co\/index.php\/wp-json\/wp\/v2\/product\/3068\/revisions"}],"predecessor-version":[{"id":4141,"href":"https:\/\/aquacord.com.co\/index.php\/wp-json\/wp\/v2\/product\/3068\/revisions\/4141"}],"wp:featuredmedia":[{"embeddable":true,"href":"https:\/\/aquacord.com.co\/index.php\/wp-json\/wp\/v2\/media\/3069"}],"wp:attachment":[{"href":"https:\/\/aquacord.com.co\/index.php\/wp-json\/wp\/v2\/media?parent=3068"}],"wp:term":[{"taxonomy":"product_cat","embeddable":true,"href":"https:\/\/aquacord.com.co\/index.php\/wp-json\/wp\/v2\/product_cat?post=3068"},{"taxonomy":"product_tag","embeddable":true,"href":"https:\/\/aquacord.com.co\/index.php\/wp-json\/wp\/v2\/product_tag?post=3068"}],"curies":[{"name":"wp","href":"https:\/\/api.w.org\/{rel}","templated":true}]}}