{"id":3180,"date":"2023-04-12T14:26:07","date_gmt":"2023-04-12T14:26:07","guid":{"rendered":"https:\/\/aquacord.com.co\/?post_type=product&#038;p=3180"},"modified":"2024-09-06T17:33:24","modified_gmt":"2024-09-06T17:33:24","slug":"bonaire-gel-80-g-frutos-rojos-mora-silvesre","status":"publish","type":"product","link":"https:\/\/aquacord.com.co\/index.php\/product\/bonaire-gel-80-g-frutos-rojos-mora-silvesre\/","title":{"rendered":"BONAIRE GEL 80 G  FRUTOS ROJOS MORA SILVESRE"},"content":{"rendered":"<div class=\"jsx-3969330179 jsx-3762308956 row jsx-967453414\">\n<div>Bonaire ha sido dise\u00f1ado para\u00a0<b>ambientar espacios peque\u00f1os en su hogar u oficina como closets, ba\u00f1os, armarios y autom\u00f3viles<\/b>. Su formula en gel es compacta y no libera humedad.<\/div>\n<div class=\"jsx-3969330179 jsx-3762308956 title cell jsx-967453414\">Tipo<\/div>\n<div class=\"jsx-3969330179 jsx-3762308956 value cell jsx-967453414\">\n<div class=\"jsx-3969330179 jsx-3762308956\">Ambientadores gel<\/div>\n<\/div>\n<\/div>\n<div class=\"jsx-3969330179 jsx-3762308956 row jsx-967453414\">\n<div class=\"jsx-3969330179 jsx-3762308956 title cell jsx-967453414\">Contenido<\/div>\n<div class=\"jsx-3969330179 jsx-3762308956 value cell jsx-967453414\">\n<div class=\"jsx-3969330179 jsx-3762308956\">80gr<\/div>\n<\/div>\n<\/div>\n<div class=\"jsx-3969330179 jsx-3762308956 row jsx-967453414\">\n<div class=\"jsx-3969330179 jsx-3762308956 title cell jsx-967453414\">Aroma<\/div>\n<div class=\"jsx-3969330179 jsx-3762308956 value cell jsx-967453414\">\n<div class=\"jsx-3969330179 jsx-3762308956\">Frutos Rojos Mora Silvestre<\/div>\n<\/div>\n<\/div>\n","protected":false},"excerpt":{"rendered":"<p>Bonaire ha sido dise\u00f1ado para\u00a0ambientar espacios peque\u00f1os en su hogar u oficina como closets, ba\u00f1os, armarios y autom\u00f3viles. Su formula en gel es compacta y no libera humedad. Tipo Ambientadores gel Contenido 80gr Aroma Frutos Rojos Mora Silvestre<\/p>\n","protected":false},"featured_media":3181,"comment_status":"open","ping_status":"closed","template":"","meta":{"site-sidebar-layout":"default","site-content-layout":"default","ast-global-header-display":"","ast-main-header-display":"","ast-hfb-above-header-display":"","ast-hfb-below-header-display":"","ast-hfb-mobile-header-display":"","site-post-title":"","ast-breadcrumbs-content":"","ast-featured-img":"","footer-sml-layout":"","theme-transparent-header-meta":"default","adv-header-id-meta":"","stick-header-meta":"","header-above-stick-meta":"","header-main-stick-meta":"","header-below-stick-meta":""},"product_cat":[18,33],"product_tag":[],"yoast_head":"<!-- This site is optimized with the Yoast SEO plugin v20.1 - https:\/\/yoast.com\/wordpress\/plugins\/seo\/ -->\n<title>BONAIRE GEL 80 G FRUTOS ROJOS MORA SILVESRE -<\/title>\n<meta name=\"description\" content=\"BONAIRE GEL, Bonaire ha sido dise\u00f1ado para ambientar espacios peque\u00f1os en su hogar u oficina como closets, ba\u00f1os, armarios y autom\u00f3viles. Su formula\" \/>\n<meta name=\"robots\" content=\"index, follow, max-snippet:-1, max-image-preview:large, max-video-preview:-1\" \/>\n<link rel=\"canonical\" href=\"https:\/\/aquacord.com.co\/index.php\/product\/bonaire-gel-80-g-frutos-rojos-mora-silvesre\/\" \/>\n<meta property=\"og:locale\" content=\"es_ES\" \/>\n<meta property=\"og:type\" content=\"article\" \/>\n<meta property=\"og:title\" content=\"BONAIRE GEL 80 G FRUTOS ROJOS MORA SILVESRE -\" \/>\n<meta property=\"og:description\" content=\"BONAIRE GEL, Bonaire ha sido dise\u00f1ado para ambientar espacios peque\u00f1os en su hogar u oficina como closets, ba\u00f1os, armarios y autom\u00f3viles. Su formula\" \/>\n<meta property=\"og:url\" content=\"https:\/\/aquacord.com.co\/index.php\/product\/bonaire-gel-80-g-frutos-rojos-mora-silvesre\/\" \/>\n<meta property=\"article:modified_time\" content=\"2024-09-06T17:33:24+00:00\" \/>\n<meta property=\"og:image\" content=\"https:\/\/aquacord.com.co\/wp-content\/uploads\/2023\/04\/550730.jpg\" \/>\n\t<meta property=\"og:image:width\" content=\"420\" \/>\n\t<meta property=\"og:image:height\" content=\"420\" \/>\n\t<meta property=\"og:image:type\" content=\"image\/jpeg\" \/>\n<meta name=\"twitter:card\" content=\"summary_large_image\" \/>\n<meta name=\"twitter:label1\" content=\"Tiempo estimado de lectura\" \/>\n\t<meta name=\"twitter:data1\" content=\"1 minuto\" \/>\n<script type=\"application\/ld+json\" class=\"yoast-schema-graph\">{\"@context\":\"https:\/\/schema.org\",\"@graph\":[{\"@type\":\"WebPage\",\"@id\":\"https:\/\/aquacord.com.co\/index.php\/product\/bonaire-gel-80-g-frutos-rojos-mora-silvesre\/\",\"url\":\"https:\/\/aquacord.com.co\/index.php\/product\/bonaire-gel-80-g-frutos-rojos-mora-silvesre\/\",\"name\":\"BONAIRE GEL 80 G FRUTOS ROJOS MORA SILVESRE -\",\"isPartOf\":{\"@id\":\"https:\/\/aquacord.com.co\/#website\"},\"datePublished\":\"2023-04-12T14:26:07+00:00\",\"dateModified\":\"2024-09-06T17:33:24+00:00\",\"description\":\"BONAIRE GEL, Bonaire ha sido dise\u00f1ado para ambientar espacios peque\u00f1os en su hogar u oficina como closets, ba\u00f1os, armarios y autom\u00f3viles. Su formula\",\"breadcrumb\":{\"@id\":\"https:\/\/aquacord.com.co\/index.php\/product\/bonaire-gel-80-g-frutos-rojos-mora-silvesre\/#breadcrumb\"},\"inLanguage\":\"es-CO\",\"potentialAction\":[{\"@type\":\"ReadAction\",\"target\":[\"https:\/\/aquacord.com.co\/index.php\/product\/bonaire-gel-80-g-frutos-rojos-mora-silvesre\/\"]}]},{\"@type\":\"BreadcrumbList\",\"@id\":\"https:\/\/aquacord.com.co\/index.php\/product\/bonaire-gel-80-g-frutos-rojos-mora-silvesre\/#breadcrumb\",\"itemListElement\":[{\"@type\":\"ListItem\",\"position\":1,\"name\":\"Inicio\",\"item\":\"https:\/\/aquacord.com.co\/\"},{\"@type\":\"ListItem\",\"position\":2,\"name\":\"Tienda\",\"item\":\"https:\/\/aquacord.com.co\/index.php\/tienda\/\"},{\"@type\":\"ListItem\",\"position\":3,\"name\":\"BONAIRE GEL 80 G FRUTOS ROJOS MORA SILVESRE\"}]},{\"@type\":\"WebSite\",\"@id\":\"https:\/\/aquacord.com.co\/#website\",\"url\":\"https:\/\/aquacord.com.co\/\",\"name\":\"\",\"description\":\"Todo lo relacionado en productos qu\u00edmicos, accesorios, equipos para piscinas y el aseo de tu hogar e empresas\",\"potentialAction\":[{\"@type\":\"SearchAction\",\"target\":{\"@type\":\"EntryPoint\",\"urlTemplate\":\"https:\/\/aquacord.com.co\/?s={search_term_string}\"},\"query-input\":\"required name=search_term_string\"}],\"inLanguage\":\"es-CO\"}]}<\/script>\n<!-- \/ Yoast SEO plugin. -->","yoast_head_json":{"title":"BONAIRE GEL 80 G FRUTOS ROJOS MORA SILVESRE -","description":"BONAIRE GEL, Bonaire ha sido dise\u00f1ado para ambientar espacios peque\u00f1os en su hogar u oficina como closets, ba\u00f1os, armarios y autom\u00f3viles. Su formula","robots":{"index":"index","follow":"follow","max-snippet":"max-snippet:-1","max-image-preview":"max-image-preview:large","max-video-preview":"max-video-preview:-1"},"canonical":"https:\/\/aquacord.com.co\/index.php\/product\/bonaire-gel-80-g-frutos-rojos-mora-silvesre\/","og_locale":"es_ES","og_type":"article","og_title":"BONAIRE GEL 80 G FRUTOS ROJOS MORA SILVESRE -","og_description":"BONAIRE GEL, Bonaire ha sido dise\u00f1ado para ambientar espacios peque\u00f1os en su hogar u oficina como closets, ba\u00f1os, armarios y autom\u00f3viles. Su formula","og_url":"https:\/\/aquacord.com.co\/index.php\/product\/bonaire-gel-80-g-frutos-rojos-mora-silvesre\/","article_modified_time":"2024-09-06T17:33:24+00:00","og_image":[{"width":420,"height":420,"url":"https:\/\/aquacord.com.co\/wp-content\/uploads\/2023\/04\/550730.jpg","type":"image\/jpeg"}],"twitter_card":"summary_large_image","twitter_misc":{"Tiempo estimado de lectura":"1 minuto"},"schema":{"@context":"https:\/\/schema.org","@graph":[{"@type":"WebPage","@id":"https:\/\/aquacord.com.co\/index.php\/product\/bonaire-gel-80-g-frutos-rojos-mora-silvesre\/","url":"https:\/\/aquacord.com.co\/index.php\/product\/bonaire-gel-80-g-frutos-rojos-mora-silvesre\/","name":"BONAIRE GEL 80 G FRUTOS ROJOS MORA SILVESRE -","isPartOf":{"@id":"https:\/\/aquacord.com.co\/#website"},"datePublished":"2023-04-12T14:26:07+00:00","dateModified":"2024-09-06T17:33:24+00:00","description":"BONAIRE GEL, Bonaire ha sido dise\u00f1ado para ambientar espacios peque\u00f1os en su hogar u oficina como closets, ba\u00f1os, armarios y autom\u00f3viles. Su formula","breadcrumb":{"@id":"https:\/\/aquacord.com.co\/index.php\/product\/bonaire-gel-80-g-frutos-rojos-mora-silvesre\/#breadcrumb"},"inLanguage":"es-CO","potentialAction":[{"@type":"ReadAction","target":["https:\/\/aquacord.com.co\/index.php\/product\/bonaire-gel-80-g-frutos-rojos-mora-silvesre\/"]}]},{"@type":"BreadcrumbList","@id":"https:\/\/aquacord.com.co\/index.php\/product\/bonaire-gel-80-g-frutos-rojos-mora-silvesre\/#breadcrumb","itemListElement":[{"@type":"ListItem","position":1,"name":"Inicio","item":"https:\/\/aquacord.com.co\/"},{"@type":"ListItem","position":2,"name":"Tienda","item":"https:\/\/aquacord.com.co\/index.php\/tienda\/"},{"@type":"ListItem","position":3,"name":"BONAIRE GEL 80 G FRUTOS ROJOS MORA SILVESRE"}]},{"@type":"WebSite","@id":"https:\/\/aquacord.com.co\/#website","url":"https:\/\/aquacord.com.co\/","name":"","description":"Todo lo relacionado en productos qu\u00edmicos, accesorios, equipos para piscinas y el aseo de tu hogar e empresas","potentialAction":[{"@type":"SearchAction","target":{"@type":"EntryPoint","urlTemplate":"https:\/\/aquacord.com.co\/?s={search_term_string}"},"query-input":"required name=search_term_string"}],"inLanguage":"es-CO"}]}},"_links":{"self":[{"href":"https:\/\/aquacord.com.co\/index.php\/wp-json\/wp\/v2\/product\/3180"}],"collection":[{"href":"https:\/\/aquacord.com.co\/index.php\/wp-json\/wp\/v2\/product"}],"about":[{"href":"https:\/\/aquacord.com.co\/index.php\/wp-json\/wp\/v2\/types\/product"}],"replies":[{"embeddable":true,"href":"https:\/\/aquacord.com.co\/index.php\/wp-json\/wp\/v2\/comments?post=3180"}],"version-history":[{"count":2,"href":"https:\/\/aquacord.com.co\/index.php\/wp-json\/wp\/v2\/product\/3180\/revisions"}],"predecessor-version":[{"id":5039,"href":"https:\/\/aquacord.com.co\/index.php\/wp-json\/wp\/v2\/product\/3180\/revisions\/5039"}],"wp:featuredmedia":[{"embeddable":true,"href":"https:\/\/aquacord.com.co\/index.php\/wp-json\/wp\/v2\/media\/3181"}],"wp:attachment":[{"href":"https:\/\/aquacord.com.co\/index.php\/wp-json\/wp\/v2\/media?parent=3180"}],"wp:term":[{"taxonomy":"product_cat","embeddable":true,"href":"https:\/\/aquacord.com.co\/index.php\/wp-json\/wp\/v2\/product_cat?post=3180"},{"taxonomy":"product_tag","embeddable":true,"href":"https:\/\/aquacord.com.co\/index.php\/wp-json\/wp\/v2\/product_tag?post=3180"}],"curies":[{"name":"wp","href":"https:\/\/api.w.org\/{rel}","templated":true}]}}