{"id":3313,"date":"2023-04-13T16:02:45","date_gmt":"2023-04-13T16:02:45","guid":{"rendered":"https:\/\/aquacord.com.co\/?post_type=product&#038;p=3313"},"modified":"2024-09-09T16:30:25","modified_gmt":"2024-09-09T16:30:25","slug":"plumero-arcoiris-con-mango-plastico-fuller","status":"publish","type":"product","link":"https:\/\/aquacord.com.co\/index.php\/product\/plumero-arcoiris-con-mango-plastico-fuller\/","title":{"rendered":"PLUMERO ARCOIRIS CON MANGO PL\u00c1STICO  &#8211; FULLER"},"content":{"rendered":"<p>ideal\u00a0<b>para atrapar el polvo y part\u00edculas peque\u00f1as livianas<\/b>. Su monofilamento al ser usado produce enegr\u00eda electroest\u00e1tica para atrapar el polvo, con mango macizo para una mayor resistencia.<\/p>\n","protected":false},"excerpt":{"rendered":"<p>ideal\u00a0para atrapar el polvo y part\u00edculas peque\u00f1as livianas. Su monofilamento al ser usado produce enegr\u00eda electroest\u00e1tica para atrapar el polvo, con mango macizo para una mayor resistencia.<\/p>\n","protected":false},"featured_media":3320,"comment_status":"open","ping_status":"closed","template":"","meta":{"site-sidebar-layout":"default","site-content-layout":"default","ast-global-header-display":"","ast-main-header-display":"","ast-hfb-above-header-display":"","ast-hfb-below-header-display":"","ast-hfb-mobile-header-display":"","site-post-title":"","ast-breadcrumbs-content":"","ast-featured-img":"","footer-sml-layout":"","theme-transparent-header-meta":"default","adv-header-id-meta":"","stick-header-meta":"","header-above-stick-meta":"","header-main-stick-meta":"","header-below-stick-meta":""},"product_cat":[18,37],"product_tag":[],"yoast_head":"<!-- This site is optimized with the Yoast SEO plugin v20.1 - https:\/\/yoast.com\/wordpress\/plugins\/seo\/ -->\n<title>PLUMERO ARCOIRIS CON MANGO PL\u00c1STICO - FULLER -<\/title>\n<meta name=\"description\" content=\"PLUMERO ARCOIRIS CON MANGO PL\u00c1STICO - FULLER ideal\u00a0para atrapar el polvo y part\u00edculas peque\u00f1as livianas. Su monofilamento al ser usado produce enegr\u00eda electroest\u00e1tica para atrapar el polvo, con mango macizo para una mayor resistencia.\" \/>\n<meta name=\"robots\" content=\"index, follow, max-snippet:-1, max-image-preview:large, max-video-preview:-1\" \/>\n<link rel=\"canonical\" href=\"https:\/\/aquacord.com.co\/index.php\/product\/plumero-arcoiris-con-mango-plastico-fuller\/\" \/>\n<meta property=\"og:locale\" content=\"es_ES\" \/>\n<meta property=\"og:type\" content=\"article\" \/>\n<meta property=\"og:title\" content=\"PLUMERO ARCOIRIS CON MANGO PL\u00c1STICO - FULLER -\" \/>\n<meta property=\"og:description\" content=\"PLUMERO ARCOIRIS CON MANGO PL\u00c1STICO - FULLER ideal\u00a0para atrapar el polvo y part\u00edculas peque\u00f1as livianas. Su monofilamento al ser usado produce enegr\u00eda electroest\u00e1tica para atrapar el polvo, con mango macizo para una mayor resistencia.\" \/>\n<meta property=\"og:url\" content=\"https:\/\/aquacord.com.co\/index.php\/product\/plumero-arcoiris-con-mango-plastico-fuller\/\" \/>\n<meta property=\"article:modified_time\" content=\"2024-09-09T16:30:25+00:00\" \/>\n<meta property=\"og:image\" content=\"https:\/\/aquacord.com.co\/wp-content\/uploads\/2023\/04\/1_95-1024x683.png\" \/>\n\t<meta property=\"og:image:width\" content=\"1024\" \/>\n\t<meta property=\"og:image:height\" content=\"683\" \/>\n\t<meta property=\"og:image:type\" content=\"image\/png\" \/>\n<meta name=\"twitter:card\" content=\"summary_large_image\" \/>\n<meta name=\"twitter:label1\" content=\"Tiempo estimado de lectura\" \/>\n\t<meta name=\"twitter:data1\" content=\"1 minuto\" \/>\n<script type=\"application\/ld+json\" class=\"yoast-schema-graph\">{\"@context\":\"https:\/\/schema.org\",\"@graph\":[{\"@type\":\"WebPage\",\"@id\":\"https:\/\/aquacord.com.co\/index.php\/product\/plumero-arcoiris-con-mango-plastico-fuller\/\",\"url\":\"https:\/\/aquacord.com.co\/index.php\/product\/plumero-arcoiris-con-mango-plastico-fuller\/\",\"name\":\"PLUMERO ARCOIRIS CON MANGO PL\u00c1STICO - FULLER -\",\"isPartOf\":{\"@id\":\"https:\/\/aquacord.com.co\/#website\"},\"datePublished\":\"2023-04-13T16:02:45+00:00\",\"dateModified\":\"2024-09-09T16:30:25+00:00\",\"description\":\"PLUMERO ARCOIRIS CON MANGO PL\u00c1STICO - FULLER ideal\u00a0para atrapar el polvo y part\u00edculas peque\u00f1as livianas. Su monofilamento al ser usado produce enegr\u00eda electroest\u00e1tica para atrapar el polvo, con mango macizo para una mayor resistencia.\",\"breadcrumb\":{\"@id\":\"https:\/\/aquacord.com.co\/index.php\/product\/plumero-arcoiris-con-mango-plastico-fuller\/#breadcrumb\"},\"inLanguage\":\"es-CO\",\"potentialAction\":[{\"@type\":\"ReadAction\",\"target\":[\"https:\/\/aquacord.com.co\/index.php\/product\/plumero-arcoiris-con-mango-plastico-fuller\/\"]}]},{\"@type\":\"BreadcrumbList\",\"@id\":\"https:\/\/aquacord.com.co\/index.php\/product\/plumero-arcoiris-con-mango-plastico-fuller\/#breadcrumb\",\"itemListElement\":[{\"@type\":\"ListItem\",\"position\":1,\"name\":\"Inicio\",\"item\":\"https:\/\/aquacord.com.co\/\"},{\"@type\":\"ListItem\",\"position\":2,\"name\":\"Tienda\",\"item\":\"https:\/\/aquacord.com.co\/index.php\/tienda\/\"},{\"@type\":\"ListItem\",\"position\":3,\"name\":\"PLUMERO ARCOIRIS CON MANGO PL\u00c1STICO &#8211; FULLER\"}]},{\"@type\":\"WebSite\",\"@id\":\"https:\/\/aquacord.com.co\/#website\",\"url\":\"https:\/\/aquacord.com.co\/\",\"name\":\"\",\"description\":\"Todo lo relacionado en productos qu\u00edmicos, accesorios, equipos para piscinas y el aseo de tu hogar e empresas\",\"potentialAction\":[{\"@type\":\"SearchAction\",\"target\":{\"@type\":\"EntryPoint\",\"urlTemplate\":\"https:\/\/aquacord.com.co\/?s={search_term_string}\"},\"query-input\":\"required name=search_term_string\"}],\"inLanguage\":\"es-CO\"}]}<\/script>\n<!-- \/ Yoast SEO plugin. -->","yoast_head_json":{"title":"PLUMERO ARCOIRIS CON MANGO PL\u00c1STICO - FULLER -","description":"PLUMERO ARCOIRIS CON MANGO PL\u00c1STICO - FULLER ideal\u00a0para atrapar el polvo y part\u00edculas peque\u00f1as livianas. Su monofilamento al ser usado produce enegr\u00eda electroest\u00e1tica para atrapar el polvo, con mango macizo para una mayor resistencia.","robots":{"index":"index","follow":"follow","max-snippet":"max-snippet:-1","max-image-preview":"max-image-preview:large","max-video-preview":"max-video-preview:-1"},"canonical":"https:\/\/aquacord.com.co\/index.php\/product\/plumero-arcoiris-con-mango-plastico-fuller\/","og_locale":"es_ES","og_type":"article","og_title":"PLUMERO ARCOIRIS CON MANGO PL\u00c1STICO - FULLER -","og_description":"PLUMERO ARCOIRIS CON MANGO PL\u00c1STICO - FULLER ideal\u00a0para atrapar el polvo y part\u00edculas peque\u00f1as livianas. Su monofilamento al ser usado produce enegr\u00eda electroest\u00e1tica para atrapar el polvo, con mango macizo para una mayor resistencia.","og_url":"https:\/\/aquacord.com.co\/index.php\/product\/plumero-arcoiris-con-mango-plastico-fuller\/","article_modified_time":"2024-09-09T16:30:25+00:00","og_image":[{"width":1024,"height":683,"url":"https:\/\/aquacord.com.co\/wp-content\/uploads\/2023\/04\/1_95-1024x683.png","type":"image\/png"}],"twitter_card":"summary_large_image","twitter_misc":{"Tiempo estimado de lectura":"1 minuto"},"schema":{"@context":"https:\/\/schema.org","@graph":[{"@type":"WebPage","@id":"https:\/\/aquacord.com.co\/index.php\/product\/plumero-arcoiris-con-mango-plastico-fuller\/","url":"https:\/\/aquacord.com.co\/index.php\/product\/plumero-arcoiris-con-mango-plastico-fuller\/","name":"PLUMERO ARCOIRIS CON MANGO PL\u00c1STICO - FULLER -","isPartOf":{"@id":"https:\/\/aquacord.com.co\/#website"},"datePublished":"2023-04-13T16:02:45+00:00","dateModified":"2024-09-09T16:30:25+00:00","description":"PLUMERO ARCOIRIS CON MANGO PL\u00c1STICO - FULLER ideal\u00a0para atrapar el polvo y part\u00edculas peque\u00f1as livianas. Su monofilamento al ser usado produce enegr\u00eda electroest\u00e1tica para atrapar el polvo, con mango macizo para una mayor resistencia.","breadcrumb":{"@id":"https:\/\/aquacord.com.co\/index.php\/product\/plumero-arcoiris-con-mango-plastico-fuller\/#breadcrumb"},"inLanguage":"es-CO","potentialAction":[{"@type":"ReadAction","target":["https:\/\/aquacord.com.co\/index.php\/product\/plumero-arcoiris-con-mango-plastico-fuller\/"]}]},{"@type":"BreadcrumbList","@id":"https:\/\/aquacord.com.co\/index.php\/product\/plumero-arcoiris-con-mango-plastico-fuller\/#breadcrumb","itemListElement":[{"@type":"ListItem","position":1,"name":"Inicio","item":"https:\/\/aquacord.com.co\/"},{"@type":"ListItem","position":2,"name":"Tienda","item":"https:\/\/aquacord.com.co\/index.php\/tienda\/"},{"@type":"ListItem","position":3,"name":"PLUMERO ARCOIRIS CON MANGO PL\u00c1STICO &#8211; FULLER"}]},{"@type":"WebSite","@id":"https:\/\/aquacord.com.co\/#website","url":"https:\/\/aquacord.com.co\/","name":"","description":"Todo lo relacionado en productos qu\u00edmicos, accesorios, equipos para piscinas y el aseo de tu hogar e empresas","potentialAction":[{"@type":"SearchAction","target":{"@type":"EntryPoint","urlTemplate":"https:\/\/aquacord.com.co\/?s={search_term_string}"},"query-input":"required name=search_term_string"}],"inLanguage":"es-CO"}]}},"_links":{"self":[{"href":"https:\/\/aquacord.com.co\/index.php\/wp-json\/wp\/v2\/product\/3313"}],"collection":[{"href":"https:\/\/aquacord.com.co\/index.php\/wp-json\/wp\/v2\/product"}],"about":[{"href":"https:\/\/aquacord.com.co\/index.php\/wp-json\/wp\/v2\/types\/product"}],"replies":[{"embeddable":true,"href":"https:\/\/aquacord.com.co\/index.php\/wp-json\/wp\/v2\/comments?post=3313"}],"version-history":[{"count":1,"href":"https:\/\/aquacord.com.co\/index.php\/wp-json\/wp\/v2\/product\/3313\/revisions"}],"predecessor-version":[{"id":4529,"href":"https:\/\/aquacord.com.co\/index.php\/wp-json\/wp\/v2\/product\/3313\/revisions\/4529"}],"wp:featuredmedia":[{"embeddable":true,"href":"https:\/\/aquacord.com.co\/index.php\/wp-json\/wp\/v2\/media\/3320"}],"wp:attachment":[{"href":"https:\/\/aquacord.com.co\/index.php\/wp-json\/wp\/v2\/media?parent=3313"}],"wp:term":[{"taxonomy":"product_cat","embeddable":true,"href":"https:\/\/aquacord.com.co\/index.php\/wp-json\/wp\/v2\/product_cat?post=3313"},{"taxonomy":"product_tag","embeddable":true,"href":"https:\/\/aquacord.com.co\/index.php\/wp-json\/wp\/v2\/product_tag?post=3313"}],"curies":[{"name":"wp","href":"https:\/\/api.w.org\/{rel}","templated":true}]}}