{"id":3332,"date":"2023-04-13T20:25:03","date_gmt":"2023-04-13T20:25:03","guid":{"rendered":"https:\/\/aquacord.com.co\/?post_type=product&#038;p=3332"},"modified":"2024-09-09T16:46:05","modified_gmt":"2024-09-09T16:46:05","slug":"cepillo-fuller-lavar-a-mano-ergonomico","status":"publish","type":"product","link":"https:\/\/aquacord.com.co\/index.php\/product\/cepillo-fuller-lavar-a-mano-ergonomico\/","title":{"rendered":"CEPILLO FULLER  LAVAR A MANO  ERGONOMICO"},"content":{"rendered":"<p>Cepillo con dise\u00f1o acanalado\u00a0<b>para evitar el deslizamiento en aplicaci\u00f3n del jab\u00f3n y obtener una mejor cobertura al momento de restregar<\/b>. Marca: Fuller Pinto.<\/p>\n","protected":false},"excerpt":{"rendered":"<p>Cepillo con dise\u00f1o acanalado\u00a0para evitar el deslizamiento en aplicaci\u00f3n del jab\u00f3n y obtener una mejor cobertura al momento de restregar. Marca: Fuller Pinto.<\/p>\n","protected":false},"featured_media":3333,"comment_status":"open","ping_status":"closed","template":"","meta":{"site-sidebar-layout":"default","site-content-layout":"default","ast-global-header-display":"","ast-main-header-display":"","ast-hfb-above-header-display":"","ast-hfb-below-header-display":"","ast-hfb-mobile-header-display":"","site-post-title":"","ast-breadcrumbs-content":"","ast-featured-img":"","footer-sml-layout":"","theme-transparent-header-meta":"default","adv-header-id-meta":"","stick-header-meta":"","header-above-stick-meta":"","header-main-stick-meta":"","header-below-stick-meta":""},"product_cat":[18,37],"product_tag":[],"yoast_head":"<!-- This site is optimized with the Yoast SEO plugin v20.1 - https:\/\/yoast.com\/wordpress\/plugins\/seo\/ -->\n<title>CEPILLO FULLER LAVAR A MANO ERGONOMICO -<\/title>\n<meta name=\"description\" content=\"CEPILLO FULLER LAVAR A MANO ERGONOMICO Cepillo con dise\u00f1o acanalado para evitar el deslizamiento en aplicaci\u00f3n del jab\u00f3n y obtener una mejor cobertura\" \/>\n<meta name=\"robots\" content=\"index, follow, max-snippet:-1, max-image-preview:large, max-video-preview:-1\" \/>\n<link rel=\"canonical\" href=\"https:\/\/aquacord.com.co\/index.php\/product\/cepillo-fuller-lavar-a-mano-ergonomico\/\" \/>\n<meta property=\"og:locale\" content=\"es_ES\" \/>\n<meta property=\"og:type\" content=\"article\" \/>\n<meta property=\"og:title\" content=\"CEPILLO FULLER LAVAR A MANO ERGONOMICO -\" \/>\n<meta property=\"og:description\" content=\"CEPILLO FULLER LAVAR A MANO ERGONOMICO Cepillo con dise\u00f1o acanalado para evitar el deslizamiento en aplicaci\u00f3n del jab\u00f3n y obtener una mejor cobertura\" \/>\n<meta property=\"og:url\" content=\"https:\/\/aquacord.com.co\/index.php\/product\/cepillo-fuller-lavar-a-mano-ergonomico\/\" \/>\n<meta property=\"article:modified_time\" content=\"2024-09-09T16:46:05+00:00\" \/>\n<meta property=\"og:image\" content=\"https:\/\/aquacord.com.co\/wp-content\/uploads\/2023\/04\/18242_202007072058539976706.jpeg\" \/>\n\t<meta property=\"og:image:width\" content=\"1200\" \/>\n\t<meta property=\"og:image:height\" content=\"1200\" \/>\n\t<meta property=\"og:image:type\" content=\"image\/jpeg\" \/>\n<meta name=\"twitter:card\" content=\"summary_large_image\" \/>\n<meta name=\"twitter:label1\" content=\"Tiempo estimado de lectura\" \/>\n\t<meta name=\"twitter:data1\" content=\"1 minuto\" \/>\n<script type=\"application\/ld+json\" class=\"yoast-schema-graph\">{\"@context\":\"https:\/\/schema.org\",\"@graph\":[{\"@type\":\"WebPage\",\"@id\":\"https:\/\/aquacord.com.co\/index.php\/product\/cepillo-fuller-lavar-a-mano-ergonomico\/\",\"url\":\"https:\/\/aquacord.com.co\/index.php\/product\/cepillo-fuller-lavar-a-mano-ergonomico\/\",\"name\":\"CEPILLO FULLER LAVAR A MANO ERGONOMICO -\",\"isPartOf\":{\"@id\":\"https:\/\/aquacord.com.co\/#website\"},\"datePublished\":\"2023-04-13T20:25:03+00:00\",\"dateModified\":\"2024-09-09T16:46:05+00:00\",\"description\":\"CEPILLO FULLER LAVAR A MANO ERGONOMICO Cepillo con dise\u00f1o acanalado para evitar el deslizamiento en aplicaci\u00f3n del jab\u00f3n y obtener una mejor cobertura\",\"breadcrumb\":{\"@id\":\"https:\/\/aquacord.com.co\/index.php\/product\/cepillo-fuller-lavar-a-mano-ergonomico\/#breadcrumb\"},\"inLanguage\":\"es-CO\",\"potentialAction\":[{\"@type\":\"ReadAction\",\"target\":[\"https:\/\/aquacord.com.co\/index.php\/product\/cepillo-fuller-lavar-a-mano-ergonomico\/\"]}]},{\"@type\":\"BreadcrumbList\",\"@id\":\"https:\/\/aquacord.com.co\/index.php\/product\/cepillo-fuller-lavar-a-mano-ergonomico\/#breadcrumb\",\"itemListElement\":[{\"@type\":\"ListItem\",\"position\":1,\"name\":\"Inicio\",\"item\":\"https:\/\/aquacord.com.co\/\"},{\"@type\":\"ListItem\",\"position\":2,\"name\":\"Tienda\",\"item\":\"https:\/\/aquacord.com.co\/index.php\/tienda\/\"},{\"@type\":\"ListItem\",\"position\":3,\"name\":\"CEPILLO FULLER LAVAR A MANO ERGONOMICO\"}]},{\"@type\":\"WebSite\",\"@id\":\"https:\/\/aquacord.com.co\/#website\",\"url\":\"https:\/\/aquacord.com.co\/\",\"name\":\"\",\"description\":\"Todo lo relacionado en productos qu\u00edmicos, accesorios, equipos para piscinas y el aseo de tu hogar e empresas\",\"potentialAction\":[{\"@type\":\"SearchAction\",\"target\":{\"@type\":\"EntryPoint\",\"urlTemplate\":\"https:\/\/aquacord.com.co\/?s={search_term_string}\"},\"query-input\":\"required name=search_term_string\"}],\"inLanguage\":\"es-CO\"}]}<\/script>\n<!-- \/ Yoast SEO plugin. -->","yoast_head_json":{"title":"CEPILLO FULLER LAVAR A MANO ERGONOMICO -","description":"CEPILLO FULLER LAVAR A MANO ERGONOMICO Cepillo con dise\u00f1o acanalado para evitar el deslizamiento en aplicaci\u00f3n del jab\u00f3n y obtener una mejor cobertura","robots":{"index":"index","follow":"follow","max-snippet":"max-snippet:-1","max-image-preview":"max-image-preview:large","max-video-preview":"max-video-preview:-1"},"canonical":"https:\/\/aquacord.com.co\/index.php\/product\/cepillo-fuller-lavar-a-mano-ergonomico\/","og_locale":"es_ES","og_type":"article","og_title":"CEPILLO FULLER LAVAR A MANO ERGONOMICO -","og_description":"CEPILLO FULLER LAVAR A MANO ERGONOMICO Cepillo con dise\u00f1o acanalado para evitar el deslizamiento en aplicaci\u00f3n del jab\u00f3n y obtener una mejor cobertura","og_url":"https:\/\/aquacord.com.co\/index.php\/product\/cepillo-fuller-lavar-a-mano-ergonomico\/","article_modified_time":"2024-09-09T16:46:05+00:00","og_image":[{"width":1200,"height":1200,"url":"https:\/\/aquacord.com.co\/wp-content\/uploads\/2023\/04\/18242_202007072058539976706.jpeg","type":"image\/jpeg"}],"twitter_card":"summary_large_image","twitter_misc":{"Tiempo estimado de lectura":"1 minuto"},"schema":{"@context":"https:\/\/schema.org","@graph":[{"@type":"WebPage","@id":"https:\/\/aquacord.com.co\/index.php\/product\/cepillo-fuller-lavar-a-mano-ergonomico\/","url":"https:\/\/aquacord.com.co\/index.php\/product\/cepillo-fuller-lavar-a-mano-ergonomico\/","name":"CEPILLO FULLER LAVAR A MANO ERGONOMICO -","isPartOf":{"@id":"https:\/\/aquacord.com.co\/#website"},"datePublished":"2023-04-13T20:25:03+00:00","dateModified":"2024-09-09T16:46:05+00:00","description":"CEPILLO FULLER LAVAR A MANO ERGONOMICO Cepillo con dise\u00f1o acanalado para evitar el deslizamiento en aplicaci\u00f3n del jab\u00f3n y obtener una mejor cobertura","breadcrumb":{"@id":"https:\/\/aquacord.com.co\/index.php\/product\/cepillo-fuller-lavar-a-mano-ergonomico\/#breadcrumb"},"inLanguage":"es-CO","potentialAction":[{"@type":"ReadAction","target":["https:\/\/aquacord.com.co\/index.php\/product\/cepillo-fuller-lavar-a-mano-ergonomico\/"]}]},{"@type":"BreadcrumbList","@id":"https:\/\/aquacord.com.co\/index.php\/product\/cepillo-fuller-lavar-a-mano-ergonomico\/#breadcrumb","itemListElement":[{"@type":"ListItem","position":1,"name":"Inicio","item":"https:\/\/aquacord.com.co\/"},{"@type":"ListItem","position":2,"name":"Tienda","item":"https:\/\/aquacord.com.co\/index.php\/tienda\/"},{"@type":"ListItem","position":3,"name":"CEPILLO FULLER LAVAR A MANO ERGONOMICO"}]},{"@type":"WebSite","@id":"https:\/\/aquacord.com.co\/#website","url":"https:\/\/aquacord.com.co\/","name":"","description":"Todo lo relacionado en productos qu\u00edmicos, accesorios, equipos para piscinas y el aseo de tu hogar e empresas","potentialAction":[{"@type":"SearchAction","target":{"@type":"EntryPoint","urlTemplate":"https:\/\/aquacord.com.co\/?s={search_term_string}"},"query-input":"required name=search_term_string"}],"inLanguage":"es-CO"}]}},"_links":{"self":[{"href":"https:\/\/aquacord.com.co\/index.php\/wp-json\/wp\/v2\/product\/3332"}],"collection":[{"href":"https:\/\/aquacord.com.co\/index.php\/wp-json\/wp\/v2\/product"}],"about":[{"href":"https:\/\/aquacord.com.co\/index.php\/wp-json\/wp\/v2\/types\/product"}],"replies":[{"embeddable":true,"href":"https:\/\/aquacord.com.co\/index.php\/wp-json\/wp\/v2\/comments?post=3332"}],"version-history":[{"count":1,"href":"https:\/\/aquacord.com.co\/index.php\/wp-json\/wp\/v2\/product\/3332\/revisions"}],"predecessor-version":[{"id":5152,"href":"https:\/\/aquacord.com.co\/index.php\/wp-json\/wp\/v2\/product\/3332\/revisions\/5152"}],"wp:featuredmedia":[{"embeddable":true,"href":"https:\/\/aquacord.com.co\/index.php\/wp-json\/wp\/v2\/media\/3333"}],"wp:attachment":[{"href":"https:\/\/aquacord.com.co\/index.php\/wp-json\/wp\/v2\/media?parent=3332"}],"wp:term":[{"taxonomy":"product_cat","embeddable":true,"href":"https:\/\/aquacord.com.co\/index.php\/wp-json\/wp\/v2\/product_cat?post=3332"},{"taxonomy":"product_tag","embeddable":true,"href":"https:\/\/aquacord.com.co\/index.php\/wp-json\/wp\/v2\/product_tag?post=3332"}],"curies":[{"name":"wp","href":"https:\/\/api.w.org\/{rel}","templated":true}]}}