{"id":3398,"date":"2023-04-14T20:17:26","date_gmt":"2023-04-14T20:17:26","guid":{"rendered":"https:\/\/aquacord.com.co\/?post_type=product&#038;p=3398"},"modified":"2024-09-10T15:12:04","modified_gmt":"2024-09-10T15:12:04","slug":"escoba-conveniente-task-palo-metalico","status":"publish","type":"product","link":"https:\/\/aquacord.com.co\/index.php\/product\/escoba-conveniente-task-palo-metalico\/","title":{"rendered":"ESCOBA CONVENIENTE TASK PALO METALICO"},"content":{"rendered":"<p>ESCOBA CONVENIENTE TASK PALO METALICO Fibras PET (Polietileno) con terminaci\u00f3n plumada m\u00e1s durables y resistentes. Por su tama\u00f1o se adapta f\u00e1cilmente a espacios de dif\u00edcil acceso. Ideal para barrer pisos de cer\u00e1mica, m\u00e1rmol entre otros. FIBRA SUAVE. Por su tama\u00f1o esta escoba se adapta f\u00e1cilmente a espacios de dif\u00edcil acceso. Ideal para barrer pisos de cer\u00e1mica, m\u00e1rmol entre otros.<\/p>\n","protected":false},"excerpt":{"rendered":"<p>ESCOBA CONVENIENTE TASK PALO METALICO Fibras PET (Polietileno) con terminaci\u00f3n plumada m\u00e1s durables y resistentes. Por su tama\u00f1o se adapta f\u00e1cilmente a espacios de dif\u00edcil acceso. Ideal para barrer pisos de cer\u00e1mica, m\u00e1rmol entre otros. FIBRA SUAVE. Por su tama\u00f1o esta escoba se adapta f\u00e1cilmente a espacios de dif\u00edcil acceso. Ideal para barrer pisos de &hellip;<\/p>\n<p class=\"read-more\"> <a class=\"\" href=\"https:\/\/aquacord.com.co\/index.php\/product\/escoba-conveniente-task-palo-metalico\/\"> <span class=\"screen-reader-text\">ESCOBA CONVENIENTE TASK PALO METALICO<\/span> Leer m\u00e1s &raquo;<\/a><\/p>\n","protected":false},"featured_media":3399,"comment_status":"open","ping_status":"closed","template":"","meta":{"site-sidebar-layout":"default","site-content-layout":"default","ast-global-header-display":"","ast-main-header-display":"","ast-hfb-above-header-display":"","ast-hfb-below-header-display":"","ast-hfb-mobile-header-display":"","site-post-title":"","ast-breadcrumbs-content":"","ast-featured-img":"","footer-sml-layout":"","theme-transparent-header-meta":"default","adv-header-id-meta":"","stick-header-meta":"","header-above-stick-meta":"","header-main-stick-meta":"","header-below-stick-meta":""},"product_cat":[18,43],"product_tag":[],"yoast_head":"<!-- This site is optimized with the Yoast SEO plugin v20.1 - https:\/\/yoast.com\/wordpress\/plugins\/seo\/ -->\n<title>ESCOBA CONVENIENTE TASK PALO METALICO -<\/title>\n<meta name=\"description\" content=\"ESCOBA CONVENIENTE TASK PALO METALICO Fibras PET (Polietileno) con terminaci\u00f3n plumada m\u00e1s durables y resistentes. Por su tama\u00f1o se adapta f\u00e1cilmente a espacios de dif\u00edcil acceso. Ideal para barrer pisos de cer\u00e1mica, m\u00e1rmol entre otros. FIBRA SUAVE. Por su tama\u00f1o esta escoba se adapta f\u00e1cilmente a espacios de dif\u00edcil acceso. Ideal para barrer pisos de cer\u00e1mica, m\u00e1rmol entre otros.\" \/>\n<meta name=\"robots\" content=\"index, follow, max-snippet:-1, max-image-preview:large, max-video-preview:-1\" \/>\n<link rel=\"canonical\" href=\"https:\/\/aquacord.com.co\/index.php\/product\/escoba-conveniente-task-palo-metalico\/\" \/>\n<meta property=\"og:locale\" content=\"es_ES\" \/>\n<meta property=\"og:type\" content=\"article\" \/>\n<meta property=\"og:title\" content=\"ESCOBA CONVENIENTE TASK PALO METALICO -\" \/>\n<meta property=\"og:description\" content=\"ESCOBA CONVENIENTE TASK PALO METALICO Fibras PET (Polietileno) con terminaci\u00f3n plumada m\u00e1s durables y resistentes. Por su tama\u00f1o se adapta f\u00e1cilmente a espacios de dif\u00edcil acceso. Ideal para barrer pisos de cer\u00e1mica, m\u00e1rmol entre otros. FIBRA SUAVE. Por su tama\u00f1o esta escoba se adapta f\u00e1cilmente a espacios de dif\u00edcil acceso. Ideal para barrer pisos de cer\u00e1mica, m\u00e1rmol entre otros.\" \/>\n<meta property=\"og:url\" content=\"https:\/\/aquacord.com.co\/index.php\/product\/escoba-conveniente-task-palo-metalico\/\" \/>\n<meta property=\"article:modified_time\" content=\"2024-09-10T15:12:04+00:00\" \/>\n<meta property=\"og:image\" content=\"https:\/\/aquacord.com.co\/wp-content\/uploads\/2023\/04\/1005833_1.webp\" \/>\n\t<meta property=\"og:image:width\" content=\"1000\" \/>\n\t<meta property=\"og:image:height\" content=\"1000\" \/>\n\t<meta property=\"og:image:type\" content=\"image\/webp\" \/>\n<meta name=\"twitter:card\" content=\"summary_large_image\" \/>\n<meta name=\"twitter:label1\" content=\"Tiempo estimado de lectura\" \/>\n\t<meta name=\"twitter:data1\" content=\"1 minuto\" \/>\n<script type=\"application\/ld+json\" class=\"yoast-schema-graph\">{\"@context\":\"https:\/\/schema.org\",\"@graph\":[{\"@type\":\"WebPage\",\"@id\":\"https:\/\/aquacord.com.co\/index.php\/product\/escoba-conveniente-task-palo-metalico\/\",\"url\":\"https:\/\/aquacord.com.co\/index.php\/product\/escoba-conveniente-task-palo-metalico\/\",\"name\":\"ESCOBA CONVENIENTE TASK PALO METALICO -\",\"isPartOf\":{\"@id\":\"https:\/\/aquacord.com.co\/#website\"},\"datePublished\":\"2023-04-14T20:17:26+00:00\",\"dateModified\":\"2024-09-10T15:12:04+00:00\",\"description\":\"ESCOBA CONVENIENTE TASK PALO METALICO Fibras PET (Polietileno) con terminaci\u00f3n plumada m\u00e1s durables y resistentes. Por su tama\u00f1o se adapta f\u00e1cilmente a espacios de dif\u00edcil acceso. Ideal para barrer pisos de cer\u00e1mica, m\u00e1rmol entre otros. FIBRA SUAVE. Por su tama\u00f1o esta escoba se adapta f\u00e1cilmente a espacios de dif\u00edcil acceso. Ideal para barrer pisos de cer\u00e1mica, m\u00e1rmol entre otros.\",\"breadcrumb\":{\"@id\":\"https:\/\/aquacord.com.co\/index.php\/product\/escoba-conveniente-task-palo-metalico\/#breadcrumb\"},\"inLanguage\":\"es-CO\",\"potentialAction\":[{\"@type\":\"ReadAction\",\"target\":[\"https:\/\/aquacord.com.co\/index.php\/product\/escoba-conveniente-task-palo-metalico\/\"]}]},{\"@type\":\"BreadcrumbList\",\"@id\":\"https:\/\/aquacord.com.co\/index.php\/product\/escoba-conveniente-task-palo-metalico\/#breadcrumb\",\"itemListElement\":[{\"@type\":\"ListItem\",\"position\":1,\"name\":\"Inicio\",\"item\":\"https:\/\/aquacord.com.co\/\"},{\"@type\":\"ListItem\",\"position\":2,\"name\":\"Tienda\",\"item\":\"https:\/\/aquacord.com.co\/index.php\/tienda\/\"},{\"@type\":\"ListItem\",\"position\":3,\"name\":\"ESCOBA CONVENIENTE TASK PALO METALICO\"}]},{\"@type\":\"WebSite\",\"@id\":\"https:\/\/aquacord.com.co\/#website\",\"url\":\"https:\/\/aquacord.com.co\/\",\"name\":\"\",\"description\":\"Todo lo relacionado en productos qu\u00edmicos, accesorios, equipos para piscinas y el aseo de tu hogar e empresas\",\"potentialAction\":[{\"@type\":\"SearchAction\",\"target\":{\"@type\":\"EntryPoint\",\"urlTemplate\":\"https:\/\/aquacord.com.co\/?s={search_term_string}\"},\"query-input\":\"required name=search_term_string\"}],\"inLanguage\":\"es-CO\"}]}<\/script>\n<!-- \/ Yoast SEO plugin. -->","yoast_head_json":{"title":"ESCOBA CONVENIENTE TASK PALO METALICO -","description":"ESCOBA CONVENIENTE TASK PALO METALICO Fibras PET (Polietileno) con terminaci\u00f3n plumada m\u00e1s durables y resistentes. Por su tama\u00f1o se adapta f\u00e1cilmente a espacios de dif\u00edcil acceso. Ideal para barrer pisos de cer\u00e1mica, m\u00e1rmol entre otros. FIBRA SUAVE. Por su tama\u00f1o esta escoba se adapta f\u00e1cilmente a espacios de dif\u00edcil acceso. Ideal para barrer pisos de cer\u00e1mica, m\u00e1rmol entre otros.","robots":{"index":"index","follow":"follow","max-snippet":"max-snippet:-1","max-image-preview":"max-image-preview:large","max-video-preview":"max-video-preview:-1"},"canonical":"https:\/\/aquacord.com.co\/index.php\/product\/escoba-conveniente-task-palo-metalico\/","og_locale":"es_ES","og_type":"article","og_title":"ESCOBA CONVENIENTE TASK PALO METALICO -","og_description":"ESCOBA CONVENIENTE TASK PALO METALICO Fibras PET (Polietileno) con terminaci\u00f3n plumada m\u00e1s durables y resistentes. Por su tama\u00f1o se adapta f\u00e1cilmente a espacios de dif\u00edcil acceso. Ideal para barrer pisos de cer\u00e1mica, m\u00e1rmol entre otros. FIBRA SUAVE. Por su tama\u00f1o esta escoba se adapta f\u00e1cilmente a espacios de dif\u00edcil acceso. Ideal para barrer pisos de cer\u00e1mica, m\u00e1rmol entre otros.","og_url":"https:\/\/aquacord.com.co\/index.php\/product\/escoba-conveniente-task-palo-metalico\/","article_modified_time":"2024-09-10T15:12:04+00:00","og_image":[{"width":1000,"height":1000,"url":"https:\/\/aquacord.com.co\/wp-content\/uploads\/2023\/04\/1005833_1.webp","type":"image\/webp"}],"twitter_card":"summary_large_image","twitter_misc":{"Tiempo estimado de lectura":"1 minuto"},"schema":{"@context":"https:\/\/schema.org","@graph":[{"@type":"WebPage","@id":"https:\/\/aquacord.com.co\/index.php\/product\/escoba-conveniente-task-palo-metalico\/","url":"https:\/\/aquacord.com.co\/index.php\/product\/escoba-conveniente-task-palo-metalico\/","name":"ESCOBA CONVENIENTE TASK PALO METALICO -","isPartOf":{"@id":"https:\/\/aquacord.com.co\/#website"},"datePublished":"2023-04-14T20:17:26+00:00","dateModified":"2024-09-10T15:12:04+00:00","description":"ESCOBA CONVENIENTE TASK PALO METALICO Fibras PET (Polietileno) con terminaci\u00f3n plumada m\u00e1s durables y resistentes. Por su tama\u00f1o se adapta f\u00e1cilmente a espacios de dif\u00edcil acceso. Ideal para barrer pisos de cer\u00e1mica, m\u00e1rmol entre otros. FIBRA SUAVE. Por su tama\u00f1o esta escoba se adapta f\u00e1cilmente a espacios de dif\u00edcil acceso. Ideal para barrer pisos de cer\u00e1mica, m\u00e1rmol entre otros.","breadcrumb":{"@id":"https:\/\/aquacord.com.co\/index.php\/product\/escoba-conveniente-task-palo-metalico\/#breadcrumb"},"inLanguage":"es-CO","potentialAction":[{"@type":"ReadAction","target":["https:\/\/aquacord.com.co\/index.php\/product\/escoba-conveniente-task-palo-metalico\/"]}]},{"@type":"BreadcrumbList","@id":"https:\/\/aquacord.com.co\/index.php\/product\/escoba-conveniente-task-palo-metalico\/#breadcrumb","itemListElement":[{"@type":"ListItem","position":1,"name":"Inicio","item":"https:\/\/aquacord.com.co\/"},{"@type":"ListItem","position":2,"name":"Tienda","item":"https:\/\/aquacord.com.co\/index.php\/tienda\/"},{"@type":"ListItem","position":3,"name":"ESCOBA CONVENIENTE TASK PALO METALICO"}]},{"@type":"WebSite","@id":"https:\/\/aquacord.com.co\/#website","url":"https:\/\/aquacord.com.co\/","name":"","description":"Todo lo relacionado en productos qu\u00edmicos, accesorios, equipos para piscinas y el aseo de tu hogar e empresas","potentialAction":[{"@type":"SearchAction","target":{"@type":"EntryPoint","urlTemplate":"https:\/\/aquacord.com.co\/?s={search_term_string}"},"query-input":"required name=search_term_string"}],"inLanguage":"es-CO"}]}},"_links":{"self":[{"href":"https:\/\/aquacord.com.co\/index.php\/wp-json\/wp\/v2\/product\/3398"}],"collection":[{"href":"https:\/\/aquacord.com.co\/index.php\/wp-json\/wp\/v2\/product"}],"about":[{"href":"https:\/\/aquacord.com.co\/index.php\/wp-json\/wp\/v2\/types\/product"}],"replies":[{"embeddable":true,"href":"https:\/\/aquacord.com.co\/index.php\/wp-json\/wp\/v2\/comments?post=3398"}],"version-history":[{"count":1,"href":"https:\/\/aquacord.com.co\/index.php\/wp-json\/wp\/v2\/product\/3398\/revisions"}],"predecessor-version":[{"id":5207,"href":"https:\/\/aquacord.com.co\/index.php\/wp-json\/wp\/v2\/product\/3398\/revisions\/5207"}],"wp:featuredmedia":[{"embeddable":true,"href":"https:\/\/aquacord.com.co\/index.php\/wp-json\/wp\/v2\/media\/3399"}],"wp:attachment":[{"href":"https:\/\/aquacord.com.co\/index.php\/wp-json\/wp\/v2\/media?parent=3398"}],"wp:term":[{"taxonomy":"product_cat","embeddable":true,"href":"https:\/\/aquacord.com.co\/index.php\/wp-json\/wp\/v2\/product_cat?post=3398"},{"taxonomy":"product_tag","embeddable":true,"href":"https:\/\/aquacord.com.co\/index.php\/wp-json\/wp\/v2\/product_tag?post=3398"}],"curies":[{"name":"wp","href":"https:\/\/api.w.org\/{rel}","templated":true}]}}