{"id":3401,"date":"2023-04-14T20:28:51","date_gmt":"2023-04-14T20:28:51","guid":{"rendered":"https:\/\/aquacord.com.co\/?post_type=product&#038;p=3401"},"modified":"2024-01-29T19:38:38","modified_gmt":"2024-01-29T19:38:38","slug":"organizad-porta-escobas-premium-fuller","status":"publish","type":"product","link":"https:\/\/aquacord.com.co\/index.php\/product\/organizad-porta-escobas-premium-fuller\/","title":{"rendered":"ORGANIZAD PORTA ESCOBAS PREMIUM &#8211; FULLER"},"content":{"rendered":"<p>Ideal\u00a0<b>para organizar escobas, cepillos, trapeadores, plumeros, limpia, cristales y recogedores<\/b>. Encu\u00e9ntralo en Almac\u00e9n y Cristaler\u00eda La 13, contigo en cada momento.<\/p>\n","protected":false},"excerpt":{"rendered":"<p>Ideal\u00a0para organizar escobas, cepillos, trapeadores, plumeros, limpia, cristales y recogedores. Encu\u00e9ntralo en Almac\u00e9n y Cristaler\u00eda La 13, contigo en cada momento.<\/p>\n","protected":false},"featured_media":3403,"comment_status":"open","ping_status":"closed","template":"","meta":{"site-sidebar-layout":"default","site-content-layout":"default","ast-global-header-display":"","ast-main-header-display":"","ast-hfb-above-header-display":"","ast-hfb-below-header-display":"","ast-hfb-mobile-header-display":"","site-post-title":"","ast-breadcrumbs-content":"","ast-featured-img":"","footer-sml-layout":"","theme-transparent-header-meta":"default","adv-header-id-meta":"","stick-header-meta":"","header-above-stick-meta":"","header-main-stick-meta":"","header-below-stick-meta":""},"product_cat":[18,43],"product_tag":[],"yoast_head":"<!-- This site is optimized with the Yoast SEO plugin v20.1 - https:\/\/yoast.com\/wordpress\/plugins\/seo\/ -->\n<title>ORGANIZAD PORTA ESCOBAS PREMIUM - FULLER -<\/title>\n<meta name=\"description\" content=\"ORGANIZAD PORTA ESCOBAS PREMIUM - FULLER Ideal para organizar escobas, cepillos, trapeadores, plumeros, limpia, cristales y recogedores. Encu\u00e9ntralo en Almac\u00e9n y Cristaler\u00eda La 13, contigo en cada momento.\" \/>\n<meta name=\"robots\" content=\"index, follow, max-snippet:-1, max-image-preview:large, max-video-preview:-1\" \/>\n<link rel=\"canonical\" href=\"https:\/\/aquacord.com.co\/index.php\/product\/organizad-porta-escobas-premium-fuller\/\" \/>\n<meta property=\"og:locale\" content=\"es_ES\" \/>\n<meta property=\"og:type\" content=\"article\" \/>\n<meta property=\"og:title\" content=\"ORGANIZAD PORTA ESCOBAS PREMIUM - FULLER -\" \/>\n<meta property=\"og:description\" content=\"ORGANIZAD PORTA ESCOBAS PREMIUM - FULLER Ideal para organizar escobas, cepillos, trapeadores, plumeros, limpia, cristales y recogedores. Encu\u00e9ntralo en Almac\u00e9n y Cristaler\u00eda La 13, contigo en cada momento.\" \/>\n<meta property=\"og:url\" content=\"https:\/\/aquacord.com.co\/index.php\/product\/organizad-porta-escobas-premium-fuller\/\" \/>\n<meta property=\"article:modified_time\" content=\"2024-01-29T19:38:38+00:00\" \/>\n<meta property=\"og:image\" content=\"https:\/\/aquacord.com.co\/wp-content\/uploads\/2023\/04\/organizador-portaescoba-7-puestos-premium-D_NQ_NP_830978-MCO26925016674_022018-F_1_4c6fd678-0d87-4661-8c22-157bdd71e8f5_1024x1024@2x.webp\" \/>\n\t<meta property=\"og:image:width\" content=\"800\" \/>\n\t<meta property=\"og:image:height\" content=\"800\" \/>\n\t<meta property=\"og:image:type\" content=\"image\/webp\" \/>\n<meta name=\"twitter:card\" content=\"summary_large_image\" \/>\n<meta name=\"twitter:label1\" content=\"Tiempo estimado de lectura\" \/>\n\t<meta name=\"twitter:data1\" content=\"1 minuto\" \/>\n<script type=\"application\/ld+json\" class=\"yoast-schema-graph\">{\"@context\":\"https:\/\/schema.org\",\"@graph\":[{\"@type\":\"WebPage\",\"@id\":\"https:\/\/aquacord.com.co\/index.php\/product\/organizad-porta-escobas-premium-fuller\/\",\"url\":\"https:\/\/aquacord.com.co\/index.php\/product\/organizad-porta-escobas-premium-fuller\/\",\"name\":\"ORGANIZAD PORTA ESCOBAS PREMIUM - FULLER -\",\"isPartOf\":{\"@id\":\"https:\/\/aquacord.com.co\/#website\"},\"datePublished\":\"2023-04-14T20:28:51+00:00\",\"dateModified\":\"2024-01-29T19:38:38+00:00\",\"description\":\"ORGANIZAD PORTA ESCOBAS PREMIUM - FULLER Ideal para organizar escobas, cepillos, trapeadores, plumeros, limpia, cristales y recogedores. Encu\u00e9ntralo en Almac\u00e9n y Cristaler\u00eda La 13, contigo en cada momento.\",\"breadcrumb\":{\"@id\":\"https:\/\/aquacord.com.co\/index.php\/product\/organizad-porta-escobas-premium-fuller\/#breadcrumb\"},\"inLanguage\":\"es-CO\",\"potentialAction\":[{\"@type\":\"ReadAction\",\"target\":[\"https:\/\/aquacord.com.co\/index.php\/product\/organizad-porta-escobas-premium-fuller\/\"]}]},{\"@type\":\"BreadcrumbList\",\"@id\":\"https:\/\/aquacord.com.co\/index.php\/product\/organizad-porta-escobas-premium-fuller\/#breadcrumb\",\"itemListElement\":[{\"@type\":\"ListItem\",\"position\":1,\"name\":\"Inicio\",\"item\":\"https:\/\/aquacord.com.co\/\"},{\"@type\":\"ListItem\",\"position\":2,\"name\":\"Tienda\",\"item\":\"https:\/\/aquacord.com.co\/index.php\/tienda\/\"},{\"@type\":\"ListItem\",\"position\":3,\"name\":\"ORGANIZAD PORTA ESCOBAS PREMIUM &#8211; FULLER\"}]},{\"@type\":\"WebSite\",\"@id\":\"https:\/\/aquacord.com.co\/#website\",\"url\":\"https:\/\/aquacord.com.co\/\",\"name\":\"\",\"description\":\"Todo lo relacionado en productos qu\u00edmicos, accesorios, equipos para piscinas y el aseo de tu hogar e empresas\",\"potentialAction\":[{\"@type\":\"SearchAction\",\"target\":{\"@type\":\"EntryPoint\",\"urlTemplate\":\"https:\/\/aquacord.com.co\/?s={search_term_string}\"},\"query-input\":\"required name=search_term_string\"}],\"inLanguage\":\"es-CO\"}]}<\/script>\n<!-- \/ Yoast SEO plugin. -->","yoast_head_json":{"title":"ORGANIZAD PORTA ESCOBAS PREMIUM - FULLER -","description":"ORGANIZAD PORTA ESCOBAS PREMIUM - FULLER Ideal para organizar escobas, cepillos, trapeadores, plumeros, limpia, cristales y recogedores. Encu\u00e9ntralo en Almac\u00e9n y Cristaler\u00eda La 13, contigo en cada momento.","robots":{"index":"index","follow":"follow","max-snippet":"max-snippet:-1","max-image-preview":"max-image-preview:large","max-video-preview":"max-video-preview:-1"},"canonical":"https:\/\/aquacord.com.co\/index.php\/product\/organizad-porta-escobas-premium-fuller\/","og_locale":"es_ES","og_type":"article","og_title":"ORGANIZAD PORTA ESCOBAS PREMIUM - FULLER -","og_description":"ORGANIZAD PORTA ESCOBAS PREMIUM - FULLER Ideal para organizar escobas, cepillos, trapeadores, plumeros, limpia, cristales y recogedores. Encu\u00e9ntralo en Almac\u00e9n y Cristaler\u00eda La 13, contigo en cada momento.","og_url":"https:\/\/aquacord.com.co\/index.php\/product\/organizad-porta-escobas-premium-fuller\/","article_modified_time":"2024-01-29T19:38:38+00:00","og_image":[{"width":800,"height":800,"url":"https:\/\/aquacord.com.co\/wp-content\/uploads\/2023\/04\/organizador-portaescoba-7-puestos-premium-D_NQ_NP_830978-MCO26925016674_022018-F_1_4c6fd678-0d87-4661-8c22-157bdd71e8f5_1024x1024@2x.webp","type":"image\/webp"}],"twitter_card":"summary_large_image","twitter_misc":{"Tiempo estimado de lectura":"1 minuto"},"schema":{"@context":"https:\/\/schema.org","@graph":[{"@type":"WebPage","@id":"https:\/\/aquacord.com.co\/index.php\/product\/organizad-porta-escobas-premium-fuller\/","url":"https:\/\/aquacord.com.co\/index.php\/product\/organizad-porta-escobas-premium-fuller\/","name":"ORGANIZAD PORTA ESCOBAS PREMIUM - FULLER -","isPartOf":{"@id":"https:\/\/aquacord.com.co\/#website"},"datePublished":"2023-04-14T20:28:51+00:00","dateModified":"2024-01-29T19:38:38+00:00","description":"ORGANIZAD PORTA ESCOBAS PREMIUM - FULLER Ideal para organizar escobas, cepillos, trapeadores, plumeros, limpia, cristales y recogedores. Encu\u00e9ntralo en Almac\u00e9n y Cristaler\u00eda La 13, contigo en cada momento.","breadcrumb":{"@id":"https:\/\/aquacord.com.co\/index.php\/product\/organizad-porta-escobas-premium-fuller\/#breadcrumb"},"inLanguage":"es-CO","potentialAction":[{"@type":"ReadAction","target":["https:\/\/aquacord.com.co\/index.php\/product\/organizad-porta-escobas-premium-fuller\/"]}]},{"@type":"BreadcrumbList","@id":"https:\/\/aquacord.com.co\/index.php\/product\/organizad-porta-escobas-premium-fuller\/#breadcrumb","itemListElement":[{"@type":"ListItem","position":1,"name":"Inicio","item":"https:\/\/aquacord.com.co\/"},{"@type":"ListItem","position":2,"name":"Tienda","item":"https:\/\/aquacord.com.co\/index.php\/tienda\/"},{"@type":"ListItem","position":3,"name":"ORGANIZAD PORTA ESCOBAS PREMIUM &#8211; FULLER"}]},{"@type":"WebSite","@id":"https:\/\/aquacord.com.co\/#website","url":"https:\/\/aquacord.com.co\/","name":"","description":"Todo lo relacionado en productos qu\u00edmicos, accesorios, equipos para piscinas y el aseo de tu hogar e empresas","potentialAction":[{"@type":"SearchAction","target":{"@type":"EntryPoint","urlTemplate":"https:\/\/aquacord.com.co\/?s={search_term_string}"},"query-input":"required name=search_term_string"}],"inLanguage":"es-CO"}]}},"_links":{"self":[{"href":"https:\/\/aquacord.com.co\/index.php\/wp-json\/wp\/v2\/product\/3401"}],"collection":[{"href":"https:\/\/aquacord.com.co\/index.php\/wp-json\/wp\/v2\/product"}],"about":[{"href":"https:\/\/aquacord.com.co\/index.php\/wp-json\/wp\/v2\/types\/product"}],"replies":[{"embeddable":true,"href":"https:\/\/aquacord.com.co\/index.php\/wp-json\/wp\/v2\/comments?post=3401"}],"version-history":[{"count":1,"href":"https:\/\/aquacord.com.co\/index.php\/wp-json\/wp\/v2\/product\/3401\/revisions"}],"predecessor-version":[{"id":4269,"href":"https:\/\/aquacord.com.co\/index.php\/wp-json\/wp\/v2\/product\/3401\/revisions\/4269"}],"wp:featuredmedia":[{"embeddable":true,"href":"https:\/\/aquacord.com.co\/index.php\/wp-json\/wp\/v2\/media\/3403"}],"wp:attachment":[{"href":"https:\/\/aquacord.com.co\/index.php\/wp-json\/wp\/v2\/media?parent=3401"}],"wp:term":[{"taxonomy":"product_cat","embeddable":true,"href":"https:\/\/aquacord.com.co\/index.php\/wp-json\/wp\/v2\/product_cat?post=3401"},{"taxonomy":"product_tag","embeddable":true,"href":"https:\/\/aquacord.com.co\/index.php\/wp-json\/wp\/v2\/product_tag?post=3401"}],"curies":[{"name":"wp","href":"https:\/\/api.w.org\/{rel}","templated":true}]}}