{"id":3437,"date":"2023-04-15T16:39:57","date_gmt":"2023-04-15T16:39:57","guid":{"rendered":"https:\/\/aquacord.com.co\/?post_type=product&#038;p=3437"},"modified":"2024-09-11T16:25:51","modified_gmt":"2024-09-11T16:25:51","slug":"lubricante-wd-40","status":"publish","type":"product","link":"https:\/\/aquacord.com.co\/index.php\/product\/lubricante-wd-40\/","title":{"rendered":"LUBRICANTE WD-40"},"content":{"rendered":"<div class=\"jsx-3969330179 jsx-3762308956 title cell jsx-967453414\"><strong><span style=\"color: #ff0000\">USO<\/span><\/strong><\/div>\n<div class=\"jsx-3969330179 jsx-3762308956 value cell jsx-967453414\">\n<div class=\"jsx-3969330179 jsx-3762308956\">LUBRICANTE WD-40 Para la industria, el secto automotriz, la aviacion, ferreteria, hogar, construcm3ion, agricultura, equipos nauticos, etc.<\/div>\n<div>WD-40<sub>\u00ae<\/sub>\u00a0<b>es un excelente protector contra el \u00f3xido y la corrosi\u00f3n alargando la vida \u00fatil de las herramientas, maquinaria de jard\u00edn y otros equipos y piezas met\u00e1licas<\/b>.<\/div>\n<\/div>\n<div><strong><span style=\"color: #ff0000\">CARACTERISTICAS<\/span><\/strong><\/div>\n<div>Limpia, lubrica, penetra, desplaza la humedad, elimina chirridos. M\u00e1s de 2000 usos.<\/div>\n","protected":false},"excerpt":{"rendered":"<p>USO LUBRICANTE WD-40 Para la industria, el secto automotriz, la aviacion, ferreteria, hogar, construcm3ion, agricultura, equipos nauticos, etc. WD-40\u00ae\u00a0es un excelente protector contra el \u00f3xido y la corrosi\u00f3n alargando la vida \u00fatil de las herramientas, maquinaria de jard\u00edn y otros equipos y piezas met\u00e1licas. CARACTERISTICAS Limpia, lubrica, penetra, desplaza la humedad, elimina chirridos. M\u00e1s de &hellip;<\/p>\n<p class=\"read-more\"> <a class=\"\" href=\"https:\/\/aquacord.com.co\/index.php\/product\/lubricante-wd-40\/\"> <span class=\"screen-reader-text\">LUBRICANTE WD-40<\/span> Leer m\u00e1s &raquo;<\/a><\/p>\n","protected":false},"featured_media":5268,"comment_status":"open","ping_status":"closed","template":"","meta":{"site-sidebar-layout":"default","site-content-layout":"default","ast-global-header-display":"","ast-main-header-display":"","ast-hfb-above-header-display":"","ast-hfb-below-header-display":"","ast-hfb-mobile-header-display":"","site-post-title":"","ast-breadcrumbs-content":"","ast-featured-img":"","footer-sml-layout":"","theme-transparent-header-meta":"default","adv-header-id-meta":"","stick-header-meta":"","header-above-stick-meta":"","header-main-stick-meta":"","header-below-stick-meta":""},"product_cat":[28,45],"product_tag":[],"yoast_head":"<!-- This site is optimized with the Yoast SEO plugin v20.1 - https:\/\/yoast.com\/wordpress\/plugins\/seo\/ -->\n<title>LUBRICANTE WD-40 -<\/title>\n<meta name=\"description\" content=\"LUBRICANTE WD-40 es un excelente protector contra el \u00f3xido y la corrosi\u00f3n alargando la vida \u00fatil de las herramientas, maquinaria de jard\u00edn y otros equipos y piezas met\u00e1licas.\" \/>\n<meta name=\"robots\" content=\"index, follow, max-snippet:-1, max-image-preview:large, max-video-preview:-1\" \/>\n<link rel=\"canonical\" href=\"https:\/\/aquacord.com.co\/index.php\/product\/lubricante-wd-40\/\" \/>\n<meta property=\"og:locale\" content=\"es_ES\" \/>\n<meta property=\"og:type\" content=\"article\" \/>\n<meta property=\"og:title\" content=\"LUBRICANTE WD-40 -\" \/>\n<meta property=\"og:description\" content=\"LUBRICANTE WD-40 es un excelente protector contra el \u00f3xido y la corrosi\u00f3n alargando la vida \u00fatil de las herramientas, maquinaria de jard\u00edn y otros equipos y piezas met\u00e1licas.\" \/>\n<meta property=\"og:url\" content=\"https:\/\/aquacord.com.co\/index.php\/product\/lubricante-wd-40\/\" \/>\n<meta property=\"article:modified_time\" content=\"2024-09-11T16:25:51+00:00\" \/>\n<meta property=\"og:image\" content=\"https:\/\/aquacord.com.co\/wp-content\/uploads\/2023\/04\/Sin-titulo-1-1.png\" \/>\n\t<meta property=\"og:image:width\" content=\"2479\" \/>\n\t<meta property=\"og:image:height\" content=\"3154\" \/>\n\t<meta property=\"og:image:type\" content=\"image\/png\" \/>\n<meta name=\"twitter:card\" content=\"summary_large_image\" \/>\n<meta name=\"twitter:label1\" content=\"Tiempo estimado de lectura\" \/>\n\t<meta name=\"twitter:data1\" content=\"1 minuto\" \/>\n<script type=\"application\/ld+json\" class=\"yoast-schema-graph\">{\"@context\":\"https:\/\/schema.org\",\"@graph\":[{\"@type\":\"WebPage\",\"@id\":\"https:\/\/aquacord.com.co\/index.php\/product\/lubricante-wd-40\/\",\"url\":\"https:\/\/aquacord.com.co\/index.php\/product\/lubricante-wd-40\/\",\"name\":\"LUBRICANTE WD-40 -\",\"isPartOf\":{\"@id\":\"https:\/\/aquacord.com.co\/#website\"},\"datePublished\":\"2023-04-15T16:39:57+00:00\",\"dateModified\":\"2024-09-11T16:25:51+00:00\",\"description\":\"LUBRICANTE WD-40 es un excelente protector contra el \u00f3xido y la corrosi\u00f3n alargando la vida \u00fatil de las herramientas, maquinaria de jard\u00edn y otros equipos y piezas met\u00e1licas.\",\"breadcrumb\":{\"@id\":\"https:\/\/aquacord.com.co\/index.php\/product\/lubricante-wd-40\/#breadcrumb\"},\"inLanguage\":\"es-CO\",\"potentialAction\":[{\"@type\":\"ReadAction\",\"target\":[\"https:\/\/aquacord.com.co\/index.php\/product\/lubricante-wd-40\/\"]}]},{\"@type\":\"BreadcrumbList\",\"@id\":\"https:\/\/aquacord.com.co\/index.php\/product\/lubricante-wd-40\/#breadcrumb\",\"itemListElement\":[{\"@type\":\"ListItem\",\"position\":1,\"name\":\"Inicio\",\"item\":\"https:\/\/aquacord.com.co\/\"},{\"@type\":\"ListItem\",\"position\":2,\"name\":\"Tienda\",\"item\":\"https:\/\/aquacord.com.co\/index.php\/tienda\/\"},{\"@type\":\"ListItem\",\"position\":3,\"name\":\"LUBRICANTE WD-40\"}]},{\"@type\":\"WebSite\",\"@id\":\"https:\/\/aquacord.com.co\/#website\",\"url\":\"https:\/\/aquacord.com.co\/\",\"name\":\"\",\"description\":\"Todo lo relacionado en productos qu\u00edmicos, accesorios, equipos para piscinas y el aseo de tu hogar e empresas\",\"potentialAction\":[{\"@type\":\"SearchAction\",\"target\":{\"@type\":\"EntryPoint\",\"urlTemplate\":\"https:\/\/aquacord.com.co\/?s={search_term_string}\"},\"query-input\":\"required name=search_term_string\"}],\"inLanguage\":\"es-CO\"}]}<\/script>\n<!-- \/ Yoast SEO plugin. -->","yoast_head_json":{"title":"LUBRICANTE WD-40 -","description":"LUBRICANTE WD-40 es un excelente protector contra el \u00f3xido y la corrosi\u00f3n alargando la vida \u00fatil de las herramientas, maquinaria de jard\u00edn y otros equipos y piezas met\u00e1licas.","robots":{"index":"index","follow":"follow","max-snippet":"max-snippet:-1","max-image-preview":"max-image-preview:large","max-video-preview":"max-video-preview:-1"},"canonical":"https:\/\/aquacord.com.co\/index.php\/product\/lubricante-wd-40\/","og_locale":"es_ES","og_type":"article","og_title":"LUBRICANTE WD-40 -","og_description":"LUBRICANTE WD-40 es un excelente protector contra el \u00f3xido y la corrosi\u00f3n alargando la vida \u00fatil de las herramientas, maquinaria de jard\u00edn y otros equipos y piezas met\u00e1licas.","og_url":"https:\/\/aquacord.com.co\/index.php\/product\/lubricante-wd-40\/","article_modified_time":"2024-09-11T16:25:51+00:00","og_image":[{"width":2479,"height":3154,"url":"https:\/\/aquacord.com.co\/wp-content\/uploads\/2023\/04\/Sin-titulo-1-1.png","type":"image\/png"}],"twitter_card":"summary_large_image","twitter_misc":{"Tiempo estimado de lectura":"1 minuto"},"schema":{"@context":"https:\/\/schema.org","@graph":[{"@type":"WebPage","@id":"https:\/\/aquacord.com.co\/index.php\/product\/lubricante-wd-40\/","url":"https:\/\/aquacord.com.co\/index.php\/product\/lubricante-wd-40\/","name":"LUBRICANTE WD-40 -","isPartOf":{"@id":"https:\/\/aquacord.com.co\/#website"},"datePublished":"2023-04-15T16:39:57+00:00","dateModified":"2024-09-11T16:25:51+00:00","description":"LUBRICANTE WD-40 es un excelente protector contra el \u00f3xido y la corrosi\u00f3n alargando la vida \u00fatil de las herramientas, maquinaria de jard\u00edn y otros equipos y piezas met\u00e1licas.","breadcrumb":{"@id":"https:\/\/aquacord.com.co\/index.php\/product\/lubricante-wd-40\/#breadcrumb"},"inLanguage":"es-CO","potentialAction":[{"@type":"ReadAction","target":["https:\/\/aquacord.com.co\/index.php\/product\/lubricante-wd-40\/"]}]},{"@type":"BreadcrumbList","@id":"https:\/\/aquacord.com.co\/index.php\/product\/lubricante-wd-40\/#breadcrumb","itemListElement":[{"@type":"ListItem","position":1,"name":"Inicio","item":"https:\/\/aquacord.com.co\/"},{"@type":"ListItem","position":2,"name":"Tienda","item":"https:\/\/aquacord.com.co\/index.php\/tienda\/"},{"@type":"ListItem","position":3,"name":"LUBRICANTE WD-40"}]},{"@type":"WebSite","@id":"https:\/\/aquacord.com.co\/#website","url":"https:\/\/aquacord.com.co\/","name":"","description":"Todo lo relacionado en productos qu\u00edmicos, accesorios, equipos para piscinas y el aseo de tu hogar e empresas","potentialAction":[{"@type":"SearchAction","target":{"@type":"EntryPoint","urlTemplate":"https:\/\/aquacord.com.co\/?s={search_term_string}"},"query-input":"required name=search_term_string"}],"inLanguage":"es-CO"}]}},"_links":{"self":[{"href":"https:\/\/aquacord.com.co\/index.php\/wp-json\/wp\/v2\/product\/3437"}],"collection":[{"href":"https:\/\/aquacord.com.co\/index.php\/wp-json\/wp\/v2\/product"}],"about":[{"href":"https:\/\/aquacord.com.co\/index.php\/wp-json\/wp\/v2\/types\/product"}],"replies":[{"embeddable":true,"href":"https:\/\/aquacord.com.co\/index.php\/wp-json\/wp\/v2\/comments?post=3437"}],"version-history":[{"count":4,"href":"https:\/\/aquacord.com.co\/index.php\/wp-json\/wp\/v2\/product\/3437\/revisions"}],"predecessor-version":[{"id":5269,"href":"https:\/\/aquacord.com.co\/index.php\/wp-json\/wp\/v2\/product\/3437\/revisions\/5269"}],"wp:featuredmedia":[{"embeddable":true,"href":"https:\/\/aquacord.com.co\/index.php\/wp-json\/wp\/v2\/media\/5268"}],"wp:attachment":[{"href":"https:\/\/aquacord.com.co\/index.php\/wp-json\/wp\/v2\/media?parent=3437"}],"wp:term":[{"taxonomy":"product_cat","embeddable":true,"href":"https:\/\/aquacord.com.co\/index.php\/wp-json\/wp\/v2\/product_cat?post=3437"},{"taxonomy":"product_tag","embeddable":true,"href":"https:\/\/aquacord.com.co\/index.php\/wp-json\/wp\/v2\/product_tag?post=3437"}],"curies":[{"name":"wp","href":"https:\/\/api.w.org\/{rel}","templated":true}]}}