{"id":3468,"date":"2023-04-15T18:35:01","date_gmt":"2023-04-15T18:35:01","guid":{"rendered":"https:\/\/aquacord.com.co\/?post_type=product&#038;p=3468"},"modified":"2024-02-21T20:01:27","modified_gmt":"2024-02-21T20:01:27","slug":"rayol-spray-230-ml","status":"publish","type":"product","link":"https:\/\/aquacord.com.co\/index.php\/product\/rayol-spray-230-ml\/","title":{"rendered":"RAYOL SPRAY  230 ML"},"content":{"rendered":"<p>RAYOL SPRAY 230 ML Su efectiva f\u00f3rmula de base acuosa <b>mata moscas y mosquitos<\/b>\u00a0con un 80% menos de solventes qu\u00edmicos que los insecticidas tradicionales y sin causar da\u00f1o a sus plantas. Adem\u00e1s mata Cucarachas, Hormigas, Pulgas, Ara\u00f1as y Cienpi\u00e9s.<\/p>\n","protected":false},"excerpt":{"rendered":"<p>RAYOL SPRAY 230 ML Su efectiva f\u00f3rmula de base acuosa mata moscas y mosquitos\u00a0con un 80% menos de solventes qu\u00edmicos que los insecticidas tradicionales y sin causar da\u00f1o a sus plantas. Adem\u00e1s mata Cucarachas, Hormigas, Pulgas, Ara\u00f1as y Cienpi\u00e9s.<\/p>\n","protected":false},"featured_media":3473,"comment_status":"open","ping_status":"closed","template":"","meta":{"site-sidebar-layout":"default","site-content-layout":"default","ast-global-header-display":"","ast-main-header-display":"","ast-hfb-above-header-display":"","ast-hfb-below-header-display":"","ast-hfb-mobile-header-display":"","site-post-title":"","ast-breadcrumbs-content":"","ast-featured-img":"","footer-sml-layout":"","theme-transparent-header-meta":"default","adv-header-id-meta":"","stick-header-meta":"","header-above-stick-meta":"","header-main-stick-meta":"","header-below-stick-meta":""},"product_cat":[18,46],"product_tag":[],"yoast_head":"<!-- This site is optimized with the Yoast SEO plugin v20.1 - https:\/\/yoast.com\/wordpress\/plugins\/seo\/ -->\n<title>RAYOL SPRAY 230 ML -<\/title>\n<meta name=\"description\" content=\"RAYOL SPRAY 230 ML RAYOL SPRAY 230 ML Su efectiva f\u00f3rmula de base acuosa mata moscas y mosquitos\u00a0con un 80% menos de solventes qu\u00edmicos que los insecticidas tradicionales y sin causar da\u00f1o a sus plantas. Adem\u00e1s mata Cucarachas, Hormigas, Pulgas, Ara\u00f1as y Cienpi\u00e9s.\" \/>\n<meta name=\"robots\" content=\"index, follow, max-snippet:-1, max-image-preview:large, max-video-preview:-1\" \/>\n<link rel=\"canonical\" href=\"https:\/\/aquacord.com.co\/index.php\/product\/rayol-spray-230-ml\/\" \/>\n<meta property=\"og:locale\" content=\"es_ES\" \/>\n<meta property=\"og:type\" content=\"article\" \/>\n<meta property=\"og:title\" content=\"RAYOL SPRAY 230 ML -\" \/>\n<meta property=\"og:description\" content=\"RAYOL SPRAY 230 ML RAYOL SPRAY 230 ML Su efectiva f\u00f3rmula de base acuosa mata moscas y mosquitos\u00a0con un 80% menos de solventes qu\u00edmicos que los insecticidas tradicionales y sin causar da\u00f1o a sus plantas. Adem\u00e1s mata Cucarachas, Hormigas, Pulgas, Ara\u00f1as y Cienpi\u00e9s.\" \/>\n<meta property=\"og:url\" content=\"https:\/\/aquacord.com.co\/index.php\/product\/rayol-spray-230-ml\/\" \/>\n<meta property=\"article:modified_time\" content=\"2024-02-21T20:01:27+00:00\" \/>\n<meta property=\"og:image\" content=\"https:\/\/aquacord.com.co\/wp-content\/uploads\/2023\/04\/Captura-de-pantalla-2023-04-15-133258.png\" \/>\n\t<meta property=\"og:image:width\" content=\"356\" \/>\n\t<meta property=\"og:image:height\" content=\"513\" \/>\n\t<meta property=\"og:image:type\" content=\"image\/png\" \/>\n<meta name=\"twitter:card\" content=\"summary_large_image\" \/>\n<meta name=\"twitter:label1\" content=\"Tiempo estimado de lectura\" \/>\n\t<meta name=\"twitter:data1\" content=\"1 minuto\" \/>\n<script type=\"application\/ld+json\" class=\"yoast-schema-graph\">{\"@context\":\"https:\/\/schema.org\",\"@graph\":[{\"@type\":\"WebPage\",\"@id\":\"https:\/\/aquacord.com.co\/index.php\/product\/rayol-spray-230-ml\/\",\"url\":\"https:\/\/aquacord.com.co\/index.php\/product\/rayol-spray-230-ml\/\",\"name\":\"RAYOL SPRAY 230 ML -\",\"isPartOf\":{\"@id\":\"https:\/\/aquacord.com.co\/#website\"},\"datePublished\":\"2023-04-15T18:35:01+00:00\",\"dateModified\":\"2024-02-21T20:01:27+00:00\",\"description\":\"RAYOL SPRAY 230 ML RAYOL SPRAY 230 ML Su efectiva f\u00f3rmula de base acuosa mata moscas y mosquitos\u00a0con un 80% menos de solventes qu\u00edmicos que los insecticidas tradicionales y sin causar da\u00f1o a sus plantas. Adem\u00e1s mata Cucarachas, Hormigas, Pulgas, Ara\u00f1as y Cienpi\u00e9s.\",\"breadcrumb\":{\"@id\":\"https:\/\/aquacord.com.co\/index.php\/product\/rayol-spray-230-ml\/#breadcrumb\"},\"inLanguage\":\"es-CO\",\"potentialAction\":[{\"@type\":\"ReadAction\",\"target\":[\"https:\/\/aquacord.com.co\/index.php\/product\/rayol-spray-230-ml\/\"]}]},{\"@type\":\"BreadcrumbList\",\"@id\":\"https:\/\/aquacord.com.co\/index.php\/product\/rayol-spray-230-ml\/#breadcrumb\",\"itemListElement\":[{\"@type\":\"ListItem\",\"position\":1,\"name\":\"Inicio\",\"item\":\"https:\/\/aquacord.com.co\/\"},{\"@type\":\"ListItem\",\"position\":2,\"name\":\"Tienda\",\"item\":\"https:\/\/aquacord.com.co\/index.php\/tienda\/\"},{\"@type\":\"ListItem\",\"position\":3,\"name\":\"RAYOL SPRAY 230 ML\"}]},{\"@type\":\"WebSite\",\"@id\":\"https:\/\/aquacord.com.co\/#website\",\"url\":\"https:\/\/aquacord.com.co\/\",\"name\":\"\",\"description\":\"Todo lo relacionado en productos qu\u00edmicos, accesorios, equipos para piscinas y el aseo de tu hogar e empresas\",\"potentialAction\":[{\"@type\":\"SearchAction\",\"target\":{\"@type\":\"EntryPoint\",\"urlTemplate\":\"https:\/\/aquacord.com.co\/?s={search_term_string}\"},\"query-input\":\"required name=search_term_string\"}],\"inLanguage\":\"es-CO\"}]}<\/script>\n<!-- \/ Yoast SEO plugin. -->","yoast_head_json":{"title":"RAYOL SPRAY 230 ML -","description":"RAYOL SPRAY 230 ML RAYOL SPRAY 230 ML Su efectiva f\u00f3rmula de base acuosa mata moscas y mosquitos\u00a0con un 80% menos de solventes qu\u00edmicos que los insecticidas tradicionales y sin causar da\u00f1o a sus plantas. Adem\u00e1s mata Cucarachas, Hormigas, Pulgas, Ara\u00f1as y Cienpi\u00e9s.","robots":{"index":"index","follow":"follow","max-snippet":"max-snippet:-1","max-image-preview":"max-image-preview:large","max-video-preview":"max-video-preview:-1"},"canonical":"https:\/\/aquacord.com.co\/index.php\/product\/rayol-spray-230-ml\/","og_locale":"es_ES","og_type":"article","og_title":"RAYOL SPRAY 230 ML -","og_description":"RAYOL SPRAY 230 ML RAYOL SPRAY 230 ML Su efectiva f\u00f3rmula de base acuosa mata moscas y mosquitos\u00a0con un 80% menos de solventes qu\u00edmicos que los insecticidas tradicionales y sin causar da\u00f1o a sus plantas. Adem\u00e1s mata Cucarachas, Hormigas, Pulgas, Ara\u00f1as y Cienpi\u00e9s.","og_url":"https:\/\/aquacord.com.co\/index.php\/product\/rayol-spray-230-ml\/","article_modified_time":"2024-02-21T20:01:27+00:00","og_image":[{"width":356,"height":513,"url":"https:\/\/aquacord.com.co\/wp-content\/uploads\/2023\/04\/Captura-de-pantalla-2023-04-15-133258.png","type":"image\/png"}],"twitter_card":"summary_large_image","twitter_misc":{"Tiempo estimado de lectura":"1 minuto"},"schema":{"@context":"https:\/\/schema.org","@graph":[{"@type":"WebPage","@id":"https:\/\/aquacord.com.co\/index.php\/product\/rayol-spray-230-ml\/","url":"https:\/\/aquacord.com.co\/index.php\/product\/rayol-spray-230-ml\/","name":"RAYOL SPRAY 230 ML -","isPartOf":{"@id":"https:\/\/aquacord.com.co\/#website"},"datePublished":"2023-04-15T18:35:01+00:00","dateModified":"2024-02-21T20:01:27+00:00","description":"RAYOL SPRAY 230 ML RAYOL SPRAY 230 ML Su efectiva f\u00f3rmula de base acuosa mata moscas y mosquitos\u00a0con un 80% menos de solventes qu\u00edmicos que los insecticidas tradicionales y sin causar da\u00f1o a sus plantas. Adem\u00e1s mata Cucarachas, Hormigas, Pulgas, Ara\u00f1as y Cienpi\u00e9s.","breadcrumb":{"@id":"https:\/\/aquacord.com.co\/index.php\/product\/rayol-spray-230-ml\/#breadcrumb"},"inLanguage":"es-CO","potentialAction":[{"@type":"ReadAction","target":["https:\/\/aquacord.com.co\/index.php\/product\/rayol-spray-230-ml\/"]}]},{"@type":"BreadcrumbList","@id":"https:\/\/aquacord.com.co\/index.php\/product\/rayol-spray-230-ml\/#breadcrumb","itemListElement":[{"@type":"ListItem","position":1,"name":"Inicio","item":"https:\/\/aquacord.com.co\/"},{"@type":"ListItem","position":2,"name":"Tienda","item":"https:\/\/aquacord.com.co\/index.php\/tienda\/"},{"@type":"ListItem","position":3,"name":"RAYOL SPRAY 230 ML"}]},{"@type":"WebSite","@id":"https:\/\/aquacord.com.co\/#website","url":"https:\/\/aquacord.com.co\/","name":"","description":"Todo lo relacionado en productos qu\u00edmicos, accesorios, equipos para piscinas y el aseo de tu hogar e empresas","potentialAction":[{"@type":"SearchAction","target":{"@type":"EntryPoint","urlTemplate":"https:\/\/aquacord.com.co\/?s={search_term_string}"},"query-input":"required name=search_term_string"}],"inLanguage":"es-CO"}]}},"_links":{"self":[{"href":"https:\/\/aquacord.com.co\/index.php\/wp-json\/wp\/v2\/product\/3468"}],"collection":[{"href":"https:\/\/aquacord.com.co\/index.php\/wp-json\/wp\/v2\/product"}],"about":[{"href":"https:\/\/aquacord.com.co\/index.php\/wp-json\/wp\/v2\/types\/product"}],"replies":[{"embeddable":true,"href":"https:\/\/aquacord.com.co\/index.php\/wp-json\/wp\/v2\/comments?post=3468"}],"version-history":[{"count":1,"href":"https:\/\/aquacord.com.co\/index.php\/wp-json\/wp\/v2\/product\/3468\/revisions"}],"predecessor-version":[{"id":4868,"href":"https:\/\/aquacord.com.co\/index.php\/wp-json\/wp\/v2\/product\/3468\/revisions\/4868"}],"wp:featuredmedia":[{"embeddable":true,"href":"https:\/\/aquacord.com.co\/index.php\/wp-json\/wp\/v2\/media\/3473"}],"wp:attachment":[{"href":"https:\/\/aquacord.com.co\/index.php\/wp-json\/wp\/v2\/media?parent=3468"}],"wp:term":[{"taxonomy":"product_cat","embeddable":true,"href":"https:\/\/aquacord.com.co\/index.php\/wp-json\/wp\/v2\/product_cat?post=3468"},{"taxonomy":"product_tag","embeddable":true,"href":"https:\/\/aquacord.com.co\/index.php\/wp-json\/wp\/v2\/product_tag?post=3468"}],"curies":[{"name":"wp","href":"https:\/\/api.w.org\/{rel}","templated":true}]}}