{"id":3573,"date":"2023-04-17T21:56:18","date_gmt":"2023-04-17T21:56:18","guid":{"rendered":"https:\/\/aquacord.com.co\/?post_type=product&#038;p=3573"},"modified":"2024-09-11T16:29:38","modified_gmt":"2024-09-11T16:29:38","slug":"acido-oxalico-x-kilo","status":"publish","type":"product","link":"https:\/\/aquacord.com.co\/index.php\/product\/acido-oxalico-x-kilo\/","title":{"rendered":"ACIDO OXALICO X KILO"},"content":{"rendered":"<p>ACIDO OXALICO es un polvo o s\u00f3lido cristalino (como la arena) inodoro de incoloro a blanco. Se utiliza como <b>agente desoxidante, para limpiar los radiadores y para quitar manchas de tinta<\/b>.<\/p>\n<p><b>Quitar \u00f3xido en metales, especialmente en piezas cromadas, muy utilizado en bicicletas<\/b>. En la construcci\u00f3n se utiliza para pulir pisos, m\u00e1rmol y otras superficies. En n\u00e1utica, para limpieza fibra de vidrio. En apicultura erradica el \u00e1caro varroa que ataca a las abejas.<\/p>\n","protected":false},"excerpt":{"rendered":"<p>ACIDO OXALICO es un polvo o s\u00f3lido cristalino (como la arena) inodoro de incoloro a blanco. Se utiliza como agente desoxidante, para limpiar los radiadores y para quitar manchas de tinta. Quitar \u00f3xido en metales, especialmente en piezas cromadas, muy utilizado en bicicletas. En la construcci\u00f3n se utiliza para pulir pisos, m\u00e1rmol y otras superficies. &hellip;<\/p>\n<p class=\"read-more\"> <a class=\"\" href=\"https:\/\/aquacord.com.co\/index.php\/product\/acido-oxalico-x-kilo\/\"> <span class=\"screen-reader-text\">ACIDO OXALICO X KILO<\/span> Leer m\u00e1s &raquo;<\/a><\/p>\n","protected":false},"featured_media":3575,"comment_status":"open","ping_status":"closed","template":"","meta":{"site-sidebar-layout":"default","site-content-layout":"default","ast-global-header-display":"","ast-main-header-display":"","ast-hfb-above-header-display":"","ast-hfb-below-header-display":"","ast-hfb-mobile-header-display":"","site-post-title":"","ast-breadcrumbs-content":"","ast-featured-img":"","footer-sml-layout":"","theme-transparent-header-meta":"default","adv-header-id-meta":"","stick-header-meta":"","header-above-stick-meta":"","header-main-stick-meta":"","header-below-stick-meta":""},"product_cat":[56,18],"product_tag":[],"yoast_head":"<!-- This site is optimized with the Yoast SEO plugin v20.1 - https:\/\/yoast.com\/wordpress\/plugins\/seo\/ -->\n<title>ACIDO OXALICO X KILO -<\/title>\n<meta name=\"description\" content=\"ACIDO OXALICO X KILO Quitar \u00f3xido en metales, especialmente en piezas cromadas, muy utilizado en bicicletas. En la construcci\u00f3n se utiliza para pulir pisos, m\u00e1rmol y otras superficies. En n\u00e1utica, para limpieza fibra de vidrio. En apicultura erradica el \u00e1caro varroa que ataca a las abejas.\" \/>\n<meta name=\"robots\" content=\"index, follow, max-snippet:-1, max-image-preview:large, max-video-preview:-1\" \/>\n<link rel=\"canonical\" href=\"https:\/\/aquacord.com.co\/index.php\/product\/acido-oxalico-x-kilo\/\" \/>\n<meta property=\"og:locale\" content=\"es_ES\" \/>\n<meta property=\"og:type\" content=\"article\" \/>\n<meta property=\"og:title\" content=\"ACIDO OXALICO X KILO -\" \/>\n<meta property=\"og:description\" content=\"ACIDO OXALICO X KILO Quitar \u00f3xido en metales, especialmente en piezas cromadas, muy utilizado en bicicletas. En la construcci\u00f3n se utiliza para pulir pisos, m\u00e1rmol y otras superficies. En n\u00e1utica, para limpieza fibra de vidrio. En apicultura erradica el \u00e1caro varroa que ataca a las abejas.\" \/>\n<meta property=\"og:url\" content=\"https:\/\/aquacord.com.co\/index.php\/product\/acido-oxalico-x-kilo\/\" \/>\n<meta property=\"article:modified_time\" content=\"2024-09-11T16:29:38+00:00\" \/>\n<meta property=\"og:image\" content=\"https:\/\/aquacord.com.co\/wp-content\/uploads\/2023\/04\/Captura-de-pantalla-2023-04-17-165125.png\" \/>\n\t<meta property=\"og:image:width\" content=\"356\" \/>\n\t<meta property=\"og:image:height\" content=\"406\" \/>\n\t<meta property=\"og:image:type\" content=\"image\/png\" \/>\n<meta name=\"twitter:card\" content=\"summary_large_image\" \/>\n<meta name=\"twitter:label1\" content=\"Tiempo estimado de lectura\" \/>\n\t<meta name=\"twitter:data1\" content=\"1 minuto\" \/>\n<script type=\"application\/ld+json\" class=\"yoast-schema-graph\">{\"@context\":\"https:\/\/schema.org\",\"@graph\":[{\"@type\":\"WebPage\",\"@id\":\"https:\/\/aquacord.com.co\/index.php\/product\/acido-oxalico-x-kilo\/\",\"url\":\"https:\/\/aquacord.com.co\/index.php\/product\/acido-oxalico-x-kilo\/\",\"name\":\"ACIDO OXALICO X KILO -\",\"isPartOf\":{\"@id\":\"https:\/\/aquacord.com.co\/#website\"},\"datePublished\":\"2023-04-17T21:56:18+00:00\",\"dateModified\":\"2024-09-11T16:29:38+00:00\",\"description\":\"ACIDO OXALICO X KILO Quitar \u00f3xido en metales, especialmente en piezas cromadas, muy utilizado en bicicletas. En la construcci\u00f3n se utiliza para pulir pisos, m\u00e1rmol y otras superficies. En n\u00e1utica, para limpieza fibra de vidrio. En apicultura erradica el \u00e1caro varroa que ataca a las abejas.\",\"breadcrumb\":{\"@id\":\"https:\/\/aquacord.com.co\/index.php\/product\/acido-oxalico-x-kilo\/#breadcrumb\"},\"inLanguage\":\"es-CO\",\"potentialAction\":[{\"@type\":\"ReadAction\",\"target\":[\"https:\/\/aquacord.com.co\/index.php\/product\/acido-oxalico-x-kilo\/\"]}]},{\"@type\":\"BreadcrumbList\",\"@id\":\"https:\/\/aquacord.com.co\/index.php\/product\/acido-oxalico-x-kilo\/#breadcrumb\",\"itemListElement\":[{\"@type\":\"ListItem\",\"position\":1,\"name\":\"Inicio\",\"item\":\"https:\/\/aquacord.com.co\/\"},{\"@type\":\"ListItem\",\"position\":2,\"name\":\"Tienda\",\"item\":\"https:\/\/aquacord.com.co\/index.php\/tienda\/\"},{\"@type\":\"ListItem\",\"position\":3,\"name\":\"ACIDO OXALICO X KILO\"}]},{\"@type\":\"WebSite\",\"@id\":\"https:\/\/aquacord.com.co\/#website\",\"url\":\"https:\/\/aquacord.com.co\/\",\"name\":\"\",\"description\":\"Todo lo relacionado en productos qu\u00edmicos, accesorios, equipos para piscinas y el aseo de tu hogar e empresas\",\"potentialAction\":[{\"@type\":\"SearchAction\",\"target\":{\"@type\":\"EntryPoint\",\"urlTemplate\":\"https:\/\/aquacord.com.co\/?s={search_term_string}\"},\"query-input\":\"required name=search_term_string\"}],\"inLanguage\":\"es-CO\"}]}<\/script>\n<!-- \/ Yoast SEO plugin. -->","yoast_head_json":{"title":"ACIDO OXALICO X KILO -","description":"ACIDO OXALICO X KILO Quitar \u00f3xido en metales, especialmente en piezas cromadas, muy utilizado en bicicletas. En la construcci\u00f3n se utiliza para pulir pisos, m\u00e1rmol y otras superficies. En n\u00e1utica, para limpieza fibra de vidrio. En apicultura erradica el \u00e1caro varroa que ataca a las abejas.","robots":{"index":"index","follow":"follow","max-snippet":"max-snippet:-1","max-image-preview":"max-image-preview:large","max-video-preview":"max-video-preview:-1"},"canonical":"https:\/\/aquacord.com.co\/index.php\/product\/acido-oxalico-x-kilo\/","og_locale":"es_ES","og_type":"article","og_title":"ACIDO OXALICO X KILO -","og_description":"ACIDO OXALICO X KILO Quitar \u00f3xido en metales, especialmente en piezas cromadas, muy utilizado en bicicletas. En la construcci\u00f3n se utiliza para pulir pisos, m\u00e1rmol y otras superficies. En n\u00e1utica, para limpieza fibra de vidrio. En apicultura erradica el \u00e1caro varroa que ataca a las abejas.","og_url":"https:\/\/aquacord.com.co\/index.php\/product\/acido-oxalico-x-kilo\/","article_modified_time":"2024-09-11T16:29:38+00:00","og_image":[{"width":356,"height":406,"url":"https:\/\/aquacord.com.co\/wp-content\/uploads\/2023\/04\/Captura-de-pantalla-2023-04-17-165125.png","type":"image\/png"}],"twitter_card":"summary_large_image","twitter_misc":{"Tiempo estimado de lectura":"1 minuto"},"schema":{"@context":"https:\/\/schema.org","@graph":[{"@type":"WebPage","@id":"https:\/\/aquacord.com.co\/index.php\/product\/acido-oxalico-x-kilo\/","url":"https:\/\/aquacord.com.co\/index.php\/product\/acido-oxalico-x-kilo\/","name":"ACIDO OXALICO X KILO -","isPartOf":{"@id":"https:\/\/aquacord.com.co\/#website"},"datePublished":"2023-04-17T21:56:18+00:00","dateModified":"2024-09-11T16:29:38+00:00","description":"ACIDO OXALICO X KILO Quitar \u00f3xido en metales, especialmente en piezas cromadas, muy utilizado en bicicletas. En la construcci\u00f3n se utiliza para pulir pisos, m\u00e1rmol y otras superficies. En n\u00e1utica, para limpieza fibra de vidrio. En apicultura erradica el \u00e1caro varroa que ataca a las abejas.","breadcrumb":{"@id":"https:\/\/aquacord.com.co\/index.php\/product\/acido-oxalico-x-kilo\/#breadcrumb"},"inLanguage":"es-CO","potentialAction":[{"@type":"ReadAction","target":["https:\/\/aquacord.com.co\/index.php\/product\/acido-oxalico-x-kilo\/"]}]},{"@type":"BreadcrumbList","@id":"https:\/\/aquacord.com.co\/index.php\/product\/acido-oxalico-x-kilo\/#breadcrumb","itemListElement":[{"@type":"ListItem","position":1,"name":"Inicio","item":"https:\/\/aquacord.com.co\/"},{"@type":"ListItem","position":2,"name":"Tienda","item":"https:\/\/aquacord.com.co\/index.php\/tienda\/"},{"@type":"ListItem","position":3,"name":"ACIDO OXALICO X KILO"}]},{"@type":"WebSite","@id":"https:\/\/aquacord.com.co\/#website","url":"https:\/\/aquacord.com.co\/","name":"","description":"Todo lo relacionado en productos qu\u00edmicos, accesorios, equipos para piscinas y el aseo de tu hogar e empresas","potentialAction":[{"@type":"SearchAction","target":{"@type":"EntryPoint","urlTemplate":"https:\/\/aquacord.com.co\/?s={search_term_string}"},"query-input":"required name=search_term_string"}],"inLanguage":"es-CO"}]}},"_links":{"self":[{"href":"https:\/\/aquacord.com.co\/index.php\/wp-json\/wp\/v2\/product\/3573"}],"collection":[{"href":"https:\/\/aquacord.com.co\/index.php\/wp-json\/wp\/v2\/product"}],"about":[{"href":"https:\/\/aquacord.com.co\/index.php\/wp-json\/wp\/v2\/types\/product"}],"replies":[{"embeddable":true,"href":"https:\/\/aquacord.com.co\/index.php\/wp-json\/wp\/v2\/comments?post=3573"}],"version-history":[{"count":1,"href":"https:\/\/aquacord.com.co\/index.php\/wp-json\/wp\/v2\/product\/3573\/revisions"}],"predecessor-version":[{"id":4637,"href":"https:\/\/aquacord.com.co\/index.php\/wp-json\/wp\/v2\/product\/3573\/revisions\/4637"}],"wp:featuredmedia":[{"embeddable":true,"href":"https:\/\/aquacord.com.co\/index.php\/wp-json\/wp\/v2\/media\/3575"}],"wp:attachment":[{"href":"https:\/\/aquacord.com.co\/index.php\/wp-json\/wp\/v2\/media?parent=3573"}],"wp:term":[{"taxonomy":"product_cat","embeddable":true,"href":"https:\/\/aquacord.com.co\/index.php\/wp-json\/wp\/v2\/product_cat?post=3573"},{"taxonomy":"product_tag","embeddable":true,"href":"https:\/\/aquacord.com.co\/index.php\/wp-json\/wp\/v2\/product_tag?post=3573"}],"curies":[{"name":"wp","href":"https:\/\/api.w.org\/{rel}","templated":true}]}}