{"id":3583,"date":"2023-04-18T13:59:15","date_gmt":"2023-04-18T13:59:15","guid":{"rendered":"https:\/\/aquacord.com.co\/?post_type=product&#038;p=3583"},"modified":"2024-09-14T15:03:15","modified_gmt":"2024-09-14T15:03:15","slug":"pano-microfibra-x5-task-pro","status":"publish","type":"product","link":"https:\/\/aquacord.com.co\/index.php\/product\/pano-microfibra-x5-task-pro\/","title":{"rendered":"PA\u00d1O MICROFIBRA  X5 &#8211; TASK PRO"},"content":{"rendered":"<p>Los pa\u00f1os de microfibra\u00a0<b>hacen que la limpieza sea m\u00e1s f\u00e1cil y menos t\u00f3xica<\/b>. Adaptados a cada necesidad y especialmente sensibles al tacto de la piel. Son muy buenos para la limpieza de diversos lugares y principalmente para la limpieza de la casa, ya que se pueden usar para todo tipo de superficies.<\/p>\n<div>\n<div class=\"dnXCYb\" role=\"button\" data-hveid=\"CB0QAQ\">\n<div class=\"JlqpRe\"><span class=\"JCzEY ZwRhJd\"><span class=\"CSkcDe\">\u00bfQu\u00e9 se limpia con el pa\u00f1o de microfibra?<\/span><\/span><\/div>\n<div class=\"L3Ezfd\" data-ved=\"2ahUKEwjPm6uCy7P-AhWGTjABHUuICaQQuk56BAgdEAI\"><b style=\"font-style: inherit\">Usos de las toallas de microfibra<\/b><\/div>\n<\/div>\n<\/div>\n<div id=\"_y6E-ZI-KHIadwbkPy5CmoAo_40\" class=\"bCOlv\" data-ved=\"2ahUKEwjPm6uCy7P-AhWGTjABHUuICaQQ7NUEegQIHRAE\">\n<div class=\"IZE3Td\">\n<div class=\"t0bRye r2fjmd\" data-hveid=\"CB0QBQ\" data-ved=\"2ahUKEwjPm6uCy7P-AhWGTjABHUuICaQQu04oAHoECB0QBQ\">\n<div id=\"y6E-ZI-KHIadwbkPy5CmoAo__20\">\n<div class=\"wDYxhc\" data-md=\"83\">\n<div class=\"di3YZe\">\n<div class=\"RqBzHd\">\n<ul class=\"i8Z77e\">\n<li class=\"TrT0Xe\">La\u00a0<b>microfibra<\/b>\u00a0es el mejor material para\u00a0<b>limpiar<\/b>\u00a0los dispositivos electr\u00f3nicos. En especial las pantallas planas de los televisores, de los m\u00f3viles y de los ordenadores. &#8230;<\/li>\n<li class=\"TrT0Xe\">Las toallas y\u00a0<b>pa\u00f1os<\/b>\u00a0tradicionales suelen dejar pelusas y marcas. &#8230;<\/li>\n<li class=\"TrT0Xe\">Lo mejor de la\u00a0<b>microfibra<\/b>\u00a0es\u00a0<b>que<\/b>\u00a0es muy vers\u00e1til.<\/li>\n<\/ul>\n<\/div>\n<\/div>\n<\/div>\n<\/div>\n<\/div>\n<\/div>\n<\/div>\n","protected":false},"excerpt":{"rendered":"<p>Los pa\u00f1os de microfibra\u00a0hacen que la limpieza sea m\u00e1s f\u00e1cil y menos t\u00f3xica. Adaptados a cada necesidad y especialmente sensibles al tacto de la piel. Son muy buenos para la limpieza de diversos lugares y principalmente para la limpieza de la casa, ya que se pueden usar para todo tipo de superficies. \u00bfQu\u00e9 se limpia &hellip;<\/p>\n<p class=\"read-more\"> <a class=\"\" href=\"https:\/\/aquacord.com.co\/index.php\/product\/pano-microfibra-x5-task-pro\/\"> <span class=\"screen-reader-text\">PA\u00d1O MICROFIBRA  X5 &#8211; TASK PRO<\/span> Leer m\u00e1s &raquo;<\/a><\/p>\n","protected":false},"featured_media":3588,"comment_status":"open","ping_status":"closed","template":"","meta":{"site-sidebar-layout":"default","site-content-layout":"default","ast-global-header-display":"","ast-main-header-display":"","ast-hfb-above-header-display":"","ast-hfb-below-header-display":"","ast-hfb-mobile-header-display":"","site-post-title":"","ast-breadcrumbs-content":"","ast-featured-img":"","footer-sml-layout":"","theme-transparent-header-meta":"default","adv-header-id-meta":"","stick-header-meta":"","header-above-stick-meta":"","header-main-stick-meta":"","header-below-stick-meta":""},"product_cat":[18,49],"product_tag":[],"yoast_head":"<!-- This site is optimized with the Yoast SEO plugin v20.1 - https:\/\/yoast.com\/wordpress\/plugins\/seo\/ -->\n<title>PA\u00d1O MICROFIBRA X5 - TASK PRO -<\/title>\n<meta name=\"description\" content=\"PA\u00d1O MICROFIBRA X5 - TASK PRO Los pa\u00f1os de microfibra\u00a0hacen que la limpieza sea m\u00e1s f\u00e1cil y menos t\u00f3xica. Adaptados a cada necesidad y especialmente sensibles al tacto de la piel. Son muy buenos para la limpieza de diversos lugares y principalmente para la limpieza de la casa, ya que se pueden usar para todo tipo de superficies.\" \/>\n<meta name=\"robots\" content=\"index, follow, max-snippet:-1, max-image-preview:large, max-video-preview:-1\" \/>\n<link rel=\"canonical\" href=\"https:\/\/aquacord.com.co\/index.php\/product\/pano-microfibra-x5-task-pro\/\" \/>\n<meta property=\"og:locale\" content=\"es_ES\" \/>\n<meta property=\"og:type\" content=\"article\" \/>\n<meta property=\"og:title\" content=\"PA\u00d1O MICROFIBRA X5 - TASK PRO -\" \/>\n<meta property=\"og:description\" content=\"PA\u00d1O MICROFIBRA X5 - TASK PRO Los pa\u00f1os de microfibra\u00a0hacen que la limpieza sea m\u00e1s f\u00e1cil y menos t\u00f3xica. Adaptados a cada necesidad y especialmente sensibles al tacto de la piel. Son muy buenos para la limpieza de diversos lugares y principalmente para la limpieza de la casa, ya que se pueden usar para todo tipo de superficies.\" \/>\n<meta property=\"og:url\" content=\"https:\/\/aquacord.com.co\/index.php\/product\/pano-microfibra-x5-task-pro\/\" \/>\n<meta property=\"article:modified_time\" content=\"2024-09-14T15:03:15+00:00\" \/>\n<meta property=\"og:image\" content=\"https:\/\/aquacord.com.co\/wp-content\/uploads\/2023\/04\/Captura-de-pantalla-2023-04-18-085529.png\" \/>\n\t<meta property=\"og:image:width\" content=\"530\" \/>\n\t<meta property=\"og:image:height\" content=\"299\" \/>\n\t<meta property=\"og:image:type\" content=\"image\/png\" \/>\n<meta name=\"twitter:card\" content=\"summary_large_image\" \/>\n<meta name=\"twitter:label1\" content=\"Tiempo estimado de lectura\" \/>\n\t<meta name=\"twitter:data1\" content=\"1 minuto\" \/>\n<script type=\"application\/ld+json\" class=\"yoast-schema-graph\">{\"@context\":\"https:\/\/schema.org\",\"@graph\":[{\"@type\":\"WebPage\",\"@id\":\"https:\/\/aquacord.com.co\/index.php\/product\/pano-microfibra-x5-task-pro\/\",\"url\":\"https:\/\/aquacord.com.co\/index.php\/product\/pano-microfibra-x5-task-pro\/\",\"name\":\"PA\u00d1O MICROFIBRA X5 - TASK PRO -\",\"isPartOf\":{\"@id\":\"https:\/\/aquacord.com.co\/#website\"},\"datePublished\":\"2023-04-18T13:59:15+00:00\",\"dateModified\":\"2024-09-14T15:03:15+00:00\",\"description\":\"PA\u00d1O MICROFIBRA X5 - TASK PRO Los pa\u00f1os de microfibra\u00a0hacen que la limpieza sea m\u00e1s f\u00e1cil y menos t\u00f3xica. Adaptados a cada necesidad y especialmente sensibles al tacto de la piel. Son muy buenos para la limpieza de diversos lugares y principalmente para la limpieza de la casa, ya que se pueden usar para todo tipo de superficies.\",\"breadcrumb\":{\"@id\":\"https:\/\/aquacord.com.co\/index.php\/product\/pano-microfibra-x5-task-pro\/#breadcrumb\"},\"inLanguage\":\"es-CO\",\"potentialAction\":[{\"@type\":\"ReadAction\",\"target\":[\"https:\/\/aquacord.com.co\/index.php\/product\/pano-microfibra-x5-task-pro\/\"]}]},{\"@type\":\"BreadcrumbList\",\"@id\":\"https:\/\/aquacord.com.co\/index.php\/product\/pano-microfibra-x5-task-pro\/#breadcrumb\",\"itemListElement\":[{\"@type\":\"ListItem\",\"position\":1,\"name\":\"Inicio\",\"item\":\"https:\/\/aquacord.com.co\/\"},{\"@type\":\"ListItem\",\"position\":2,\"name\":\"Tienda\",\"item\":\"https:\/\/aquacord.com.co\/index.php\/tienda\/\"},{\"@type\":\"ListItem\",\"position\":3,\"name\":\"PA\u00d1O MICROFIBRA X5 &#8211; TASK PRO\"}]},{\"@type\":\"WebSite\",\"@id\":\"https:\/\/aquacord.com.co\/#website\",\"url\":\"https:\/\/aquacord.com.co\/\",\"name\":\"\",\"description\":\"Todo lo relacionado en productos qu\u00edmicos, accesorios, equipos para piscinas y el aseo de tu hogar e empresas\",\"potentialAction\":[{\"@type\":\"SearchAction\",\"target\":{\"@type\":\"EntryPoint\",\"urlTemplate\":\"https:\/\/aquacord.com.co\/?s={search_term_string}\"},\"query-input\":\"required name=search_term_string\"}],\"inLanguage\":\"es-CO\"}]}<\/script>\n<!-- \/ Yoast SEO plugin. -->","yoast_head_json":{"title":"PA\u00d1O MICROFIBRA X5 - TASK PRO -","description":"PA\u00d1O MICROFIBRA X5 - TASK PRO Los pa\u00f1os de microfibra\u00a0hacen que la limpieza sea m\u00e1s f\u00e1cil y menos t\u00f3xica. Adaptados a cada necesidad y especialmente sensibles al tacto de la piel. Son muy buenos para la limpieza de diversos lugares y principalmente para la limpieza de la casa, ya que se pueden usar para todo tipo de superficies.","robots":{"index":"index","follow":"follow","max-snippet":"max-snippet:-1","max-image-preview":"max-image-preview:large","max-video-preview":"max-video-preview:-1"},"canonical":"https:\/\/aquacord.com.co\/index.php\/product\/pano-microfibra-x5-task-pro\/","og_locale":"es_ES","og_type":"article","og_title":"PA\u00d1O MICROFIBRA X5 - TASK PRO -","og_description":"PA\u00d1O MICROFIBRA X5 - TASK PRO Los pa\u00f1os de microfibra\u00a0hacen que la limpieza sea m\u00e1s f\u00e1cil y menos t\u00f3xica. Adaptados a cada necesidad y especialmente sensibles al tacto de la piel. Son muy buenos para la limpieza de diversos lugares y principalmente para la limpieza de la casa, ya que se pueden usar para todo tipo de superficies.","og_url":"https:\/\/aquacord.com.co\/index.php\/product\/pano-microfibra-x5-task-pro\/","article_modified_time":"2024-09-14T15:03:15+00:00","og_image":[{"width":530,"height":299,"url":"https:\/\/aquacord.com.co\/wp-content\/uploads\/2023\/04\/Captura-de-pantalla-2023-04-18-085529.png","type":"image\/png"}],"twitter_card":"summary_large_image","twitter_misc":{"Tiempo estimado de lectura":"1 minuto"},"schema":{"@context":"https:\/\/schema.org","@graph":[{"@type":"WebPage","@id":"https:\/\/aquacord.com.co\/index.php\/product\/pano-microfibra-x5-task-pro\/","url":"https:\/\/aquacord.com.co\/index.php\/product\/pano-microfibra-x5-task-pro\/","name":"PA\u00d1O MICROFIBRA X5 - TASK PRO -","isPartOf":{"@id":"https:\/\/aquacord.com.co\/#website"},"datePublished":"2023-04-18T13:59:15+00:00","dateModified":"2024-09-14T15:03:15+00:00","description":"PA\u00d1O MICROFIBRA X5 - TASK PRO Los pa\u00f1os de microfibra\u00a0hacen que la limpieza sea m\u00e1s f\u00e1cil y menos t\u00f3xica. Adaptados a cada necesidad y especialmente sensibles al tacto de la piel. Son muy buenos para la limpieza de diversos lugares y principalmente para la limpieza de la casa, ya que se pueden usar para todo tipo de superficies.","breadcrumb":{"@id":"https:\/\/aquacord.com.co\/index.php\/product\/pano-microfibra-x5-task-pro\/#breadcrumb"},"inLanguage":"es-CO","potentialAction":[{"@type":"ReadAction","target":["https:\/\/aquacord.com.co\/index.php\/product\/pano-microfibra-x5-task-pro\/"]}]},{"@type":"BreadcrumbList","@id":"https:\/\/aquacord.com.co\/index.php\/product\/pano-microfibra-x5-task-pro\/#breadcrumb","itemListElement":[{"@type":"ListItem","position":1,"name":"Inicio","item":"https:\/\/aquacord.com.co\/"},{"@type":"ListItem","position":2,"name":"Tienda","item":"https:\/\/aquacord.com.co\/index.php\/tienda\/"},{"@type":"ListItem","position":3,"name":"PA\u00d1O MICROFIBRA X5 &#8211; TASK PRO"}]},{"@type":"WebSite","@id":"https:\/\/aquacord.com.co\/#website","url":"https:\/\/aquacord.com.co\/","name":"","description":"Todo lo relacionado en productos qu\u00edmicos, accesorios, equipos para piscinas y el aseo de tu hogar e empresas","potentialAction":[{"@type":"SearchAction","target":{"@type":"EntryPoint","urlTemplate":"https:\/\/aquacord.com.co\/?s={search_term_string}"},"query-input":"required name=search_term_string"}],"inLanguage":"es-CO"}]}},"_links":{"self":[{"href":"https:\/\/aquacord.com.co\/index.php\/wp-json\/wp\/v2\/product\/3583"}],"collection":[{"href":"https:\/\/aquacord.com.co\/index.php\/wp-json\/wp\/v2\/product"}],"about":[{"href":"https:\/\/aquacord.com.co\/index.php\/wp-json\/wp\/v2\/types\/product"}],"replies":[{"embeddable":true,"href":"https:\/\/aquacord.com.co\/index.php\/wp-json\/wp\/v2\/comments?post=3583"}],"version-history":[{"count":1,"href":"https:\/\/aquacord.com.co\/index.php\/wp-json\/wp\/v2\/product\/3583\/revisions"}],"predecessor-version":[{"id":4853,"href":"https:\/\/aquacord.com.co\/index.php\/wp-json\/wp\/v2\/product\/3583\/revisions\/4853"}],"wp:featuredmedia":[{"embeddable":true,"href":"https:\/\/aquacord.com.co\/index.php\/wp-json\/wp\/v2\/media\/3588"}],"wp:attachment":[{"href":"https:\/\/aquacord.com.co\/index.php\/wp-json\/wp\/v2\/media?parent=3583"}],"wp:term":[{"taxonomy":"product_cat","embeddable":true,"href":"https:\/\/aquacord.com.co\/index.php\/wp-json\/wp\/v2\/product_cat?post=3583"},{"taxonomy":"product_tag","embeddable":true,"href":"https:\/\/aquacord.com.co\/index.php\/wp-json\/wp\/v2\/product_tag?post=3583"}],"curies":[{"name":"wp","href":"https:\/\/api.w.org\/{rel}","templated":true}]}}