{"id":3597,"date":"2023-04-18T14:40:33","date_gmt":"2023-04-18T14:40:33","guid":{"rendered":"https:\/\/aquacord.com.co\/?post_type=product&#038;p=3597"},"modified":"2023-04-27T13:24:13","modified_gmt":"2023-04-27T13:24:13","slug":"mopa-tipo-avion-90cm-task-pro-con-cabo-1-60","status":"publish","type":"product","link":"https:\/\/aquacord.com.co\/index.php\/product\/mopa-tipo-avion-90cm-task-pro-con-cabo-1-60\/","title":{"rendered":"MOPA TIPO AVION 90CM  TASK PRO CON CABO 1.60"},"content":{"rendered":"<p>Mopas 90% algod\u00f3n. Hilaza con terminaci\u00f3n en bucle que permite mejor capacidad de atrapar la suciedad con costuras extra reforzadas.<\/p>\n<p>El repuesto se extrae del herraje lo que permite su f\u00e1cil lavado y cambio.<\/p>\n<p>Cabo met\u00e1lico de 1.60m con empu\u00f1adura de goma con antideslizante, para un mejor agarre y manipulaci\u00f3n.<\/p>\n<p>Atrapa el polvo en forma homog\u00e9nea.<\/p>\n<p>Incluye Herraje met\u00e1lico<\/p>\n<p>Recomendaciones de uso: Cer\u00e1micas, pisos flotantes, baldosas flexit y parquet.<\/p>\n","protected":false},"excerpt":{"rendered":"<p>Mopas 90% algod\u00f3n. Hilaza con terminaci\u00f3n en bucle que permite mejor capacidad de atrapar la suciedad con costuras extra reforzadas. El repuesto se extrae del herraje lo que permite su f\u00e1cil lavado y cambio. Cabo met\u00e1lico de 1.60m con empu\u00f1adura de goma con antideslizante, para un mejor agarre y manipulaci\u00f3n. Atrapa el polvo en forma &hellip;<\/p>\n<p class=\"read-more\"> <a class=\"\" href=\"https:\/\/aquacord.com.co\/index.php\/product\/mopa-tipo-avion-90cm-task-pro-con-cabo-1-60\/\"> <span class=\"screen-reader-text\">MOPA TIPO AVION 90CM  TASK PRO CON CABO 1.60<\/span> Leer m\u00e1s &raquo;<\/a><\/p>\n","protected":false},"featured_media":3598,"comment_status":"open","ping_status":"closed","template":"","meta":{"site-sidebar-layout":"default","site-content-layout":"default","ast-global-header-display":"","ast-main-header-display":"","ast-hfb-above-header-display":"","ast-hfb-below-header-display":"","ast-hfb-mobile-header-display":"","site-post-title":"","ast-breadcrumbs-content":"","ast-featured-img":"","footer-sml-layout":"","theme-transparent-header-meta":"default","adv-header-id-meta":"","stick-header-meta":"","header-above-stick-meta":"","header-main-stick-meta":"","header-below-stick-meta":""},"product_cat":[18,48],"product_tag":[],"yoast_head":"<!-- This site is optimized with the Yoast SEO plugin v20.1 - https:\/\/yoast.com\/wordpress\/plugins\/seo\/ -->\n<title>MOPA TIPO AVION 90CM TASK PRO CON CABO 1.60 -<\/title>\n<meta name=\"description\" content=\"MOPA TIPO AVION Mopas 90% algod\u00f3n. Hilaza con terminaci\u00f3n en bucle que permite mejor capacidad de atrapar la suciedad con costuras extra reforzadas.El repuesto se extrae del herraje lo que permite su f\u00e1cil lavado y cambio.Cabo met\u00e1lico de 1.60m con empu\u00f1adura de goma con antideslizante, para un mejor agarre y manipulaci\u00f3n.Atrapa el polvo en forma homog\u00e9nea.Incluye Herraje met\u00e1licoRecomendaciones de uso: Cer\u00e1micas, pisos flotantes, baldosas flexit y parquet.\" \/>\n<meta name=\"robots\" content=\"index, follow, max-snippet:-1, max-image-preview:large, max-video-preview:-1\" \/>\n<link rel=\"canonical\" href=\"https:\/\/aquacord.com.co\/index.php\/product\/mopa-tipo-avion-90cm-task-pro-con-cabo-1-60\/\" \/>\n<meta property=\"og:locale\" content=\"es_ES\" \/>\n<meta property=\"og:type\" content=\"article\" \/>\n<meta property=\"og:title\" content=\"MOPA TIPO AVION 90CM TASK PRO CON CABO 1.60 -\" \/>\n<meta property=\"og:description\" content=\"MOPA TIPO AVION Mopas 90% algod\u00f3n. Hilaza con terminaci\u00f3n en bucle que permite mejor capacidad de atrapar la suciedad con costuras extra reforzadas.El repuesto se extrae del herraje lo que permite su f\u00e1cil lavado y cambio.Cabo met\u00e1lico de 1.60m con empu\u00f1adura de goma con antideslizante, para un mejor agarre y manipulaci\u00f3n.Atrapa el polvo en forma homog\u00e9nea.Incluye Herraje met\u00e1licoRecomendaciones de uso: Cer\u00e1micas, pisos flotantes, baldosas flexit y parquet.\" \/>\n<meta property=\"og:url\" content=\"https:\/\/aquacord.com.co\/index.php\/product\/mopa-tipo-avion-90cm-task-pro-con-cabo-1-60\/\" \/>\n<meta property=\"article:modified_time\" content=\"2023-04-27T13:24:13+00:00\" \/>\n<meta property=\"og:image\" content=\"https:\/\/aquacord.com.co\/wp-content\/uploads\/2023\/04\/mopa-tipo-avion-90cm-con-cabo-16m-task-pro.png\" \/>\n\t<meta property=\"og:image:width\" content=\"800\" \/>\n\t<meta property=\"og:image:height\" content=\"837\" \/>\n\t<meta property=\"og:image:type\" content=\"image\/png\" \/>\n<meta name=\"twitter:card\" content=\"summary_large_image\" \/>\n<meta name=\"twitter:label1\" content=\"Tiempo estimado de lectura\" \/>\n\t<meta name=\"twitter:data1\" content=\"1 minuto\" \/>\n<script type=\"application\/ld+json\" class=\"yoast-schema-graph\">{\"@context\":\"https:\/\/schema.org\",\"@graph\":[{\"@type\":\"WebPage\",\"@id\":\"https:\/\/aquacord.com.co\/index.php\/product\/mopa-tipo-avion-90cm-task-pro-con-cabo-1-60\/\",\"url\":\"https:\/\/aquacord.com.co\/index.php\/product\/mopa-tipo-avion-90cm-task-pro-con-cabo-1-60\/\",\"name\":\"MOPA TIPO AVION 90CM TASK PRO CON CABO 1.60 -\",\"isPartOf\":{\"@id\":\"https:\/\/aquacord.com.co\/#website\"},\"datePublished\":\"2023-04-18T14:40:33+00:00\",\"dateModified\":\"2023-04-27T13:24:13+00:00\",\"description\":\"MOPA TIPO AVION Mopas 90% algod\u00f3n. Hilaza con terminaci\u00f3n en bucle que permite mejor capacidad de atrapar la suciedad con costuras extra reforzadas.El repuesto se extrae del herraje lo que permite su f\u00e1cil lavado y cambio.Cabo met\u00e1lico de 1.60m con empu\u00f1adura de goma con antideslizante, para un mejor agarre y manipulaci\u00f3n.Atrapa el polvo en forma homog\u00e9nea.Incluye Herraje met\u00e1licoRecomendaciones de uso: Cer\u00e1micas, pisos flotantes, baldosas flexit y parquet.\",\"breadcrumb\":{\"@id\":\"https:\/\/aquacord.com.co\/index.php\/product\/mopa-tipo-avion-90cm-task-pro-con-cabo-1-60\/#breadcrumb\"},\"inLanguage\":\"es-CO\",\"potentialAction\":[{\"@type\":\"ReadAction\",\"target\":[\"https:\/\/aquacord.com.co\/index.php\/product\/mopa-tipo-avion-90cm-task-pro-con-cabo-1-60\/\"]}]},{\"@type\":\"BreadcrumbList\",\"@id\":\"https:\/\/aquacord.com.co\/index.php\/product\/mopa-tipo-avion-90cm-task-pro-con-cabo-1-60\/#breadcrumb\",\"itemListElement\":[{\"@type\":\"ListItem\",\"position\":1,\"name\":\"Inicio\",\"item\":\"https:\/\/aquacord.com.co\/\"},{\"@type\":\"ListItem\",\"position\":2,\"name\":\"Tienda\",\"item\":\"https:\/\/aquacord.com.co\/index.php\/tienda\/\"},{\"@type\":\"ListItem\",\"position\":3,\"name\":\"MOPA TIPO AVION 90CM TASK PRO CON CABO 1.60\"}]},{\"@type\":\"WebSite\",\"@id\":\"https:\/\/aquacord.com.co\/#website\",\"url\":\"https:\/\/aquacord.com.co\/\",\"name\":\"\",\"description\":\"Todo lo relacionado en productos qu\u00edmicos, accesorios, equipos para piscinas y el aseo de tu hogar e empresas\",\"potentialAction\":[{\"@type\":\"SearchAction\",\"target\":{\"@type\":\"EntryPoint\",\"urlTemplate\":\"https:\/\/aquacord.com.co\/?s={search_term_string}\"},\"query-input\":\"required name=search_term_string\"}],\"inLanguage\":\"es-CO\"}]}<\/script>\n<!-- \/ Yoast SEO plugin. -->","yoast_head_json":{"title":"MOPA TIPO AVION 90CM TASK PRO CON CABO 1.60 -","description":"MOPA TIPO AVION Mopas 90% algod\u00f3n. Hilaza con terminaci\u00f3n en bucle que permite mejor capacidad de atrapar la suciedad con costuras extra reforzadas.El repuesto se extrae del herraje lo que permite su f\u00e1cil lavado y cambio.Cabo met\u00e1lico de 1.60m con empu\u00f1adura de goma con antideslizante, para un mejor agarre y manipulaci\u00f3n.Atrapa el polvo en forma homog\u00e9nea.Incluye Herraje met\u00e1licoRecomendaciones de uso: Cer\u00e1micas, pisos flotantes, baldosas flexit y parquet.","robots":{"index":"index","follow":"follow","max-snippet":"max-snippet:-1","max-image-preview":"max-image-preview:large","max-video-preview":"max-video-preview:-1"},"canonical":"https:\/\/aquacord.com.co\/index.php\/product\/mopa-tipo-avion-90cm-task-pro-con-cabo-1-60\/","og_locale":"es_ES","og_type":"article","og_title":"MOPA TIPO AVION 90CM TASK PRO CON CABO 1.60 -","og_description":"MOPA TIPO AVION Mopas 90% algod\u00f3n. Hilaza con terminaci\u00f3n en bucle que permite mejor capacidad de atrapar la suciedad con costuras extra reforzadas.El repuesto se extrae del herraje lo que permite su f\u00e1cil lavado y cambio.Cabo met\u00e1lico de 1.60m con empu\u00f1adura de goma con antideslizante, para un mejor agarre y manipulaci\u00f3n.Atrapa el polvo en forma homog\u00e9nea.Incluye Herraje met\u00e1licoRecomendaciones de uso: Cer\u00e1micas, pisos flotantes, baldosas flexit y parquet.","og_url":"https:\/\/aquacord.com.co\/index.php\/product\/mopa-tipo-avion-90cm-task-pro-con-cabo-1-60\/","article_modified_time":"2023-04-27T13:24:13+00:00","og_image":[{"width":800,"height":837,"url":"https:\/\/aquacord.com.co\/wp-content\/uploads\/2023\/04\/mopa-tipo-avion-90cm-con-cabo-16m-task-pro.png","type":"image\/png"}],"twitter_card":"summary_large_image","twitter_misc":{"Tiempo estimado de lectura":"1 minuto"},"schema":{"@context":"https:\/\/schema.org","@graph":[{"@type":"WebPage","@id":"https:\/\/aquacord.com.co\/index.php\/product\/mopa-tipo-avion-90cm-task-pro-con-cabo-1-60\/","url":"https:\/\/aquacord.com.co\/index.php\/product\/mopa-tipo-avion-90cm-task-pro-con-cabo-1-60\/","name":"MOPA TIPO AVION 90CM TASK PRO CON CABO 1.60 -","isPartOf":{"@id":"https:\/\/aquacord.com.co\/#website"},"datePublished":"2023-04-18T14:40:33+00:00","dateModified":"2023-04-27T13:24:13+00:00","description":"MOPA TIPO AVION Mopas 90% algod\u00f3n. Hilaza con terminaci\u00f3n en bucle que permite mejor capacidad de atrapar la suciedad con costuras extra reforzadas.El repuesto se extrae del herraje lo que permite su f\u00e1cil lavado y cambio.Cabo met\u00e1lico de 1.60m con empu\u00f1adura de goma con antideslizante, para un mejor agarre y manipulaci\u00f3n.Atrapa el polvo en forma homog\u00e9nea.Incluye Herraje met\u00e1licoRecomendaciones de uso: Cer\u00e1micas, pisos flotantes, baldosas flexit y parquet.","breadcrumb":{"@id":"https:\/\/aquacord.com.co\/index.php\/product\/mopa-tipo-avion-90cm-task-pro-con-cabo-1-60\/#breadcrumb"},"inLanguage":"es-CO","potentialAction":[{"@type":"ReadAction","target":["https:\/\/aquacord.com.co\/index.php\/product\/mopa-tipo-avion-90cm-task-pro-con-cabo-1-60\/"]}]},{"@type":"BreadcrumbList","@id":"https:\/\/aquacord.com.co\/index.php\/product\/mopa-tipo-avion-90cm-task-pro-con-cabo-1-60\/#breadcrumb","itemListElement":[{"@type":"ListItem","position":1,"name":"Inicio","item":"https:\/\/aquacord.com.co\/"},{"@type":"ListItem","position":2,"name":"Tienda","item":"https:\/\/aquacord.com.co\/index.php\/tienda\/"},{"@type":"ListItem","position":3,"name":"MOPA TIPO AVION 90CM TASK PRO CON CABO 1.60"}]},{"@type":"WebSite","@id":"https:\/\/aquacord.com.co\/#website","url":"https:\/\/aquacord.com.co\/","name":"","description":"Todo lo relacionado en productos qu\u00edmicos, accesorios, equipos para piscinas y el aseo de tu hogar e empresas","potentialAction":[{"@type":"SearchAction","target":{"@type":"EntryPoint","urlTemplate":"https:\/\/aquacord.com.co\/?s={search_term_string}"},"query-input":"required name=search_term_string"}],"inLanguage":"es-CO"}]}},"_links":{"self":[{"href":"https:\/\/aquacord.com.co\/index.php\/wp-json\/wp\/v2\/product\/3597"}],"collection":[{"href":"https:\/\/aquacord.com.co\/index.php\/wp-json\/wp\/v2\/product"}],"about":[{"href":"https:\/\/aquacord.com.co\/index.php\/wp-json\/wp\/v2\/types\/product"}],"replies":[{"embeddable":true,"href":"https:\/\/aquacord.com.co\/index.php\/wp-json\/wp\/v2\/comments?post=3597"}],"version-history":[{"count":0,"href":"https:\/\/aquacord.com.co\/index.php\/wp-json\/wp\/v2\/product\/3597\/revisions"}],"wp:featuredmedia":[{"embeddable":true,"href":"https:\/\/aquacord.com.co\/index.php\/wp-json\/wp\/v2\/media\/3598"}],"wp:attachment":[{"href":"https:\/\/aquacord.com.co\/index.php\/wp-json\/wp\/v2\/media?parent=3597"}],"wp:term":[{"taxonomy":"product_cat","embeddable":true,"href":"https:\/\/aquacord.com.co\/index.php\/wp-json\/wp\/v2\/product_cat?post=3597"},{"taxonomy":"product_tag","embeddable":true,"href":"https:\/\/aquacord.com.co\/index.php\/wp-json\/wp\/v2\/product_tag?post=3597"}],"curies":[{"name":"wp","href":"https:\/\/api.w.org\/{rel}","templated":true}]}}