{"id":3627,"date":"2023-04-18T21:51:14","date_gmt":"2023-04-18T21:51:14","guid":{"rendered":"https:\/\/aquacord.com.co\/?post_type=product&#038;p=3627"},"modified":"2025-02-13T19:31:03","modified_gmt":"2025-02-13T19:31:03","slug":"bicarbonato","status":"publish","type":"product","link":"https:\/\/aquacord.com.co\/index.php\/product\/bicarbonato\/","title":{"rendered":"BICARBONATO DE SODIO"},"content":{"rendered":"<p>El bicarbonato s\u00f3dico o bicarbonato de sodio es un polvo blanco que se encuentra de forma natural o se produce industrialmente. Su f\u00f3rmula qu\u00edmica es NaHCO3. Tiene muchas aplicaciones en la cocina, para el cuidado corporal, la salud, la limpieza de la casa e incluso para el jard\u00edn y los animales. El bicarbonato s\u00f3dico es un producto sin aditivos, no es al\u00e9rgeno, aporta muchos beneficios y utilidades, y adem\u00e1s es muy econ\u00f3mico.<\/p>\n","protected":false},"excerpt":{"rendered":"<p>El bicarbonato s\u00f3dico o bicarbonato de sodio es un polvo blanco que se encuentra de forma natural o se produce industrialmente. Su f\u00f3rmula qu\u00edmica es NaHCO3. Tiene muchas aplicaciones en la cocina, para el cuidado corporal, la salud, la limpieza de la casa e incluso para el jard\u00edn y los animales. El bicarbonato s\u00f3dico es &hellip;<\/p>\n<p class=\"read-more\"> <a class=\"\" href=\"https:\/\/aquacord.com.co\/index.php\/product\/bicarbonato\/\"> <span class=\"screen-reader-text\">BICARBONATO DE SODIO<\/span> Leer m\u00e1s &raquo;<\/a><\/p>\n","protected":false},"featured_media":3635,"comment_status":"open","ping_status":"closed","template":"","meta":{"site-sidebar-layout":"default","site-content-layout":"default","ast-global-header-display":"","ast-main-header-display":"","ast-hfb-above-header-display":"","ast-hfb-below-header-display":"","ast-hfb-mobile-header-display":"","site-post-title":"","ast-breadcrumbs-content":"","ast-featured-img":"","footer-sml-layout":"","theme-transparent-header-meta":"default","adv-header-id-meta":"","stick-header-meta":"","header-above-stick-meta":"","header-main-stick-meta":"","header-below-stick-meta":""},"product_cat":[56,18],"product_tag":[],"yoast_head":"<!-- This site is optimized with the Yoast SEO plugin v20.1 - https:\/\/yoast.com\/wordpress\/plugins\/seo\/ -->\n<title>BICARBONATO DE SODIO -<\/title>\n<meta name=\"description\" content=\"BICARBONATO El bicarbonato s\u00f3dico o bicarbonato de sodio es un polvo blanco que se encuentra de forma natural o se produce industrialmente. Su f\u00f3rmula qu\u00edmica es NaHCO3. Tiene muchas aplicaciones en la cocina, para el cuidado corporal, la salud, la limpieza de la casa e incluso para el jard\u00edn y los animales. El bicarbonato s\u00f3dico es un producto sin aditivos, no es al\u00e9rgeno, aporta muchos beneficios y utilidades, y adem\u00e1s es muy econ\u00f3mico.\" \/>\n<meta name=\"robots\" content=\"index, follow, max-snippet:-1, max-image-preview:large, max-video-preview:-1\" \/>\n<link rel=\"canonical\" href=\"https:\/\/aquacord.com.co\/index.php\/product\/bicarbonato\/\" \/>\n<meta property=\"og:locale\" content=\"es_ES\" \/>\n<meta property=\"og:type\" content=\"article\" \/>\n<meta property=\"og:title\" content=\"BICARBONATO DE SODIO -\" \/>\n<meta property=\"og:description\" content=\"BICARBONATO El bicarbonato s\u00f3dico o bicarbonato de sodio es un polvo blanco que se encuentra de forma natural o se produce industrialmente. Su f\u00f3rmula qu\u00edmica es NaHCO3. Tiene muchas aplicaciones en la cocina, para el cuidado corporal, la salud, la limpieza de la casa e incluso para el jard\u00edn y los animales. El bicarbonato s\u00f3dico es un producto sin aditivos, no es al\u00e9rgeno, aporta muchos beneficios y utilidades, y adem\u00e1s es muy econ\u00f3mico.\" \/>\n<meta property=\"og:url\" content=\"https:\/\/aquacord.com.co\/index.php\/product\/bicarbonato\/\" \/>\n<meta property=\"article:modified_time\" content=\"2025-02-13T19:31:03+00:00\" \/>\n<meta property=\"og:image\" content=\"https:\/\/aquacord.com.co\/wp-content\/uploads\/2023\/04\/Captura-de-pantalla-2023-04-19-085533.png\" \/>\n\t<meta property=\"og:image:width\" content=\"428\" \/>\n\t<meta property=\"og:image:height\" content=\"493\" \/>\n\t<meta property=\"og:image:type\" content=\"image\/png\" \/>\n<meta name=\"twitter:card\" content=\"summary_large_image\" \/>\n<meta name=\"twitter:label1\" content=\"Tiempo estimado de lectura\" \/>\n\t<meta name=\"twitter:data1\" content=\"1 minuto\" \/>\n<script type=\"application\/ld+json\" class=\"yoast-schema-graph\">{\"@context\":\"https:\/\/schema.org\",\"@graph\":[{\"@type\":\"WebPage\",\"@id\":\"https:\/\/aquacord.com.co\/index.php\/product\/bicarbonato\/\",\"url\":\"https:\/\/aquacord.com.co\/index.php\/product\/bicarbonato\/\",\"name\":\"BICARBONATO DE SODIO -\",\"isPartOf\":{\"@id\":\"https:\/\/aquacord.com.co\/#website\"},\"datePublished\":\"2023-04-18T21:51:14+00:00\",\"dateModified\":\"2025-02-13T19:31:03+00:00\",\"description\":\"BICARBONATO El bicarbonato s\u00f3dico o bicarbonato de sodio es un polvo blanco que se encuentra de forma natural o se produce industrialmente. Su f\u00f3rmula qu\u00edmica es NaHCO3. Tiene muchas aplicaciones en la cocina, para el cuidado corporal, la salud, la limpieza de la casa e incluso para el jard\u00edn y los animales. El bicarbonato s\u00f3dico es un producto sin aditivos, no es al\u00e9rgeno, aporta muchos beneficios y utilidades, y adem\u00e1s es muy econ\u00f3mico.\",\"breadcrumb\":{\"@id\":\"https:\/\/aquacord.com.co\/index.php\/product\/bicarbonato\/#breadcrumb\"},\"inLanguage\":\"es-CO\",\"potentialAction\":[{\"@type\":\"ReadAction\",\"target\":[\"https:\/\/aquacord.com.co\/index.php\/product\/bicarbonato\/\"]}]},{\"@type\":\"BreadcrumbList\",\"@id\":\"https:\/\/aquacord.com.co\/index.php\/product\/bicarbonato\/#breadcrumb\",\"itemListElement\":[{\"@type\":\"ListItem\",\"position\":1,\"name\":\"Inicio\",\"item\":\"https:\/\/aquacord.com.co\/\"},{\"@type\":\"ListItem\",\"position\":2,\"name\":\"Tienda\",\"item\":\"https:\/\/aquacord.com.co\/index.php\/tienda\/\"},{\"@type\":\"ListItem\",\"position\":3,\"name\":\"BICARBONATO DE SODIO\"}]},{\"@type\":\"WebSite\",\"@id\":\"https:\/\/aquacord.com.co\/#website\",\"url\":\"https:\/\/aquacord.com.co\/\",\"name\":\"\",\"description\":\"Todo lo relacionado en productos qu\u00edmicos, accesorios, equipos para piscinas y el aseo de tu hogar e empresas\",\"potentialAction\":[{\"@type\":\"SearchAction\",\"target\":{\"@type\":\"EntryPoint\",\"urlTemplate\":\"https:\/\/aquacord.com.co\/?s={search_term_string}\"},\"query-input\":\"required name=search_term_string\"}],\"inLanguage\":\"es-CO\"}]}<\/script>\n<!-- \/ Yoast SEO plugin. -->","yoast_head_json":{"title":"BICARBONATO DE SODIO -","description":"BICARBONATO El bicarbonato s\u00f3dico o bicarbonato de sodio es un polvo blanco que se encuentra de forma natural o se produce industrialmente. Su f\u00f3rmula qu\u00edmica es NaHCO3. Tiene muchas aplicaciones en la cocina, para el cuidado corporal, la salud, la limpieza de la casa e incluso para el jard\u00edn y los animales. El bicarbonato s\u00f3dico es un producto sin aditivos, no es al\u00e9rgeno, aporta muchos beneficios y utilidades, y adem\u00e1s es muy econ\u00f3mico.","robots":{"index":"index","follow":"follow","max-snippet":"max-snippet:-1","max-image-preview":"max-image-preview:large","max-video-preview":"max-video-preview:-1"},"canonical":"https:\/\/aquacord.com.co\/index.php\/product\/bicarbonato\/","og_locale":"es_ES","og_type":"article","og_title":"BICARBONATO DE SODIO -","og_description":"BICARBONATO El bicarbonato s\u00f3dico o bicarbonato de sodio es un polvo blanco que se encuentra de forma natural o se produce industrialmente. Su f\u00f3rmula qu\u00edmica es NaHCO3. Tiene muchas aplicaciones en la cocina, para el cuidado corporal, la salud, la limpieza de la casa e incluso para el jard\u00edn y los animales. El bicarbonato s\u00f3dico es un producto sin aditivos, no es al\u00e9rgeno, aporta muchos beneficios y utilidades, y adem\u00e1s es muy econ\u00f3mico.","og_url":"https:\/\/aquacord.com.co\/index.php\/product\/bicarbonato\/","article_modified_time":"2025-02-13T19:31:03+00:00","og_image":[{"width":428,"height":493,"url":"https:\/\/aquacord.com.co\/wp-content\/uploads\/2023\/04\/Captura-de-pantalla-2023-04-19-085533.png","type":"image\/png"}],"twitter_card":"summary_large_image","twitter_misc":{"Tiempo estimado de lectura":"1 minuto"},"schema":{"@context":"https:\/\/schema.org","@graph":[{"@type":"WebPage","@id":"https:\/\/aquacord.com.co\/index.php\/product\/bicarbonato\/","url":"https:\/\/aquacord.com.co\/index.php\/product\/bicarbonato\/","name":"BICARBONATO DE SODIO -","isPartOf":{"@id":"https:\/\/aquacord.com.co\/#website"},"datePublished":"2023-04-18T21:51:14+00:00","dateModified":"2025-02-13T19:31:03+00:00","description":"BICARBONATO El bicarbonato s\u00f3dico o bicarbonato de sodio es un polvo blanco que se encuentra de forma natural o se produce industrialmente. Su f\u00f3rmula qu\u00edmica es NaHCO3. Tiene muchas aplicaciones en la cocina, para el cuidado corporal, la salud, la limpieza de la casa e incluso para el jard\u00edn y los animales. El bicarbonato s\u00f3dico es un producto sin aditivos, no es al\u00e9rgeno, aporta muchos beneficios y utilidades, y adem\u00e1s es muy econ\u00f3mico.","breadcrumb":{"@id":"https:\/\/aquacord.com.co\/index.php\/product\/bicarbonato\/#breadcrumb"},"inLanguage":"es-CO","potentialAction":[{"@type":"ReadAction","target":["https:\/\/aquacord.com.co\/index.php\/product\/bicarbonato\/"]}]},{"@type":"BreadcrumbList","@id":"https:\/\/aquacord.com.co\/index.php\/product\/bicarbonato\/#breadcrumb","itemListElement":[{"@type":"ListItem","position":1,"name":"Inicio","item":"https:\/\/aquacord.com.co\/"},{"@type":"ListItem","position":2,"name":"Tienda","item":"https:\/\/aquacord.com.co\/index.php\/tienda\/"},{"@type":"ListItem","position":3,"name":"BICARBONATO DE SODIO"}]},{"@type":"WebSite","@id":"https:\/\/aquacord.com.co\/#website","url":"https:\/\/aquacord.com.co\/","name":"","description":"Todo lo relacionado en productos qu\u00edmicos, accesorios, equipos para piscinas y el aseo de tu hogar e empresas","potentialAction":[{"@type":"SearchAction","target":{"@type":"EntryPoint","urlTemplate":"https:\/\/aquacord.com.co\/?s={search_term_string}"},"query-input":"required name=search_term_string"}],"inLanguage":"es-CO"}]}},"_links":{"self":[{"href":"https:\/\/aquacord.com.co\/index.php\/wp-json\/wp\/v2\/product\/3627"}],"collection":[{"href":"https:\/\/aquacord.com.co\/index.php\/wp-json\/wp\/v2\/product"}],"about":[{"href":"https:\/\/aquacord.com.co\/index.php\/wp-json\/wp\/v2\/types\/product"}],"replies":[{"embeddable":true,"href":"https:\/\/aquacord.com.co\/index.php\/wp-json\/wp\/v2\/comments?post=3627"}],"version-history":[{"count":2,"href":"https:\/\/aquacord.com.co\/index.php\/wp-json\/wp\/v2\/product\/3627\/revisions"}],"predecessor-version":[{"id":4203,"href":"https:\/\/aquacord.com.co\/index.php\/wp-json\/wp\/v2\/product\/3627\/revisions\/4203"}],"wp:featuredmedia":[{"embeddable":true,"href":"https:\/\/aquacord.com.co\/index.php\/wp-json\/wp\/v2\/media\/3635"}],"wp:attachment":[{"href":"https:\/\/aquacord.com.co\/index.php\/wp-json\/wp\/v2\/media?parent=3627"}],"wp:term":[{"taxonomy":"product_cat","embeddable":true,"href":"https:\/\/aquacord.com.co\/index.php\/wp-json\/wp\/v2\/product_cat?post=3627"},{"taxonomy":"product_tag","embeddable":true,"href":"https:\/\/aquacord.com.co\/index.php\/wp-json\/wp\/v2\/product_tag?post=3627"}],"curies":[{"name":"wp","href":"https:\/\/api.w.org\/{rel}","templated":true}]}}