{"id":4133,"date":"2023-05-13T16:30:20","date_gmt":"2023-05-13T16:30:20","guid":{"rendered":"https:\/\/aquacord.com.co\/?post_type=product&#038;p=4133"},"modified":"2026-01-27T03:30:47","modified_gmt":"2026-01-27T03:30:47","slug":"clorizide-91-granulado","status":"publish","type":"product","link":"https:\/\/aquacord.com.co\/index.php\/product\/clorizide-91-granulado\/","title":{"rendered":"CLORIZIDE 91% GRANULADO"},"content":{"rendered":"<p>CLORIZIDE,L Producto clorado de alta calidad especialmente dise\u00f1ado para la <b>desinfecci\u00f3n del agua de las piscinas<\/b>, con una concentraci\u00f3n del 91% de Cloro Activo, actuando como bactericida y algicida las 24 horas del d\u00eda, los 365 d\u00edas del a\u00f1o.<\/p>\n","protected":false},"excerpt":{"rendered":"<p>CLORIZIDE,L Producto clorado de alta calidad especialmente dise\u00f1ado para la desinfecci\u00f3n del agua de las piscinas, con una concentraci\u00f3n del 91% de Cloro Activo, actuando como bactericida y algicida las 24 horas del d\u00eda, los 365 d\u00edas del a\u00f1o.<\/p>\n","protected":false},"featured_media":4455,"comment_status":"open","ping_status":"closed","template":"","meta":{"site-sidebar-layout":"default","site-content-layout":"default","ast-global-header-display":"","ast-main-header-display":"","ast-hfb-above-header-display":"","ast-hfb-below-header-display":"","ast-hfb-mobile-header-display":"","site-post-title":"","ast-breadcrumbs-content":"","ast-featured-img":"","footer-sml-layout":"","theme-transparent-header-meta":"default","adv-header-id-meta":"","stick-header-meta":"","header-above-stick-meta":"","header-main-stick-meta":"","header-below-stick-meta":""},"product_cat":[20,29],"product_tag":[],"yoast_head":"<!-- This site is optimized with the Yoast SEO plugin v20.1 - https:\/\/yoast.com\/wordpress\/plugins\/seo\/ -->\n<title>CLORIZIDE 91% GRANULADO -<\/title>\n<meta name=\"description\" content=\"CLORIZIDE es un Producto clorado de alta calidad especialmente dise\u00f1ado para la desinfecci\u00f3n del agua de las piscinas, con una concentraci\u00f3n del 91% de Cloro Activo, actuando como bactericida y algicida las 24 horas del d\u00eda, los 365 d\u00edas del a\u00f1o.\" \/>\n<meta name=\"robots\" content=\"index, follow, max-snippet:-1, max-image-preview:large, max-video-preview:-1\" \/>\n<link rel=\"canonical\" href=\"https:\/\/aquacord.com.co\/index.php\/product\/clorizide-91-granulado\/\" \/>\n<meta property=\"og:locale\" content=\"es_ES\" \/>\n<meta property=\"og:type\" content=\"article\" \/>\n<meta property=\"og:title\" content=\"CLORIZIDE 91% GRANULADO -\" \/>\n<meta property=\"og:description\" content=\"CLORIZIDE es un Producto clorado de alta calidad especialmente dise\u00f1ado para la desinfecci\u00f3n del agua de las piscinas, con una concentraci\u00f3n del 91% de Cloro Activo, actuando como bactericida y algicida las 24 horas del d\u00eda, los 365 d\u00edas del a\u00f1o.\" \/>\n<meta property=\"og:url\" content=\"https:\/\/aquacord.com.co\/index.php\/product\/clorizide-91-granulado\/\" \/>\n<meta property=\"article:modified_time\" content=\"2026-01-27T03:30:47+00:00\" \/>\n<meta property=\"og:image\" content=\"https:\/\/aquacord.com.co\/wp-content\/uploads\/2023\/05\/D_NQ_NP_971059-MCO53076652752_122022-O.webp\" \/>\n\t<meta property=\"og:image:width\" content=\"376\" \/>\n\t<meta property=\"og:image:height\" content=\"500\" \/>\n\t<meta property=\"og:image:type\" content=\"image\/webp\" \/>\n<meta name=\"twitter:card\" content=\"summary_large_image\" \/>\n<meta name=\"twitter:label1\" content=\"Tiempo estimado de lectura\" \/>\n\t<meta name=\"twitter:data1\" content=\"1 minuto\" \/>\n<script type=\"application\/ld+json\" class=\"yoast-schema-graph\">{\"@context\":\"https:\/\/schema.org\",\"@graph\":[{\"@type\":\"WebPage\",\"@id\":\"https:\/\/aquacord.com.co\/index.php\/product\/clorizide-91-granulado\/\",\"url\":\"https:\/\/aquacord.com.co\/index.php\/product\/clorizide-91-granulado\/\",\"name\":\"CLORIZIDE 91% GRANULADO -\",\"isPartOf\":{\"@id\":\"https:\/\/aquacord.com.co\/#website\"},\"datePublished\":\"2023-05-13T16:30:20+00:00\",\"dateModified\":\"2026-01-27T03:30:47+00:00\",\"description\":\"CLORIZIDE es un Producto clorado de alta calidad especialmente dise\u00f1ado para la desinfecci\u00f3n del agua de las piscinas, con una concentraci\u00f3n del 91% de Cloro Activo, actuando como bactericida y algicida las 24 horas del d\u00eda, los 365 d\u00edas del a\u00f1o.\",\"breadcrumb\":{\"@id\":\"https:\/\/aquacord.com.co\/index.php\/product\/clorizide-91-granulado\/#breadcrumb\"},\"inLanguage\":\"es-CO\",\"potentialAction\":[{\"@type\":\"ReadAction\",\"target\":[\"https:\/\/aquacord.com.co\/index.php\/product\/clorizide-91-granulado\/\"]}]},{\"@type\":\"BreadcrumbList\",\"@id\":\"https:\/\/aquacord.com.co\/index.php\/product\/clorizide-91-granulado\/#breadcrumb\",\"itemListElement\":[{\"@type\":\"ListItem\",\"position\":1,\"name\":\"Inicio\",\"item\":\"https:\/\/aquacord.com.co\/\"},{\"@type\":\"ListItem\",\"position\":2,\"name\":\"Tienda\",\"item\":\"https:\/\/aquacord.com.co\/index.php\/tienda\/\"},{\"@type\":\"ListItem\",\"position\":3,\"name\":\"CLORIZIDE 91% GRANULADO\"}]},{\"@type\":\"WebSite\",\"@id\":\"https:\/\/aquacord.com.co\/#website\",\"url\":\"https:\/\/aquacord.com.co\/\",\"name\":\"\",\"description\":\"Todo lo relacionado en productos qu\u00edmicos, accesorios, equipos para piscinas y el aseo de tu hogar e empresas\",\"potentialAction\":[{\"@type\":\"SearchAction\",\"target\":{\"@type\":\"EntryPoint\",\"urlTemplate\":\"https:\/\/aquacord.com.co\/?s={search_term_string}\"},\"query-input\":\"required name=search_term_string\"}],\"inLanguage\":\"es-CO\"}]}<\/script>\n<!-- \/ Yoast SEO plugin. -->","yoast_head_json":{"title":"CLORIZIDE 91% GRANULADO -","description":"CLORIZIDE es un Producto clorado de alta calidad especialmente dise\u00f1ado para la desinfecci\u00f3n del agua de las piscinas, con una concentraci\u00f3n del 91% de Cloro Activo, actuando como bactericida y algicida las 24 horas del d\u00eda, los 365 d\u00edas del a\u00f1o.","robots":{"index":"index","follow":"follow","max-snippet":"max-snippet:-1","max-image-preview":"max-image-preview:large","max-video-preview":"max-video-preview:-1"},"canonical":"https:\/\/aquacord.com.co\/index.php\/product\/clorizide-91-granulado\/","og_locale":"es_ES","og_type":"article","og_title":"CLORIZIDE 91% GRANULADO -","og_description":"CLORIZIDE es un Producto clorado de alta calidad especialmente dise\u00f1ado para la desinfecci\u00f3n del agua de las piscinas, con una concentraci\u00f3n del 91% de Cloro Activo, actuando como bactericida y algicida las 24 horas del d\u00eda, los 365 d\u00edas del a\u00f1o.","og_url":"https:\/\/aquacord.com.co\/index.php\/product\/clorizide-91-granulado\/","article_modified_time":"2026-01-27T03:30:47+00:00","og_image":[{"width":376,"height":500,"url":"https:\/\/aquacord.com.co\/wp-content\/uploads\/2023\/05\/D_NQ_NP_971059-MCO53076652752_122022-O.webp","type":"image\/webp"}],"twitter_card":"summary_large_image","twitter_misc":{"Tiempo estimado de lectura":"1 minuto"},"schema":{"@context":"https:\/\/schema.org","@graph":[{"@type":"WebPage","@id":"https:\/\/aquacord.com.co\/index.php\/product\/clorizide-91-granulado\/","url":"https:\/\/aquacord.com.co\/index.php\/product\/clorizide-91-granulado\/","name":"CLORIZIDE 91% GRANULADO -","isPartOf":{"@id":"https:\/\/aquacord.com.co\/#website"},"datePublished":"2023-05-13T16:30:20+00:00","dateModified":"2026-01-27T03:30:47+00:00","description":"CLORIZIDE es un Producto clorado de alta calidad especialmente dise\u00f1ado para la desinfecci\u00f3n del agua de las piscinas, con una concentraci\u00f3n del 91% de Cloro Activo, actuando como bactericida y algicida las 24 horas del d\u00eda, los 365 d\u00edas del a\u00f1o.","breadcrumb":{"@id":"https:\/\/aquacord.com.co\/index.php\/product\/clorizide-91-granulado\/#breadcrumb"},"inLanguage":"es-CO","potentialAction":[{"@type":"ReadAction","target":["https:\/\/aquacord.com.co\/index.php\/product\/clorizide-91-granulado\/"]}]},{"@type":"BreadcrumbList","@id":"https:\/\/aquacord.com.co\/index.php\/product\/clorizide-91-granulado\/#breadcrumb","itemListElement":[{"@type":"ListItem","position":1,"name":"Inicio","item":"https:\/\/aquacord.com.co\/"},{"@type":"ListItem","position":2,"name":"Tienda","item":"https:\/\/aquacord.com.co\/index.php\/tienda\/"},{"@type":"ListItem","position":3,"name":"CLORIZIDE 91% GRANULADO"}]},{"@type":"WebSite","@id":"https:\/\/aquacord.com.co\/#website","url":"https:\/\/aquacord.com.co\/","name":"","description":"Todo lo relacionado en productos qu\u00edmicos, accesorios, equipos para piscinas y el aseo de tu hogar e empresas","potentialAction":[{"@type":"SearchAction","target":{"@type":"EntryPoint","urlTemplate":"https:\/\/aquacord.com.co\/?s={search_term_string}"},"query-input":"required name=search_term_string"}],"inLanguage":"es-CO"}]}},"_links":{"self":[{"href":"https:\/\/aquacord.com.co\/index.php\/wp-json\/wp\/v2\/product\/4133"}],"collection":[{"href":"https:\/\/aquacord.com.co\/index.php\/wp-json\/wp\/v2\/product"}],"about":[{"href":"https:\/\/aquacord.com.co\/index.php\/wp-json\/wp\/v2\/types\/product"}],"replies":[{"embeddable":true,"href":"https:\/\/aquacord.com.co\/index.php\/wp-json\/wp\/v2\/comments?post=4133"}],"version-history":[{"count":3,"href":"https:\/\/aquacord.com.co\/index.php\/wp-json\/wp\/v2\/product\/4133\/revisions"}],"predecessor-version":[{"id":4138,"href":"https:\/\/aquacord.com.co\/index.php\/wp-json\/wp\/v2\/product\/4133\/revisions\/4138"}],"wp:featuredmedia":[{"embeddable":true,"href":"https:\/\/aquacord.com.co\/index.php\/wp-json\/wp\/v2\/media\/4455"}],"wp:attachment":[{"href":"https:\/\/aquacord.com.co\/index.php\/wp-json\/wp\/v2\/media?parent=4133"}],"wp:term":[{"taxonomy":"product_cat","embeddable":true,"href":"https:\/\/aquacord.com.co\/index.php\/wp-json\/wp\/v2\/product_cat?post=4133"},{"taxonomy":"product_tag","embeddable":true,"href":"https:\/\/aquacord.com.co\/index.php\/wp-json\/wp\/v2\/product_tag?post=4133"}],"curies":[{"name":"wp","href":"https:\/\/api.w.org\/{rel}","templated":true}]}}