{"id":4154,"date":"2023-05-16T15:46:03","date_gmt":"2023-05-16T15:46:03","guid":{"rendered":"https:\/\/aquacord.com.co\/?post_type=product&#038;p=4154"},"modified":"2023-06-21T19:13:42","modified_gmt":"2023-06-21T19:13:42","slug":"clips-rapidos-mariposa","status":"publish","type":"product","link":"https:\/\/aquacord.com.co\/index.php\/product\/clips-rapidos-mariposa\/","title":{"rendered":"CLIPS RAPIDOS MARIPOSA"},"content":{"rendered":"<p>\u200eEstos clips de mariposa para piscina est\u00e1n dise\u00f1ados para postes de piscina de tama\u00f1o est\u00e1ndar,\u00a0<b>sirven para fijar accesorios de piscina, como redes de skimmer, rastrillos de hojas y asas de cepillo, bonitos conectores de poste y bloqueo r\u00e1pido para limpiar postes<\/b>.<\/p>\n","protected":false},"excerpt":{"rendered":"<p>\u200eEstos clips de mariposa para piscina est\u00e1n dise\u00f1ados para postes de piscina de tama\u00f1o est\u00e1ndar,\u00a0sirven para fijar accesorios de piscina, como redes de skimmer, rastrillos de hojas y asas de cepillo, bonitos conectores de poste y bloqueo r\u00e1pido para limpiar postes.<\/p>\n","protected":false},"featured_media":4155,"comment_status":"open","ping_status":"closed","template":"","meta":{"site-sidebar-layout":"default","site-content-layout":"default","ast-global-header-display":"","ast-main-header-display":"","ast-hfb-above-header-display":"","ast-hfb-below-header-display":"","ast-hfb-mobile-header-display":"","site-post-title":"","ast-breadcrumbs-content":"","ast-featured-img":"","footer-sml-layout":"","theme-transparent-header-meta":"default","adv-header-id-meta":"","stick-header-meta":"","header-above-stick-meta":"","header-main-stick-meta":"","header-below-stick-meta":""},"product_cat":[20,30],"product_tag":[],"yoast_head":"<!-- This site is optimized with the Yoast SEO plugin v20.1 - https:\/\/yoast.com\/wordpress\/plugins\/seo\/ -->\n<title>CLIPS RAPIDOS MARIPOSA -<\/title>\n<meta name=\"description\" content=\"CLIPS RAPIDOS MARIPOSA, \u200eEstos clips de mariposa para piscina est\u00e1n dise\u00f1ados para postes de piscina de tama\u00f1o est\u00e1ndar, sirven para fijar accesorios de piscina, como redes de skimmer, rastrillos de hojas y asas de cepillo, bonitos conectores de poste y bloqueo r\u00e1pido para limpiar postes.\" \/>\n<meta name=\"robots\" content=\"index, follow, max-snippet:-1, max-image-preview:large, max-video-preview:-1\" \/>\n<link rel=\"canonical\" href=\"https:\/\/aquacord.com.co\/index.php\/product\/clips-rapidos-mariposa\/\" \/>\n<meta property=\"og:locale\" content=\"es_ES\" \/>\n<meta property=\"og:type\" content=\"article\" \/>\n<meta property=\"og:title\" content=\"CLIPS RAPIDOS MARIPOSA -\" \/>\n<meta property=\"og:description\" content=\"CLIPS RAPIDOS MARIPOSA, \u200eEstos clips de mariposa para piscina est\u00e1n dise\u00f1ados para postes de piscina de tama\u00f1o est\u00e1ndar, sirven para fijar accesorios de piscina, como redes de skimmer, rastrillos de hojas y asas de cepillo, bonitos conectores de poste y bloqueo r\u00e1pido para limpiar postes.\" \/>\n<meta property=\"og:url\" content=\"https:\/\/aquacord.com.co\/index.php\/product\/clips-rapidos-mariposa\/\" \/>\n<meta property=\"article:modified_time\" content=\"2023-06-21T19:13:42+00:00\" \/>\n<meta property=\"og:image\" content=\"https:\/\/aquacord.com.co\/wp-content\/uploads\/2023\/05\/clips.png\" \/>\n\t<meta property=\"og:image:width\" content=\"400\" \/>\n\t<meta property=\"og:image:height\" content=\"245\" \/>\n\t<meta property=\"og:image:type\" content=\"image\/png\" \/>\n<meta name=\"twitter:card\" content=\"summary_large_image\" \/>\n<meta name=\"twitter:label1\" content=\"Tiempo estimado de lectura\" \/>\n\t<meta name=\"twitter:data1\" content=\"1 minuto\" \/>\n<script type=\"application\/ld+json\" class=\"yoast-schema-graph\">{\"@context\":\"https:\/\/schema.org\",\"@graph\":[{\"@type\":\"WebPage\",\"@id\":\"https:\/\/aquacord.com.co\/index.php\/product\/clips-rapidos-mariposa\/\",\"url\":\"https:\/\/aquacord.com.co\/index.php\/product\/clips-rapidos-mariposa\/\",\"name\":\"CLIPS RAPIDOS MARIPOSA -\",\"isPartOf\":{\"@id\":\"https:\/\/aquacord.com.co\/#website\"},\"datePublished\":\"2023-05-16T15:46:03+00:00\",\"dateModified\":\"2023-06-21T19:13:42+00:00\",\"description\":\"CLIPS RAPIDOS MARIPOSA, \u200eEstos clips de mariposa para piscina est\u00e1n dise\u00f1ados para postes de piscina de tama\u00f1o est\u00e1ndar, sirven para fijar accesorios de piscina, como redes de skimmer, rastrillos de hojas y asas de cepillo, bonitos conectores de poste y bloqueo r\u00e1pido para limpiar postes.\",\"breadcrumb\":{\"@id\":\"https:\/\/aquacord.com.co\/index.php\/product\/clips-rapidos-mariposa\/#breadcrumb\"},\"inLanguage\":\"es-CO\",\"potentialAction\":[{\"@type\":\"ReadAction\",\"target\":[\"https:\/\/aquacord.com.co\/index.php\/product\/clips-rapidos-mariposa\/\"]}]},{\"@type\":\"BreadcrumbList\",\"@id\":\"https:\/\/aquacord.com.co\/index.php\/product\/clips-rapidos-mariposa\/#breadcrumb\",\"itemListElement\":[{\"@type\":\"ListItem\",\"position\":1,\"name\":\"Inicio\",\"item\":\"https:\/\/aquacord.com.co\/\"},{\"@type\":\"ListItem\",\"position\":2,\"name\":\"Tienda\",\"item\":\"https:\/\/aquacord.com.co\/index.php\/tienda\/\"},{\"@type\":\"ListItem\",\"position\":3,\"name\":\"CLIPS RAPIDOS MARIPOSA\"}]},{\"@type\":\"WebSite\",\"@id\":\"https:\/\/aquacord.com.co\/#website\",\"url\":\"https:\/\/aquacord.com.co\/\",\"name\":\"\",\"description\":\"Todo lo relacionado en productos qu\u00edmicos, accesorios, equipos para piscinas y el aseo de tu hogar e empresas\",\"potentialAction\":[{\"@type\":\"SearchAction\",\"target\":{\"@type\":\"EntryPoint\",\"urlTemplate\":\"https:\/\/aquacord.com.co\/?s={search_term_string}\"},\"query-input\":\"required name=search_term_string\"}],\"inLanguage\":\"es-CO\"}]}<\/script>\n<!-- \/ Yoast SEO plugin. -->","yoast_head_json":{"title":"CLIPS RAPIDOS MARIPOSA -","description":"CLIPS RAPIDOS MARIPOSA, \u200eEstos clips de mariposa para piscina est\u00e1n dise\u00f1ados para postes de piscina de tama\u00f1o est\u00e1ndar, sirven para fijar accesorios de piscina, como redes de skimmer, rastrillos de hojas y asas de cepillo, bonitos conectores de poste y bloqueo r\u00e1pido para limpiar postes.","robots":{"index":"index","follow":"follow","max-snippet":"max-snippet:-1","max-image-preview":"max-image-preview:large","max-video-preview":"max-video-preview:-1"},"canonical":"https:\/\/aquacord.com.co\/index.php\/product\/clips-rapidos-mariposa\/","og_locale":"es_ES","og_type":"article","og_title":"CLIPS RAPIDOS MARIPOSA -","og_description":"CLIPS RAPIDOS MARIPOSA, \u200eEstos clips de mariposa para piscina est\u00e1n dise\u00f1ados para postes de piscina de tama\u00f1o est\u00e1ndar, sirven para fijar accesorios de piscina, como redes de skimmer, rastrillos de hojas y asas de cepillo, bonitos conectores de poste y bloqueo r\u00e1pido para limpiar postes.","og_url":"https:\/\/aquacord.com.co\/index.php\/product\/clips-rapidos-mariposa\/","article_modified_time":"2023-06-21T19:13:42+00:00","og_image":[{"width":400,"height":245,"url":"https:\/\/aquacord.com.co\/wp-content\/uploads\/2023\/05\/clips.png","type":"image\/png"}],"twitter_card":"summary_large_image","twitter_misc":{"Tiempo estimado de lectura":"1 minuto"},"schema":{"@context":"https:\/\/schema.org","@graph":[{"@type":"WebPage","@id":"https:\/\/aquacord.com.co\/index.php\/product\/clips-rapidos-mariposa\/","url":"https:\/\/aquacord.com.co\/index.php\/product\/clips-rapidos-mariposa\/","name":"CLIPS RAPIDOS MARIPOSA -","isPartOf":{"@id":"https:\/\/aquacord.com.co\/#website"},"datePublished":"2023-05-16T15:46:03+00:00","dateModified":"2023-06-21T19:13:42+00:00","description":"CLIPS RAPIDOS MARIPOSA, \u200eEstos clips de mariposa para piscina est\u00e1n dise\u00f1ados para postes de piscina de tama\u00f1o est\u00e1ndar, sirven para fijar accesorios de piscina, como redes de skimmer, rastrillos de hojas y asas de cepillo, bonitos conectores de poste y bloqueo r\u00e1pido para limpiar postes.","breadcrumb":{"@id":"https:\/\/aquacord.com.co\/index.php\/product\/clips-rapidos-mariposa\/#breadcrumb"},"inLanguage":"es-CO","potentialAction":[{"@type":"ReadAction","target":["https:\/\/aquacord.com.co\/index.php\/product\/clips-rapidos-mariposa\/"]}]},{"@type":"BreadcrumbList","@id":"https:\/\/aquacord.com.co\/index.php\/product\/clips-rapidos-mariposa\/#breadcrumb","itemListElement":[{"@type":"ListItem","position":1,"name":"Inicio","item":"https:\/\/aquacord.com.co\/"},{"@type":"ListItem","position":2,"name":"Tienda","item":"https:\/\/aquacord.com.co\/index.php\/tienda\/"},{"@type":"ListItem","position":3,"name":"CLIPS RAPIDOS MARIPOSA"}]},{"@type":"WebSite","@id":"https:\/\/aquacord.com.co\/#website","url":"https:\/\/aquacord.com.co\/","name":"","description":"Todo lo relacionado en productos qu\u00edmicos, accesorios, equipos para piscinas y el aseo de tu hogar e empresas","potentialAction":[{"@type":"SearchAction","target":{"@type":"EntryPoint","urlTemplate":"https:\/\/aquacord.com.co\/?s={search_term_string}"},"query-input":"required name=search_term_string"}],"inLanguage":"es-CO"}]}},"_links":{"self":[{"href":"https:\/\/aquacord.com.co\/index.php\/wp-json\/wp\/v2\/product\/4154"}],"collection":[{"href":"https:\/\/aquacord.com.co\/index.php\/wp-json\/wp\/v2\/product"}],"about":[{"href":"https:\/\/aquacord.com.co\/index.php\/wp-json\/wp\/v2\/types\/product"}],"replies":[{"embeddable":true,"href":"https:\/\/aquacord.com.co\/index.php\/wp-json\/wp\/v2\/comments?post=4154"}],"version-history":[{"count":1,"href":"https:\/\/aquacord.com.co\/index.php\/wp-json\/wp\/v2\/product\/4154\/revisions"}],"predecessor-version":[{"id":4157,"href":"https:\/\/aquacord.com.co\/index.php\/wp-json\/wp\/v2\/product\/4154\/revisions\/4157"}],"wp:featuredmedia":[{"embeddable":true,"href":"https:\/\/aquacord.com.co\/index.php\/wp-json\/wp\/v2\/media\/4155"}],"wp:attachment":[{"href":"https:\/\/aquacord.com.co\/index.php\/wp-json\/wp\/v2\/media?parent=4154"}],"wp:term":[{"taxonomy":"product_cat","embeddable":true,"href":"https:\/\/aquacord.com.co\/index.php\/wp-json\/wp\/v2\/product_cat?post=4154"},{"taxonomy":"product_tag","embeddable":true,"href":"https:\/\/aquacord.com.co\/index.php\/wp-json\/wp\/v2\/product_tag?post=4154"}],"curies":[{"name":"wp","href":"https:\/\/api.w.org\/{rel}","templated":true}]}}