{"id":4194,"date":"2023-05-17T16:30:13","date_gmt":"2023-05-17T16:30:13","guid":{"rendered":"https:\/\/aquacord.com.co\/?post_type=product&#038;p=4194"},"modified":"2023-06-23T19:20:23","modified_gmt":"2023-06-23T19:20:23","slug":"cepillo-con-base-economico-osbe","status":"publish","type":"product","link":"https:\/\/aquacord.com.co\/index.php\/product\/cepillo-con-base-economico-osbe\/","title":{"rendered":"CEPILLO CON BASE ECONOMICO OSBE"},"content":{"rendered":"<p><b>Limpia todo el inodoro en un solo movimiento<\/b>.\u00a0<span tabindex=\"0\" role=\"tooltip\"><span class=\"c5aZPb\" tabindex=\"0\" role=\"button\" data-enable-toggle-animation=\"true\" data-extra-container-classes=\"ZLo7Eb\" data-hover-hide-delay=\"1000\" data-hover-open-delay=\"500\" data-send-open-event=\"true\" data-theme=\"0\" data-width=\"250\" data-ved=\"2ahUKEwiz7KLe4vz-AhXnSTABHXubBxUQmpgGegQIDBAD\"><span class=\"JPfdse\" data-bubble-link=\"\" data-segment-text=\"Cepillo\">Cepillo<\/span><\/span><\/span>\u00a0Sanitario con base contiene un cepillo con cerda dura de larga duraci\u00f3n para una limpieza profunda y una m\u00e1xima remoci\u00f3n. Dise\u00f1o redondeado que permite limpiar facilmente.<\/p>\n","protected":false},"excerpt":{"rendered":"<p>Limpia todo el inodoro en un solo movimiento.\u00a0Cepillo\u00a0Sanitario con base contiene un cepillo con cerda dura de larga duraci\u00f3n para una limpieza profunda y una m\u00e1xima remoci\u00f3n. Dise\u00f1o redondeado que permite limpiar facilmente.<\/p>\n","protected":false},"featured_media":4196,"comment_status":"open","ping_status":"closed","template":"","meta":{"site-sidebar-layout":"default","site-content-layout":"default","ast-global-header-display":"","ast-main-header-display":"","ast-hfb-above-header-display":"","ast-hfb-below-header-display":"","ast-hfb-mobile-header-display":"","site-post-title":"","ast-breadcrumbs-content":"","ast-featured-img":"","footer-sml-layout":"","theme-transparent-header-meta":"default","adv-header-id-meta":"","stick-header-meta":"","header-above-stick-meta":"","header-main-stick-meta":"","header-below-stick-meta":""},"product_cat":[18,37],"product_tag":[],"yoast_head":"<!-- This site is optimized with the Yoast SEO plugin v20.1 - https:\/\/yoast.com\/wordpress\/plugins\/seo\/ -->\n<title>CEPILLO CON BASE ECONOMICO OSBE -<\/title>\n<meta name=\"description\" content=\"CEPILLO CON BASE, Limpia todo el inodoro en un solo movimiento.\u00a0Cepillo\u00a0Sanitario con base contiene un cepillo con cerda dura de larga duraci\u00f3n para una limpieza profunda y una m\u00e1xima remoci\u00f3n. Dise\u00f1o redondeado que permite limpiar facilmente.\" \/>\n<meta name=\"robots\" content=\"index, follow, max-snippet:-1, max-image-preview:large, max-video-preview:-1\" \/>\n<link rel=\"canonical\" href=\"https:\/\/aquacord.com.co\/index.php\/product\/cepillo-con-base-economico-osbe\/\" \/>\n<meta property=\"og:locale\" content=\"es_ES\" \/>\n<meta property=\"og:type\" content=\"article\" \/>\n<meta property=\"og:title\" content=\"CEPILLO CON BASE ECONOMICO OSBE -\" \/>\n<meta property=\"og:description\" content=\"CEPILLO CON BASE, Limpia todo el inodoro en un solo movimiento.\u00a0Cepillo\u00a0Sanitario con base contiene un cepillo con cerda dura de larga duraci\u00f3n para una limpieza profunda y una m\u00e1xima remoci\u00f3n. Dise\u00f1o redondeado que permite limpiar facilmente.\" \/>\n<meta property=\"og:url\" content=\"https:\/\/aquacord.com.co\/index.php\/product\/cepillo-con-base-economico-osbe\/\" \/>\n<meta property=\"article:modified_time\" content=\"2023-06-23T19:20:23+00:00\" \/>\n<meta property=\"og:image\" content=\"https:\/\/aquacord.com.co\/wp-content\/uploads\/2023\/05\/010007-2.jpg\" \/>\n\t<meta property=\"og:image:width\" content=\"2000\" \/>\n\t<meta property=\"og:image:height\" content=\"2000\" \/>\n\t<meta property=\"og:image:type\" content=\"image\/jpeg\" \/>\n<meta name=\"twitter:card\" content=\"summary_large_image\" \/>\n<meta name=\"twitter:label1\" content=\"Tiempo estimado de lectura\" \/>\n\t<meta name=\"twitter:data1\" content=\"1 minuto\" \/>\n<script type=\"application\/ld+json\" class=\"yoast-schema-graph\">{\"@context\":\"https:\/\/schema.org\",\"@graph\":[{\"@type\":\"WebPage\",\"@id\":\"https:\/\/aquacord.com.co\/index.php\/product\/cepillo-con-base-economico-osbe\/\",\"url\":\"https:\/\/aquacord.com.co\/index.php\/product\/cepillo-con-base-economico-osbe\/\",\"name\":\"CEPILLO CON BASE ECONOMICO OSBE -\",\"isPartOf\":{\"@id\":\"https:\/\/aquacord.com.co\/#website\"},\"datePublished\":\"2023-05-17T16:30:13+00:00\",\"dateModified\":\"2023-06-23T19:20:23+00:00\",\"description\":\"CEPILLO CON BASE, Limpia todo el inodoro en un solo movimiento.\u00a0Cepillo\u00a0Sanitario con base contiene un cepillo con cerda dura de larga duraci\u00f3n para una limpieza profunda y una m\u00e1xima remoci\u00f3n. Dise\u00f1o redondeado que permite limpiar facilmente.\",\"breadcrumb\":{\"@id\":\"https:\/\/aquacord.com.co\/index.php\/product\/cepillo-con-base-economico-osbe\/#breadcrumb\"},\"inLanguage\":\"es-CO\",\"potentialAction\":[{\"@type\":\"ReadAction\",\"target\":[\"https:\/\/aquacord.com.co\/index.php\/product\/cepillo-con-base-economico-osbe\/\"]}]},{\"@type\":\"BreadcrumbList\",\"@id\":\"https:\/\/aquacord.com.co\/index.php\/product\/cepillo-con-base-economico-osbe\/#breadcrumb\",\"itemListElement\":[{\"@type\":\"ListItem\",\"position\":1,\"name\":\"Inicio\",\"item\":\"https:\/\/aquacord.com.co\/\"},{\"@type\":\"ListItem\",\"position\":2,\"name\":\"Tienda\",\"item\":\"https:\/\/aquacord.com.co\/index.php\/tienda\/\"},{\"@type\":\"ListItem\",\"position\":3,\"name\":\"CEPILLO CON BASE ECONOMICO OSBE\"}]},{\"@type\":\"WebSite\",\"@id\":\"https:\/\/aquacord.com.co\/#website\",\"url\":\"https:\/\/aquacord.com.co\/\",\"name\":\"\",\"description\":\"Todo lo relacionado en productos qu\u00edmicos, accesorios, equipos para piscinas y el aseo de tu hogar e empresas\",\"potentialAction\":[{\"@type\":\"SearchAction\",\"target\":{\"@type\":\"EntryPoint\",\"urlTemplate\":\"https:\/\/aquacord.com.co\/?s={search_term_string}\"},\"query-input\":\"required name=search_term_string\"}],\"inLanguage\":\"es-CO\"}]}<\/script>\n<!-- \/ Yoast SEO plugin. -->","yoast_head_json":{"title":"CEPILLO CON BASE ECONOMICO OSBE -","description":"CEPILLO CON BASE, Limpia todo el inodoro en un solo movimiento.\u00a0Cepillo\u00a0Sanitario con base contiene un cepillo con cerda dura de larga duraci\u00f3n para una limpieza profunda y una m\u00e1xima remoci\u00f3n. Dise\u00f1o redondeado que permite limpiar facilmente.","robots":{"index":"index","follow":"follow","max-snippet":"max-snippet:-1","max-image-preview":"max-image-preview:large","max-video-preview":"max-video-preview:-1"},"canonical":"https:\/\/aquacord.com.co\/index.php\/product\/cepillo-con-base-economico-osbe\/","og_locale":"es_ES","og_type":"article","og_title":"CEPILLO CON BASE ECONOMICO OSBE -","og_description":"CEPILLO CON BASE, Limpia todo el inodoro en un solo movimiento.\u00a0Cepillo\u00a0Sanitario con base contiene un cepillo con cerda dura de larga duraci\u00f3n para una limpieza profunda y una m\u00e1xima remoci\u00f3n. Dise\u00f1o redondeado que permite limpiar facilmente.","og_url":"https:\/\/aquacord.com.co\/index.php\/product\/cepillo-con-base-economico-osbe\/","article_modified_time":"2023-06-23T19:20:23+00:00","og_image":[{"width":2000,"height":2000,"url":"https:\/\/aquacord.com.co\/wp-content\/uploads\/2023\/05\/010007-2.jpg","type":"image\/jpeg"}],"twitter_card":"summary_large_image","twitter_misc":{"Tiempo estimado de lectura":"1 minuto"},"schema":{"@context":"https:\/\/schema.org","@graph":[{"@type":"WebPage","@id":"https:\/\/aquacord.com.co\/index.php\/product\/cepillo-con-base-economico-osbe\/","url":"https:\/\/aquacord.com.co\/index.php\/product\/cepillo-con-base-economico-osbe\/","name":"CEPILLO CON BASE ECONOMICO OSBE -","isPartOf":{"@id":"https:\/\/aquacord.com.co\/#website"},"datePublished":"2023-05-17T16:30:13+00:00","dateModified":"2023-06-23T19:20:23+00:00","description":"CEPILLO CON BASE, Limpia todo el inodoro en un solo movimiento.\u00a0Cepillo\u00a0Sanitario con base contiene un cepillo con cerda dura de larga duraci\u00f3n para una limpieza profunda y una m\u00e1xima remoci\u00f3n. Dise\u00f1o redondeado que permite limpiar facilmente.","breadcrumb":{"@id":"https:\/\/aquacord.com.co\/index.php\/product\/cepillo-con-base-economico-osbe\/#breadcrumb"},"inLanguage":"es-CO","potentialAction":[{"@type":"ReadAction","target":["https:\/\/aquacord.com.co\/index.php\/product\/cepillo-con-base-economico-osbe\/"]}]},{"@type":"BreadcrumbList","@id":"https:\/\/aquacord.com.co\/index.php\/product\/cepillo-con-base-economico-osbe\/#breadcrumb","itemListElement":[{"@type":"ListItem","position":1,"name":"Inicio","item":"https:\/\/aquacord.com.co\/"},{"@type":"ListItem","position":2,"name":"Tienda","item":"https:\/\/aquacord.com.co\/index.php\/tienda\/"},{"@type":"ListItem","position":3,"name":"CEPILLO CON BASE ECONOMICO OSBE"}]},{"@type":"WebSite","@id":"https:\/\/aquacord.com.co\/#website","url":"https:\/\/aquacord.com.co\/","name":"","description":"Todo lo relacionado en productos qu\u00edmicos, accesorios, equipos para piscinas y el aseo de tu hogar e empresas","potentialAction":[{"@type":"SearchAction","target":{"@type":"EntryPoint","urlTemplate":"https:\/\/aquacord.com.co\/?s={search_term_string}"},"query-input":"required name=search_term_string"}],"inLanguage":"es-CO"}]}},"_links":{"self":[{"href":"https:\/\/aquacord.com.co\/index.php\/wp-json\/wp\/v2\/product\/4194"}],"collection":[{"href":"https:\/\/aquacord.com.co\/index.php\/wp-json\/wp\/v2\/product"}],"about":[{"href":"https:\/\/aquacord.com.co\/index.php\/wp-json\/wp\/v2\/types\/product"}],"replies":[{"embeddable":true,"href":"https:\/\/aquacord.com.co\/index.php\/wp-json\/wp\/v2\/comments?post=4194"}],"version-history":[{"count":1,"href":"https:\/\/aquacord.com.co\/index.php\/wp-json\/wp\/v2\/product\/4194\/revisions"}],"predecessor-version":[{"id":4197,"href":"https:\/\/aquacord.com.co\/index.php\/wp-json\/wp\/v2\/product\/4194\/revisions\/4197"}],"wp:featuredmedia":[{"embeddable":true,"href":"https:\/\/aquacord.com.co\/index.php\/wp-json\/wp\/v2\/media\/4196"}],"wp:attachment":[{"href":"https:\/\/aquacord.com.co\/index.php\/wp-json\/wp\/v2\/media?parent=4194"}],"wp:term":[{"taxonomy":"product_cat","embeddable":true,"href":"https:\/\/aquacord.com.co\/index.php\/wp-json\/wp\/v2\/product_cat?post=4194"},{"taxonomy":"product_tag","embeddable":true,"href":"https:\/\/aquacord.com.co\/index.php\/wp-json\/wp\/v2\/product_tag?post=4194"}],"curies":[{"name":"wp","href":"https:\/\/api.w.org\/{rel}","templated":true}]}}