{"id":4238,"date":"2023-05-24T20:32:21","date_gmt":"2023-05-24T20:32:21","guid":{"rendered":"https:\/\/aquacord.com.co\/?post_type=product&#038;p=4238"},"modified":"2023-12-21T22:44:24","modified_gmt":"2023-12-21T22:44:24","slug":"guante-industrial-gloves-triton-calibre-35-talla-9","status":"publish","type":"product","link":"https:\/\/aquacord.com.co\/index.php\/product\/guante-industrial-gloves-triton-calibre-35-talla-9\/","title":{"rendered":"GUANTE INDUSTRIAL GLOVES TRITON CALIBRE 35 TALLA 9"},"content":{"rendered":"<p>GUANTE INDUSTRIAL, Mayor duraci\u00f3n y seguridad que un <b>guante de<\/b>\u00a0PVC tradicional. La funci\u00f3n higienizante Sanitized\u00ae protege los\u00a0<b>guantes de<\/b>\u00a0la formaci\u00f3n\u00a0<b>de<\/b>\u00a0hongos, \u00e1caros y bacterias, evita los olores, proporciona una protecci\u00f3n duradera a los pol\u00edmeros y minimiza la irritaci\u00f3n\u00a0<b>de<\/b>\u00a0la piel.<\/p>\n","protected":false},"excerpt":{"rendered":"<p>GUANTE INDUSTRIAL, Mayor duraci\u00f3n y seguridad que un guante de\u00a0PVC tradicional. La funci\u00f3n higienizante Sanitized\u00ae protege los\u00a0guantes de\u00a0la formaci\u00f3n\u00a0de\u00a0hongos, \u00e1caros y bacterias, evita los olores, proporciona una protecci\u00f3n duradera a los pol\u00edmeros y minimiza la irritaci\u00f3n\u00a0de\u00a0la piel.<\/p>\n","protected":false},"featured_media":4239,"comment_status":"open","ping_status":"closed","template":"","meta":{"site-sidebar-layout":"default","site-content-layout":"default","ast-global-header-display":"","ast-main-header-display":"","ast-hfb-above-header-display":"","ast-hfb-below-header-display":"","ast-hfb-mobile-header-display":"","site-post-title":"","ast-breadcrumbs-content":"","ast-featured-img":"","footer-sml-layout":"","theme-transparent-header-meta":"default","adv-header-id-meta":"","stick-header-meta":"","header-above-stick-meta":"","header-main-stick-meta":"","header-below-stick-meta":""},"product_cat":[18,53],"product_tag":[],"yoast_head":"<!-- This site is optimized with the Yoast SEO plugin v20.1 - https:\/\/yoast.com\/wordpress\/plugins\/seo\/ -->\n<title>GUANTE INDUSTRIAL GLOVES TRITON CALIBRE 35 TALLA 9 -<\/title>\n<meta name=\"description\" content=\"GUANTES INDUSTRIALES, Mayor duraci\u00f3n y seguridad que un guante de PVC tradicional. La funci\u00f3n higienizante Sanitized\u00ae protege los guantes de...\" \/>\n<meta name=\"robots\" content=\"index, follow, max-snippet:-1, max-image-preview:large, max-video-preview:-1\" \/>\n<link rel=\"canonical\" href=\"https:\/\/aquacord.com.co\/index.php\/product\/guante-industrial-gloves-triton-calibre-35-talla-9\/\" \/>\n<meta property=\"og:locale\" content=\"es_ES\" \/>\n<meta property=\"og:type\" content=\"article\" \/>\n<meta property=\"og:title\" content=\"GUANTE INDUSTRIAL GLOVES TRITON CALIBRE 35 TALLA 9 -\" \/>\n<meta property=\"og:description\" content=\"GUANTES INDUSTRIALES, Mayor duraci\u00f3n y seguridad que un guante de PVC tradicional. La funci\u00f3n higienizante Sanitized\u00ae protege los guantes de...\" \/>\n<meta property=\"og:url\" content=\"https:\/\/aquacord.com.co\/index.php\/product\/guante-industrial-gloves-triton-calibre-35-talla-9\/\" \/>\n<meta property=\"article:modified_time\" content=\"2023-12-21T22:44:24+00:00\" \/>\n<meta property=\"og:image\" content=\"https:\/\/aquacord.com.co\/wp-content\/uploads\/2023\/05\/Guantes-Semiprofesional-Amarillo-removebg-preview.png\" \/>\n\t<meta property=\"og:image:width\" content=\"500\" \/>\n\t<meta property=\"og:image:height\" content=\"500\" \/>\n\t<meta property=\"og:image:type\" content=\"image\/png\" \/>\n<meta name=\"twitter:card\" content=\"summary_large_image\" \/>\n<meta name=\"twitter:label1\" content=\"Tiempo estimado de lectura\" \/>\n\t<meta name=\"twitter:data1\" content=\"1 minuto\" \/>\n<script type=\"application\/ld+json\" class=\"yoast-schema-graph\">{\"@context\":\"https:\/\/schema.org\",\"@graph\":[{\"@type\":\"WebPage\",\"@id\":\"https:\/\/aquacord.com.co\/index.php\/product\/guante-industrial-gloves-triton-calibre-35-talla-9\/\",\"url\":\"https:\/\/aquacord.com.co\/index.php\/product\/guante-industrial-gloves-triton-calibre-35-talla-9\/\",\"name\":\"GUANTE INDUSTRIAL GLOVES TRITON CALIBRE 35 TALLA 9 -\",\"isPartOf\":{\"@id\":\"https:\/\/aquacord.com.co\/#website\"},\"datePublished\":\"2023-05-24T20:32:21+00:00\",\"dateModified\":\"2023-12-21T22:44:24+00:00\",\"description\":\"GUANTES INDUSTRIALES, Mayor duraci\u00f3n y seguridad que un guante de PVC tradicional. La funci\u00f3n higienizante Sanitized\u00ae protege los guantes de...\",\"breadcrumb\":{\"@id\":\"https:\/\/aquacord.com.co\/index.php\/product\/guante-industrial-gloves-triton-calibre-35-talla-9\/#breadcrumb\"},\"inLanguage\":\"es-CO\",\"potentialAction\":[{\"@type\":\"ReadAction\",\"target\":[\"https:\/\/aquacord.com.co\/index.php\/product\/guante-industrial-gloves-triton-calibre-35-talla-9\/\"]}]},{\"@type\":\"BreadcrumbList\",\"@id\":\"https:\/\/aquacord.com.co\/index.php\/product\/guante-industrial-gloves-triton-calibre-35-talla-9\/#breadcrumb\",\"itemListElement\":[{\"@type\":\"ListItem\",\"position\":1,\"name\":\"Inicio\",\"item\":\"https:\/\/aquacord.com.co\/\"},{\"@type\":\"ListItem\",\"position\":2,\"name\":\"Tienda\",\"item\":\"https:\/\/aquacord.com.co\/index.php\/tienda\/\"},{\"@type\":\"ListItem\",\"position\":3,\"name\":\"GUANTE INDUSTRIAL GLOVES TRITON CALIBRE 35 TALLA 9\"}]},{\"@type\":\"WebSite\",\"@id\":\"https:\/\/aquacord.com.co\/#website\",\"url\":\"https:\/\/aquacord.com.co\/\",\"name\":\"\",\"description\":\"Todo lo relacionado en productos qu\u00edmicos, accesorios, equipos para piscinas y el aseo de tu hogar e empresas\",\"potentialAction\":[{\"@type\":\"SearchAction\",\"target\":{\"@type\":\"EntryPoint\",\"urlTemplate\":\"https:\/\/aquacord.com.co\/?s={search_term_string}\"},\"query-input\":\"required name=search_term_string\"}],\"inLanguage\":\"es-CO\"}]}<\/script>\n<!-- \/ Yoast SEO plugin. -->","yoast_head_json":{"title":"GUANTE INDUSTRIAL GLOVES TRITON CALIBRE 35 TALLA 9 -","description":"GUANTES INDUSTRIALES, Mayor duraci\u00f3n y seguridad que un guante de PVC tradicional. La funci\u00f3n higienizante Sanitized\u00ae protege los guantes de...","robots":{"index":"index","follow":"follow","max-snippet":"max-snippet:-1","max-image-preview":"max-image-preview:large","max-video-preview":"max-video-preview:-1"},"canonical":"https:\/\/aquacord.com.co\/index.php\/product\/guante-industrial-gloves-triton-calibre-35-talla-9\/","og_locale":"es_ES","og_type":"article","og_title":"GUANTE INDUSTRIAL GLOVES TRITON CALIBRE 35 TALLA 9 -","og_description":"GUANTES INDUSTRIALES, Mayor duraci\u00f3n y seguridad que un guante de PVC tradicional. La funci\u00f3n higienizante Sanitized\u00ae protege los guantes de...","og_url":"https:\/\/aquacord.com.co\/index.php\/product\/guante-industrial-gloves-triton-calibre-35-talla-9\/","article_modified_time":"2023-12-21T22:44:24+00:00","og_image":[{"width":500,"height":500,"url":"https:\/\/aquacord.com.co\/wp-content\/uploads\/2023\/05\/Guantes-Semiprofesional-Amarillo-removebg-preview.png","type":"image\/png"}],"twitter_card":"summary_large_image","twitter_misc":{"Tiempo estimado de lectura":"1 minuto"},"schema":{"@context":"https:\/\/schema.org","@graph":[{"@type":"WebPage","@id":"https:\/\/aquacord.com.co\/index.php\/product\/guante-industrial-gloves-triton-calibre-35-talla-9\/","url":"https:\/\/aquacord.com.co\/index.php\/product\/guante-industrial-gloves-triton-calibre-35-talla-9\/","name":"GUANTE INDUSTRIAL GLOVES TRITON CALIBRE 35 TALLA 9 -","isPartOf":{"@id":"https:\/\/aquacord.com.co\/#website"},"datePublished":"2023-05-24T20:32:21+00:00","dateModified":"2023-12-21T22:44:24+00:00","description":"GUANTES INDUSTRIALES, Mayor duraci\u00f3n y seguridad que un guante de PVC tradicional. La funci\u00f3n higienizante Sanitized\u00ae protege los guantes de...","breadcrumb":{"@id":"https:\/\/aquacord.com.co\/index.php\/product\/guante-industrial-gloves-triton-calibre-35-talla-9\/#breadcrumb"},"inLanguage":"es-CO","potentialAction":[{"@type":"ReadAction","target":["https:\/\/aquacord.com.co\/index.php\/product\/guante-industrial-gloves-triton-calibre-35-talla-9\/"]}]},{"@type":"BreadcrumbList","@id":"https:\/\/aquacord.com.co\/index.php\/product\/guante-industrial-gloves-triton-calibre-35-talla-9\/#breadcrumb","itemListElement":[{"@type":"ListItem","position":1,"name":"Inicio","item":"https:\/\/aquacord.com.co\/"},{"@type":"ListItem","position":2,"name":"Tienda","item":"https:\/\/aquacord.com.co\/index.php\/tienda\/"},{"@type":"ListItem","position":3,"name":"GUANTE INDUSTRIAL GLOVES TRITON CALIBRE 35 TALLA 9"}]},{"@type":"WebSite","@id":"https:\/\/aquacord.com.co\/#website","url":"https:\/\/aquacord.com.co\/","name":"","description":"Todo lo relacionado en productos qu\u00edmicos, accesorios, equipos para piscinas y el aseo de tu hogar e empresas","potentialAction":[{"@type":"SearchAction","target":{"@type":"EntryPoint","urlTemplate":"https:\/\/aquacord.com.co\/?s={search_term_string}"},"query-input":"required name=search_term_string"}],"inLanguage":"es-CO"}]}},"_links":{"self":[{"href":"https:\/\/aquacord.com.co\/index.php\/wp-json\/wp\/v2\/product\/4238"}],"collection":[{"href":"https:\/\/aquacord.com.co\/index.php\/wp-json\/wp\/v2\/product"}],"about":[{"href":"https:\/\/aquacord.com.co\/index.php\/wp-json\/wp\/v2\/types\/product"}],"replies":[{"embeddable":true,"href":"https:\/\/aquacord.com.co\/index.php\/wp-json\/wp\/v2\/comments?post=4238"}],"version-history":[{"count":1,"href":"https:\/\/aquacord.com.co\/index.php\/wp-json\/wp\/v2\/product\/4238\/revisions"}],"predecessor-version":[{"id":4240,"href":"https:\/\/aquacord.com.co\/index.php\/wp-json\/wp\/v2\/product\/4238\/revisions\/4240"}],"wp:featuredmedia":[{"embeddable":true,"href":"https:\/\/aquacord.com.co\/index.php\/wp-json\/wp\/v2\/media\/4239"}],"wp:attachment":[{"href":"https:\/\/aquacord.com.co\/index.php\/wp-json\/wp\/v2\/media?parent=4238"}],"wp:term":[{"taxonomy":"product_cat","embeddable":true,"href":"https:\/\/aquacord.com.co\/index.php\/wp-json\/wp\/v2\/product_cat?post=4238"},{"taxonomy":"product_tag","embeddable":true,"href":"https:\/\/aquacord.com.co\/index.php\/wp-json\/wp\/v2\/product_tag?post=4238"}],"curies":[{"name":"wp","href":"https:\/\/api.w.org\/{rel}","templated":true}]}}