{"id":4241,"date":"2023-05-24T20:55:20","date_gmt":"2023-05-24T20:55:20","guid":{"rendered":"https:\/\/aquacord.com.co\/?post_type=product&#038;p=4241"},"modified":"2023-05-24T20:55:21","modified_gmt":"2023-05-24T20:55:21","slug":"iris-tinte-para-telas","status":"publish","type":"product","link":"https:\/\/aquacord.com.co\/index.php\/product\/iris-tinte-para-telas\/","title":{"rendered":"IRIS TINTE PARA TELAS"},"content":{"rendered":"<p><b>Ti\u00f1es casi todas las prendas de vestir y del hogar de fibras naturales o la mezcla con sint\u00e9ticas<\/b>, siempre que el porcentaje de la fibra natural sea mayor. IRIS EN FR\u00cdO: Otorgas espectaculares colores a tu ropa y dem\u00e1s textiles de fibras naturales y la mezcla con sint\u00e9ticas, sin usar agua caliente.<\/p>\n","protected":false},"excerpt":{"rendered":"<p>Ti\u00f1es casi todas las prendas de vestir y del hogar de fibras naturales o la mezcla con sint\u00e9ticas, siempre que el porcentaje de la fibra natural sea mayor. IRIS EN FR\u00cdO: Otorgas espectaculares colores a tu ropa y dem\u00e1s textiles de fibras naturales y la mezcla con sint\u00e9ticas, sin usar agua caliente.<\/p>\n","protected":false},"featured_media":4242,"comment_status":"open","ping_status":"closed","template":"","meta":{"site-sidebar-layout":"default","site-content-layout":"default","ast-global-header-display":"","ast-main-header-display":"","ast-hfb-above-header-display":"","ast-hfb-below-header-display":"","ast-hfb-mobile-header-display":"","site-post-title":"","ast-breadcrumbs-content":"","ast-featured-img":"","footer-sml-layout":"","theme-transparent-header-meta":"default","adv-header-id-meta":"","stick-header-meta":"","header-above-stick-meta":"","header-main-stick-meta":"","header-below-stick-meta":""},"product_cat":[16],"product_tag":[],"yoast_head":"<!-- This site is optimized with the Yoast SEO plugin v20.1 - https:\/\/yoast.com\/wordpress\/plugins\/seo\/ -->\n<title>IRIS TINTE PARA TELAS -<\/title>\n<meta name=\"description\" content=\"IRIS TINTE, Ti\u00f1es casi todas las prendas de vestir y del hogar de fibras naturales o la mezcla con sint\u00e9ticas, siempre que el porcentaje de la fibra natural sea mayor. IRIS EN FR\u00cdO: Otorgas espectaculares colores a tu ropa y dem\u00e1s textiles de fibras naturales y la mezcla con sint\u00e9ticas, sin usar agua caliente.\" \/>\n<meta name=\"robots\" content=\"index, follow, max-snippet:-1, max-image-preview:large, max-video-preview:-1\" \/>\n<link rel=\"canonical\" href=\"https:\/\/aquacord.com.co\/index.php\/product\/iris-tinte-para-telas\/\" \/>\n<meta property=\"og:locale\" content=\"es_ES\" \/>\n<meta property=\"og:type\" content=\"article\" \/>\n<meta property=\"og:title\" content=\"IRIS TINTE PARA TELAS -\" \/>\n<meta property=\"og:description\" content=\"IRIS TINTE, Ti\u00f1es casi todas las prendas de vestir y del hogar de fibras naturales o la mezcla con sint\u00e9ticas, siempre que el porcentaje de la fibra natural sea mayor. IRIS EN FR\u00cdO: Otorgas espectaculares colores a tu ropa y dem\u00e1s textiles de fibras naturales y la mezcla con sint\u00e9ticas, sin usar agua caliente.\" \/>\n<meta property=\"og:url\" content=\"https:\/\/aquacord.com.co\/index.php\/product\/iris-tinte-para-telas\/\" \/>\n<meta property=\"article:modified_time\" content=\"2023-05-24T20:55:21+00:00\" \/>\n<meta property=\"og:image\" content=\"https:\/\/aquacord.com.co\/wp-content\/uploads\/2023\/05\/29318593-800-800.webp\" \/>\n\t<meta property=\"og:image:width\" content=\"800\" \/>\n\t<meta property=\"og:image:height\" content=\"800\" \/>\n\t<meta property=\"og:image:type\" content=\"image\/webp\" \/>\n<meta name=\"twitter:card\" content=\"summary_large_image\" \/>\n<meta name=\"twitter:label1\" content=\"Tiempo estimado de lectura\" \/>\n\t<meta name=\"twitter:data1\" content=\"1 minuto\" \/>\n<script type=\"application\/ld+json\" class=\"yoast-schema-graph\">{\"@context\":\"https:\/\/schema.org\",\"@graph\":[{\"@type\":\"WebPage\",\"@id\":\"https:\/\/aquacord.com.co\/index.php\/product\/iris-tinte-para-telas\/\",\"url\":\"https:\/\/aquacord.com.co\/index.php\/product\/iris-tinte-para-telas\/\",\"name\":\"IRIS TINTE PARA TELAS -\",\"isPartOf\":{\"@id\":\"https:\/\/aquacord.com.co\/#website\"},\"datePublished\":\"2023-05-24T20:55:20+00:00\",\"dateModified\":\"2023-05-24T20:55:21+00:00\",\"description\":\"IRIS TINTE, Ti\u00f1es casi todas las prendas de vestir y del hogar de fibras naturales o la mezcla con sint\u00e9ticas, siempre que el porcentaje de la fibra natural sea mayor. IRIS EN FR\u00cdO: Otorgas espectaculares colores a tu ropa y dem\u00e1s textiles de fibras naturales y la mezcla con sint\u00e9ticas, sin usar agua caliente.\",\"breadcrumb\":{\"@id\":\"https:\/\/aquacord.com.co\/index.php\/product\/iris-tinte-para-telas\/#breadcrumb\"},\"inLanguage\":\"es-CO\",\"potentialAction\":[{\"@type\":\"ReadAction\",\"target\":[\"https:\/\/aquacord.com.co\/index.php\/product\/iris-tinte-para-telas\/\"]}]},{\"@type\":\"BreadcrumbList\",\"@id\":\"https:\/\/aquacord.com.co\/index.php\/product\/iris-tinte-para-telas\/#breadcrumb\",\"itemListElement\":[{\"@type\":\"ListItem\",\"position\":1,\"name\":\"Inicio\",\"item\":\"https:\/\/aquacord.com.co\/\"},{\"@type\":\"ListItem\",\"position\":2,\"name\":\"Tienda\",\"item\":\"https:\/\/aquacord.com.co\/index.php\/tienda\/\"},{\"@type\":\"ListItem\",\"position\":3,\"name\":\"IRIS TINTE PARA TELAS\"}]},{\"@type\":\"WebSite\",\"@id\":\"https:\/\/aquacord.com.co\/#website\",\"url\":\"https:\/\/aquacord.com.co\/\",\"name\":\"\",\"description\":\"Todo lo relacionado en productos qu\u00edmicos, accesorios, equipos para piscinas y el aseo de tu hogar e empresas\",\"potentialAction\":[{\"@type\":\"SearchAction\",\"target\":{\"@type\":\"EntryPoint\",\"urlTemplate\":\"https:\/\/aquacord.com.co\/?s={search_term_string}\"},\"query-input\":\"required name=search_term_string\"}],\"inLanguage\":\"es-CO\"}]}<\/script>\n<!-- \/ Yoast SEO plugin. -->","yoast_head_json":{"title":"IRIS TINTE PARA TELAS -","description":"IRIS TINTE, Ti\u00f1es casi todas las prendas de vestir y del hogar de fibras naturales o la mezcla con sint\u00e9ticas, siempre que el porcentaje de la fibra natural sea mayor. IRIS EN FR\u00cdO: Otorgas espectaculares colores a tu ropa y dem\u00e1s textiles de fibras naturales y la mezcla con sint\u00e9ticas, sin usar agua caliente.","robots":{"index":"index","follow":"follow","max-snippet":"max-snippet:-1","max-image-preview":"max-image-preview:large","max-video-preview":"max-video-preview:-1"},"canonical":"https:\/\/aquacord.com.co\/index.php\/product\/iris-tinte-para-telas\/","og_locale":"es_ES","og_type":"article","og_title":"IRIS TINTE PARA TELAS -","og_description":"IRIS TINTE, Ti\u00f1es casi todas las prendas de vestir y del hogar de fibras naturales o la mezcla con sint\u00e9ticas, siempre que el porcentaje de la fibra natural sea mayor. IRIS EN FR\u00cdO: Otorgas espectaculares colores a tu ropa y dem\u00e1s textiles de fibras naturales y la mezcla con sint\u00e9ticas, sin usar agua caliente.","og_url":"https:\/\/aquacord.com.co\/index.php\/product\/iris-tinte-para-telas\/","article_modified_time":"2023-05-24T20:55:21+00:00","og_image":[{"width":800,"height":800,"url":"https:\/\/aquacord.com.co\/wp-content\/uploads\/2023\/05\/29318593-800-800.webp","type":"image\/webp"}],"twitter_card":"summary_large_image","twitter_misc":{"Tiempo estimado de lectura":"1 minuto"},"schema":{"@context":"https:\/\/schema.org","@graph":[{"@type":"WebPage","@id":"https:\/\/aquacord.com.co\/index.php\/product\/iris-tinte-para-telas\/","url":"https:\/\/aquacord.com.co\/index.php\/product\/iris-tinte-para-telas\/","name":"IRIS TINTE PARA TELAS -","isPartOf":{"@id":"https:\/\/aquacord.com.co\/#website"},"datePublished":"2023-05-24T20:55:20+00:00","dateModified":"2023-05-24T20:55:21+00:00","description":"IRIS TINTE, Ti\u00f1es casi todas las prendas de vestir y del hogar de fibras naturales o la mezcla con sint\u00e9ticas, siempre que el porcentaje de la fibra natural sea mayor. IRIS EN FR\u00cdO: Otorgas espectaculares colores a tu ropa y dem\u00e1s textiles de fibras naturales y la mezcla con sint\u00e9ticas, sin usar agua caliente.","breadcrumb":{"@id":"https:\/\/aquacord.com.co\/index.php\/product\/iris-tinte-para-telas\/#breadcrumb"},"inLanguage":"es-CO","potentialAction":[{"@type":"ReadAction","target":["https:\/\/aquacord.com.co\/index.php\/product\/iris-tinte-para-telas\/"]}]},{"@type":"BreadcrumbList","@id":"https:\/\/aquacord.com.co\/index.php\/product\/iris-tinte-para-telas\/#breadcrumb","itemListElement":[{"@type":"ListItem","position":1,"name":"Inicio","item":"https:\/\/aquacord.com.co\/"},{"@type":"ListItem","position":2,"name":"Tienda","item":"https:\/\/aquacord.com.co\/index.php\/tienda\/"},{"@type":"ListItem","position":3,"name":"IRIS TINTE PARA TELAS"}]},{"@type":"WebSite","@id":"https:\/\/aquacord.com.co\/#website","url":"https:\/\/aquacord.com.co\/","name":"","description":"Todo lo relacionado en productos qu\u00edmicos, accesorios, equipos para piscinas y el aseo de tu hogar e empresas","potentialAction":[{"@type":"SearchAction","target":{"@type":"EntryPoint","urlTemplate":"https:\/\/aquacord.com.co\/?s={search_term_string}"},"query-input":"required name=search_term_string"}],"inLanguage":"es-CO"}]}},"_links":{"self":[{"href":"https:\/\/aquacord.com.co\/index.php\/wp-json\/wp\/v2\/product\/4241"}],"collection":[{"href":"https:\/\/aquacord.com.co\/index.php\/wp-json\/wp\/v2\/product"}],"about":[{"href":"https:\/\/aquacord.com.co\/index.php\/wp-json\/wp\/v2\/types\/product"}],"replies":[{"embeddable":true,"href":"https:\/\/aquacord.com.co\/index.php\/wp-json\/wp\/v2\/comments?post=4241"}],"version-history":[{"count":1,"href":"https:\/\/aquacord.com.co\/index.php\/wp-json\/wp\/v2\/product\/4241\/revisions"}],"predecessor-version":[{"id":4243,"href":"https:\/\/aquacord.com.co\/index.php\/wp-json\/wp\/v2\/product\/4241\/revisions\/4243"}],"wp:featuredmedia":[{"embeddable":true,"href":"https:\/\/aquacord.com.co\/index.php\/wp-json\/wp\/v2\/media\/4242"}],"wp:attachment":[{"href":"https:\/\/aquacord.com.co\/index.php\/wp-json\/wp\/v2\/media?parent=4241"}],"wp:term":[{"taxonomy":"product_cat","embeddable":true,"href":"https:\/\/aquacord.com.co\/index.php\/wp-json\/wp\/v2\/product_cat?post=4241"},{"taxonomy":"product_tag","embeddable":true,"href":"https:\/\/aquacord.com.co\/index.php\/wp-json\/wp\/v2\/product_tag?post=4241"}],"curies":[{"name":"wp","href":"https:\/\/api.w.org\/{rel}","templated":true}]}}