{"id":4456,"date":"2024-05-07T14:57:36","date_gmt":"2024-05-07T14:57:36","guid":{"rendered":"https:\/\/aquacord.com.co\/?post_type=product&#038;p=4456"},"modified":"2024-05-07T14:57:37","modified_gmt":"2024-05-07T14:57:37","slug":"hiclor-cloro-granulado-al-70-x-45-kg","status":"publish","type":"product","link":"https:\/\/aquacord.com.co\/index.php\/product\/hiclor-cloro-granulado-al-70-x-45-kg\/","title":{"rendered":"HICLOR CLORO GRANULADO AL 70% X 45 KG"},"content":{"rendered":"<p><b>Desinfecci\u00f3n y Limpieza Saneamiento de superficies porosas y no porosas con contacto con alimentos y sin contacto con alimentos<\/b>. Desinfecci\u00f3n general como en cuartos de ba\u00f1\u00f3, techos de asfalto o madera, control de moho.<\/p>\n","protected":false},"excerpt":{"rendered":"<p>Desinfecci\u00f3n y Limpieza Saneamiento de superficies porosas y no porosas con contacto con alimentos y sin contacto con alimentos. Desinfecci\u00f3n general como en cuartos de ba\u00f1\u00f3, techos de asfalto o madera, control de moho.<\/p>\n","protected":false},"featured_media":4966,"comment_status":"open","ping_status":"closed","template":"","meta":{"site-sidebar-layout":"default","site-content-layout":"default","ast-global-header-display":"","ast-main-header-display":"","ast-hfb-above-header-display":"","ast-hfb-below-header-display":"","ast-hfb-mobile-header-display":"","site-post-title":"","ast-breadcrumbs-content":"","ast-featured-img":"","footer-sml-layout":"","theme-transparent-header-meta":"default","adv-header-id-meta":"","stick-header-meta":"","header-above-stick-meta":"","header-main-stick-meta":"","header-below-stick-meta":""},"product_cat":[20,29],"product_tag":[],"yoast_head":"<!-- This site is optimized with the Yoast SEO plugin v20.1 - https:\/\/yoast.com\/wordpress\/plugins\/seo\/ -->\n<title>HICLOR CLORO GRANULADO AL 70% X 45 KG -<\/title>\n<meta name=\"robots\" content=\"index, follow, max-snippet:-1, max-image-preview:large, max-video-preview:-1\" \/>\n<link rel=\"canonical\" href=\"https:\/\/aquacord.com.co\/index.php\/product\/hiclor-cloro-granulado-al-70-x-45-kg\/\" \/>\n<meta property=\"og:locale\" content=\"es_ES\" \/>\n<meta property=\"og:type\" content=\"article\" \/>\n<meta property=\"og:title\" content=\"HICLOR CLORO GRANULADO AL 70% X 45 KG -\" \/>\n<meta property=\"og:description\" content=\"Desinfecci\u00f3n y Limpieza Saneamiento de superficies porosas y no porosas con contacto con alimentos y sin contacto con alimentos. Desinfecci\u00f3n general como en cuartos de ba\u00f1\u00f3, techos de asfalto o madera, control de moho.\" \/>\n<meta property=\"og:url\" content=\"https:\/\/aquacord.com.co\/index.php\/product\/hiclor-cloro-granulado-al-70-x-45-kg\/\" \/>\n<meta property=\"article:modified_time\" content=\"2024-05-07T14:57:37+00:00\" \/>\n<meta property=\"og:image\" content=\"https:\/\/aquacord.com.co\/wp-content\/uploads\/2023\/06\/Captura-de-pantalla-2024-05-07-095242.png\" \/>\n\t<meta property=\"og:image:width\" content=\"570\" \/>\n\t<meta property=\"og:image:height\" content=\"569\" \/>\n\t<meta property=\"og:image:type\" content=\"image\/png\" \/>\n<meta name=\"twitter:card\" content=\"summary_large_image\" \/>\n<meta name=\"twitter:label1\" content=\"Tiempo estimado de lectura\" \/>\n\t<meta name=\"twitter:data1\" content=\"1 minuto\" \/>\n<script type=\"application\/ld+json\" class=\"yoast-schema-graph\">{\"@context\":\"https:\/\/schema.org\",\"@graph\":[{\"@type\":\"WebPage\",\"@id\":\"https:\/\/aquacord.com.co\/index.php\/product\/hiclor-cloro-granulado-al-70-x-45-kg\/\",\"url\":\"https:\/\/aquacord.com.co\/index.php\/product\/hiclor-cloro-granulado-al-70-x-45-kg\/\",\"name\":\"HICLOR CLORO GRANULADO AL 70% X 45 KG -\",\"isPartOf\":{\"@id\":\"https:\/\/aquacord.com.co\/#website\"},\"datePublished\":\"2024-05-07T14:57:36+00:00\",\"dateModified\":\"2024-05-07T14:57:37+00:00\",\"breadcrumb\":{\"@id\":\"https:\/\/aquacord.com.co\/index.php\/product\/hiclor-cloro-granulado-al-70-x-45-kg\/#breadcrumb\"},\"inLanguage\":\"es-CO\",\"potentialAction\":[{\"@type\":\"ReadAction\",\"target\":[\"https:\/\/aquacord.com.co\/index.php\/product\/hiclor-cloro-granulado-al-70-x-45-kg\/\"]}]},{\"@type\":\"BreadcrumbList\",\"@id\":\"https:\/\/aquacord.com.co\/index.php\/product\/hiclor-cloro-granulado-al-70-x-45-kg\/#breadcrumb\",\"itemListElement\":[{\"@type\":\"ListItem\",\"position\":1,\"name\":\"Inicio\",\"item\":\"https:\/\/aquacord.com.co\/\"},{\"@type\":\"ListItem\",\"position\":2,\"name\":\"Tienda\",\"item\":\"https:\/\/aquacord.com.co\/index.php\/tienda\/\"},{\"@type\":\"ListItem\",\"position\":3,\"name\":\"HICLOR CLORO GRANULADO AL 70% X 45 KG\"}]},{\"@type\":\"WebSite\",\"@id\":\"https:\/\/aquacord.com.co\/#website\",\"url\":\"https:\/\/aquacord.com.co\/\",\"name\":\"\",\"description\":\"Todo lo relacionado en productos qu\u00edmicos, accesorios, equipos para piscinas y el aseo de tu hogar e empresas\",\"potentialAction\":[{\"@type\":\"SearchAction\",\"target\":{\"@type\":\"EntryPoint\",\"urlTemplate\":\"https:\/\/aquacord.com.co\/?s={search_term_string}\"},\"query-input\":\"required name=search_term_string\"}],\"inLanguage\":\"es-CO\"}]}<\/script>\n<!-- \/ Yoast SEO plugin. -->","yoast_head_json":{"title":"HICLOR CLORO GRANULADO AL 70% X 45 KG -","robots":{"index":"index","follow":"follow","max-snippet":"max-snippet:-1","max-image-preview":"max-image-preview:large","max-video-preview":"max-video-preview:-1"},"canonical":"https:\/\/aquacord.com.co\/index.php\/product\/hiclor-cloro-granulado-al-70-x-45-kg\/","og_locale":"es_ES","og_type":"article","og_title":"HICLOR CLORO GRANULADO AL 70% X 45 KG -","og_description":"Desinfecci\u00f3n y Limpieza Saneamiento de superficies porosas y no porosas con contacto con alimentos y sin contacto con alimentos. Desinfecci\u00f3n general como en cuartos de ba\u00f1\u00f3, techos de asfalto o madera, control de moho.","og_url":"https:\/\/aquacord.com.co\/index.php\/product\/hiclor-cloro-granulado-al-70-x-45-kg\/","article_modified_time":"2024-05-07T14:57:37+00:00","og_image":[{"width":570,"height":569,"url":"https:\/\/aquacord.com.co\/wp-content\/uploads\/2023\/06\/Captura-de-pantalla-2024-05-07-095242.png","type":"image\/png"}],"twitter_card":"summary_large_image","twitter_misc":{"Tiempo estimado de lectura":"1 minuto"},"schema":{"@context":"https:\/\/schema.org","@graph":[{"@type":"WebPage","@id":"https:\/\/aquacord.com.co\/index.php\/product\/hiclor-cloro-granulado-al-70-x-45-kg\/","url":"https:\/\/aquacord.com.co\/index.php\/product\/hiclor-cloro-granulado-al-70-x-45-kg\/","name":"HICLOR CLORO GRANULADO AL 70% X 45 KG -","isPartOf":{"@id":"https:\/\/aquacord.com.co\/#website"},"datePublished":"2024-05-07T14:57:36+00:00","dateModified":"2024-05-07T14:57:37+00:00","breadcrumb":{"@id":"https:\/\/aquacord.com.co\/index.php\/product\/hiclor-cloro-granulado-al-70-x-45-kg\/#breadcrumb"},"inLanguage":"es-CO","potentialAction":[{"@type":"ReadAction","target":["https:\/\/aquacord.com.co\/index.php\/product\/hiclor-cloro-granulado-al-70-x-45-kg\/"]}]},{"@type":"BreadcrumbList","@id":"https:\/\/aquacord.com.co\/index.php\/product\/hiclor-cloro-granulado-al-70-x-45-kg\/#breadcrumb","itemListElement":[{"@type":"ListItem","position":1,"name":"Inicio","item":"https:\/\/aquacord.com.co\/"},{"@type":"ListItem","position":2,"name":"Tienda","item":"https:\/\/aquacord.com.co\/index.php\/tienda\/"},{"@type":"ListItem","position":3,"name":"HICLOR CLORO GRANULADO AL 70% X 45 KG"}]},{"@type":"WebSite","@id":"https:\/\/aquacord.com.co\/#website","url":"https:\/\/aquacord.com.co\/","name":"","description":"Todo lo relacionado en productos qu\u00edmicos, accesorios, equipos para piscinas y el aseo de tu hogar e empresas","potentialAction":[{"@type":"SearchAction","target":{"@type":"EntryPoint","urlTemplate":"https:\/\/aquacord.com.co\/?s={search_term_string}"},"query-input":"required name=search_term_string"}],"inLanguage":"es-CO"}]}},"_links":{"self":[{"href":"https:\/\/aquacord.com.co\/index.php\/wp-json\/wp\/v2\/product\/4456"}],"collection":[{"href":"https:\/\/aquacord.com.co\/index.php\/wp-json\/wp\/v2\/product"}],"about":[{"href":"https:\/\/aquacord.com.co\/index.php\/wp-json\/wp\/v2\/types\/product"}],"replies":[{"embeddable":true,"href":"https:\/\/aquacord.com.co\/index.php\/wp-json\/wp\/v2\/comments?post=4456"}],"version-history":[{"count":2,"href":"https:\/\/aquacord.com.co\/index.php\/wp-json\/wp\/v2\/product\/4456\/revisions"}],"predecessor-version":[{"id":4968,"href":"https:\/\/aquacord.com.co\/index.php\/wp-json\/wp\/v2\/product\/4456\/revisions\/4968"}],"wp:featuredmedia":[{"embeddable":true,"href":"https:\/\/aquacord.com.co\/index.php\/wp-json\/wp\/v2\/media\/4966"}],"wp:attachment":[{"href":"https:\/\/aquacord.com.co\/index.php\/wp-json\/wp\/v2\/media?parent=4456"}],"wp:term":[{"taxonomy":"product_cat","embeddable":true,"href":"https:\/\/aquacord.com.co\/index.php\/wp-json\/wp\/v2\/product_cat?post=4456"},{"taxonomy":"product_tag","embeddable":true,"href":"https:\/\/aquacord.com.co\/index.php\/wp-json\/wp\/v2\/product_tag?post=4456"}],"curies":[{"name":"wp","href":"https:\/\/api.w.org\/{rel}","templated":true}]}}