{"id":4481,"date":"2023-06-20T21:01:16","date_gmt":"2023-06-20T21:01:16","guid":{"rendered":"https:\/\/aquacord.com.co\/?post_type=product&#038;p=4481"},"modified":"2024-02-28T20:48:21","modified_gmt":"2024-02-28T20:48:21","slug":"ambientadores-en-aceite","status":"publish","type":"product","link":"https:\/\/aquacord.com.co\/index.php\/product\/ambientadores-en-aceite\/","title":{"rendered":"AMBIENTADORES EN ACEITE x 30 CC"},"content":{"rendered":"<p>La principal funci\u00f3n de los ambientadores es la de\u00a0<b>dotar al espacio de un aroma agradable para crear un ambiente confortable<\/b>. Sin embargo, cada vez con m\u00e1s frecuencia podemos encontrar ambientadores con dise\u00f1os m\u00e1s originales, naturales, elegantes y minimalistas o, por ejemplo, inspirados en la naturaleza.<\/p>\n","protected":false},"excerpt":{"rendered":"<p>La principal funci\u00f3n de los ambientadores es la de\u00a0dotar al espacio de un aroma agradable para crear un ambiente confortable. Sin embargo, cada vez con m\u00e1s frecuencia podemos encontrar ambientadores con dise\u00f1os m\u00e1s originales, naturales, elegantes y minimalistas o, por ejemplo, inspirados en la naturaleza.<\/p>\n","protected":false},"featured_media":4482,"comment_status":"open","ping_status":"closed","template":"","meta":{"site-sidebar-layout":"default","site-content-layout":"default","ast-global-header-display":"","ast-main-header-display":"","ast-hfb-above-header-display":"","ast-hfb-below-header-display":"","ast-hfb-mobile-header-display":"","site-post-title":"","ast-breadcrumbs-content":"","ast-featured-img":"","footer-sml-layout":"","theme-transparent-header-meta":"default","adv-header-id-meta":"","stick-header-meta":"","header-above-stick-meta":"","header-main-stick-meta":"","header-below-stick-meta":""},"product_cat":[18,33],"product_tag":[],"yoast_head":"<!-- This site is optimized with the Yoast SEO plugin v20.1 - https:\/\/yoast.com\/wordpress\/plugins\/seo\/ -->\n<title>AMBIENTADORES EN ACEITE x 30 CC -<\/title>\n<meta name=\"description\" content=\"AMBIENTADORES, La principal funci\u00f3n de los ambientadores es la de dotar al espacio de un aroma agradable para crear un ambiente confortable. Sin embargo, cada vez con m\u00e1s frecuencia podemos encontrar ambientadores con dise\u00f1os m\u00e1s originales, naturales, elegantes y minimalistas o, por ejemplo, inspirados en la naturaleza.\" \/>\n<meta name=\"robots\" content=\"index, follow, max-snippet:-1, max-image-preview:large, max-video-preview:-1\" \/>\n<link rel=\"canonical\" href=\"https:\/\/aquacord.com.co\/index.php\/product\/ambientadores-en-aceite\/\" \/>\n<meta property=\"og:locale\" content=\"es_ES\" \/>\n<meta property=\"og:type\" content=\"article\" \/>\n<meta property=\"og:title\" content=\"AMBIENTADORES EN ACEITE x 30 CC -\" \/>\n<meta property=\"og:description\" content=\"AMBIENTADORES, La principal funci\u00f3n de los ambientadores es la de dotar al espacio de un aroma agradable para crear un ambiente confortable. Sin embargo, cada vez con m\u00e1s frecuencia podemos encontrar ambientadores con dise\u00f1os m\u00e1s originales, naturales, elegantes y minimalistas o, por ejemplo, inspirados en la naturaleza.\" \/>\n<meta property=\"og:url\" content=\"https:\/\/aquacord.com.co\/index.php\/product\/ambientadores-en-aceite\/\" \/>\n<meta property=\"article:modified_time\" content=\"2024-02-28T20:48:21+00:00\" \/>\n<meta property=\"og:image\" content=\"https:\/\/aquacord.com.co\/wp-content\/uploads\/2023\/06\/Captura-de-pantalla-2023-06-20-150519.png\" \/>\n\t<meta property=\"og:image:width\" content=\"548\" \/>\n\t<meta property=\"og:image:height\" content=\"434\" \/>\n\t<meta property=\"og:image:type\" content=\"image\/png\" \/>\n<meta name=\"twitter:card\" content=\"summary_large_image\" \/>\n<meta name=\"twitter:label1\" content=\"Tiempo estimado de lectura\" \/>\n\t<meta name=\"twitter:data1\" content=\"1 minuto\" \/>\n<script type=\"application\/ld+json\" class=\"yoast-schema-graph\">{\"@context\":\"https:\/\/schema.org\",\"@graph\":[{\"@type\":\"WebPage\",\"@id\":\"https:\/\/aquacord.com.co\/index.php\/product\/ambientadores-en-aceite\/\",\"url\":\"https:\/\/aquacord.com.co\/index.php\/product\/ambientadores-en-aceite\/\",\"name\":\"AMBIENTADORES EN ACEITE x 30 CC -\",\"isPartOf\":{\"@id\":\"https:\/\/aquacord.com.co\/#website\"},\"datePublished\":\"2023-06-20T21:01:16+00:00\",\"dateModified\":\"2024-02-28T20:48:21+00:00\",\"description\":\"AMBIENTADORES, La principal funci\u00f3n de los ambientadores es la de dotar al espacio de un aroma agradable para crear un ambiente confortable. Sin embargo, cada vez con m\u00e1s frecuencia podemos encontrar ambientadores con dise\u00f1os m\u00e1s originales, naturales, elegantes y minimalistas o, por ejemplo, inspirados en la naturaleza.\",\"breadcrumb\":{\"@id\":\"https:\/\/aquacord.com.co\/index.php\/product\/ambientadores-en-aceite\/#breadcrumb\"},\"inLanguage\":\"es-CO\",\"potentialAction\":[{\"@type\":\"ReadAction\",\"target\":[\"https:\/\/aquacord.com.co\/index.php\/product\/ambientadores-en-aceite\/\"]}]},{\"@type\":\"BreadcrumbList\",\"@id\":\"https:\/\/aquacord.com.co\/index.php\/product\/ambientadores-en-aceite\/#breadcrumb\",\"itemListElement\":[{\"@type\":\"ListItem\",\"position\":1,\"name\":\"Inicio\",\"item\":\"https:\/\/aquacord.com.co\/\"},{\"@type\":\"ListItem\",\"position\":2,\"name\":\"Tienda\",\"item\":\"https:\/\/aquacord.com.co\/index.php\/tienda\/\"},{\"@type\":\"ListItem\",\"position\":3,\"name\":\"AMBIENTADORES EN ACEITE x 30 CC\"}]},{\"@type\":\"WebSite\",\"@id\":\"https:\/\/aquacord.com.co\/#website\",\"url\":\"https:\/\/aquacord.com.co\/\",\"name\":\"\",\"description\":\"Todo lo relacionado en productos qu\u00edmicos, accesorios, equipos para piscinas y el aseo de tu hogar e empresas\",\"potentialAction\":[{\"@type\":\"SearchAction\",\"target\":{\"@type\":\"EntryPoint\",\"urlTemplate\":\"https:\/\/aquacord.com.co\/?s={search_term_string}\"},\"query-input\":\"required name=search_term_string\"}],\"inLanguage\":\"es-CO\"}]}<\/script>\n<!-- \/ Yoast SEO plugin. -->","yoast_head_json":{"title":"AMBIENTADORES EN ACEITE x 30 CC -","description":"AMBIENTADORES, La principal funci\u00f3n de los ambientadores es la de dotar al espacio de un aroma agradable para crear un ambiente confortable. Sin embargo, cada vez con m\u00e1s frecuencia podemos encontrar ambientadores con dise\u00f1os m\u00e1s originales, naturales, elegantes y minimalistas o, por ejemplo, inspirados en la naturaleza.","robots":{"index":"index","follow":"follow","max-snippet":"max-snippet:-1","max-image-preview":"max-image-preview:large","max-video-preview":"max-video-preview:-1"},"canonical":"https:\/\/aquacord.com.co\/index.php\/product\/ambientadores-en-aceite\/","og_locale":"es_ES","og_type":"article","og_title":"AMBIENTADORES EN ACEITE x 30 CC -","og_description":"AMBIENTADORES, La principal funci\u00f3n de los ambientadores es la de dotar al espacio de un aroma agradable para crear un ambiente confortable. Sin embargo, cada vez con m\u00e1s frecuencia podemos encontrar ambientadores con dise\u00f1os m\u00e1s originales, naturales, elegantes y minimalistas o, por ejemplo, inspirados en la naturaleza.","og_url":"https:\/\/aquacord.com.co\/index.php\/product\/ambientadores-en-aceite\/","article_modified_time":"2024-02-28T20:48:21+00:00","og_image":[{"width":548,"height":434,"url":"https:\/\/aquacord.com.co\/wp-content\/uploads\/2023\/06\/Captura-de-pantalla-2023-06-20-150519.png","type":"image\/png"}],"twitter_card":"summary_large_image","twitter_misc":{"Tiempo estimado de lectura":"1 minuto"},"schema":{"@context":"https:\/\/schema.org","@graph":[{"@type":"WebPage","@id":"https:\/\/aquacord.com.co\/index.php\/product\/ambientadores-en-aceite\/","url":"https:\/\/aquacord.com.co\/index.php\/product\/ambientadores-en-aceite\/","name":"AMBIENTADORES EN ACEITE x 30 CC -","isPartOf":{"@id":"https:\/\/aquacord.com.co\/#website"},"datePublished":"2023-06-20T21:01:16+00:00","dateModified":"2024-02-28T20:48:21+00:00","description":"AMBIENTADORES, La principal funci\u00f3n de los ambientadores es la de dotar al espacio de un aroma agradable para crear un ambiente confortable. Sin embargo, cada vez con m\u00e1s frecuencia podemos encontrar ambientadores con dise\u00f1os m\u00e1s originales, naturales, elegantes y minimalistas o, por ejemplo, inspirados en la naturaleza.","breadcrumb":{"@id":"https:\/\/aquacord.com.co\/index.php\/product\/ambientadores-en-aceite\/#breadcrumb"},"inLanguage":"es-CO","potentialAction":[{"@type":"ReadAction","target":["https:\/\/aquacord.com.co\/index.php\/product\/ambientadores-en-aceite\/"]}]},{"@type":"BreadcrumbList","@id":"https:\/\/aquacord.com.co\/index.php\/product\/ambientadores-en-aceite\/#breadcrumb","itemListElement":[{"@type":"ListItem","position":1,"name":"Inicio","item":"https:\/\/aquacord.com.co\/"},{"@type":"ListItem","position":2,"name":"Tienda","item":"https:\/\/aquacord.com.co\/index.php\/tienda\/"},{"@type":"ListItem","position":3,"name":"AMBIENTADORES EN ACEITE x 30 CC"}]},{"@type":"WebSite","@id":"https:\/\/aquacord.com.co\/#website","url":"https:\/\/aquacord.com.co\/","name":"","description":"Todo lo relacionado en productos qu\u00edmicos, accesorios, equipos para piscinas y el aseo de tu hogar e empresas","potentialAction":[{"@type":"SearchAction","target":{"@type":"EntryPoint","urlTemplate":"https:\/\/aquacord.com.co\/?s={search_term_string}"},"query-input":"required name=search_term_string"}],"inLanguage":"es-CO"}]}},"_links":{"self":[{"href":"https:\/\/aquacord.com.co\/index.php\/wp-json\/wp\/v2\/product\/4481"}],"collection":[{"href":"https:\/\/aquacord.com.co\/index.php\/wp-json\/wp\/v2\/product"}],"about":[{"href":"https:\/\/aquacord.com.co\/index.php\/wp-json\/wp\/v2\/types\/product"}],"replies":[{"embeddable":true,"href":"https:\/\/aquacord.com.co\/index.php\/wp-json\/wp\/v2\/comments?post=4481"}],"version-history":[{"count":3,"href":"https:\/\/aquacord.com.co\/index.php\/wp-json\/wp\/v2\/product\/4481\/revisions"}],"predecessor-version":[{"id":4887,"href":"https:\/\/aquacord.com.co\/index.php\/wp-json\/wp\/v2\/product\/4481\/revisions\/4887"}],"wp:featuredmedia":[{"embeddable":true,"href":"https:\/\/aquacord.com.co\/index.php\/wp-json\/wp\/v2\/media\/4482"}],"wp:attachment":[{"href":"https:\/\/aquacord.com.co\/index.php\/wp-json\/wp\/v2\/media?parent=4481"}],"wp:term":[{"taxonomy":"product_cat","embeddable":true,"href":"https:\/\/aquacord.com.co\/index.php\/wp-json\/wp\/v2\/product_cat?post=4481"},{"taxonomy":"product_tag","embeddable":true,"href":"https:\/\/aquacord.com.co\/index.php\/wp-json\/wp\/v2\/product_tag?post=4481"}],"curies":[{"name":"wp","href":"https:\/\/api.w.org\/{rel}","templated":true}]}}