{"id":4957,"date":"2024-05-07T14:45:33","date_gmt":"2024-05-07T14:45:33","guid":{"rendered":"https:\/\/aquacord.com.co\/?post_type=product&#038;p=4957"},"modified":"2025-02-13T18:19:32","modified_gmt":"2025-02-13T18:19:32","slug":"cloridex-cloro-91","status":"publish","type":"product","link":"https:\/\/aquacord.com.co\/index.php\/product\/cloridex-cloro-91\/","title":{"rendered":"CLORIDEX CLORO 91%"},"content":{"rendered":"<div class=\"preview-title-holder removable-parent order-handle\">\n<h1 id=\"vbid-1ef897d1-zc2jpxkd\" class=\"preview-element preview-title magic-circle-holder inner-page text-element quick-text-style-menu   allow-mobile-hide\" data-menu-name=\"PREVIEW_TITLE\" data-orig-font-size=\"50\">CLORO 91%<\/h1>\n<\/div>\n<p><span style=\"font-size: 16px\">Es un producto con composici\u00f3n y granulometr\u00eda controlada y garantizada. Aporta Cloro libre que, adem\u00e1s de estar protegido contra el desgaste por los rayos UV al ser estabilizado, presenta un mayor rendimiento. Es el mejor aliado para que el agua est\u00e9 protegida durante todo el d\u00eda.<\/span><\/p>\n<div class=\"preview-body-holder removable-parent order-handle\">\n<div id=\"vbid-1ef897d1-t14shpss\" class=\"preview-element preview-body magic-circle-holder text-element quick-text-style-menu   allow-mobile-hide\" data-menu-name=\"PREVIEW_BODY\">\n<p><strong>Caracter\u00edsticas<\/strong><\/p>\n<ul>\n<li>Producto granulado para uso diario<\/li>\n<li>Liberaci\u00f3n prolongada<\/li>\n<li>Resistente a rayos UV<\/li>\n<\/ul>\n<div class=\"stripe-header-wrapper\">\n<div id=\"vbid-019e5d29-6ecivzp3\" class=\"stripe-header sub item-box page-box style-019e5d29-r55bjgvz       \" data-holder-type=\"page\" data-child-type=\"STYLE\" data-styleid=\"style-019e5d29-r55bjgvz\" data-preview-styleid=\"style-019e5d29-r55bjgvz\" data-preset-type-id=\"UNRESOLVED\">\n<div class=\"page-wrapper item-wrapper \">\n<div class=\"item-content leaf blocks_layout page content\" data-self=\"vbid-019e5d29-6ecivzp3\" data-preview-style=\"style-019e5d29-r55bjgvz\" data-style=\"style-f2783-7himpqznhz\" data-orig-thumb-height=\"\" data-orig-thumb-width=\"\" data-vbid=\"vbid-019e5d29-6ecivzp3\" data-bgimg=\"\">\n<div class=\"helper-div middle\">\n<div class=\"text-side \">\n<div class=\"vertical-aligner\">\n<div class=\"item-details blocks-preview-content-wrapper  blocks shrinker-parent\">\n<div class=\"blocks-preview-content-holder shrinker-content\">\n<div class=\"blocks-preview-title-holder removable-parent order-handle\">\n<h2 id=\"vbid-019e5d29-zyaa3kdw\" class=\"preview-element blocks-preview-title magic-circle-holder inner-page text-element quick-text-style-menu   allow-mobile-hide\" data-menu-name=\"BLOCKS_PREVIEW_TITLE\" data-orig-font-size=\"30\">Instrucciones de uso y aplicaciones:<\/h2>\n<\/div>\n<div class=\"blocks-preview-divider-holder removable-parent order-handle\">\n<div id=\"element-f01b07524dcce32\" class=\"preview-element blocks-preview-divider magic-circle-holder quick-text-style-menu\" data-menu-name=\"BLOCKS_PREVIEW_DIVIDER\"><strong style=\"font-size: 16px\">Nota:<\/strong><span style=\"font-size: 16px\">\u00a0Se recomienda hacer las verificaciones de los par\u00e1metros necesarios (pH, cloro, alcalinidad. Dureza, estabilizante, etc.) con los equipos especializados Dr.Pool.<\/span><\/div>\n<\/div>\n<\/div>\n<\/div>\n<\/div>\n<\/div>\n<\/div>\n<\/div>\n<\/div>\n<\/div>\n<\/div>\n<div id=\"items-holder-wrapper\">\n<div id=\"items-holder\">\n<div id=\"vbid-019e5d29-vnpthhkx\" class=\"sub item-box  page-box style-019e5d29-r55bjgvz left-side top-side bottom-side\" data-holder-type=\"page\" data-child-type=\"STYLE\" data-styleid=\"style-019e5d29-r55bjgvz\" data-preview-styleid=\"style-019e5d29-r55bjgvz\" data-preset-type-id=\"UNRESOLVED\" data-row=\"1\">\n<div class=\"page-wrapper item-wrapper \">\n<div class=\"item-content leaf multi_layout page content -container\" data-self=\"vbid-019e5d29-vnpthhkx\" data-preview-style=\"style-019e5d29-r55bjgvz\" data-style=\"style-f2783-oogpxtqvka\" data-orig-thumb-height=\"\" data-orig-thumb-width=\"\" data-vbid=\"vbid-019e5d29-vnpthhkx\" data-bgimg=\"\">\n<div class=\"multi-container preview image-cover\">\n<div class=\"Picture item-preview\">\n<div class=\"preview-image-holder\">\n<div id=\"no-image\" class=\"background-image-div preview-element image-source magic-circle-holder unfold-left load-high-res\" data-menu-name=\"BACKGROUND_IMAGE\">\n<div id=\"vbid-019e5d29-vnpthhkx\" class=\"sub item-box  page-box style-019e5d29-r55bjgvz left-side top-side bottom-side\" data-holder-type=\"page\" data-child-type=\"STYLE\" data-styleid=\"style-019e5d29-r55bjgvz\" data-preview-styleid=\"style-019e5d29-r55bjgvz\" data-preset-type-id=\"UNRESOLVED\" data-row=\"1\">\n<div class=\"page-wrapper item-wrapper \">\n<div class=\"item-content leaf multi_layout page content -container\" data-self=\"vbid-019e5d29-vnpthhkx\" data-preview-style=\"style-019e5d29-r55bjgvz\" data-style=\"style-f2783-oogpxtqvka\" data-orig-thumb-height=\"\" data-orig-thumb-width=\"\" data-vbid=\"vbid-019e5d29-vnpthhkx\" data-bgimg=\"\">\n<div class=\"multi-container preview image-cover\">\n<div class=\"Picture item-preview\">\n<div class=\"preview-image-holder\">\n<div class=\"helper-div middle-center\">\n<div class=\"text-side shrinker-parent\">\n<div class=\"vertical-aligner\">\n<div class=\"item-details preview-content-wrapper  multi\">\n<div class=\"preview-content-holder shrinker-content\">\n<div class=\"preview-title-holder removable-parent order-handle\">\n<h2 class=\"preview-element preview-title magic-circle-holder inner-page text-element quick-text-style-menu   allow-mobile-hide\" data-menu-name=\"PREVIEW_TITLE\" data-orig-font-size=\"25\"><\/h2>\n<div class=\"preview-title-holder removable-parent order-handle\">\n<div class=\"preview-body-holder removable-parent order-handle\">\n<div id=\"vbid-019e5d29-wrdluvmc\" class=\"preview-element preview-body magic-circle-holder text-element quick-text-style-menu   allow-mobile-hide\" data-menu-name=\"PREVIEW_BODY\">\n<ol>\n<li>Verifique que los par\u00e1metros del agua de la piscina o spa se encuentre balanceados para un correcto desempe\u00f1o del s}desinfectante. Es importante que el pH se encuentre entre 7.2 y 7.6 por lo que, si se debe incrementar para llegar a ese rango, utilice L\u00cdNEA CLORIDEX Corrector pH + y si se debe disminuir utilice L\u00cdNEA CLORIDEX Reductos pH -.<\/li>\n<li>Confirme el nivel de cloro libre disponible y dosifique directamente sobre el agua de acuerdo con la siguiente informaci\u00f3n*:<\/li>\n<\/ol>\n<\/div>\n<\/div>\n<\/div>\n<\/div>\n<\/div>\n<\/div>\n<\/div>\n<\/div>\n<\/div>\n<\/div>\n<\/div>\n<\/div>\n<\/div>\n<\/div>\n<\/div>\n<div id=\"vbid-019e5d29-2elnsmcq\" class=\"sub item-box  page-box style-019e5d29-r55bjgvz top-side bottom-side\" data-holder-type=\"page\" data-child-type=\"STYLE\" data-styleid=\"style-019e5d29-r55bjgvz\" data-preview-styleid=\"style-019e5d29-r55bjgvz\" data-preset-type-id=\"UNRESOLVED\" data-row=\"1\">\n<div class=\"page-wrapper item-wrapper \">\n<div class=\"item-content leaf multi_layout page content -container\" data-self=\"vbid-019e5d29-2elnsmcq\" data-preview-style=\"style-019e5d29-r55bjgvz\" data-style=\"style-f2783-oogpxtqvka\" data-orig-thumb-height=\"\" data-orig-thumb-width=\"\" data-vbid=\"vbid-019e5d29-2elnsmcq\" data-bgimg=\"\">\n<div class=\"multi-container preview image-cover\">\n<div class=\"Picture item-preview\">\n<div class=\"preview-image-holder\">\n<div class=\"helper-div middle-center\">\n<div class=\"text-side shrinker-parent\">\n<div class=\"vertical-aligner\">\n<div class=\"item-details preview-content-wrapper  multi\">\n<div class=\"preview-content-holder shrinker-content\">\n<div class=\"preview-body-holder removable-parent order-handle\">\n<div id=\"vbid-019e5d29-uziykxep\" class=\"preview-element preview-body magic-circle-holder text-element quick-text-style-menu   allow-mobile-hide\" data-menu-name=\"PREVIEW_BODY\">\n<ul>\n<li>2 g por m3 para incrementar 1 ppm de cloro libre<\/li>\n<li>3 g por m3 para incrementar 2 ppm de cloro libre<\/li>\n<li>4 g por m3 para incrementar 3 ppm de cloro libre<\/li>\n<\/ul>\n<p>Este producto debe ser utilizado \u00fanicamente para mantenimiento diario y en su presentaci\u00f3n original. No debe triturarse o diluir antes de aplicar al agua.<\/p>\n<p><span style=\"font-size: 16px\">3. Verifique que el nivel de cloro libre permanezca entre 1,0 y 3,0 partes por mill\u00f3n (ppm). *Dosificaciones recomendadas en situaciones normales, pueden existir variaciones en la dosificaci\u00f3n seg\u00fan el uso, temperatura, tipo de agua y filtraci\u00f3n de la piscina.<\/span><\/p>\n<\/div>\n<\/div>\n<\/div>\n<\/div>\n<\/div>\n<\/div>\n<\/div>\n<\/div>\n<\/div>\n<\/div>\n<\/div>\n<\/div>\n<\/div>\n<\/div>\n<div class=\"helper-div middle-center\">\n<div class=\"pic-side\">\n<div class=\"vertical-aligner\">\n<div id=\"no-image-holder\" class=\"preview-image-holder inner-pic-holder\" data-menu-name=\"PREVIEW_INLINE_IMAGE_HOLDER\">\n<div id=\"no-image\" class=\"inner-pic preview-element  magic-circle-holder  load-high-res \" data-menu-name=\"PREVIEW_INLINE_IMAGE\" data-orig-width=\"\" data-orig-height=\"\"><\/div>\n<\/div>\n<\/div>\n<\/div>\n<\/div>\n<\/div>\n<\/div>\n<\/div>\n<\/div>\n<\/div>\n<\/div>\n<\/div>\n<\/div>\n<\/div>\n<\/div>\n","protected":false},"excerpt":{"rendered":"<p>CLORO 91% Es un producto con composici\u00f3n y granulometr\u00eda controlada y garantizada. Aporta Cloro libre que, adem\u00e1s de estar protegido contra el desgaste por los rayos UV al ser estabilizado, presenta un mayor rendimiento. Es el mejor aliado para que el agua est\u00e9 protegida durante todo el d\u00eda. Caracter\u00edsticas Producto granulado para uso diario Liberaci\u00f3n &hellip;<\/p>\n<p class=\"read-more\"> <a class=\"\" href=\"https:\/\/aquacord.com.co\/index.php\/product\/cloridex-cloro-91\/\"> <span class=\"screen-reader-text\">CLORIDEX CLORO 91%<\/span> Leer m\u00e1s &raquo;<\/a><\/p>\n","protected":false},"featured_media":4958,"comment_status":"open","ping_status":"closed","template":"","meta":{"site-sidebar-layout":"default","site-content-layout":"default","ast-global-header-display":"","ast-main-header-display":"","ast-hfb-above-header-display":"","ast-hfb-below-header-display":"","ast-hfb-mobile-header-display":"","site-post-title":"","ast-breadcrumbs-content":"","ast-featured-img":"","footer-sml-layout":"","theme-transparent-header-meta":"default","adv-header-id-meta":"","stick-header-meta":"","header-above-stick-meta":"","header-main-stick-meta":"","header-below-stick-meta":""},"product_cat":[20,29],"product_tag":[],"yoast_head":"<!-- This site is optimized with the Yoast SEO plugin v20.1 - https:\/\/yoast.com\/wordpress\/plugins\/seo\/ -->\n<title>CLORIDEX CLORO 91% -<\/title>\n<meta name=\"robots\" content=\"index, follow, max-snippet:-1, max-image-preview:large, max-video-preview:-1\" \/>\n<link rel=\"canonical\" href=\"https:\/\/aquacord.com.co\/index.php\/product\/cloridex-cloro-91\/\" \/>\n<meta property=\"og:locale\" content=\"es_ES\" \/>\n<meta property=\"og:type\" content=\"article\" \/>\n<meta property=\"og:title\" content=\"CLORIDEX CLORO 91% -\" \/>\n<meta property=\"og:description\" content=\"CLORO 91% Es un producto con composici\u00f3n y granulometr\u00eda controlada y garantizada. Aporta Cloro libre que, adem\u00e1s de estar protegido contra el desgaste por los rayos UV al ser estabilizado, presenta un mayor rendimiento. Es el mejor aliado para que el agua est\u00e9 protegida durante todo el d\u00eda. Caracter\u00edsticas Producto granulado para uso diario Liberaci\u00f3n &hellip; CLORIDEX CLORO 91% Leer m\u00e1s &raquo;\" \/>\n<meta property=\"og:url\" content=\"https:\/\/aquacord.com.co\/index.php\/product\/cloridex-cloro-91\/\" \/>\n<meta property=\"article:modified_time\" content=\"2025-02-13T18:19:32+00:00\" \/>\n<meta property=\"og:image\" content=\"https:\/\/aquacord.com.co\/wp-content\/uploads\/2024\/05\/Captura-de-pantalla-2024-05-07-092408.png\" \/>\n\t<meta property=\"og:image:width\" content=\"589\" \/>\n\t<meta property=\"og:image:height\" content=\"503\" \/>\n\t<meta property=\"og:image:type\" content=\"image\/png\" \/>\n<meta name=\"twitter:card\" content=\"summary_large_image\" \/>\n<meta name=\"twitter:label1\" content=\"Tiempo estimado de lectura\" \/>\n\t<meta name=\"twitter:data1\" content=\"2 minutos\" \/>\n<script type=\"application\/ld+json\" class=\"yoast-schema-graph\">{\"@context\":\"https:\/\/schema.org\",\"@graph\":[{\"@type\":\"WebPage\",\"@id\":\"https:\/\/aquacord.com.co\/index.php\/product\/cloridex-cloro-91\/\",\"url\":\"https:\/\/aquacord.com.co\/index.php\/product\/cloridex-cloro-91\/\",\"name\":\"CLORIDEX CLORO 91% -\",\"isPartOf\":{\"@id\":\"https:\/\/aquacord.com.co\/#website\"},\"datePublished\":\"2024-05-07T14:45:33+00:00\",\"dateModified\":\"2025-02-13T18:19:32+00:00\",\"breadcrumb\":{\"@id\":\"https:\/\/aquacord.com.co\/index.php\/product\/cloridex-cloro-91\/#breadcrumb\"},\"inLanguage\":\"es-CO\",\"potentialAction\":[{\"@type\":\"ReadAction\",\"target\":[\"https:\/\/aquacord.com.co\/index.php\/product\/cloridex-cloro-91\/\"]}]},{\"@type\":\"BreadcrumbList\",\"@id\":\"https:\/\/aquacord.com.co\/index.php\/product\/cloridex-cloro-91\/#breadcrumb\",\"itemListElement\":[{\"@type\":\"ListItem\",\"position\":1,\"name\":\"Inicio\",\"item\":\"https:\/\/aquacord.com.co\/\"},{\"@type\":\"ListItem\",\"position\":2,\"name\":\"Tienda\",\"item\":\"https:\/\/aquacord.com.co\/index.php\/tienda\/\"},{\"@type\":\"ListItem\",\"position\":3,\"name\":\"CLORIDEX CLORO 91%\"}]},{\"@type\":\"WebSite\",\"@id\":\"https:\/\/aquacord.com.co\/#website\",\"url\":\"https:\/\/aquacord.com.co\/\",\"name\":\"\",\"description\":\"Todo lo relacionado en productos qu\u00edmicos, accesorios, equipos para piscinas y el aseo de tu hogar e empresas\",\"potentialAction\":[{\"@type\":\"SearchAction\",\"target\":{\"@type\":\"EntryPoint\",\"urlTemplate\":\"https:\/\/aquacord.com.co\/?s={search_term_string}\"},\"query-input\":\"required name=search_term_string\"}],\"inLanguage\":\"es-CO\"}]}<\/script>\n<!-- \/ Yoast SEO plugin. -->","yoast_head_json":{"title":"CLORIDEX CLORO 91% -","robots":{"index":"index","follow":"follow","max-snippet":"max-snippet:-1","max-image-preview":"max-image-preview:large","max-video-preview":"max-video-preview:-1"},"canonical":"https:\/\/aquacord.com.co\/index.php\/product\/cloridex-cloro-91\/","og_locale":"es_ES","og_type":"article","og_title":"CLORIDEX CLORO 91% -","og_description":"CLORO 91% Es un producto con composici\u00f3n y granulometr\u00eda controlada y garantizada. Aporta Cloro libre que, adem\u00e1s de estar protegido contra el desgaste por los rayos UV al ser estabilizado, presenta un mayor rendimiento. Es el mejor aliado para que el agua est\u00e9 protegida durante todo el d\u00eda. Caracter\u00edsticas Producto granulado para uso diario Liberaci\u00f3n &hellip; CLORIDEX CLORO 91% Leer m\u00e1s &raquo;","og_url":"https:\/\/aquacord.com.co\/index.php\/product\/cloridex-cloro-91\/","article_modified_time":"2025-02-13T18:19:32+00:00","og_image":[{"width":589,"height":503,"url":"https:\/\/aquacord.com.co\/wp-content\/uploads\/2024\/05\/Captura-de-pantalla-2024-05-07-092408.png","type":"image\/png"}],"twitter_card":"summary_large_image","twitter_misc":{"Tiempo estimado de lectura":"2 minutos"},"schema":{"@context":"https:\/\/schema.org","@graph":[{"@type":"WebPage","@id":"https:\/\/aquacord.com.co\/index.php\/product\/cloridex-cloro-91\/","url":"https:\/\/aquacord.com.co\/index.php\/product\/cloridex-cloro-91\/","name":"CLORIDEX CLORO 91% -","isPartOf":{"@id":"https:\/\/aquacord.com.co\/#website"},"datePublished":"2024-05-07T14:45:33+00:00","dateModified":"2025-02-13T18:19:32+00:00","breadcrumb":{"@id":"https:\/\/aquacord.com.co\/index.php\/product\/cloridex-cloro-91\/#breadcrumb"},"inLanguage":"es-CO","potentialAction":[{"@type":"ReadAction","target":["https:\/\/aquacord.com.co\/index.php\/product\/cloridex-cloro-91\/"]}]},{"@type":"BreadcrumbList","@id":"https:\/\/aquacord.com.co\/index.php\/product\/cloridex-cloro-91\/#breadcrumb","itemListElement":[{"@type":"ListItem","position":1,"name":"Inicio","item":"https:\/\/aquacord.com.co\/"},{"@type":"ListItem","position":2,"name":"Tienda","item":"https:\/\/aquacord.com.co\/index.php\/tienda\/"},{"@type":"ListItem","position":3,"name":"CLORIDEX CLORO 91%"}]},{"@type":"WebSite","@id":"https:\/\/aquacord.com.co\/#website","url":"https:\/\/aquacord.com.co\/","name":"","description":"Todo lo relacionado en productos qu\u00edmicos, accesorios, equipos para piscinas y el aseo de tu hogar e empresas","potentialAction":[{"@type":"SearchAction","target":{"@type":"EntryPoint","urlTemplate":"https:\/\/aquacord.com.co\/?s={search_term_string}"},"query-input":"required name=search_term_string"}],"inLanguage":"es-CO"}]}},"_links":{"self":[{"href":"https:\/\/aquacord.com.co\/index.php\/wp-json\/wp\/v2\/product\/4957"}],"collection":[{"href":"https:\/\/aquacord.com.co\/index.php\/wp-json\/wp\/v2\/product"}],"about":[{"href":"https:\/\/aquacord.com.co\/index.php\/wp-json\/wp\/v2\/types\/product"}],"replies":[{"embeddable":true,"href":"https:\/\/aquacord.com.co\/index.php\/wp-json\/wp\/v2\/comments?post=4957"}],"version-history":[{"count":1,"href":"https:\/\/aquacord.com.co\/index.php\/wp-json\/wp\/v2\/product\/4957\/revisions"}],"predecessor-version":[{"id":4965,"href":"https:\/\/aquacord.com.co\/index.php\/wp-json\/wp\/v2\/product\/4957\/revisions\/4965"}],"wp:featuredmedia":[{"embeddable":true,"href":"https:\/\/aquacord.com.co\/index.php\/wp-json\/wp\/v2\/media\/4958"}],"wp:attachment":[{"href":"https:\/\/aquacord.com.co\/index.php\/wp-json\/wp\/v2\/media?parent=4957"}],"wp:term":[{"taxonomy":"product_cat","embeddable":true,"href":"https:\/\/aquacord.com.co\/index.php\/wp-json\/wp\/v2\/product_cat?post=4957"},{"taxonomy":"product_tag","embeddable":true,"href":"https:\/\/aquacord.com.co\/index.php\/wp-json\/wp\/v2\/product_tag?post=4957"}],"curies":[{"name":"wp","href":"https:\/\/api.w.org\/{rel}","templated":true}]}}