{"id":5053,"date":"2024-09-07T16:26:07","date_gmt":"2024-09-07T16:26:07","guid":{"rendered":"https:\/\/aquacord.com.co\/?post_type=product&#038;p=5053"},"modified":"2024-09-07T16:26:08","modified_gmt":"2024-09-07T16:26:08","slug":"carro-con-exprimidor-task-35lts-2","status":"publish","type":"product","link":"https:\/\/aquacord.com.co\/index.php\/product\/carro-con-exprimidor-task-35lts-2\/","title":{"rendered":"CARRO CON EXPRIMIDOR TASK 35LTS"},"content":{"rendered":"<p>El Carrito Escurridor 35LT TASK Pro Amarillo cuenta con el sistema escurridor reduce las salpicaduras, lo cual significa que el ambiente sea m\u00e1s seguro, los pisos est\u00e9n m\u00e1s limpios y tenga una mayor productividad.<\/p>\n<div id=\"headingTres\" class=\"panel-heading\" role=\"tab\">\n<h4 class=\"panel-title\"><a class=\"\" role=\"button\" href=\"https:\/\/www.kipclin.com\/marca\/task\/carrito-escurridor-36lt-task-pro.html#collapseTres\" data-toggle=\"collapse\" data-parent=\"#accordion\">Usos e Instrucciones<\/a><\/h4>\n<\/div>\n<div id=\"collapseTres\" class=\"panel-collapse collapse in\" role=\"tabpanel\" aria-labelledby=\"headingTres\">Se recomienda para limpiezas de pisos de mayor magnitud. F\u00e1cil de maniobrar se utiliza con traperos. Su profundidad ayuda a evitar derrames l\u00edquidos.<\/div>\n<div role=\"tabpanel\" aria-labelledby=\"headingTres\"><\/div>\n<div role=\"tabpanel\" aria-labelledby=\"headingTres\">\n<div id=\"headingCuatro\" class=\"panel-heading\" role=\"tab\">\n<h4 class=\"panel-title\"><a class=\"\" role=\"button\" href=\"https:\/\/www.kipclin.com\/marca\/task\/carrito-escurridor-36lt-task-pro.html#collapseCuatro\" data-toggle=\"collapse\" data-parent=\"#accordion\">Condiciones de Manejo<\/a><\/h4>\n<\/div>\n<div id=\"collapseCuatro\" class=\"panel-collapse collapse in\" role=\"tabpanel\" aria-labelledby=\"headingCuatro\">Sistema que optimiza la labor de limpieza institucional con equipos que reducen los tiempos requeridos para cada tarea y eliminan desplazamientos innecesarios durante la jornada de trabajo. Escurridor lateral con palanca, que aumenta la eficiencia de escurrido y disminuye el esfuerzo requerido para dicha actividad.<\/div>\n<\/div>\n<div role=\"tabpanel\" aria-labelledby=\"headingCuatro\"><\/div>\n<div role=\"tabpanel\" aria-labelledby=\"headingCuatro\">\n<div id=\"headingCinco\" class=\"panel-heading\" role=\"tab\">\n<h4 class=\"panel-title\"><a class=\"\" role=\"button\" href=\"https:\/\/www.kipclin.com\/marca\/task\/carrito-escurridor-36lt-task-pro.html#collapseCinco\" data-toggle=\"collapse\" data-parent=\"#accordion\">Precauciones y Restricciones<\/a><\/h4>\n<\/div>\n<div id=\"collapseCinco\" class=\"panel-collapse collapse in\" role=\"tabpanel\" aria-labelledby=\"headingCinco\">Llantas que no dejan marcas en la superficie ni generan ruido en el desplazamiento. Superficies lisas del balde que facilitan su limpieza y reducen focos de contaminaci\u00f3n. Se recomienda el uso de mopas horizontales y no los traperos tradicionales para evitar el deterioro.<\/div>\n<\/div>\n<div role=\"tabpanel\" aria-labelledby=\"headingCinco\"><\/div>\n<div role=\"tabpanel\" aria-labelledby=\"headingCinco\"><\/div>\n","protected":false},"excerpt":{"rendered":"<p>El Carrito Escurridor 35LT TASK Pro Amarillo cuenta con el sistema escurridor reduce las salpicaduras, lo cual significa que el ambiente sea m\u00e1s seguro, los pisos est\u00e9n m\u00e1s limpios y tenga una mayor productividad. Usos e Instrucciones Se recomienda para limpiezas de pisos de mayor magnitud. F\u00e1cil de maniobrar se utiliza con traperos. Su profundidad &hellip;<\/p>\n<p class=\"read-more\"> <a class=\"\" href=\"https:\/\/aquacord.com.co\/index.php\/product\/carro-con-exprimidor-task-35lts-2\/\"> <span class=\"screen-reader-text\">CARRO CON EXPRIMIDOR TASK 35LTS<\/span> Leer m\u00e1s &raquo;<\/a><\/p>\n","protected":false},"featured_media":5054,"comment_status":"open","ping_status":"closed","template":"","meta":{"site-sidebar-layout":"default","site-content-layout":"default","ast-global-header-display":"","ast-main-header-display":"","ast-hfb-above-header-display":"","ast-hfb-below-header-display":"","ast-hfb-mobile-header-display":"","site-post-title":"","ast-breadcrumbs-content":"","ast-featured-img":"","footer-sml-layout":"","theme-transparent-header-meta":"default","adv-header-id-meta":"","stick-header-meta":"","header-above-stick-meta":"","header-main-stick-meta":"","header-below-stick-meta":""},"product_cat":[18,35],"product_tag":[],"yoast_head":"<!-- This site is optimized with the Yoast SEO plugin v20.1 - https:\/\/yoast.com\/wordpress\/plugins\/seo\/ -->\n<title>CARRO CON EXPRIMIDOR TASK 35LTS -<\/title>\n<meta name=\"robots\" content=\"index, follow, max-snippet:-1, max-image-preview:large, max-video-preview:-1\" \/>\n<link rel=\"canonical\" href=\"https:\/\/aquacord.com.co\/index.php\/product\/carro-con-exprimidor-task-35lts-2\/\" \/>\n<meta property=\"og:locale\" content=\"es_ES\" \/>\n<meta property=\"og:type\" content=\"article\" \/>\n<meta property=\"og:title\" content=\"CARRO CON EXPRIMIDOR TASK 35LTS -\" \/>\n<meta property=\"og:description\" content=\"El Carrito Escurridor 35LT TASK Pro Amarillo cuenta con el sistema escurridor reduce las salpicaduras, lo cual significa que el ambiente sea m\u00e1s seguro, los pisos est\u00e9n m\u00e1s limpios y tenga una mayor productividad. Usos e Instrucciones Se recomienda para limpiezas de pisos de mayor magnitud. F\u00e1cil de maniobrar se utiliza con traperos. Su profundidad &hellip; CARRO CON EXPRIMIDOR TASK 35LTS Leer m\u00e1s &raquo;\" \/>\n<meta property=\"og:url\" content=\"https:\/\/aquacord.com.co\/index.php\/product\/carro-con-exprimidor-task-35lts-2\/\" \/>\n<meta property=\"article:modified_time\" content=\"2024-09-07T16:26:08+00:00\" \/>\n<meta property=\"og:image\" content=\"https:\/\/aquacord.com.co\/wp-content\/uploads\/2024\/09\/Imagen-de-WhatsApp-2023-01-24-a-las-12.21.47-min.jpg\" \/>\n\t<meta property=\"og:image:width\" content=\"800\" \/>\n\t<meta property=\"og:image:height\" content=\"800\" \/>\n\t<meta property=\"og:image:type\" content=\"image\/jpeg\" \/>\n<meta name=\"twitter:card\" content=\"summary_large_image\" \/>\n<meta name=\"twitter:label1\" content=\"Tiempo estimado de lectura\" \/>\n\t<meta name=\"twitter:data1\" content=\"1 minuto\" \/>\n<script type=\"application\/ld+json\" class=\"yoast-schema-graph\">{\"@context\":\"https:\/\/schema.org\",\"@graph\":[{\"@type\":\"WebPage\",\"@id\":\"https:\/\/aquacord.com.co\/index.php\/product\/carro-con-exprimidor-task-35lts-2\/\",\"url\":\"https:\/\/aquacord.com.co\/index.php\/product\/carro-con-exprimidor-task-35lts-2\/\",\"name\":\"CARRO CON EXPRIMIDOR TASK 35LTS -\",\"isPartOf\":{\"@id\":\"https:\/\/aquacord.com.co\/#website\"},\"datePublished\":\"2024-09-07T16:26:07+00:00\",\"dateModified\":\"2024-09-07T16:26:08+00:00\",\"breadcrumb\":{\"@id\":\"https:\/\/aquacord.com.co\/index.php\/product\/carro-con-exprimidor-task-35lts-2\/#breadcrumb\"},\"inLanguage\":\"es-CO\",\"potentialAction\":[{\"@type\":\"ReadAction\",\"target\":[\"https:\/\/aquacord.com.co\/index.php\/product\/carro-con-exprimidor-task-35lts-2\/\"]}]},{\"@type\":\"BreadcrumbList\",\"@id\":\"https:\/\/aquacord.com.co\/index.php\/product\/carro-con-exprimidor-task-35lts-2\/#breadcrumb\",\"itemListElement\":[{\"@type\":\"ListItem\",\"position\":1,\"name\":\"Inicio\",\"item\":\"https:\/\/aquacord.com.co\/\"},{\"@type\":\"ListItem\",\"position\":2,\"name\":\"Tienda\",\"item\":\"https:\/\/aquacord.com.co\/index.php\/tienda\/\"},{\"@type\":\"ListItem\",\"position\":3,\"name\":\"CARRO CON EXPRIMIDOR TASK 35LTS\"}]},{\"@type\":\"WebSite\",\"@id\":\"https:\/\/aquacord.com.co\/#website\",\"url\":\"https:\/\/aquacord.com.co\/\",\"name\":\"\",\"description\":\"Todo lo relacionado en productos qu\u00edmicos, accesorios, equipos para piscinas y el aseo de tu hogar e empresas\",\"potentialAction\":[{\"@type\":\"SearchAction\",\"target\":{\"@type\":\"EntryPoint\",\"urlTemplate\":\"https:\/\/aquacord.com.co\/?s={search_term_string}\"},\"query-input\":\"required name=search_term_string\"}],\"inLanguage\":\"es-CO\"}]}<\/script>\n<!-- \/ Yoast SEO plugin. -->","yoast_head_json":{"title":"CARRO CON EXPRIMIDOR TASK 35LTS -","robots":{"index":"index","follow":"follow","max-snippet":"max-snippet:-1","max-image-preview":"max-image-preview:large","max-video-preview":"max-video-preview:-1"},"canonical":"https:\/\/aquacord.com.co\/index.php\/product\/carro-con-exprimidor-task-35lts-2\/","og_locale":"es_ES","og_type":"article","og_title":"CARRO CON EXPRIMIDOR TASK 35LTS -","og_description":"El Carrito Escurridor 35LT TASK Pro Amarillo cuenta con el sistema escurridor reduce las salpicaduras, lo cual significa que el ambiente sea m\u00e1s seguro, los pisos est\u00e9n m\u00e1s limpios y tenga una mayor productividad. Usos e Instrucciones Se recomienda para limpiezas de pisos de mayor magnitud. F\u00e1cil de maniobrar se utiliza con traperos. Su profundidad &hellip; CARRO CON EXPRIMIDOR TASK 35LTS Leer m\u00e1s &raquo;","og_url":"https:\/\/aquacord.com.co\/index.php\/product\/carro-con-exprimidor-task-35lts-2\/","article_modified_time":"2024-09-07T16:26:08+00:00","og_image":[{"width":800,"height":800,"url":"https:\/\/aquacord.com.co\/wp-content\/uploads\/2024\/09\/Imagen-de-WhatsApp-2023-01-24-a-las-12.21.47-min.jpg","type":"image\/jpeg"}],"twitter_card":"summary_large_image","twitter_misc":{"Tiempo estimado de lectura":"1 minuto"},"schema":{"@context":"https:\/\/schema.org","@graph":[{"@type":"WebPage","@id":"https:\/\/aquacord.com.co\/index.php\/product\/carro-con-exprimidor-task-35lts-2\/","url":"https:\/\/aquacord.com.co\/index.php\/product\/carro-con-exprimidor-task-35lts-2\/","name":"CARRO CON EXPRIMIDOR TASK 35LTS -","isPartOf":{"@id":"https:\/\/aquacord.com.co\/#website"},"datePublished":"2024-09-07T16:26:07+00:00","dateModified":"2024-09-07T16:26:08+00:00","breadcrumb":{"@id":"https:\/\/aquacord.com.co\/index.php\/product\/carro-con-exprimidor-task-35lts-2\/#breadcrumb"},"inLanguage":"es-CO","potentialAction":[{"@type":"ReadAction","target":["https:\/\/aquacord.com.co\/index.php\/product\/carro-con-exprimidor-task-35lts-2\/"]}]},{"@type":"BreadcrumbList","@id":"https:\/\/aquacord.com.co\/index.php\/product\/carro-con-exprimidor-task-35lts-2\/#breadcrumb","itemListElement":[{"@type":"ListItem","position":1,"name":"Inicio","item":"https:\/\/aquacord.com.co\/"},{"@type":"ListItem","position":2,"name":"Tienda","item":"https:\/\/aquacord.com.co\/index.php\/tienda\/"},{"@type":"ListItem","position":3,"name":"CARRO CON EXPRIMIDOR TASK 35LTS"}]},{"@type":"WebSite","@id":"https:\/\/aquacord.com.co\/#website","url":"https:\/\/aquacord.com.co\/","name":"","description":"Todo lo relacionado en productos qu\u00edmicos, accesorios, equipos para piscinas y el aseo de tu hogar e empresas","potentialAction":[{"@type":"SearchAction","target":{"@type":"EntryPoint","urlTemplate":"https:\/\/aquacord.com.co\/?s={search_term_string}"},"query-input":"required name=search_term_string"}],"inLanguage":"es-CO"}]}},"_links":{"self":[{"href":"https:\/\/aquacord.com.co\/index.php\/wp-json\/wp\/v2\/product\/5053"}],"collection":[{"href":"https:\/\/aquacord.com.co\/index.php\/wp-json\/wp\/v2\/product"}],"about":[{"href":"https:\/\/aquacord.com.co\/index.php\/wp-json\/wp\/v2\/types\/product"}],"replies":[{"embeddable":true,"href":"https:\/\/aquacord.com.co\/index.php\/wp-json\/wp\/v2\/comments?post=5053"}],"version-history":[{"count":1,"href":"https:\/\/aquacord.com.co\/index.php\/wp-json\/wp\/v2\/product\/5053\/revisions"}],"predecessor-version":[{"id":5055,"href":"https:\/\/aquacord.com.co\/index.php\/wp-json\/wp\/v2\/product\/5053\/revisions\/5055"}],"wp:featuredmedia":[{"embeddable":true,"href":"https:\/\/aquacord.com.co\/index.php\/wp-json\/wp\/v2\/media\/5054"}],"wp:attachment":[{"href":"https:\/\/aquacord.com.co\/index.php\/wp-json\/wp\/v2\/media?parent=5053"}],"wp:term":[{"taxonomy":"product_cat","embeddable":true,"href":"https:\/\/aquacord.com.co\/index.php\/wp-json\/wp\/v2\/product_cat?post=5053"},{"taxonomy":"product_tag","embeddable":true,"href":"https:\/\/aquacord.com.co\/index.php\/wp-json\/wp\/v2\/product_tag?post=5053"}],"curies":[{"name":"wp","href":"https:\/\/api.w.org\/{rel}","templated":true}]}}