{"id":5069,"date":"2024-09-09T13:45:41","date_gmt":"2024-09-09T13:45:41","guid":{"rendered":"https:\/\/aquacord.com.co\/?post_type=product&#038;p=5069"},"modified":"2024-09-18T17:54:15","modified_gmt":"2024-09-18T17:54:15","slug":"punto-ecologico-10lts-nueva-norma","status":"publish","type":"product","link":"https:\/\/aquacord.com.co\/index.php\/product\/punto-ecologico-10lts-nueva-norma\/","title":{"rendered":"PUNTO ECOLOGICO 10LTS NUEVA NORMA*"},"content":{"rendered":"<p>PUNTO ECOLOGICO 10LTS NUEVA NORMA*, Estos recipientes \u00fanicamente servir\u00e1n <b>para depositar el papel usado y cart\u00f3n, limpio y seco<\/b>, puede ser escrito, impreso y roto. Sin mezclas con otros materiales o grasa, agua, sustancias alimentos u otros cuerpos extra\u00f1os diferentes que lo contaminan.<\/p>\n","protected":false},"excerpt":{"rendered":"<p>PUNTO ECOLOGICO 10LTS NUEVA NORMA*, Estos recipientes \u00fanicamente servir\u00e1n para depositar el papel usado y cart\u00f3n, limpio y seco, puede ser escrito, impreso y roto. Sin mezclas con otros materiales o grasa, agua, sustancias alimentos u otros cuerpos extra\u00f1os diferentes que lo contaminan.<\/p>\n","protected":false},"featured_media":0,"comment_status":"open","ping_status":"closed","template":"","meta":{"site-sidebar-layout":"default","site-content-layout":"default","ast-global-header-display":"","ast-main-header-display":"","ast-hfb-above-header-display":"","ast-hfb-below-header-display":"","ast-hfb-mobile-header-display":"","site-post-title":"","ast-breadcrumbs-content":"","ast-featured-img":"","footer-sml-layout":"","theme-transparent-header-meta":"default","adv-header-id-meta":"","stick-header-meta":"","header-above-stick-meta":"","header-main-stick-meta":"","header-below-stick-meta":""},"product_cat":[18,35],"product_tag":[],"yoast_head":"<!-- This site is optimized with the Yoast SEO plugin v20.1 - https:\/\/yoast.com\/wordpress\/plugins\/seo\/ -->\n<title>PUNTO ECOLOGICO 10LTS NUEVA NORMA* -<\/title>\n<meta name=\"robots\" content=\"index, follow, max-snippet:-1, max-image-preview:large, max-video-preview:-1\" \/>\n<link rel=\"canonical\" href=\"https:\/\/aquacord.com.co\/index.php\/product\/punto-ecologico-10lts-nueva-norma\/\" \/>\n<meta property=\"og:locale\" content=\"es_ES\" \/>\n<meta property=\"og:type\" content=\"article\" \/>\n<meta property=\"og:title\" content=\"PUNTO ECOLOGICO 10LTS NUEVA NORMA* -\" \/>\n<meta property=\"og:description\" content=\"PUNTO ECOLOGICO 10LTS NUEVA NORMA*, Estos recipientes \u00fanicamente servir\u00e1n para depositar el papel usado y cart\u00f3n, limpio y seco, puede ser escrito, impreso y roto. Sin mezclas con otros materiales o grasa, agua, sustancias alimentos u otros cuerpos extra\u00f1os diferentes que lo contaminan.\" \/>\n<meta property=\"og:url\" content=\"https:\/\/aquacord.com.co\/index.php\/product\/punto-ecologico-10lts-nueva-norma\/\" \/>\n<meta property=\"article:modified_time\" content=\"2024-09-18T17:54:15+00:00\" \/>\n<meta property=\"og:image\" content=\"https:\/\/aquacord.com.co\/wp-content\/uploads\/2024\/09\/459576537_1057762049309152_5894138947819571205_n-removebg-preview.png\" \/>\n\t<meta property=\"og:image:width\" content=\"331\" \/>\n\t<meta property=\"og:image:height\" content=\"754\" \/>\n\t<meta property=\"og:image:type\" content=\"image\/png\" \/>\n<meta name=\"twitter:card\" content=\"summary_large_image\" \/>\n<meta name=\"twitter:label1\" content=\"Tiempo estimado de lectura\" \/>\n\t<meta name=\"twitter:data1\" content=\"1 minuto\" \/>\n<script type=\"application\/ld+json\" class=\"yoast-schema-graph\">{\"@context\":\"https:\/\/schema.org\",\"@graph\":[{\"@type\":\"WebPage\",\"@id\":\"https:\/\/aquacord.com.co\/index.php\/product\/punto-ecologico-10lts-nueva-norma\/\",\"url\":\"https:\/\/aquacord.com.co\/index.php\/product\/punto-ecologico-10lts-nueva-norma\/\",\"name\":\"PUNTO ECOLOGICO 10LTS NUEVA NORMA* -\",\"isPartOf\":{\"@id\":\"https:\/\/aquacord.com.co\/#website\"},\"datePublished\":\"2024-09-09T13:45:41+00:00\",\"dateModified\":\"2024-09-18T17:54:15+00:00\",\"breadcrumb\":{\"@id\":\"https:\/\/aquacord.com.co\/index.php\/product\/punto-ecologico-10lts-nueva-norma\/#breadcrumb\"},\"inLanguage\":\"es-CO\",\"potentialAction\":[{\"@type\":\"ReadAction\",\"target\":[\"https:\/\/aquacord.com.co\/index.php\/product\/punto-ecologico-10lts-nueva-norma\/\"]}]},{\"@type\":\"BreadcrumbList\",\"@id\":\"https:\/\/aquacord.com.co\/index.php\/product\/punto-ecologico-10lts-nueva-norma\/#breadcrumb\",\"itemListElement\":[{\"@type\":\"ListItem\",\"position\":1,\"name\":\"Inicio\",\"item\":\"https:\/\/aquacord.com.co\/\"},{\"@type\":\"ListItem\",\"position\":2,\"name\":\"Tienda\",\"item\":\"https:\/\/aquacord.com.co\/index.php\/tienda\/\"},{\"@type\":\"ListItem\",\"position\":3,\"name\":\"PUNTO ECOLOGICO 10LTS NUEVA NORMA*\"}]},{\"@type\":\"WebSite\",\"@id\":\"https:\/\/aquacord.com.co\/#website\",\"url\":\"https:\/\/aquacord.com.co\/\",\"name\":\"\",\"description\":\"Todo lo relacionado en productos qu\u00edmicos, accesorios, equipos para piscinas y el aseo de tu hogar e empresas\",\"potentialAction\":[{\"@type\":\"SearchAction\",\"target\":{\"@type\":\"EntryPoint\",\"urlTemplate\":\"https:\/\/aquacord.com.co\/?s={search_term_string}\"},\"query-input\":\"required name=search_term_string\"}],\"inLanguage\":\"es-CO\"}]}<\/script>\n<!-- \/ Yoast SEO plugin. -->","yoast_head_json":{"title":"PUNTO ECOLOGICO 10LTS NUEVA NORMA* -","robots":{"index":"index","follow":"follow","max-snippet":"max-snippet:-1","max-image-preview":"max-image-preview:large","max-video-preview":"max-video-preview:-1"},"canonical":"https:\/\/aquacord.com.co\/index.php\/product\/punto-ecologico-10lts-nueva-norma\/","og_locale":"es_ES","og_type":"article","og_title":"PUNTO ECOLOGICO 10LTS NUEVA NORMA* -","og_description":"PUNTO ECOLOGICO 10LTS NUEVA NORMA*, Estos recipientes \u00fanicamente servir\u00e1n para depositar el papel usado y cart\u00f3n, limpio y seco, puede ser escrito, impreso y roto. Sin mezclas con otros materiales o grasa, agua, sustancias alimentos u otros cuerpos extra\u00f1os diferentes que lo contaminan.","og_url":"https:\/\/aquacord.com.co\/index.php\/product\/punto-ecologico-10lts-nueva-norma\/","article_modified_time":"2024-09-18T17:54:15+00:00","og_image":[{"width":331,"height":754,"url":"https:\/\/aquacord.com.co\/wp-content\/uploads\/2024\/09\/459576537_1057762049309152_5894138947819571205_n-removebg-preview.png","type":"image\/png"}],"twitter_card":"summary_large_image","twitter_misc":{"Tiempo estimado de lectura":"1 minuto"},"schema":{"@context":"https:\/\/schema.org","@graph":[{"@type":"WebPage","@id":"https:\/\/aquacord.com.co\/index.php\/product\/punto-ecologico-10lts-nueva-norma\/","url":"https:\/\/aquacord.com.co\/index.php\/product\/punto-ecologico-10lts-nueva-norma\/","name":"PUNTO ECOLOGICO 10LTS NUEVA NORMA* -","isPartOf":{"@id":"https:\/\/aquacord.com.co\/#website"},"datePublished":"2024-09-09T13:45:41+00:00","dateModified":"2024-09-18T17:54:15+00:00","breadcrumb":{"@id":"https:\/\/aquacord.com.co\/index.php\/product\/punto-ecologico-10lts-nueva-norma\/#breadcrumb"},"inLanguage":"es-CO","potentialAction":[{"@type":"ReadAction","target":["https:\/\/aquacord.com.co\/index.php\/product\/punto-ecologico-10lts-nueva-norma\/"]}]},{"@type":"BreadcrumbList","@id":"https:\/\/aquacord.com.co\/index.php\/product\/punto-ecologico-10lts-nueva-norma\/#breadcrumb","itemListElement":[{"@type":"ListItem","position":1,"name":"Inicio","item":"https:\/\/aquacord.com.co\/"},{"@type":"ListItem","position":2,"name":"Tienda","item":"https:\/\/aquacord.com.co\/index.php\/tienda\/"},{"@type":"ListItem","position":3,"name":"PUNTO ECOLOGICO 10LTS NUEVA NORMA*"}]},{"@type":"WebSite","@id":"https:\/\/aquacord.com.co\/#website","url":"https:\/\/aquacord.com.co\/","name":"","description":"Todo lo relacionado en productos qu\u00edmicos, accesorios, equipos para piscinas y el aseo de tu hogar e empresas","potentialAction":[{"@type":"SearchAction","target":{"@type":"EntryPoint","urlTemplate":"https:\/\/aquacord.com.co\/?s={search_term_string}"},"query-input":"required name=search_term_string"}],"inLanguage":"es-CO"}]}},"_links":{"self":[{"href":"https:\/\/aquacord.com.co\/index.php\/wp-json\/wp\/v2\/product\/5069"}],"collection":[{"href":"https:\/\/aquacord.com.co\/index.php\/wp-json\/wp\/v2\/product"}],"about":[{"href":"https:\/\/aquacord.com.co\/index.php\/wp-json\/wp\/v2\/types\/product"}],"replies":[{"embeddable":true,"href":"https:\/\/aquacord.com.co\/index.php\/wp-json\/wp\/v2\/comments?post=5069"}],"version-history":[{"count":3,"href":"https:\/\/aquacord.com.co\/index.php\/wp-json\/wp\/v2\/product\/5069\/revisions"}],"predecessor-version":[{"id":5606,"href":"https:\/\/aquacord.com.co\/index.php\/wp-json\/wp\/v2\/product\/5069\/revisions\/5606"}],"wp:attachment":[{"href":"https:\/\/aquacord.com.co\/index.php\/wp-json\/wp\/v2\/media?parent=5069"}],"wp:term":[{"taxonomy":"product_cat","embeddable":true,"href":"https:\/\/aquacord.com.co\/index.php\/wp-json\/wp\/v2\/product_cat?post=5069"},{"taxonomy":"product_tag","embeddable":true,"href":"https:\/\/aquacord.com.co\/index.php\/wp-json\/wp\/v2\/product_tag?post=5069"}],"curies":[{"name":"wp","href":"https:\/\/api.w.org\/{rel}","templated":true}]}}