{"id":5169,"date":"2024-09-09T21:16:09","date_gmt":"2024-09-09T21:16:09","guid":{"rendered":"https:\/\/aquacord.com.co\/?post_type=product&#038;p=5169"},"modified":"2024-09-09T21:16:10","modified_gmt":"2024-09-09T21:16:10","slug":"lavaloza-en-crema-fuller-x-500mg","status":"publish","type":"product","link":"https:\/\/aquacord.com.co\/index.php\/product\/lavaloza-en-crema-fuller-x-500mg\/","title":{"rendered":"LAVALOZA EN CREMA FULLER X 500MG"},"content":{"rendered":"<p>Lavaplatos Fuller en Crema x 500 gr El lavaplatos fuller en crema tiene desengrasante de alto poder que remueve f\u00e1cilmente la grasa y suciedades mientras cuida tus manos gracias a la glicerina a\u00f1adida. Es biodegradable, libre de\u00a0<a href=\"https:\/\/es.wikipedia.org\/wiki\/Fosfato\">fosfatos<\/a>\u00a0perjudiciales para los ecosistemas marinos.<\/p>\n<p>La textura es r\u00edgida y de lenta disoluci\u00f3n para maximizar el ahorro al evitar el uso innecesario de producto. La esponja toma solo lo adecuado. Lavaplatos Fuller en Crema x 500 gr<\/p>\n<p>Lo recomendable al lavar platos es:<\/p>\n<ol>\n<li>Retira los excesos de comida y salsas usando agua.<\/li>\n<li>Humedece la esponja y toma una peque\u00f1a cantidad de lavaplatos fuller en crema.<\/li>\n<li>Frota los platos y utensilios enjabonando toda la pieza.<\/li>\n<li>Enjuaga con agua limpia.<\/li>\n<\/ol>\n<p>Al finalizar puedes querer usar un DESINFECTATE APROPIADO PARA COCINAS\u00a0como estocada final a la eliminaci\u00f3n de bacterias y olores desagradables.<\/p>\n","protected":false},"excerpt":{"rendered":"<p>Lavaplatos Fuller en Crema x 500 gr El lavaplatos fuller en crema tiene desengrasante de alto poder que remueve f\u00e1cilmente la grasa y suciedades mientras cuida tus manos gracias a la glicerina a\u00f1adida. Es biodegradable, libre de\u00a0fosfatos\u00a0perjudiciales para los ecosistemas marinos. La textura es r\u00edgida y de lenta disoluci\u00f3n para maximizar el ahorro al evitar &hellip;<\/p>\n<p class=\"read-more\"> <a class=\"\" href=\"https:\/\/aquacord.com.co\/index.php\/product\/lavaloza-en-crema-fuller-x-500mg\/\"> <span class=\"screen-reader-text\">LAVALOZA EN CREMA FULLER X 500MG<\/span> Leer m\u00e1s &raquo;<\/a><\/p>\n","protected":false},"featured_media":5171,"comment_status":"open","ping_status":"closed","template":"","meta":{"site-sidebar-layout":"default","site-content-layout":"default","ast-global-header-display":"","ast-main-header-display":"","ast-hfb-above-header-display":"","ast-hfb-below-header-display":"","ast-hfb-mobile-header-display":"","site-post-title":"","ast-breadcrumbs-content":"","ast-featured-img":"","footer-sml-layout":"","theme-transparent-header-meta":"default","adv-header-id-meta":"","stick-header-meta":"","header-above-stick-meta":"","header-main-stick-meta":"","header-below-stick-meta":""},"product_cat":[18,40],"product_tag":[],"yoast_head":"<!-- This site is optimized with the Yoast SEO plugin v20.1 - https:\/\/yoast.com\/wordpress\/plugins\/seo\/ -->\n<title>LAVALOZA EN CREMA FULLER X 500MG -<\/title>\n<meta name=\"robots\" content=\"index, follow, max-snippet:-1, max-image-preview:large, max-video-preview:-1\" \/>\n<link rel=\"canonical\" href=\"https:\/\/aquacord.com.co\/index.php\/product\/lavaloza-en-crema-fuller-x-500mg\/\" \/>\n<meta property=\"og:locale\" content=\"es_ES\" \/>\n<meta property=\"og:type\" content=\"article\" \/>\n<meta property=\"og:title\" content=\"LAVALOZA EN CREMA FULLER X 500MG -\" \/>\n<meta property=\"og:description\" content=\"Lavaplatos Fuller en Crema x 500 gr El lavaplatos fuller en crema tiene desengrasante de alto poder que remueve f\u00e1cilmente la grasa y suciedades mientras cuida tus manos gracias a la glicerina a\u00f1adida. Es biodegradable, libre de\u00a0fosfatos\u00a0perjudiciales para los ecosistemas marinos. La textura es r\u00edgida y de lenta disoluci\u00f3n para maximizar el ahorro al evitar &hellip; LAVALOZA EN CREMA FULLER X 500MG Leer m\u00e1s &raquo;\" \/>\n<meta property=\"og:url\" content=\"https:\/\/aquacord.com.co\/index.php\/product\/lavaloza-en-crema-fuller-x-500mg\/\" \/>\n<meta property=\"article:modified_time\" content=\"2024-09-09T21:16:10+00:00\" \/>\n<meta property=\"og:image\" content=\"https:\/\/aquacord.com.co\/wp-content\/uploads\/2024\/09\/lavaplatos-fuller-en-crema.jpg\" \/>\n\t<meta property=\"og:image:width\" content=\"600\" \/>\n\t<meta property=\"og:image:height\" content=\"600\" \/>\n\t<meta property=\"og:image:type\" content=\"image\/jpeg\" \/>\n<meta name=\"twitter:card\" content=\"summary_large_image\" \/>\n<meta name=\"twitter:label1\" content=\"Tiempo estimado de lectura\" \/>\n\t<meta name=\"twitter:data1\" content=\"1 minuto\" \/>\n<script type=\"application\/ld+json\" class=\"yoast-schema-graph\">{\"@context\":\"https:\/\/schema.org\",\"@graph\":[{\"@type\":\"WebPage\",\"@id\":\"https:\/\/aquacord.com.co\/index.php\/product\/lavaloza-en-crema-fuller-x-500mg\/\",\"url\":\"https:\/\/aquacord.com.co\/index.php\/product\/lavaloza-en-crema-fuller-x-500mg\/\",\"name\":\"LAVALOZA EN CREMA FULLER X 500MG -\",\"isPartOf\":{\"@id\":\"https:\/\/aquacord.com.co\/#website\"},\"datePublished\":\"2024-09-09T21:16:09+00:00\",\"dateModified\":\"2024-09-09T21:16:10+00:00\",\"breadcrumb\":{\"@id\":\"https:\/\/aquacord.com.co\/index.php\/product\/lavaloza-en-crema-fuller-x-500mg\/#breadcrumb\"},\"inLanguage\":\"es-CO\",\"potentialAction\":[{\"@type\":\"ReadAction\",\"target\":[\"https:\/\/aquacord.com.co\/index.php\/product\/lavaloza-en-crema-fuller-x-500mg\/\"]}]},{\"@type\":\"BreadcrumbList\",\"@id\":\"https:\/\/aquacord.com.co\/index.php\/product\/lavaloza-en-crema-fuller-x-500mg\/#breadcrumb\",\"itemListElement\":[{\"@type\":\"ListItem\",\"position\":1,\"name\":\"Inicio\",\"item\":\"https:\/\/aquacord.com.co\/\"},{\"@type\":\"ListItem\",\"position\":2,\"name\":\"Tienda\",\"item\":\"https:\/\/aquacord.com.co\/index.php\/tienda\/\"},{\"@type\":\"ListItem\",\"position\":3,\"name\":\"LAVALOZA EN CREMA FULLER X 500MG\"}]},{\"@type\":\"WebSite\",\"@id\":\"https:\/\/aquacord.com.co\/#website\",\"url\":\"https:\/\/aquacord.com.co\/\",\"name\":\"\",\"description\":\"Todo lo relacionado en productos qu\u00edmicos, accesorios, equipos para piscinas y el aseo de tu hogar e empresas\",\"potentialAction\":[{\"@type\":\"SearchAction\",\"target\":{\"@type\":\"EntryPoint\",\"urlTemplate\":\"https:\/\/aquacord.com.co\/?s={search_term_string}\"},\"query-input\":\"required name=search_term_string\"}],\"inLanguage\":\"es-CO\"}]}<\/script>\n<!-- \/ Yoast SEO plugin. -->","yoast_head_json":{"title":"LAVALOZA EN CREMA FULLER X 500MG -","robots":{"index":"index","follow":"follow","max-snippet":"max-snippet:-1","max-image-preview":"max-image-preview:large","max-video-preview":"max-video-preview:-1"},"canonical":"https:\/\/aquacord.com.co\/index.php\/product\/lavaloza-en-crema-fuller-x-500mg\/","og_locale":"es_ES","og_type":"article","og_title":"LAVALOZA EN CREMA FULLER X 500MG -","og_description":"Lavaplatos Fuller en Crema x 500 gr El lavaplatos fuller en crema tiene desengrasante de alto poder que remueve f\u00e1cilmente la grasa y suciedades mientras cuida tus manos gracias a la glicerina a\u00f1adida. Es biodegradable, libre de\u00a0fosfatos\u00a0perjudiciales para los ecosistemas marinos. La textura es r\u00edgida y de lenta disoluci\u00f3n para maximizar el ahorro al evitar &hellip; LAVALOZA EN CREMA FULLER X 500MG Leer m\u00e1s &raquo;","og_url":"https:\/\/aquacord.com.co\/index.php\/product\/lavaloza-en-crema-fuller-x-500mg\/","article_modified_time":"2024-09-09T21:16:10+00:00","og_image":[{"width":600,"height":600,"url":"https:\/\/aquacord.com.co\/wp-content\/uploads\/2024\/09\/lavaplatos-fuller-en-crema.jpg","type":"image\/jpeg"}],"twitter_card":"summary_large_image","twitter_misc":{"Tiempo estimado de lectura":"1 minuto"},"schema":{"@context":"https:\/\/schema.org","@graph":[{"@type":"WebPage","@id":"https:\/\/aquacord.com.co\/index.php\/product\/lavaloza-en-crema-fuller-x-500mg\/","url":"https:\/\/aquacord.com.co\/index.php\/product\/lavaloza-en-crema-fuller-x-500mg\/","name":"LAVALOZA EN CREMA FULLER X 500MG -","isPartOf":{"@id":"https:\/\/aquacord.com.co\/#website"},"datePublished":"2024-09-09T21:16:09+00:00","dateModified":"2024-09-09T21:16:10+00:00","breadcrumb":{"@id":"https:\/\/aquacord.com.co\/index.php\/product\/lavaloza-en-crema-fuller-x-500mg\/#breadcrumb"},"inLanguage":"es-CO","potentialAction":[{"@type":"ReadAction","target":["https:\/\/aquacord.com.co\/index.php\/product\/lavaloza-en-crema-fuller-x-500mg\/"]}]},{"@type":"BreadcrumbList","@id":"https:\/\/aquacord.com.co\/index.php\/product\/lavaloza-en-crema-fuller-x-500mg\/#breadcrumb","itemListElement":[{"@type":"ListItem","position":1,"name":"Inicio","item":"https:\/\/aquacord.com.co\/"},{"@type":"ListItem","position":2,"name":"Tienda","item":"https:\/\/aquacord.com.co\/index.php\/tienda\/"},{"@type":"ListItem","position":3,"name":"LAVALOZA EN CREMA FULLER X 500MG"}]},{"@type":"WebSite","@id":"https:\/\/aquacord.com.co\/#website","url":"https:\/\/aquacord.com.co\/","name":"","description":"Todo lo relacionado en productos qu\u00edmicos, accesorios, equipos para piscinas y el aseo de tu hogar e empresas","potentialAction":[{"@type":"SearchAction","target":{"@type":"EntryPoint","urlTemplate":"https:\/\/aquacord.com.co\/?s={search_term_string}"},"query-input":"required name=search_term_string"}],"inLanguage":"es-CO"}]}},"_links":{"self":[{"href":"https:\/\/aquacord.com.co\/index.php\/wp-json\/wp\/v2\/product\/5169"}],"collection":[{"href":"https:\/\/aquacord.com.co\/index.php\/wp-json\/wp\/v2\/product"}],"about":[{"href":"https:\/\/aquacord.com.co\/index.php\/wp-json\/wp\/v2\/types\/product"}],"replies":[{"embeddable":true,"href":"https:\/\/aquacord.com.co\/index.php\/wp-json\/wp\/v2\/comments?post=5169"}],"version-history":[{"count":1,"href":"https:\/\/aquacord.com.co\/index.php\/wp-json\/wp\/v2\/product\/5169\/revisions"}],"predecessor-version":[{"id":5172,"href":"https:\/\/aquacord.com.co\/index.php\/wp-json\/wp\/v2\/product\/5169\/revisions\/5172"}],"wp:featuredmedia":[{"embeddable":true,"href":"https:\/\/aquacord.com.co\/index.php\/wp-json\/wp\/v2\/media\/5171"}],"wp:attachment":[{"href":"https:\/\/aquacord.com.co\/index.php\/wp-json\/wp\/v2\/media?parent=5169"}],"wp:term":[{"taxonomy":"product_cat","embeddable":true,"href":"https:\/\/aquacord.com.co\/index.php\/wp-json\/wp\/v2\/product_cat?post=5169"},{"taxonomy":"product_tag","embeddable":true,"href":"https:\/\/aquacord.com.co\/index.php\/wp-json\/wp\/v2\/product_tag?post=5169"}],"curies":[{"name":"wp","href":"https:\/\/api.w.org\/{rel}","templated":true}]}}