{"id":5174,"date":"2024-09-10T14:14:40","date_gmt":"2024-09-10T14:14:40","guid":{"rendered":"https:\/\/aquacord.com.co\/?post_type=product&#038;p=5174"},"modified":"2024-09-10T14:14:42","modified_gmt":"2024-09-10T14:14:42","slug":"dispensador-gel-jabon-500ml-plastico-triple-clean","status":"publish","type":"product","link":"https:\/\/aquacord.com.co\/index.php\/product\/dispensador-gel-jabon-500ml-plastico-triple-clean\/","title":{"rendered":"DISPENSADOR GEL\/JABON 500ML PLASTICO TRIPLE CLEAN"},"content":{"rendered":"<p>Este dispensador es especial para sitios p\u00fablicos.\u00a0<b>Operaci\u00f3n sin contacto para reducir la contaminaci\u00f3n cruzada y la propagaci\u00f3n de g\u00e9rmenes<\/b>. Producto ecol\u00f3gico y unidad de larga duraci\u00f3n (70.000 ciclos) . Tiene visor para facilitar la comprobaci\u00f3n del nivel de carga.<\/p>\n<p>Dispensador de jab\u00f3n y gel Triple Clean de 500ml, dise\u00f1o innovador y capacidad generosa, asegura una dispensaci\u00f3n precisa y sin desperdicios, siendo la elecci\u00f3n perfecta para hogares, oficinas y espacios comerciales que buscan calidad y confiabilidad en cada uso.<\/p>\n","protected":false},"excerpt":{"rendered":"<p>Este dispensador es especial para sitios p\u00fablicos.\u00a0Operaci\u00f3n sin contacto para reducir la contaminaci\u00f3n cruzada y la propagaci\u00f3n de g\u00e9rmenes. Producto ecol\u00f3gico y unidad de larga duraci\u00f3n (70.000 ciclos) . Tiene visor para facilitar la comprobaci\u00f3n del nivel de carga. Dispensador de jab\u00f3n y gel Triple Clean de 500ml, dise\u00f1o innovador y capacidad generosa, asegura una &hellip;<\/p>\n<p class=\"read-more\"> <a class=\"\" href=\"https:\/\/aquacord.com.co\/index.php\/product\/dispensador-gel-jabon-500ml-plastico-triple-clean\/\"> <span class=\"screen-reader-text\">DISPENSADOR GEL\/JABON 500ML PLASTICO TRIPLE CLEAN<\/span> Leer m\u00e1s &raquo;<\/a><\/p>\n","protected":false},"featured_media":5175,"comment_status":"open","ping_status":"closed","template":"","meta":{"site-sidebar-layout":"default","site-content-layout":"default","ast-global-header-display":"","ast-main-header-display":"","ast-hfb-above-header-display":"","ast-hfb-below-header-display":"","ast-hfb-mobile-header-display":"","site-post-title":"","ast-breadcrumbs-content":"","ast-featured-img":"","footer-sml-layout":"","theme-transparent-header-meta":"default","adv-header-id-meta":"","stick-header-meta":"","header-above-stick-meta":"","header-main-stick-meta":"","header-below-stick-meta":""},"product_cat":[18,41],"product_tag":[],"yoast_head":"<!-- This site is optimized with the Yoast SEO plugin v20.1 - https:\/\/yoast.com\/wordpress\/plugins\/seo\/ -->\n<title>DISPENSADOR GEL\/JABON 500ML PLASTICO TRIPLE CLEAN -<\/title>\n<meta name=\"robots\" content=\"index, follow, max-snippet:-1, max-image-preview:large, max-video-preview:-1\" \/>\n<link rel=\"canonical\" href=\"https:\/\/aquacord.com.co\/index.php\/product\/dispensador-gel-jabon-500ml-plastico-triple-clean\/\" \/>\n<meta property=\"og:locale\" content=\"es_ES\" \/>\n<meta property=\"og:type\" content=\"article\" \/>\n<meta property=\"og:title\" content=\"DISPENSADOR GEL\/JABON 500ML PLASTICO TRIPLE CLEAN -\" \/>\n<meta property=\"og:description\" content=\"Este dispensador es especial para sitios p\u00fablicos.\u00a0Operaci\u00f3n sin contacto para reducir la contaminaci\u00f3n cruzada y la propagaci\u00f3n de g\u00e9rmenes. Producto ecol\u00f3gico y unidad de larga duraci\u00f3n (70.000 ciclos) . Tiene visor para facilitar la comprobaci\u00f3n del nivel de carga. Dispensador de jab\u00f3n y gel Triple Clean de 500ml, dise\u00f1o innovador y capacidad generosa, asegura una &hellip; DISPENSADOR GEL\/JABON 500ML PLASTICO TRIPLE CLEAN Leer m\u00e1s &raquo;\" \/>\n<meta property=\"og:url\" content=\"https:\/\/aquacord.com.co\/index.php\/product\/dispensador-gel-jabon-500ml-plastico-triple-clean\/\" \/>\n<meta property=\"article:modified_time\" content=\"2024-09-10T14:14:42+00:00\" \/>\n<meta property=\"og:image\" content=\"https:\/\/aquacord.com.co\/wp-content\/uploads\/2024\/09\/DJ10_1.jpg\" \/>\n\t<meta property=\"og:image:width\" content=\"2000\" \/>\n\t<meta property=\"og:image:height\" content=\"2000\" \/>\n\t<meta property=\"og:image:type\" content=\"image\/jpeg\" \/>\n<meta name=\"twitter:card\" content=\"summary_large_image\" \/>\n<meta name=\"twitter:label1\" content=\"Tiempo estimado de lectura\" \/>\n\t<meta name=\"twitter:data1\" content=\"1 minuto\" \/>\n<script type=\"application\/ld+json\" class=\"yoast-schema-graph\">{\"@context\":\"https:\/\/schema.org\",\"@graph\":[{\"@type\":\"WebPage\",\"@id\":\"https:\/\/aquacord.com.co\/index.php\/product\/dispensador-gel-jabon-500ml-plastico-triple-clean\/\",\"url\":\"https:\/\/aquacord.com.co\/index.php\/product\/dispensador-gel-jabon-500ml-plastico-triple-clean\/\",\"name\":\"DISPENSADOR GEL\/JABON 500ML PLASTICO TRIPLE CLEAN -\",\"isPartOf\":{\"@id\":\"https:\/\/aquacord.com.co\/#website\"},\"datePublished\":\"2024-09-10T14:14:40+00:00\",\"dateModified\":\"2024-09-10T14:14:42+00:00\",\"breadcrumb\":{\"@id\":\"https:\/\/aquacord.com.co\/index.php\/product\/dispensador-gel-jabon-500ml-plastico-triple-clean\/#breadcrumb\"},\"inLanguage\":\"es-CO\",\"potentialAction\":[{\"@type\":\"ReadAction\",\"target\":[\"https:\/\/aquacord.com.co\/index.php\/product\/dispensador-gel-jabon-500ml-plastico-triple-clean\/\"]}]},{\"@type\":\"BreadcrumbList\",\"@id\":\"https:\/\/aquacord.com.co\/index.php\/product\/dispensador-gel-jabon-500ml-plastico-triple-clean\/#breadcrumb\",\"itemListElement\":[{\"@type\":\"ListItem\",\"position\":1,\"name\":\"Inicio\",\"item\":\"https:\/\/aquacord.com.co\/\"},{\"@type\":\"ListItem\",\"position\":2,\"name\":\"Tienda\",\"item\":\"https:\/\/aquacord.com.co\/index.php\/tienda\/\"},{\"@type\":\"ListItem\",\"position\":3,\"name\":\"DISPENSADOR GEL\/JABON 500ML PLASTICO TRIPLE CLEAN\"}]},{\"@type\":\"WebSite\",\"@id\":\"https:\/\/aquacord.com.co\/#website\",\"url\":\"https:\/\/aquacord.com.co\/\",\"name\":\"\",\"description\":\"Todo lo relacionado en productos qu\u00edmicos, accesorios, equipos para piscinas y el aseo de tu hogar e empresas\",\"potentialAction\":[{\"@type\":\"SearchAction\",\"target\":{\"@type\":\"EntryPoint\",\"urlTemplate\":\"https:\/\/aquacord.com.co\/?s={search_term_string}\"},\"query-input\":\"required name=search_term_string\"}],\"inLanguage\":\"es-CO\"}]}<\/script>\n<!-- \/ Yoast SEO plugin. -->","yoast_head_json":{"title":"DISPENSADOR GEL\/JABON 500ML PLASTICO TRIPLE CLEAN -","robots":{"index":"index","follow":"follow","max-snippet":"max-snippet:-1","max-image-preview":"max-image-preview:large","max-video-preview":"max-video-preview:-1"},"canonical":"https:\/\/aquacord.com.co\/index.php\/product\/dispensador-gel-jabon-500ml-plastico-triple-clean\/","og_locale":"es_ES","og_type":"article","og_title":"DISPENSADOR GEL\/JABON 500ML PLASTICO TRIPLE CLEAN -","og_description":"Este dispensador es especial para sitios p\u00fablicos.\u00a0Operaci\u00f3n sin contacto para reducir la contaminaci\u00f3n cruzada y la propagaci\u00f3n de g\u00e9rmenes. Producto ecol\u00f3gico y unidad de larga duraci\u00f3n (70.000 ciclos) . Tiene visor para facilitar la comprobaci\u00f3n del nivel de carga. Dispensador de jab\u00f3n y gel Triple Clean de 500ml, dise\u00f1o innovador y capacidad generosa, asegura una &hellip; DISPENSADOR GEL\/JABON 500ML PLASTICO TRIPLE CLEAN Leer m\u00e1s &raquo;","og_url":"https:\/\/aquacord.com.co\/index.php\/product\/dispensador-gel-jabon-500ml-plastico-triple-clean\/","article_modified_time":"2024-09-10T14:14:42+00:00","og_image":[{"width":2000,"height":2000,"url":"https:\/\/aquacord.com.co\/wp-content\/uploads\/2024\/09\/DJ10_1.jpg","type":"image\/jpeg"}],"twitter_card":"summary_large_image","twitter_misc":{"Tiempo estimado de lectura":"1 minuto"},"schema":{"@context":"https:\/\/schema.org","@graph":[{"@type":"WebPage","@id":"https:\/\/aquacord.com.co\/index.php\/product\/dispensador-gel-jabon-500ml-plastico-triple-clean\/","url":"https:\/\/aquacord.com.co\/index.php\/product\/dispensador-gel-jabon-500ml-plastico-triple-clean\/","name":"DISPENSADOR GEL\/JABON 500ML PLASTICO TRIPLE CLEAN -","isPartOf":{"@id":"https:\/\/aquacord.com.co\/#website"},"datePublished":"2024-09-10T14:14:40+00:00","dateModified":"2024-09-10T14:14:42+00:00","breadcrumb":{"@id":"https:\/\/aquacord.com.co\/index.php\/product\/dispensador-gel-jabon-500ml-plastico-triple-clean\/#breadcrumb"},"inLanguage":"es-CO","potentialAction":[{"@type":"ReadAction","target":["https:\/\/aquacord.com.co\/index.php\/product\/dispensador-gel-jabon-500ml-plastico-triple-clean\/"]}]},{"@type":"BreadcrumbList","@id":"https:\/\/aquacord.com.co\/index.php\/product\/dispensador-gel-jabon-500ml-plastico-triple-clean\/#breadcrumb","itemListElement":[{"@type":"ListItem","position":1,"name":"Inicio","item":"https:\/\/aquacord.com.co\/"},{"@type":"ListItem","position":2,"name":"Tienda","item":"https:\/\/aquacord.com.co\/index.php\/tienda\/"},{"@type":"ListItem","position":3,"name":"DISPENSADOR GEL\/JABON 500ML PLASTICO TRIPLE CLEAN"}]},{"@type":"WebSite","@id":"https:\/\/aquacord.com.co\/#website","url":"https:\/\/aquacord.com.co\/","name":"","description":"Todo lo relacionado en productos qu\u00edmicos, accesorios, equipos para piscinas y el aseo de tu hogar e empresas","potentialAction":[{"@type":"SearchAction","target":{"@type":"EntryPoint","urlTemplate":"https:\/\/aquacord.com.co\/?s={search_term_string}"},"query-input":"required name=search_term_string"}],"inLanguage":"es-CO"}]}},"_links":{"self":[{"href":"https:\/\/aquacord.com.co\/index.php\/wp-json\/wp\/v2\/product\/5174"}],"collection":[{"href":"https:\/\/aquacord.com.co\/index.php\/wp-json\/wp\/v2\/product"}],"about":[{"href":"https:\/\/aquacord.com.co\/index.php\/wp-json\/wp\/v2\/types\/product"}],"replies":[{"embeddable":true,"href":"https:\/\/aquacord.com.co\/index.php\/wp-json\/wp\/v2\/comments?post=5174"}],"version-history":[{"count":1,"href":"https:\/\/aquacord.com.co\/index.php\/wp-json\/wp\/v2\/product\/5174\/revisions"}],"predecessor-version":[{"id":5180,"href":"https:\/\/aquacord.com.co\/index.php\/wp-json\/wp\/v2\/product\/5174\/revisions\/5180"}],"wp:featuredmedia":[{"embeddable":true,"href":"https:\/\/aquacord.com.co\/index.php\/wp-json\/wp\/v2\/media\/5175"}],"wp:attachment":[{"href":"https:\/\/aquacord.com.co\/index.php\/wp-json\/wp\/v2\/media?parent=5174"}],"wp:term":[{"taxonomy":"product_cat","embeddable":true,"href":"https:\/\/aquacord.com.co\/index.php\/wp-json\/wp\/v2\/product_cat?post=5174"},{"taxonomy":"product_tag","embeddable":true,"href":"https:\/\/aquacord.com.co\/index.php\/wp-json\/wp\/v2\/product_tag?post=5174"}],"curies":[{"name":"wp","href":"https:\/\/api.w.org\/{rel}","templated":true}]}}