{"id":5227,"date":"2024-09-10T16:23:57","date_gmt":"2024-09-10T16:23:57","guid":{"rendered":"https:\/\/aquacord.com.co\/?post_type=product&#038;p=5227"},"modified":"2024-09-10T19:53:48","modified_gmt":"2024-09-10T19:53:48","slug":"espatula-2-unidad","status":"publish","type":"product","link":"https:\/\/aquacord.com.co\/index.php\/product\/espatula-2-unidad\/","title":{"rendered":"ESPATULA 2&#8243; UNIDAD"},"content":{"rendered":"<p>ESPATULA 2&#8243; UNIDAD son utensilios port\u00e1tiles <b>de<\/b>\u00a0laboratorio disponibles en distintos tama\u00f1os y estilos. Han sido dise\u00f1adas\u00a0<b>para<\/b>\u00a0romper, raspas, recoger y transferir productos qu\u00edmicos s\u00f3lidos, en polvo o gr\u00e1nulos u otros materiales\u00a0<b>de<\/b>\u00a0los matraces o frascos\u00a0<b>de<\/b>\u00a0almacenamiento a otros contenedores, como platos\u00a0<b>de<\/b>\u00a0pesaje.<\/p>\n","protected":false},"excerpt":{"rendered":"<p>ESPATULA 2&#8243; UNIDAD son utensilios port\u00e1tiles de\u00a0laboratorio disponibles en distintos tama\u00f1os y estilos. Han sido dise\u00f1adas\u00a0para\u00a0romper, raspas, recoger y transferir productos qu\u00edmicos s\u00f3lidos, en polvo o gr\u00e1nulos u otros materiales\u00a0de\u00a0los matraces o frascos\u00a0de\u00a0almacenamiento a otros contenedores, como platos\u00a0de\u00a0pesaje.<\/p>\n","protected":false},"featured_media":5228,"comment_status":"open","ping_status":"closed","template":"","meta":{"site-sidebar-layout":"default","site-content-layout":"default","ast-global-header-display":"","ast-main-header-display":"","ast-hfb-above-header-display":"","ast-hfb-below-header-display":"","ast-hfb-mobile-header-display":"","site-post-title":"","ast-breadcrumbs-content":"","ast-featured-img":"","footer-sml-layout":"","theme-transparent-header-meta":"default","adv-header-id-meta":"","stick-header-meta":"","header-above-stick-meta":"","header-main-stick-meta":"","header-below-stick-meta":""},"product_cat":[28,54],"product_tag":[],"yoast_head":"<!-- This site is optimized with the Yoast SEO plugin v20.1 - https:\/\/yoast.com\/wordpress\/plugins\/seo\/ -->\n<title>ESPATULA 2&quot; UNIDAD -<\/title>\n<meta name=\"robots\" content=\"index, follow, max-snippet:-1, max-image-preview:large, max-video-preview:-1\" \/>\n<link rel=\"canonical\" href=\"https:\/\/aquacord.com.co\/index.php\/product\/espatula-2-unidad\/\" \/>\n<meta property=\"og:locale\" content=\"es_ES\" \/>\n<meta property=\"og:type\" content=\"article\" \/>\n<meta property=\"og:title\" content=\"ESPATULA 2&quot; UNIDAD -\" \/>\n<meta property=\"og:description\" content=\"ESPATULA 2&#8243; UNIDAD son utensilios port\u00e1tiles de\u00a0laboratorio disponibles en distintos tama\u00f1os y estilos. Han sido dise\u00f1adas\u00a0para\u00a0romper, raspas, recoger y transferir productos qu\u00edmicos s\u00f3lidos, en polvo o gr\u00e1nulos u otros materiales\u00a0de\u00a0los matraces o frascos\u00a0de\u00a0almacenamiento a otros contenedores, como platos\u00a0de\u00a0pesaje.\" \/>\n<meta property=\"og:url\" content=\"https:\/\/aquacord.com.co\/index.php\/product\/espatula-2-unidad\/\" \/>\n<meta property=\"article:modified_time\" content=\"2024-09-10T19:53:48+00:00\" \/>\n<meta property=\"og:image\" content=\"https:\/\/aquacord.com.co\/wp-content\/uploads\/2024\/09\/Captura-de-pantalla-2024-09-10-112208.jpg\" \/>\n\t<meta property=\"og:image:width\" content=\"667\" \/>\n\t<meta property=\"og:image:height\" content=\"719\" \/>\n\t<meta property=\"og:image:type\" content=\"image\/jpeg\" \/>\n<meta name=\"twitter:card\" content=\"summary_large_image\" \/>\n<meta name=\"twitter:label1\" content=\"Tiempo estimado de lectura\" \/>\n\t<meta name=\"twitter:data1\" content=\"1 minuto\" \/>\n<script type=\"application\/ld+json\" class=\"yoast-schema-graph\">{\"@context\":\"https:\/\/schema.org\",\"@graph\":[{\"@type\":\"WebPage\",\"@id\":\"https:\/\/aquacord.com.co\/index.php\/product\/espatula-2-unidad\/\",\"url\":\"https:\/\/aquacord.com.co\/index.php\/product\/espatula-2-unidad\/\",\"name\":\"ESPATULA 2\\\" UNIDAD -\",\"isPartOf\":{\"@id\":\"https:\/\/aquacord.com.co\/#website\"},\"datePublished\":\"2024-09-10T16:23:57+00:00\",\"dateModified\":\"2024-09-10T19:53:48+00:00\",\"breadcrumb\":{\"@id\":\"https:\/\/aquacord.com.co\/index.php\/product\/espatula-2-unidad\/#breadcrumb\"},\"inLanguage\":\"es-CO\",\"potentialAction\":[{\"@type\":\"ReadAction\",\"target\":[\"https:\/\/aquacord.com.co\/index.php\/product\/espatula-2-unidad\/\"]}]},{\"@type\":\"BreadcrumbList\",\"@id\":\"https:\/\/aquacord.com.co\/index.php\/product\/espatula-2-unidad\/#breadcrumb\",\"itemListElement\":[{\"@type\":\"ListItem\",\"position\":1,\"name\":\"Inicio\",\"item\":\"https:\/\/aquacord.com.co\/\"},{\"@type\":\"ListItem\",\"position\":2,\"name\":\"Tienda\",\"item\":\"https:\/\/aquacord.com.co\/index.php\/tienda\/\"},{\"@type\":\"ListItem\",\"position\":3,\"name\":\"ESPATULA 2&#8243; UNIDAD\"}]},{\"@type\":\"WebSite\",\"@id\":\"https:\/\/aquacord.com.co\/#website\",\"url\":\"https:\/\/aquacord.com.co\/\",\"name\":\"\",\"description\":\"Todo lo relacionado en productos qu\u00edmicos, accesorios, equipos para piscinas y el aseo de tu hogar e empresas\",\"potentialAction\":[{\"@type\":\"SearchAction\",\"target\":{\"@type\":\"EntryPoint\",\"urlTemplate\":\"https:\/\/aquacord.com.co\/?s={search_term_string}\"},\"query-input\":\"required name=search_term_string\"}],\"inLanguage\":\"es-CO\"}]}<\/script>\n<!-- \/ Yoast SEO plugin. -->","yoast_head_json":{"title":"ESPATULA 2\" UNIDAD -","robots":{"index":"index","follow":"follow","max-snippet":"max-snippet:-1","max-image-preview":"max-image-preview:large","max-video-preview":"max-video-preview:-1"},"canonical":"https:\/\/aquacord.com.co\/index.php\/product\/espatula-2-unidad\/","og_locale":"es_ES","og_type":"article","og_title":"ESPATULA 2\" UNIDAD -","og_description":"ESPATULA 2&#8243; UNIDAD son utensilios port\u00e1tiles de\u00a0laboratorio disponibles en distintos tama\u00f1os y estilos. Han sido dise\u00f1adas\u00a0para\u00a0romper, raspas, recoger y transferir productos qu\u00edmicos s\u00f3lidos, en polvo o gr\u00e1nulos u otros materiales\u00a0de\u00a0los matraces o frascos\u00a0de\u00a0almacenamiento a otros contenedores, como platos\u00a0de\u00a0pesaje.","og_url":"https:\/\/aquacord.com.co\/index.php\/product\/espatula-2-unidad\/","article_modified_time":"2024-09-10T19:53:48+00:00","og_image":[{"width":667,"height":719,"url":"https:\/\/aquacord.com.co\/wp-content\/uploads\/2024\/09\/Captura-de-pantalla-2024-09-10-112208.jpg","type":"image\/jpeg"}],"twitter_card":"summary_large_image","twitter_misc":{"Tiempo estimado de lectura":"1 minuto"},"schema":{"@context":"https:\/\/schema.org","@graph":[{"@type":"WebPage","@id":"https:\/\/aquacord.com.co\/index.php\/product\/espatula-2-unidad\/","url":"https:\/\/aquacord.com.co\/index.php\/product\/espatula-2-unidad\/","name":"ESPATULA 2\" UNIDAD -","isPartOf":{"@id":"https:\/\/aquacord.com.co\/#website"},"datePublished":"2024-09-10T16:23:57+00:00","dateModified":"2024-09-10T19:53:48+00:00","breadcrumb":{"@id":"https:\/\/aquacord.com.co\/index.php\/product\/espatula-2-unidad\/#breadcrumb"},"inLanguage":"es-CO","potentialAction":[{"@type":"ReadAction","target":["https:\/\/aquacord.com.co\/index.php\/product\/espatula-2-unidad\/"]}]},{"@type":"BreadcrumbList","@id":"https:\/\/aquacord.com.co\/index.php\/product\/espatula-2-unidad\/#breadcrumb","itemListElement":[{"@type":"ListItem","position":1,"name":"Inicio","item":"https:\/\/aquacord.com.co\/"},{"@type":"ListItem","position":2,"name":"Tienda","item":"https:\/\/aquacord.com.co\/index.php\/tienda\/"},{"@type":"ListItem","position":3,"name":"ESPATULA 2&#8243; UNIDAD"}]},{"@type":"WebSite","@id":"https:\/\/aquacord.com.co\/#website","url":"https:\/\/aquacord.com.co\/","name":"","description":"Todo lo relacionado en productos qu\u00edmicos, accesorios, equipos para piscinas y el aseo de tu hogar e empresas","potentialAction":[{"@type":"SearchAction","target":{"@type":"EntryPoint","urlTemplate":"https:\/\/aquacord.com.co\/?s={search_term_string}"},"query-input":"required name=search_term_string"}],"inLanguage":"es-CO"}]}},"_links":{"self":[{"href":"https:\/\/aquacord.com.co\/index.php\/wp-json\/wp\/v2\/product\/5227"}],"collection":[{"href":"https:\/\/aquacord.com.co\/index.php\/wp-json\/wp\/v2\/product"}],"about":[{"href":"https:\/\/aquacord.com.co\/index.php\/wp-json\/wp\/v2\/types\/product"}],"replies":[{"embeddable":true,"href":"https:\/\/aquacord.com.co\/index.php\/wp-json\/wp\/v2\/comments?post=5227"}],"version-history":[{"count":2,"href":"https:\/\/aquacord.com.co\/index.php\/wp-json\/wp\/v2\/product\/5227\/revisions"}],"predecessor-version":[{"id":5239,"href":"https:\/\/aquacord.com.co\/index.php\/wp-json\/wp\/v2\/product\/5227\/revisions\/5239"}],"wp:featuredmedia":[{"embeddable":true,"href":"https:\/\/aquacord.com.co\/index.php\/wp-json\/wp\/v2\/media\/5228"}],"wp:attachment":[{"href":"https:\/\/aquacord.com.co\/index.php\/wp-json\/wp\/v2\/media?parent=5227"}],"wp:term":[{"taxonomy":"product_cat","embeddable":true,"href":"https:\/\/aquacord.com.co\/index.php\/wp-json\/wp\/v2\/product_cat?post=5227"},{"taxonomy":"product_tag","embeddable":true,"href":"https:\/\/aquacord.com.co\/index.php\/wp-json\/wp\/v2\/product_tag?post=5227"}],"curies":[{"name":"wp","href":"https:\/\/api.w.org\/{rel}","templated":true}]}}