{"id":5344,"date":"2024-09-13T20:49:42","date_gmt":"2024-09-13T20:49:42","guid":{"rendered":"https:\/\/aquacord.com.co\/?post_type=product&#038;p=5344"},"modified":"2024-09-13T20:49:43","modified_gmt":"2024-09-13T20:49:43","slug":"mecha-algodon-fuller","status":"publish","type":"product","link":"https:\/\/aquacord.com.co\/index.php\/product\/mecha-algodon-fuller\/","title":{"rendered":"MECHA ALGOD\u00d3N FULLER"},"content":{"rendered":"<p>Mecha Fuller en microfibra es un producto elaborado en algod\u00f3n. La microfibra es un material de alta resistencia y absorci\u00f3n; en esta no se multiplican los microorganismos y evita los malos olores.\u00a0<b>Ideal para usos tanto industriales como dom\u00e9sticos<\/b>.<\/p>\n","protected":false},"excerpt":{"rendered":"<p>Mecha Fuller en microfibra es un producto elaborado en algod\u00f3n. La microfibra es un material de alta resistencia y absorci\u00f3n; en esta no se multiplican los microorganismos y evita los malos olores.\u00a0Ideal para usos tanto industriales como dom\u00e9sticos.<\/p>\n","protected":false},"featured_media":5349,"comment_status":"open","ping_status":"closed","template":"","meta":{"site-sidebar-layout":"default","site-content-layout":"default","ast-global-header-display":"","ast-main-header-display":"","ast-hfb-above-header-display":"","ast-hfb-below-header-display":"","ast-hfb-mobile-header-display":"","site-post-title":"","ast-breadcrumbs-content":"","ast-featured-img":"","footer-sml-layout":"","theme-transparent-header-meta":"default","adv-header-id-meta":"","stick-header-meta":"","header-above-stick-meta":"","header-main-stick-meta":"","header-below-stick-meta":""},"product_cat":[18,48],"product_tag":[],"yoast_head":"<!-- This site is optimized with the Yoast SEO plugin v20.1 - https:\/\/yoast.com\/wordpress\/plugins\/seo\/ -->\n<title>MECHA ALGOD\u00d3N FULLER -<\/title>\n<meta name=\"robots\" content=\"index, follow, max-snippet:-1, max-image-preview:large, max-video-preview:-1\" \/>\n<link rel=\"canonical\" href=\"https:\/\/aquacord.com.co\/index.php\/product\/mecha-algodon-fuller\/\" \/>\n<meta property=\"og:locale\" content=\"es_ES\" \/>\n<meta property=\"og:type\" content=\"article\" \/>\n<meta property=\"og:title\" content=\"MECHA ALGOD\u00d3N FULLER -\" \/>\n<meta property=\"og:description\" content=\"Mecha Fuller en microfibra es un producto elaborado en algod\u00f3n. La microfibra es un material de alta resistencia y absorci\u00f3n; en esta no se multiplican los microorganismos y evita los malos olores.\u00a0Ideal para usos tanto industriales como dom\u00e9sticos.\" \/>\n<meta property=\"og:url\" content=\"https:\/\/aquacord.com.co\/index.php\/product\/mecha-algodon-fuller\/\" \/>\n<meta property=\"article:modified_time\" content=\"2024-09-13T20:49:43+00:00\" \/>\n<meta property=\"og:image\" content=\"https:\/\/aquacord.com.co\/wp-content\/uploads\/2024\/09\/Sin-titulo-1-4.png\" \/>\n\t<meta property=\"og:image:width\" content=\"3296\" \/>\n\t<meta property=\"og:image:height\" content=\"2946\" \/>\n\t<meta property=\"og:image:type\" content=\"image\/png\" \/>\n<meta name=\"twitter:card\" content=\"summary_large_image\" \/>\n<meta name=\"twitter:label1\" content=\"Tiempo estimado de lectura\" \/>\n\t<meta name=\"twitter:data1\" content=\"1 minuto\" \/>\n<script type=\"application\/ld+json\" class=\"yoast-schema-graph\">{\"@context\":\"https:\/\/schema.org\",\"@graph\":[{\"@type\":\"WebPage\",\"@id\":\"https:\/\/aquacord.com.co\/index.php\/product\/mecha-algodon-fuller\/\",\"url\":\"https:\/\/aquacord.com.co\/index.php\/product\/mecha-algodon-fuller\/\",\"name\":\"MECHA ALGOD\u00d3N FULLER -\",\"isPartOf\":{\"@id\":\"https:\/\/aquacord.com.co\/#website\"},\"datePublished\":\"2024-09-13T20:49:42+00:00\",\"dateModified\":\"2024-09-13T20:49:43+00:00\",\"breadcrumb\":{\"@id\":\"https:\/\/aquacord.com.co\/index.php\/product\/mecha-algodon-fuller\/#breadcrumb\"},\"inLanguage\":\"es-CO\",\"potentialAction\":[{\"@type\":\"ReadAction\",\"target\":[\"https:\/\/aquacord.com.co\/index.php\/product\/mecha-algodon-fuller\/\"]}]},{\"@type\":\"BreadcrumbList\",\"@id\":\"https:\/\/aquacord.com.co\/index.php\/product\/mecha-algodon-fuller\/#breadcrumb\",\"itemListElement\":[{\"@type\":\"ListItem\",\"position\":1,\"name\":\"Inicio\",\"item\":\"https:\/\/aquacord.com.co\/\"},{\"@type\":\"ListItem\",\"position\":2,\"name\":\"Tienda\",\"item\":\"https:\/\/aquacord.com.co\/index.php\/tienda\/\"},{\"@type\":\"ListItem\",\"position\":3,\"name\":\"MECHA ALGOD\u00d3N FULLER\"}]},{\"@type\":\"WebSite\",\"@id\":\"https:\/\/aquacord.com.co\/#website\",\"url\":\"https:\/\/aquacord.com.co\/\",\"name\":\"\",\"description\":\"Todo lo relacionado en productos qu\u00edmicos, accesorios, equipos para piscinas y el aseo de tu hogar e empresas\",\"potentialAction\":[{\"@type\":\"SearchAction\",\"target\":{\"@type\":\"EntryPoint\",\"urlTemplate\":\"https:\/\/aquacord.com.co\/?s={search_term_string}\"},\"query-input\":\"required name=search_term_string\"}],\"inLanguage\":\"es-CO\"}]}<\/script>\n<!-- \/ Yoast SEO plugin. -->","yoast_head_json":{"title":"MECHA ALGOD\u00d3N FULLER -","robots":{"index":"index","follow":"follow","max-snippet":"max-snippet:-1","max-image-preview":"max-image-preview:large","max-video-preview":"max-video-preview:-1"},"canonical":"https:\/\/aquacord.com.co\/index.php\/product\/mecha-algodon-fuller\/","og_locale":"es_ES","og_type":"article","og_title":"MECHA ALGOD\u00d3N FULLER -","og_description":"Mecha Fuller en microfibra es un producto elaborado en algod\u00f3n. La microfibra es un material de alta resistencia y absorci\u00f3n; en esta no se multiplican los microorganismos y evita los malos olores.\u00a0Ideal para usos tanto industriales como dom\u00e9sticos.","og_url":"https:\/\/aquacord.com.co\/index.php\/product\/mecha-algodon-fuller\/","article_modified_time":"2024-09-13T20:49:43+00:00","og_image":[{"width":3296,"height":2946,"url":"https:\/\/aquacord.com.co\/wp-content\/uploads\/2024\/09\/Sin-titulo-1-4.png","type":"image\/png"}],"twitter_card":"summary_large_image","twitter_misc":{"Tiempo estimado de lectura":"1 minuto"},"schema":{"@context":"https:\/\/schema.org","@graph":[{"@type":"WebPage","@id":"https:\/\/aquacord.com.co\/index.php\/product\/mecha-algodon-fuller\/","url":"https:\/\/aquacord.com.co\/index.php\/product\/mecha-algodon-fuller\/","name":"MECHA ALGOD\u00d3N FULLER -","isPartOf":{"@id":"https:\/\/aquacord.com.co\/#website"},"datePublished":"2024-09-13T20:49:42+00:00","dateModified":"2024-09-13T20:49:43+00:00","breadcrumb":{"@id":"https:\/\/aquacord.com.co\/index.php\/product\/mecha-algodon-fuller\/#breadcrumb"},"inLanguage":"es-CO","potentialAction":[{"@type":"ReadAction","target":["https:\/\/aquacord.com.co\/index.php\/product\/mecha-algodon-fuller\/"]}]},{"@type":"BreadcrumbList","@id":"https:\/\/aquacord.com.co\/index.php\/product\/mecha-algodon-fuller\/#breadcrumb","itemListElement":[{"@type":"ListItem","position":1,"name":"Inicio","item":"https:\/\/aquacord.com.co\/"},{"@type":"ListItem","position":2,"name":"Tienda","item":"https:\/\/aquacord.com.co\/index.php\/tienda\/"},{"@type":"ListItem","position":3,"name":"MECHA ALGOD\u00d3N FULLER"}]},{"@type":"WebSite","@id":"https:\/\/aquacord.com.co\/#website","url":"https:\/\/aquacord.com.co\/","name":"","description":"Todo lo relacionado en productos qu\u00edmicos, accesorios, equipos para piscinas y el aseo de tu hogar e empresas","potentialAction":[{"@type":"SearchAction","target":{"@type":"EntryPoint","urlTemplate":"https:\/\/aquacord.com.co\/?s={search_term_string}"},"query-input":"required name=search_term_string"}],"inLanguage":"es-CO"}]}},"_links":{"self":[{"href":"https:\/\/aquacord.com.co\/index.php\/wp-json\/wp\/v2\/product\/5344"}],"collection":[{"href":"https:\/\/aquacord.com.co\/index.php\/wp-json\/wp\/v2\/product"}],"about":[{"href":"https:\/\/aquacord.com.co\/index.php\/wp-json\/wp\/v2\/types\/product"}],"replies":[{"embeddable":true,"href":"https:\/\/aquacord.com.co\/index.php\/wp-json\/wp\/v2\/comments?post=5344"}],"version-history":[{"count":2,"href":"https:\/\/aquacord.com.co\/index.php\/wp-json\/wp\/v2\/product\/5344\/revisions"}],"predecessor-version":[{"id":5351,"href":"https:\/\/aquacord.com.co\/index.php\/wp-json\/wp\/v2\/product\/5344\/revisions\/5351"}],"wp:featuredmedia":[{"embeddable":true,"href":"https:\/\/aquacord.com.co\/index.php\/wp-json\/wp\/v2\/media\/5349"}],"wp:attachment":[{"href":"https:\/\/aquacord.com.co\/index.php\/wp-json\/wp\/v2\/media?parent=5344"}],"wp:term":[{"taxonomy":"product_cat","embeddable":true,"href":"https:\/\/aquacord.com.co\/index.php\/wp-json\/wp\/v2\/product_cat?post=5344"},{"taxonomy":"product_tag","embeddable":true,"href":"https:\/\/aquacord.com.co\/index.php\/wp-json\/wp\/v2\/product_tag?post=5344"}],"curies":[{"name":"wp","href":"https:\/\/api.w.org\/{rel}","templated":true}]}}