{"id":5382,"date":"2024-09-14T15:39:57","date_gmt":"2024-09-14T15:39:57","guid":{"rendered":"https:\/\/aquacord.com.co\/?post_type=product&#038;p=5382"},"modified":"2024-09-14T15:39:59","modified_gmt":"2024-09-14T15:39:59","slug":"papel-elite-rollo-unidad","status":"publish","type":"product","link":"https:\/\/aquacord.com.co\/index.php\/product\/papel-elite-rollo-unidad\/","title":{"rendered":"PAPEL ELITE ROLLO UNIDAD"},"content":{"rendered":"<p>PAPEL ELITE ROLLO UNIDAD,\u00a0(denominado tambi\u00e9n rollo higi\u00e9nico, papel de ba\u00f1o, papel sanitario, papel toilette o papel \u00edntimo seg\u00fan sea el pa\u00eds) es un tipo de papel delgado, que\u00a0<b>se utiliza para el aseo \u00edntimo, tras el acto de la defecaci\u00f3n o de micci\u00f3n<\/b><\/p>\n","protected":false},"excerpt":{"rendered":"<p>PAPEL ELITE ROLLO UNIDAD,\u00a0(denominado tambi\u00e9n rollo higi\u00e9nico, papel de ba\u00f1o, papel sanitario, papel toilette o papel \u00edntimo seg\u00fan sea el pa\u00eds) es un tipo de papel delgado, que\u00a0se utiliza para el aseo \u00edntimo, tras el acto de la defecaci\u00f3n o de micci\u00f3n<\/p>\n","protected":false},"featured_media":5383,"comment_status":"open","ping_status":"closed","template":"","meta":{"site-sidebar-layout":"default","site-content-layout":"default","ast-global-header-display":"","ast-main-header-display":"","ast-hfb-above-header-display":"","ast-hfb-below-header-display":"","ast-hfb-mobile-header-display":"","site-post-title":"","ast-breadcrumbs-content":"","ast-featured-img":"","footer-sml-layout":"","theme-transparent-header-meta":"default","adv-header-id-meta":"","stick-header-meta":"","header-above-stick-meta":"","header-main-stick-meta":"","header-below-stick-meta":""},"product_cat":[18,50],"product_tag":[],"yoast_head":"<!-- This site is optimized with the Yoast SEO plugin v20.1 - https:\/\/yoast.com\/wordpress\/plugins\/seo\/ -->\n<title>PAPEL ELITE ROLLO UNIDAD -<\/title>\n<meta name=\"robots\" content=\"index, follow, max-snippet:-1, max-image-preview:large, max-video-preview:-1\" \/>\n<link rel=\"canonical\" href=\"https:\/\/aquacord.com.co\/index.php\/product\/papel-elite-rollo-unidad\/\" \/>\n<meta property=\"og:locale\" content=\"es_ES\" \/>\n<meta property=\"og:type\" content=\"article\" \/>\n<meta property=\"og:title\" content=\"PAPEL ELITE ROLLO UNIDAD -\" \/>\n<meta property=\"og:description\" content=\"PAPEL ELITE ROLLO UNIDAD,\u00a0(denominado tambi\u00e9n rollo higi\u00e9nico, papel de ba\u00f1o, papel sanitario, papel toilette o papel \u00edntimo seg\u00fan sea el pa\u00eds) es un tipo de papel delgado, que\u00a0se utiliza para el aseo \u00edntimo, tras el acto de la defecaci\u00f3n o de micci\u00f3n\" \/>\n<meta property=\"og:url\" content=\"https:\/\/aquacord.com.co\/index.php\/product\/papel-elite-rollo-unidad\/\" \/>\n<meta property=\"article:modified_time\" content=\"2024-09-14T15:39:59+00:00\" \/>\n<meta property=\"og:image\" content=\"https:\/\/aquacord.com.co\/wp-content\/uploads\/2024\/09\/a6b44-rollote-grnd.png\" \/>\n\t<meta property=\"og:image:width\" content=\"800\" \/>\n\t<meta property=\"og:image:height\" content=\"600\" \/>\n\t<meta property=\"og:image:type\" content=\"image\/png\" \/>\n<meta name=\"twitter:card\" content=\"summary_large_image\" \/>\n<meta name=\"twitter:label1\" content=\"Tiempo estimado de lectura\" \/>\n\t<meta name=\"twitter:data1\" content=\"1 minuto\" \/>\n<script type=\"application\/ld+json\" class=\"yoast-schema-graph\">{\"@context\":\"https:\/\/schema.org\",\"@graph\":[{\"@type\":\"WebPage\",\"@id\":\"https:\/\/aquacord.com.co\/index.php\/product\/papel-elite-rollo-unidad\/\",\"url\":\"https:\/\/aquacord.com.co\/index.php\/product\/papel-elite-rollo-unidad\/\",\"name\":\"PAPEL ELITE ROLLO UNIDAD -\",\"isPartOf\":{\"@id\":\"https:\/\/aquacord.com.co\/#website\"},\"datePublished\":\"2024-09-14T15:39:57+00:00\",\"dateModified\":\"2024-09-14T15:39:59+00:00\",\"breadcrumb\":{\"@id\":\"https:\/\/aquacord.com.co\/index.php\/product\/papel-elite-rollo-unidad\/#breadcrumb\"},\"inLanguage\":\"es-CO\",\"potentialAction\":[{\"@type\":\"ReadAction\",\"target\":[\"https:\/\/aquacord.com.co\/index.php\/product\/papel-elite-rollo-unidad\/\"]}]},{\"@type\":\"BreadcrumbList\",\"@id\":\"https:\/\/aquacord.com.co\/index.php\/product\/papel-elite-rollo-unidad\/#breadcrumb\",\"itemListElement\":[{\"@type\":\"ListItem\",\"position\":1,\"name\":\"Inicio\",\"item\":\"https:\/\/aquacord.com.co\/\"},{\"@type\":\"ListItem\",\"position\":2,\"name\":\"Tienda\",\"item\":\"https:\/\/aquacord.com.co\/index.php\/tienda\/\"},{\"@type\":\"ListItem\",\"position\":3,\"name\":\"PAPEL ELITE ROLLO UNIDAD\"}]},{\"@type\":\"WebSite\",\"@id\":\"https:\/\/aquacord.com.co\/#website\",\"url\":\"https:\/\/aquacord.com.co\/\",\"name\":\"\",\"description\":\"Todo lo relacionado en productos qu\u00edmicos, accesorios, equipos para piscinas y el aseo de tu hogar e empresas\",\"potentialAction\":[{\"@type\":\"SearchAction\",\"target\":{\"@type\":\"EntryPoint\",\"urlTemplate\":\"https:\/\/aquacord.com.co\/?s={search_term_string}\"},\"query-input\":\"required name=search_term_string\"}],\"inLanguage\":\"es-CO\"}]}<\/script>\n<!-- \/ Yoast SEO plugin. -->","yoast_head_json":{"title":"PAPEL ELITE ROLLO UNIDAD -","robots":{"index":"index","follow":"follow","max-snippet":"max-snippet:-1","max-image-preview":"max-image-preview:large","max-video-preview":"max-video-preview:-1"},"canonical":"https:\/\/aquacord.com.co\/index.php\/product\/papel-elite-rollo-unidad\/","og_locale":"es_ES","og_type":"article","og_title":"PAPEL ELITE ROLLO UNIDAD -","og_description":"PAPEL ELITE ROLLO UNIDAD,\u00a0(denominado tambi\u00e9n rollo higi\u00e9nico, papel de ba\u00f1o, papel sanitario, papel toilette o papel \u00edntimo seg\u00fan sea el pa\u00eds) es un tipo de papel delgado, que\u00a0se utiliza para el aseo \u00edntimo, tras el acto de la defecaci\u00f3n o de micci\u00f3n","og_url":"https:\/\/aquacord.com.co\/index.php\/product\/papel-elite-rollo-unidad\/","article_modified_time":"2024-09-14T15:39:59+00:00","og_image":[{"width":800,"height":600,"url":"https:\/\/aquacord.com.co\/wp-content\/uploads\/2024\/09\/a6b44-rollote-grnd.png","type":"image\/png"}],"twitter_card":"summary_large_image","twitter_misc":{"Tiempo estimado de lectura":"1 minuto"},"schema":{"@context":"https:\/\/schema.org","@graph":[{"@type":"WebPage","@id":"https:\/\/aquacord.com.co\/index.php\/product\/papel-elite-rollo-unidad\/","url":"https:\/\/aquacord.com.co\/index.php\/product\/papel-elite-rollo-unidad\/","name":"PAPEL ELITE ROLLO UNIDAD -","isPartOf":{"@id":"https:\/\/aquacord.com.co\/#website"},"datePublished":"2024-09-14T15:39:57+00:00","dateModified":"2024-09-14T15:39:59+00:00","breadcrumb":{"@id":"https:\/\/aquacord.com.co\/index.php\/product\/papel-elite-rollo-unidad\/#breadcrumb"},"inLanguage":"es-CO","potentialAction":[{"@type":"ReadAction","target":["https:\/\/aquacord.com.co\/index.php\/product\/papel-elite-rollo-unidad\/"]}]},{"@type":"BreadcrumbList","@id":"https:\/\/aquacord.com.co\/index.php\/product\/papel-elite-rollo-unidad\/#breadcrumb","itemListElement":[{"@type":"ListItem","position":1,"name":"Inicio","item":"https:\/\/aquacord.com.co\/"},{"@type":"ListItem","position":2,"name":"Tienda","item":"https:\/\/aquacord.com.co\/index.php\/tienda\/"},{"@type":"ListItem","position":3,"name":"PAPEL ELITE ROLLO UNIDAD"}]},{"@type":"WebSite","@id":"https:\/\/aquacord.com.co\/#website","url":"https:\/\/aquacord.com.co\/","name":"","description":"Todo lo relacionado en productos qu\u00edmicos, accesorios, equipos para piscinas y el aseo de tu hogar e empresas","potentialAction":[{"@type":"SearchAction","target":{"@type":"EntryPoint","urlTemplate":"https:\/\/aquacord.com.co\/?s={search_term_string}"},"query-input":"required name=search_term_string"}],"inLanguage":"es-CO"}]}},"_links":{"self":[{"href":"https:\/\/aquacord.com.co\/index.php\/wp-json\/wp\/v2\/product\/5382"}],"collection":[{"href":"https:\/\/aquacord.com.co\/index.php\/wp-json\/wp\/v2\/product"}],"about":[{"href":"https:\/\/aquacord.com.co\/index.php\/wp-json\/wp\/v2\/types\/product"}],"replies":[{"embeddable":true,"href":"https:\/\/aquacord.com.co\/index.php\/wp-json\/wp\/v2\/comments?post=5382"}],"version-history":[{"count":1,"href":"https:\/\/aquacord.com.co\/index.php\/wp-json\/wp\/v2\/product\/5382\/revisions"}],"predecessor-version":[{"id":5384,"href":"https:\/\/aquacord.com.co\/index.php\/wp-json\/wp\/v2\/product\/5382\/revisions\/5384"}],"wp:featuredmedia":[{"embeddable":true,"href":"https:\/\/aquacord.com.co\/index.php\/wp-json\/wp\/v2\/media\/5383"}],"wp:attachment":[{"href":"https:\/\/aquacord.com.co\/index.php\/wp-json\/wp\/v2\/media?parent=5382"}],"wp:term":[{"taxonomy":"product_cat","embeddable":true,"href":"https:\/\/aquacord.com.co\/index.php\/wp-json\/wp\/v2\/product_cat?post=5382"},{"taxonomy":"product_tag","embeddable":true,"href":"https:\/\/aquacord.com.co\/index.php\/wp-json\/wp\/v2\/product_tag?post=5382"}],"curies":[{"name":"wp","href":"https:\/\/api.w.org\/{rel}","templated":true}]}}