{"id":5538,"date":"2024-09-17T17:43:28","date_gmt":"2024-09-17T17:43:28","guid":{"rendered":"https:\/\/aquacord.com.co\/?post_type=product&#038;p=5538"},"modified":"2024-09-17T17:43:29","modified_gmt":"2024-09-17T17:43:29","slug":"boton-parada-de-emergencia","status":"publish","type":"product","link":"https:\/\/aquacord.com.co\/index.php\/product\/boton-parada-de-emergencia\/","title":{"rendered":"BOTON PARADA DE EMERGENCIA"},"content":{"rendered":"<p>BOTON PARADA DE EMERGENCIA, La funci\u00f3n principal del dispositivo de parada de emergencia es la de\u00a0<b>parar la m\u00e1quina lo m\u00e1s r\u00e1pidamente posible<\/b>. Este dispositivo se instalar\u00e1 en las m\u00e1quinas, previ\u00e9ndose para este fin dos posibilidades: Un interruptor accionado manual o el\u00e9ctricamente, situado en la l\u00ednea de alimentaci\u00f3n de la m\u00e1quina.<\/p>\n","protected":false},"excerpt":{"rendered":"<p>BOTON PARADA DE EMERGENCIA, La funci\u00f3n principal del dispositivo de parada de emergencia es la de\u00a0parar la m\u00e1quina lo m\u00e1s r\u00e1pidamente posible. Este dispositivo se instalar\u00e1 en las m\u00e1quinas, previ\u00e9ndose para este fin dos posibilidades: Un interruptor accionado manual o el\u00e9ctricamente, situado en la l\u00ednea de alimentaci\u00f3n de la m\u00e1quina.<\/p>\n","protected":false},"featured_media":5539,"comment_status":"open","ping_status":"closed","template":"","meta":{"site-sidebar-layout":"default","site-content-layout":"default","ast-global-header-display":"","ast-main-header-display":"","ast-hfb-above-header-display":"","ast-hfb-below-header-display":"","ast-hfb-mobile-header-display":"","site-post-title":"","ast-breadcrumbs-content":"","ast-featured-img":"","footer-sml-layout":"","theme-transparent-header-meta":"default","adv-header-id-meta":"","stick-header-meta":"","header-above-stick-meta":"","header-main-stick-meta":"","header-below-stick-meta":""},"product_cat":[20,30],"product_tag":[],"yoast_head":"<!-- This site is optimized with the Yoast SEO plugin v20.1 - https:\/\/yoast.com\/wordpress\/plugins\/seo\/ -->\n<title>BOTON PARADA DE EMERGENCIA -<\/title>\n<meta name=\"robots\" content=\"index, follow, max-snippet:-1, max-image-preview:large, max-video-preview:-1\" \/>\n<link rel=\"canonical\" href=\"https:\/\/aquacord.com.co\/index.php\/product\/boton-parada-de-emergencia\/\" \/>\n<meta property=\"og:locale\" content=\"es_ES\" \/>\n<meta property=\"og:type\" content=\"article\" \/>\n<meta property=\"og:title\" content=\"BOTON PARADA DE EMERGENCIA -\" \/>\n<meta property=\"og:description\" content=\"BOTON PARADA DE EMERGENCIA, La funci\u00f3n principal del dispositivo de parada de emergencia es la de\u00a0parar la m\u00e1quina lo m\u00e1s r\u00e1pidamente posible. Este dispositivo se instalar\u00e1 en las m\u00e1quinas, previ\u00e9ndose para este fin dos posibilidades: Un interruptor accionado manual o el\u00e9ctricamente, situado en la l\u00ednea de alimentaci\u00f3n de la m\u00e1quina.\" \/>\n<meta property=\"og:url\" content=\"https:\/\/aquacord.com.co\/index.php\/product\/boton-parada-de-emergencia\/\" \/>\n<meta property=\"article:modified_time\" content=\"2024-09-17T17:43:29+00:00\" \/>\n<meta property=\"og:image\" content=\"https:\/\/aquacord.com.co\/wp-content\/uploads\/2024\/09\/D_NQ_NP_750992-MCO48396381833_112021-O.webp\" \/>\n\t<meta property=\"og:image:width\" content=\"430\" \/>\n\t<meta property=\"og:image:height\" content=\"500\" \/>\n\t<meta property=\"og:image:type\" content=\"image\/webp\" \/>\n<meta name=\"twitter:card\" content=\"summary_large_image\" \/>\n<meta name=\"twitter:label1\" content=\"Tiempo estimado de lectura\" \/>\n\t<meta name=\"twitter:data1\" content=\"1 minuto\" \/>\n<script type=\"application\/ld+json\" class=\"yoast-schema-graph\">{\"@context\":\"https:\/\/schema.org\",\"@graph\":[{\"@type\":\"WebPage\",\"@id\":\"https:\/\/aquacord.com.co\/index.php\/product\/boton-parada-de-emergencia\/\",\"url\":\"https:\/\/aquacord.com.co\/index.php\/product\/boton-parada-de-emergencia\/\",\"name\":\"BOTON PARADA DE EMERGENCIA -\",\"isPartOf\":{\"@id\":\"https:\/\/aquacord.com.co\/#website\"},\"datePublished\":\"2024-09-17T17:43:28+00:00\",\"dateModified\":\"2024-09-17T17:43:29+00:00\",\"breadcrumb\":{\"@id\":\"https:\/\/aquacord.com.co\/index.php\/product\/boton-parada-de-emergencia\/#breadcrumb\"},\"inLanguage\":\"es-CO\",\"potentialAction\":[{\"@type\":\"ReadAction\",\"target\":[\"https:\/\/aquacord.com.co\/index.php\/product\/boton-parada-de-emergencia\/\"]}]},{\"@type\":\"BreadcrumbList\",\"@id\":\"https:\/\/aquacord.com.co\/index.php\/product\/boton-parada-de-emergencia\/#breadcrumb\",\"itemListElement\":[{\"@type\":\"ListItem\",\"position\":1,\"name\":\"Inicio\",\"item\":\"https:\/\/aquacord.com.co\/\"},{\"@type\":\"ListItem\",\"position\":2,\"name\":\"Tienda\",\"item\":\"https:\/\/aquacord.com.co\/index.php\/tienda\/\"},{\"@type\":\"ListItem\",\"position\":3,\"name\":\"BOTON PARADA DE EMERGENCIA\"}]},{\"@type\":\"WebSite\",\"@id\":\"https:\/\/aquacord.com.co\/#website\",\"url\":\"https:\/\/aquacord.com.co\/\",\"name\":\"\",\"description\":\"Todo lo relacionado en productos qu\u00edmicos, accesorios, equipos para piscinas y el aseo de tu hogar e empresas\",\"potentialAction\":[{\"@type\":\"SearchAction\",\"target\":{\"@type\":\"EntryPoint\",\"urlTemplate\":\"https:\/\/aquacord.com.co\/?s={search_term_string}\"},\"query-input\":\"required name=search_term_string\"}],\"inLanguage\":\"es-CO\"}]}<\/script>\n<!-- \/ Yoast SEO plugin. -->","yoast_head_json":{"title":"BOTON PARADA DE EMERGENCIA -","robots":{"index":"index","follow":"follow","max-snippet":"max-snippet:-1","max-image-preview":"max-image-preview:large","max-video-preview":"max-video-preview:-1"},"canonical":"https:\/\/aquacord.com.co\/index.php\/product\/boton-parada-de-emergencia\/","og_locale":"es_ES","og_type":"article","og_title":"BOTON PARADA DE EMERGENCIA -","og_description":"BOTON PARADA DE EMERGENCIA, La funci\u00f3n principal del dispositivo de parada de emergencia es la de\u00a0parar la m\u00e1quina lo m\u00e1s r\u00e1pidamente posible. Este dispositivo se instalar\u00e1 en las m\u00e1quinas, previ\u00e9ndose para este fin dos posibilidades: Un interruptor accionado manual o el\u00e9ctricamente, situado en la l\u00ednea de alimentaci\u00f3n de la m\u00e1quina.","og_url":"https:\/\/aquacord.com.co\/index.php\/product\/boton-parada-de-emergencia\/","article_modified_time":"2024-09-17T17:43:29+00:00","og_image":[{"width":430,"height":500,"url":"https:\/\/aquacord.com.co\/wp-content\/uploads\/2024\/09\/D_NQ_NP_750992-MCO48396381833_112021-O.webp","type":"image\/webp"}],"twitter_card":"summary_large_image","twitter_misc":{"Tiempo estimado de lectura":"1 minuto"},"schema":{"@context":"https:\/\/schema.org","@graph":[{"@type":"WebPage","@id":"https:\/\/aquacord.com.co\/index.php\/product\/boton-parada-de-emergencia\/","url":"https:\/\/aquacord.com.co\/index.php\/product\/boton-parada-de-emergencia\/","name":"BOTON PARADA DE EMERGENCIA -","isPartOf":{"@id":"https:\/\/aquacord.com.co\/#website"},"datePublished":"2024-09-17T17:43:28+00:00","dateModified":"2024-09-17T17:43:29+00:00","breadcrumb":{"@id":"https:\/\/aquacord.com.co\/index.php\/product\/boton-parada-de-emergencia\/#breadcrumb"},"inLanguage":"es-CO","potentialAction":[{"@type":"ReadAction","target":["https:\/\/aquacord.com.co\/index.php\/product\/boton-parada-de-emergencia\/"]}]},{"@type":"BreadcrumbList","@id":"https:\/\/aquacord.com.co\/index.php\/product\/boton-parada-de-emergencia\/#breadcrumb","itemListElement":[{"@type":"ListItem","position":1,"name":"Inicio","item":"https:\/\/aquacord.com.co\/"},{"@type":"ListItem","position":2,"name":"Tienda","item":"https:\/\/aquacord.com.co\/index.php\/tienda\/"},{"@type":"ListItem","position":3,"name":"BOTON PARADA DE EMERGENCIA"}]},{"@type":"WebSite","@id":"https:\/\/aquacord.com.co\/#website","url":"https:\/\/aquacord.com.co\/","name":"","description":"Todo lo relacionado en productos qu\u00edmicos, accesorios, equipos para piscinas y el aseo de tu hogar e empresas","potentialAction":[{"@type":"SearchAction","target":{"@type":"EntryPoint","urlTemplate":"https:\/\/aquacord.com.co\/?s={search_term_string}"},"query-input":"required name=search_term_string"}],"inLanguage":"es-CO"}]}},"_links":{"self":[{"href":"https:\/\/aquacord.com.co\/index.php\/wp-json\/wp\/v2\/product\/5538"}],"collection":[{"href":"https:\/\/aquacord.com.co\/index.php\/wp-json\/wp\/v2\/product"}],"about":[{"href":"https:\/\/aquacord.com.co\/index.php\/wp-json\/wp\/v2\/types\/product"}],"replies":[{"embeddable":true,"href":"https:\/\/aquacord.com.co\/index.php\/wp-json\/wp\/v2\/comments?post=5538"}],"version-history":[{"count":1,"href":"https:\/\/aquacord.com.co\/index.php\/wp-json\/wp\/v2\/product\/5538\/revisions"}],"predecessor-version":[{"id":5541,"href":"https:\/\/aquacord.com.co\/index.php\/wp-json\/wp\/v2\/product\/5538\/revisions\/5541"}],"wp:featuredmedia":[{"embeddable":true,"href":"https:\/\/aquacord.com.co\/index.php\/wp-json\/wp\/v2\/media\/5539"}],"wp:attachment":[{"href":"https:\/\/aquacord.com.co\/index.php\/wp-json\/wp\/v2\/media?parent=5538"}],"wp:term":[{"taxonomy":"product_cat","embeddable":true,"href":"https:\/\/aquacord.com.co\/index.php\/wp-json\/wp\/v2\/product_cat?post=5538"},{"taxonomy":"product_tag","embeddable":true,"href":"https:\/\/aquacord.com.co\/index.php\/wp-json\/wp\/v2\/product_tag?post=5538"}],"curies":[{"name":"wp","href":"https:\/\/api.w.org\/{rel}","templated":true}]}}